{"id":16322,"date":"2018-01-17T20:46:40","date_gmt":"2018-01-17T19:46:40","guid":{"rendered":"http:\/\/mandat.de\/de\/?page_id=16322"},"modified":"2020-03-01T10:34:44","modified_gmt":"2020-03-01T09:34:44","slug":"kimberlee-j-w","status":"publish","type":"page","link":"https:\/\/mandat.de\/de\/ueberuns\/mandat-team\/kimberlee-j-w\/","title":{"rendered":"Kimberlee J. Wilkerson"},"content":{"rendered":"\n<style type=\"text\/css\" data-created_by=\"avia_inline_auto\" id=\"style-css-av-av_one_full-15d750bd1b332b34c6e70b077ebbccdf\">\n.flex_column.av-av_one_full-15d750bd1b332b34c6e70b077ebbccdf{\nborder-radius:0px 0px 0px 0px;\npadding:0px 0px 0px 0px;\n}\n<\/style>\n<div  class='flex_column av-av_one_full-15d750bd1b332b34c6e70b077ebbccdf av_one_full  avia-builder-el-0  el_before_av_two_third  avia-builder-el-first  first flex_column_div av-zero-column-padding  '     ><style type=\"text\/css\" data-created_by=\"avia_inline_auto\" id=\"style-css-av-av_heading-b5986c94a1651ba1224403d7dd5f50f0\">\n#top .av-special-heading.av-av_heading-b5986c94a1651ba1224403d7dd5f50f0{\npadding-bottom:10px;\n}\nbody .av-special-heading.av-av_heading-b5986c94a1651ba1224403d7dd5f50f0 .av-special-heading-tag .heading-char{\nfont-size:25px;\n}\n.av-special-heading.av-av_heading-b5986c94a1651ba1224403d7dd5f50f0 .av-subheading{\nfont-size:15px;\n}\n<\/style>\n<div  class='av-special-heading av-av_heading-b5986c94a1651ba1224403d7dd5f50f0 av-special-heading-h2 blockquote modern-quote  avia-builder-el-1  avia-builder-el-no-sibling '><h2 class='av-special-heading-tag'  itemprop=\"headline\"  > Kimberlee J. Wilkerson<\/h2><div class='av-subheading av-subheading_below'><p>Senior-Beraterin<\/p>\n<\/div><div class=\"special-heading-border\"><div class=\"special-heading-inner-border\"><\/div><\/div><\/div><\/div>\n<style type=\"text\/css\" data-created_by=\"avia_inline_auto\" id=\"style-css-av-av_two_third-577210023eb6854b735f77c391087942\">\n.flex_column.av-av_two_third-577210023eb6854b735f77c391087942{\nborder-radius:0px 0px 0px 0px;\npadding:0px 0px 0px 0px;\n}\n<\/style>\n<div  class='flex_column av-av_two_third-577210023eb6854b735f77c391087942 av_two_third  avia-builder-el-2  el_after_av_one_full  el_before_av_one_third  first flex_column_div av-animated-generic top-to-bottom av-zero-column-padding  column-top-margin'     ><section  class='av_textblock_section av-av_textblock-2de302bf1aa3cf4c9157dbe6f50ac7eb '   itemscope=\"itemscope\" itemtype=\"https:\/\/schema.org\/CreativeWork\" ><div class='avia_textblock'  itemprop=\"text\" ><p>Kimberlee J. Wilkerson, Gr\u00fcnderin der Wilkerson Consulting Group, ist nicht nur Beraterin, sondern auch Coach und professionelle Rednerin. Mit Sitz in Cedar Rapids, Iowa, hat Kim mit Klienten aus der ganzen Welt erfolgreich zusammengearbeitet.<\/p>\n<p>Seit der Gr\u00fcndung ihres eigenen Unternehmens im Jahr 1990 hat sie mit einer Vielzahl von Gruppen und Einzelpersonen aus allen Hierarchieebenen zusammengearbeitet \u2013 eine F\u00e4higkeit, die Kim besonders auszeichnet. Ihr besonderer Fokus ist es, die Wirksamkeit von Menschen und Prozessen signifikant zu erh\u00f6hen und die Gesamtleistung bedeutend zu steigern. Kim ist bekannt f\u00fcr ihren resultatsorientierten Ansatz, um Klienten dabei zu unterst\u00fctzen, messbaren Erfolg und bahnbrechende Resultate zu erzeugen.<\/p>\n<p>Kim hat mit einem ungew\u00f6hnlich breiten Spektrum von Organisationen zusammengearbeitet. Ihre Klientenunternehmen reichen von Fortune 500 Unternehmen bis hin zu inhabergef\u00fchrten Familienunternehmen, von Ratsmitgliedern kleiner St\u00e4dte bis hin zu Human Service Organisationen. Produzierende Unternehmen, Unternehmen aus der Gesundheitsbranche, aus der Hotellerie, Non-Profit-Organisationen, der \u00f6ffentliche Dienst und auch Verb\u00e4nde geh\u00f6ren zu Kims Klientenbranchen, um nur einige zu nennen.<\/p>\n<p>Ob es darum geht, Coach f\u00fcr Top-Manager zu sein, ein Team gezielt auf seinem Weg zu begleiten, einen Workshop innerhalb eines komplexen Projektes zu leiten, oder einen inspirierenden Vortrag zu halten: Kims Klienten vertrauen ihr partnerschaftlich. Klienten sch\u00e4tzen Kims Erfahrung, ihre Expertise und die F\u00fchrung durch Kim, immer unter dem Fokus auch in diesen Zeiten dauerhafter Ver\u00e4nderungen die Leistung zu steigern und die Wirksamkeit von Organisationen zu verbessern.<\/p>\n<p>Kim ist eine gro\u00dfe Verfechterin daf\u00fcr, der Gesellschaft etwas zur\u00fcckzugeben. In diesem Kontext ist sie aktives Mitglied der F\u00fchrung zahlreicher lokaler Non-Profit-Organisationen, in die sie dar\u00fcber hinaus auch ihre Coaching- und Beratungserfahrung einbringt.<\/p>\n<p>Als weitere Facette ihrer selbstst\u00e4ndigen Beratungspraxis arbeitet Kim mit Mandat als Senior Consultant zusammen, um die Internationalisierung von Mandat in Richtung der USA weiter zu unterst\u00fctzen.<\/p>\n<\/div><\/section><\/div><\/p>\n\n<style type=\"text\/css\" data-created_by=\"avia_inline_auto\" id=\"style-css-av-av_one_third-c8fc129dc35fd1ae2a1e410224d39ea8\">\n.flex_column.av-av_one_third-c8fc129dc35fd1ae2a1e410224d39ea8{\nborder-radius:0px 0px 0px 0px;\npadding:0px 0px 0px 0px;\n}\n<\/style>\n<div  class='flex_column av-av_one_third-c8fc129dc35fd1ae2a1e410224d39ea8 av_one_third  avia-builder-el-4  el_after_av_two_third  avia-builder-el-last  flex_column_div av-zero-column-padding  column-top-margin'     ><style type=\"text\/css\" data-created_by=\"avia_inline_auto\" id=\"style-css-av-av_image-9135f0e23c513026c469c7c7050797fb\">\n.avia-image-container.av-av_image-9135f0e23c513026c469c7c7050797fb img.avia_image{\nbox-shadow:none;\n}\n.avia-image-container.av-av_image-9135f0e23c513026c469c7c7050797fb .av-image-caption-overlay-center{\ncolor:#ffffff;\n}\n<\/style>\n<div  class='avia-image-container av-av_image-9135f0e23c513026c469c7c7050797fb av-styling- avia_animated_image av-animated-when-visible-95 top-to-bottom avia-align-center  avia-builder-el-5  avia-builder-el-no-sibling '   itemprop=\"image\" itemscope=\"itemscope\" itemtype=\"https:\/\/schema.org\/ImageObject\" ><div class=\"avia-image-container-inner\"><div class=\"avia-image-overlay-wrap\"><img class='wp-image-9709 avia-img-lazy-loading-not-9709 avia_image ' src=\"https:\/\/mandat.de\/de\/wp-content\/uploads\/2013\/12\/Kim-Headshot.png\" alt='' title='Kim Wilkerson'  height=\"679\" width=\"495\"  itemprop=\"thumbnailUrl\" srcset=\"https:\/\/mandat.de\/de\/wp-content\/uploads\/2013\/12\/Kim-Headshot.png 495w, https:\/\/mandat.de\/de\/wp-content\/uploads\/2013\/12\/Kim-Headshot-219x300.png 219w, https:\/\/mandat.de\/de\/wp-content\/uploads\/2013\/12\/Kim-Headshot-450x617.png 450w\" sizes=\"(max-width: 495px) 100vw, 495px\" \/><\/div><\/div><\/div><\/div>\n","protected":false},"excerpt":{"rendered":"","protected":false},"author":1,"featured_media":0,"parent":17385,"menu_order":6,"comment_status":"closed","ping_status":"closed","template":"","meta":[],"_links":{"self":[{"href":"https:\/\/mandat.de\/de\/wp-json\/wp\/v2\/pages\/16322"}],"collection":[{"href":"https:\/\/mandat.de\/de\/wp-json\/wp\/v2\/pages"}],"about":[{"href":"https:\/\/mandat.de\/de\/wp-json\/wp\/v2\/types\/page"}],"author":[{"embeddable":true,"href":"https:\/\/mandat.de\/de\/wp-json\/wp\/v2\/users\/1"}],"replies":[{"embeddable":true,"href":"https:\/\/mandat.de\/de\/wp-json\/wp\/v2\/comments?post=16322"}],"version-history":[{"count":0,"href":"https:\/\/mandat.de\/de\/wp-json\/wp\/v2\/pages\/16322\/revisions"}],"up":[{"embeddable":true,"href":"https:\/\/mandat.de\/de\/wp-json\/wp\/v2\/pages\/17385"}],"wp:attachment":[{"href":"https:\/\/mandat.de\/de\/wp-json\/wp\/v2\/media?parent=16322"}],"curies":[{"name":"wp","href":"https:\/\/api.w.org\/{rel}","templated":true}]}}