{"id":16332,"date":"2018-01-17T21:01:51","date_gmt":"2018-01-17T20:01:51","guid":{"rendered":"http:\/\/mandat.de\/de\/?page_id=16332"},"modified":"2020-03-26T08:34:39","modified_gmt":"2020-03-26T07:34:39","slug":"susanne-fiss-quelle","status":"publish","type":"page","link":"https:\/\/mandat.de\/de\/ueberuns\/mandat-team\/susanne-fiss-quelle\/","title":{"rendered":"Susanne Fiss-Quelle"},"content":{"rendered":"\n<style type=\"text\/css\" data-created_by=\"avia_inline_auto\" id=\"style-css-av-av_one_full-15d750bd1b332b34c6e70b077ebbccdf\">\n.flex_column.av-av_one_full-15d750bd1b332b34c6e70b077ebbccdf{\nborder-radius:0px 0px 0px 0px;\npadding:0px 0px 0px 0px;\n}\n<\/style>\n<div  class='flex_column av-av_one_full-15d750bd1b332b34c6e70b077ebbccdf av_one_full  avia-builder-el-0  el_before_av_two_third  avia-builder-el-first  first flex_column_div av-zero-column-padding  '     ><style type=\"text\/css\" data-created_by=\"avia_inline_auto\" id=\"style-css-av-av_heading-2ab1914a8c1aaaf129a0e31f09ebbf01\">\n#top .av-special-heading.av-av_heading-2ab1914a8c1aaaf129a0e31f09ebbf01{\npadding-bottom:10px;\n}\nbody .av-special-heading.av-av_heading-2ab1914a8c1aaaf129a0e31f09ebbf01 .av-special-heading-tag .heading-char{\nfont-size:25px;\n}\n.av-special-heading.av-av_heading-2ab1914a8c1aaaf129a0e31f09ebbf01 .av-subheading{\nfont-size:15px;\n}\n<\/style>\n<div  class='av-special-heading av-av_heading-2ab1914a8c1aaaf129a0e31f09ebbf01 av-special-heading-h2 blockquote modern-quote  avia-builder-el-1  avia-builder-el-no-sibling '><h2 class='av-special-heading-tag'  itemprop=\"headline\"  >Susanne Fiss-Quelle<\/h2><div class='av-subheading av-subheading_below'><p>Senior-Beraterin<\/p>\n<\/div><div class=\"special-heading-border\"><div class=\"special-heading-inner-border\"><\/div><\/div><\/div><\/div>\n\n<style type=\"text\/css\" data-created_by=\"avia_inline_auto\" id=\"style-css-av-av_two_third-577210023eb6854b735f77c391087942\">\n.flex_column.av-av_two_third-577210023eb6854b735f77c391087942{\nborder-radius:0px 0px 0px 0px;\npadding:0px 0px 0px 0px;\n}\n<\/style>\n<div  class='flex_column av-av_two_third-577210023eb6854b735f77c391087942 av_two_third  avia-builder-el-2  el_after_av_one_full  el_before_av_one_third  first flex_column_div av-animated-generic top-to-bottom av-zero-column-padding  column-top-margin'     ><p><section  class='av_textblock_section av-av_textblock-2de302bf1aa3cf4c9157dbe6f50ac7eb '   itemscope=\"itemscope\" itemtype=\"https:\/\/schema.org\/CreativeWork\" ><div class='avia_textblock'  itemprop=\"text\" ><p>Es gibt nicht viele Beraterinnen und Berater, die von sich behaupten k\u00f6nnen, F\u00fchrungskr\u00e4fte, Teams und Arbeitsgruppen seit \u00fcber 20 Jahren gezielt erfolgreicher gemacht zu haben. Susanne Fiss-Quelle geh\u00f6rt zu dieser kleinen Gruppe von Experten.<\/p>\n<p>Nach \u00fcber zehnj\u00e4hriger Fach- und F\u00fchrungsverantwortung in Marketing und Vertrieb erfolgreicher Unternehmen im Messe-, IT- und Telekommunikationsbusiness ist Susanne Fiss-Quelle seit dem Jahr 2000 als Beraterin, Moderatorin und Coach selbstst\u00e4ndig. Ihre bemerkenswerte Reputation zur Steigerung des Erfolgs von Personen, Gruppen und echten Teams resultiert darin, dass sie sich stets auf die St\u00e4rkung vorhandener St\u00e4rken konzentriert und somit Potenziale zielgerichtet nutzt.<\/p>\n<p>Immer dann, wenn es darum geht, Projektteams zu schmieden, vorhandene Kompetenzen zu identifizieren und auszupr\u00e4gen, ist die Senior-Beraterin gefragte Ratgeberin, sowohl in erfolgreichen Unternehmen als auch in Non-Profit-Organisationen. Konsequente Weiterentwicklung dieses Ansatzes der Kompetenzst\u00e4rkung ist der Aufbau erfolgreicher Kooperationen und Netzwerke. So ist es Fiss-Quelle gelungen, binnen vier Jahren ein Businessnetzwerk aus 360 Gesch\u00e4ftsfrauen \u201evon der Pieke auf\u201c zu schmieden, das ohne jegliche externe Unterst\u00fctzung heute noch kontinuierlich w\u00e4chst imd aktuell \u00fcber 800 Mitglieder z\u00e4hlt. Susanne Fiss-Quelle \u00fcbergab den \u201eStaffelstab\u201c der F\u00fchrung im Jahr 2006, um die hinter dem Erfolg liegende Muster gezielt weiter auszubauen. So bietet sie regelm\u00e4\u00dfig Networking-Events an. Das Dortmunder Erfolgs-Dinner, das daraus hervorgegangen ist, ist inzwischen zur Marke geworden und wurde von Susanne Fiss-Quelle auch nach Berlin exportiert.<\/p>\n<p>Die Freie Universit\u00e4t Berlin verlieh Susanne Fiss-Quelle das Diplom der Betriebswirtschaftslehre. Parallel studierte sie an der Universit\u00e9 Panth\u00e9on-Sorbonne in Paris. Fiss-Quelle ist F\u00f6rdermitglied der Wirtschaftsjunioren Dortmund und hat dort \u00fcber viele Jahre die Ausbildungsinitiative JOBfit f\u00fchrend unterst\u00fctzt. F\u00fcr die Mandat Managementberatung GmbH in Dortmund ist sie freiberufliche Senior-Beraterin. Sie ist Autorin zahlreicher Fachartikel und verantwortet eine Vielzahl von Studien, die sich mit marketing- und vertriebsrelevanten Themen auseinandersetzen.<\/p>\n<p>Susanne Fiss-Quelle ist verheiratet und lebt mit ihrem Mann und ihren Hunden in Dortmund.<\/p>\n<\/div><\/section><br \/>\n<div  class='avia-button-wrap av-av_button-9e0f4a3358095aa6651991b3f1e7e1ac-wrap avia-button-left  avia-builder-el-4  el_after_av_textblock  avia-builder-el-last '><a href='https:\/\/mandat.de\/de\/presseraum\/fotos-und-downloads\/'  class='avia-button av-av_button-9e0f4a3358095aa6651991b3f1e7e1ac avia-icon_select-no avia-size-medium avia-position-left avia-color-theme-color'  ><span class='avia_iconbox_title' >Fotos zum Download finden Sie<br \/>\nin unserem Pressebereich<\/span><\/a><\/div><\/p><\/div>\n<style type=\"text\/css\" data-created_by=\"avia_inline_auto\" id=\"style-css-av-av_one_third-c8fc129dc35fd1ae2a1e410224d39ea8\">\n.flex_column.av-av_one_third-c8fc129dc35fd1ae2a1e410224d39ea8{\nborder-radius:0px 0px 0px 0px;\npadding:0px 0px 0px 0px;\n}\n<\/style>\n<div  class='flex_column av-av_one_third-c8fc129dc35fd1ae2a1e410224d39ea8 av_one_third  avia-builder-el-5  el_after_av_two_third  avia-builder-el-last  flex_column_div av-zero-column-padding  column-top-margin'     ><style type=\"text\/css\" data-created_by=\"avia_inline_auto\" id=\"style-css-av-av_image-e13b058ea54c6a99963110eeb5280175\">\n.avia-image-container.av-av_image-e13b058ea54c6a99963110eeb5280175 img.avia_image{\nbox-shadow:none;\n}\n.avia-image-container.av-av_image-e13b058ea54c6a99963110eeb5280175 .av-image-caption-overlay-center{\ncolor:#ffffff;\n}\n<\/style>\n<div  class='avia-image-container av-av_image-e13b058ea54c6a99963110eeb5280175 av-styling- avia_animated_image av-animated-when-visible-95 top-to-bottom avia-align-center  avia-builder-el-6  avia-builder-el-no-sibling '   itemprop=\"image\" itemscope=\"itemscope\" itemtype=\"https:\/\/schema.org\/ImageObject\" ><div class=\"avia-image-container-inner\"><div class=\"avia-image-overlay-wrap\"><img class='wp-image-15770 avia-img-lazy-loading-not-15770 avia_image ' src=\"https:\/\/mandat.de\/de\/wp-content\/uploads\/2017\/08\/Susanne-Fiss-Quelle.jpg\" alt='' title='Susanne Fiss-Quelle'  height=\"1500\" width=\"1000\"  itemprop=\"thumbnailUrl\" srcset=\"https:\/\/mandat.de\/de\/wp-content\/uploads\/2017\/08\/Susanne-Fiss-Quelle.jpg 1000w, https:\/\/mandat.de\/de\/wp-content\/uploads\/2017\/08\/Susanne-Fiss-Quelle-200x300.jpg 200w, https:\/\/mandat.de\/de\/wp-content\/uploads\/2017\/08\/Susanne-Fiss-Quelle-768x1152.jpg 768w, https:\/\/mandat.de\/de\/wp-content\/uploads\/2017\/08\/Susanne-Fiss-Quelle-687x1030.jpg 687w, https:\/\/mandat.de\/de\/wp-content\/uploads\/2017\/08\/Susanne-Fiss-Quelle-470x705.jpg 470w, https:\/\/mandat.de\/de\/wp-content\/uploads\/2017\/08\/Susanne-Fiss-Quelle-450x675.jpg 450w\" sizes=\"(max-width: 1000px) 100vw, 1000px\" \/><\/div><\/div><\/div><\/div><\/p>\n","protected":false},"excerpt":{"rendered":"","protected":false},"author":1,"featured_media":0,"parent":17385,"menu_order":6,"comment_status":"closed","ping_status":"closed","template":"","meta":[],"_links":{"self":[{"href":"https:\/\/mandat.de\/de\/wp-json\/wp\/v2\/pages\/16332"}],"collection":[{"href":"https:\/\/mandat.de\/de\/wp-json\/wp\/v2\/pages"}],"about":[{"href":"https:\/\/mandat.de\/de\/wp-json\/wp\/v2\/types\/page"}],"author":[{"embeddable":true,"href":"https:\/\/mandat.de\/de\/wp-json\/wp\/v2\/users\/1"}],"replies":[{"embeddable":true,"href":"https:\/\/mandat.de\/de\/wp-json\/wp\/v2\/comments?post=16332"}],"version-history":[{"count":0,"href":"https:\/\/mandat.de\/de\/wp-json\/wp\/v2\/pages\/16332\/revisions"}],"up":[{"embeddable":true,"href":"https:\/\/mandat.de\/de\/wp-json\/wp\/v2\/pages\/17385"}],"wp:attachment":[{"href":"https:\/\/mandat.de\/de\/wp-json\/wp\/v2\/media?parent=16332"}],"curies":[{"name":"wp","href":"https:\/\/api.w.org\/{rel}","templated":true}]}}