{"id":17237,"date":"2018-07-29T10:12:25","date_gmt":"2018-07-29T08:12:25","guid":{"rendered":"http:\/\/mandat.de\/de\/?page_id=17237"},"modified":"2025-05-26T14:34:58","modified_gmt":"2025-05-26T12:34:58","slug":"presseraum","status":"publish","type":"page","link":"https:\/\/mandat.de\/de\/presseraum\/","title":{"rendered":"Presseraum"},"content":{"rendered":"<div id='layer_slider_1'  class='avia-layerslider main_color avia-shadow  avia-builder-el-0  el_before_av_one_full  avia-builder-el-first  container_wrap sidebar_right'  style='height: 201px;'  ><link href=\"https:\/\/fonts.googleapis.com\/css?family=Montserrat:100,100i,200,200i,300,300i,400,400i,500,500i,600,600i,700,700i,800,800i,900,900i\" rel=\"stylesheet\"><div id=\"layerslider_32_1uiezbzarxh01\"  class=\"ls-wp-container fitvidsignore ls-selectable\" style=\"width:1280px;height:200px;margin:0 auto;margin-bottom: 0px;\"><div class=\"ls-slide\" ><img width=\"1280\" height=\"201\" src=\"https:\/\/mandat.de\/de\/wp-content\/uploads\/2024\/06\/ls-project-32-slide-1.jpg\" class=\"ls-tn\" alt=\"\" srcset=\"https:\/\/mandat.de\/de\/wp-content\/uploads\/2024\/06\/ls-project-32-slide-1.jpg 1280w, https:\/\/mandat.de\/de\/wp-content\/uploads\/2024\/06\/ls-project-32-slide-1-300x47.jpg 300w, https:\/\/mandat.de\/de\/wp-content\/uploads\/2024\/06\/ls-project-32-slide-1-1030x162.jpg 1030w, https:\/\/mandat.de\/de\/wp-content\/uploads\/2024\/06\/ls-project-32-slide-1-768x121.jpg 768w, https:\/\/mandat.de\/de\/wp-content\/uploads\/2024\/06\/ls-project-32-slide-1-705x111.jpg 705w\" sizes=\"(max-width: 1280px) 100vw, 1280px\" \/><h1 style=\"top:0px;left:-111px;text-align:initial;mix-blend-mode:normal;font-size:196px;line-height:212px;color:#f5f5f5;font-family:Montserrat;font-weight:600;\" class=\"ls-l ls-text-layer\" data-ls=\"showinfo:1;position:relative;\">Presseraum<\/h1><h2 style=\"top:145px;left:-1px;text-align:initial;mix-blend-mode:normal;font-size:51px;line-height:57px;font-family:Montserrat;color:#133370;\" class=\"ls-l ls-text-layer\" data-ls=\"showinfo:1;position:relative;\">Presseraum<\/h2><\/div><\/div><\/div><div id='after_layer_slider_1'  class='main_color av_default_container_wrap container_wrap sidebar_right'  ><div class='container av-section-cont-open' ><div class='template-page content  av-content-small alpha units'><div class='post-entry post-entry-type-page post-entry-17237'><div class='entry-content-wrapper clearfix'>\n\n<style type=\"text\/css\" data-created_by=\"avia_inline_auto\" id=\"style-css-av-av_one_full-15d750bd1b332b34c6e70b077ebbccdf\">\n.flex_column.av-av_one_full-15d750bd1b332b34c6e70b077ebbccdf{\nborder-radius:0px 0px 0px 0px;\npadding:0px 0px 0px 0px;\n}\n<\/style>\n<div  class='flex_column av-av_one_full-15d750bd1b332b34c6e70b077ebbccdf av_one_full  avia-builder-el-1  el_after_av_layerslider  el_before_av_layout_row  avia-builder-el-no-sibling  first flex_column_div av-zero-column-padding  '     ><section  class='av_textblock_section av-av_textblock-2de302bf1aa3cf4c9157dbe6f50ac7eb '   itemscope=\"itemscope\" itemtype=\"https:\/\/schema.org\/CreativeWork\" ><div class='avia_textblock'  itemprop=\"text\" ><h2 style=\"text-align: center;\"><span class=\"s2\">Mit Mandat im Dialog<\/span><\/h2>\n<\/div><\/section><br \/>\n\n<style type=\"text\/css\" data-created_by=\"avia_inline_auto\" id=\"style-css-av-av_hr-6774c76c4cbbe16f522fd486ba7da4bb\">\n#top .hr.av-av_hr-6774c76c4cbbe16f522fd486ba7da4bb{\nmargin-top:15px;\nmargin-bottom:15px;\n}\n.hr.av-av_hr-6774c76c4cbbe16f522fd486ba7da4bb .hr-inner{\nwidth:50px;\nborder-color:#003d7a;\n}\n<\/style>\n<div  class='hr av-av_hr-6774c76c4cbbe16f522fd486ba7da4bb hr-custom  avia-builder-el-3  el_after_av_textblock  el_before_av_textblock  hr-center hr-icon-no'><span class='hr-inner inner-border-av-border-fat'><span class=\"hr-inner-style\"><\/span><\/span><\/div><br \/>\n<section  class='av_textblock_section av-av_textblock-2de302bf1aa3cf4c9157dbe6f50ac7eb '   itemscope=\"itemscope\" itemtype=\"https:\/\/schema.org\/CreativeWork\" ><div class='avia_textblock'  itemprop=\"text\" ><p class=\"p1\" style=\"text-align: center;\"><span class=\"s1\">Vertreter der Presse sind hier herzlich willkommen. Sie finden schnell aktuelle Pressemitteilungen, Kommentare, Interviews, Fotos, Downloads rund um Mandat, damit Sie sich f\u00fcr Ihre Arbeit ein Bild von uns machen k\u00f6nnen. Wir sorgen f\u00fcr profitables Wachstum von innen heraus \u2013 und sprechen gerne mit Ihnen dar\u00fcber.<\/span><\/p>\n<p class=\"p1\" style=\"text-align: center;\"><span class=\"s1\">Wussten Sie, dass Prof. Dr. Quelle als erster Europ\u00e4er in die \u201eMillion Dollar Consultant Hall of Fame\u201c\u00ae berufen wurde? Und das Mandat den Publikumspreis \u201eInnovator des Jahres 2018\u201c in der Kategorie Beratung erhalten hat? Kennen Sie unsere neusten Fachartikel, Studien und B\u00fccher? Wir senden Ihnen gerne Ihr pers\u00f6nliches Exemplar. Sprechen Sie uns an \u2013 ob per E-Mail, telefonisch oder pers\u00f6nlich.<\/span><\/p>\n<\/div><\/section><\/p><\/div>\n<\/div><\/div><\/div><!-- close content main div --><\/div><\/div><div id='av-layout-grid-1'  class='av-layout-grid-container av-av_layout_row-edf07c93594a85695fda65c20c2393d8 entry-content-wrapper main_color av-flex-cells  avia-builder-el-5  el_after_av_one_full  el_before_av_layout_row  grid-row-not-first  container_wrap sidebar_right'  >\n\n<style type=\"text\/css\" data-created_by=\"avia_inline_auto\" id=\"style-css-av-av_cell_one_third-e25be7d108eb9c34c5d8843101f5e004\">\n.flex_cell.av-av_cell_one_third-e25be7d108eb9c34c5d8843101f5e004{\nvertical-align:top;\n}\n.responsive #top #wrap_all .flex_cell.av-av_cell_one_third-e25be7d108eb9c34c5d8843101f5e004{\npadding:25px 25px 25px 25px !important;\n}\n<\/style>\n<div class='flex_cell av-av_cell_one_third-e25be7d108eb9c34c5d8843101f5e004 av-gridrow-cell av_one_third no_margin  avia-builder-el-6  el_before_av_cell_one_third  avia-builder-el-first  avia-full-stretch'  ><div class='flex_cell_inner'><p>\n<style type=\"text\/css\" data-created_by=\"avia_inline_auto\" id=\"style-css-av-av_image-7ccd1193ef51afc873f304068e6ee3a3\">\n.avia-image-container.av-av_image-7ccd1193ef51afc873f304068e6ee3a3 img.avia_image{\nbox-shadow:none;\n}\n.avia-image-container.av-av_image-7ccd1193ef51afc873f304068e6ee3a3 .av-caption-image-overlay-bg{\nopacity:0.6;\nbackground-color:#ffffff;\n}\n.avia-image-container.av-av_image-7ccd1193ef51afc873f304068e6ee3a3 .av-image-caption-overlay-center{\ncolor:#133370;\nfont-size:24px;\n}\n<\/style>\n<div  class='avia-image-container av-av_image-7ccd1193ef51afc873f304068e6ee3a3 av-styling-no-styling av-hover-grow avia-align-center  avia-builder-el-7  el_before_av_button_big  avia-builder-el-no-sibling  noHover av-overlay-hover-deactivate'   itemprop=\"image\" itemscope=\"itemscope\" itemtype=\"https:\/\/schema.org\/ImageObject\" ><div class=\"avia-image-container-inner\"><div class=\"avia-image-overlay-wrap\"><a href=\"https:\/\/mandat.de\/de\/presseraum\/pressemitteilungen\/\" class='avia_image'  aria-label='presseinformation'><div class=\"av-image-caption-overlay\"><div class=\"av-caption-image-overlay-bg\"><\/div><div class=\"av-image-caption-overlay-position\"><div class=\"av-image-caption-overlay-center\"><p>Pressemitteilungen<\/p>\n<\/div><\/div><\/div><img class='wp-image-17256 avia-img-lazy-loading-not-17256 avia_image ' src=\"https:\/\/mandat.de\/de\/wp-content\/uploads\/2018\/07\/presseinformation.jpg\" alt='' title='presseinformation'  height=\"258\" width=\"720\"  itemprop=\"thumbnailUrl\" srcset=\"https:\/\/mandat.de\/de\/wp-content\/uploads\/2018\/07\/presseinformation.jpg 720w, https:\/\/mandat.de\/de\/wp-content\/uploads\/2018\/07\/presseinformation-300x108.jpg 300w, https:\/\/mandat.de\/de\/wp-content\/uploads\/2018\/07\/presseinformation-705x253.jpg 705w, https:\/\/mandat.de\/de\/wp-content\/uploads\/2018\/07\/presseinformation-450x161.jpg 450w\" sizes=\"(max-width: 720px) 100vw, 720px\" \/><\/a><\/div><\/div><\/div><br \/>\n<div  class='avia-button-wrap avia-button-center  avia-builder-el-8  el_after_av_image  avia-builder-el-last '>\n<style type=\"text\/css\" data-created_by=\"avia_inline_auto\" id=\"style-css-av-av_button_big-72d9f186395d2c8a19866b836a3243d9\">\n#top #wrap_all .avia-button.av-av_button_big-72d9f186395d2c8a19866b836a3243d9{\ncolor:#ffffff;\ntransition:all 0.4s ease-in-out;\n}\n#top #wrap_all .avia-button.av-av_button_big-72d9f186395d2c8a19866b836a3243d9:hover{\ncolor:#ffffff;\ntransition:all 0.4s ease-in-out;\n}\n<\/style>\n<a href='https:\/\/mandat.de\/de\/presseraum\/pressemitteilungen\/' class='avia-color-theme-color avia-button avia-button-fullwidth av-av_button_big-72d9f186395d2c8a19866b836a3243d9 avia-icon_select-no avia-color-theme-color'  ><span class='avia_iconbox_title' >Mitteilungen lesen<\/span><span class='avia_button_background avia-button avia-button-fullwidth avia-color-theme-color'><\/span><\/a><\/div><\/p>\n<\/div><\/div>\n<style type=\"text\/css\" data-created_by=\"avia_inline_auto\" id=\"style-css-av-av_cell_one_third-e25be7d108eb9c34c5d8843101f5e004\">\n.flex_cell.av-av_cell_one_third-e25be7d108eb9c34c5d8843101f5e004{\nvertical-align:top;\n}\n.responsive #top #wrap_all .flex_cell.av-av_cell_one_third-e25be7d108eb9c34c5d8843101f5e004{\npadding:25px 25px 25px 25px !important;\n}\n<\/style>\n<div class='flex_cell av-av_cell_one_third-e25be7d108eb9c34c5d8843101f5e004 av-gridrow-cell av_one_third no_margin  avia-builder-el-9  el_after_av_cell_one_third  el_before_av_cell_one_third  avia-full-stretch'  ><div class='flex_cell_inner'><p>\n<style type=\"text\/css\" data-created_by=\"avia_inline_auto\" id=\"style-css-av-av_image-e7ac1c42adc67920bca002c0a94e6d6e\">\n.avia-image-container.av-av_image-e7ac1c42adc67920bca002c0a94e6d6e img.avia_image{\nbox-shadow:none;\n}\n.avia-image-container.av-av_image-e7ac1c42adc67920bca002c0a94e6d6e .av-caption-image-overlay-bg{\nopacity:0.6;\nbackground-color:#ffffff;\n}\n.avia-image-container.av-av_image-e7ac1c42adc67920bca002c0a94e6d6e .av-image-caption-overlay-center{\ncolor:#133370;\nfont-size:24px;\n}\n<\/style>\n<div  class='avia-image-container av-av_image-e7ac1c42adc67920bca002c0a94e6d6e av-styling-no-styling av-hover-grow avia-align-center  avia-builder-el-10  el_before_av_button_big  avia-builder-el-no-sibling  noHover av-overlay-hover-deactivate'   itemprop=\"image\" itemscope=\"itemscope\" itemtype=\"https:\/\/schema.org\/ImageObject\" ><div class=\"avia-image-container-inner\"><div class=\"avia-image-overlay-wrap\"><a href=\"https:\/\/mandat.de\/de\/presseraum\/fotos-und-downloads\/\" class='avia_image'  aria-label='Material'><div class=\"av-image-caption-overlay\"><div class=\"av-caption-image-overlay-bg\"><\/div><div class=\"av-image-caption-overlay-position\"><div class=\"av-image-caption-overlay-center\"><p>Fotos &amp; Downloads<\/p>\n<\/div><\/div><\/div><img class='wp-image-24258 avia-img-lazy-loading-not-24258 avia_image ' src=\"https:\/\/mandat.de\/de\/wp-content\/uploads\/2020\/11\/Material-e1605541320450.jpeg\" alt='' title='Material'  height=\"257\" width=\"730\"  itemprop=\"thumbnailUrl\"  \/><\/a><\/div><\/div><\/div><br \/>\n<div  class='avia-button-wrap avia-button-center  avia-builder-el-11  el_after_av_image  avia-builder-el-last '>\n<style type=\"text\/css\" data-created_by=\"avia_inline_auto\" id=\"style-css-av-av_button_big-28a135d736f40b09423a287a4745d4a0\">\n#top #wrap_all .avia-button.av-av_button_big-28a135d736f40b09423a287a4745d4a0{\ncolor:#ffffff;\ntransition:all 0.4s ease-in-out;\n}\n#top #wrap_all .avia-button.av-av_button_big-28a135d736f40b09423a287a4745d4a0:hover{\ncolor:#ffffff;\ntransition:all 0.4s ease-in-out;\n}\n<\/style>\n<a href='https:\/\/mandat.de\/de\/presseraum\/fotos-und-downloads\/' class='avia-color-theme-color avia-button avia-button-fullwidth av-av_button_big-28a135d736f40b09423a287a4745d4a0 avia-icon_select-no avia-color-theme-color'  ><span class='avia_iconbox_title' >Material herunterladen<\/span><span class='avia_button_background avia-button avia-button-fullwidth avia-color-theme-color'><\/span><\/a><\/div><\/p>\n<\/div><\/div>\n<style type=\"text\/css\" data-created_by=\"avia_inline_auto\" id=\"style-css-av-av_cell_one_third-f57c70f9f5a63fd800eb5b955b847c2a\">\n.flex_cell.av-av_cell_one_third-f57c70f9f5a63fd800eb5b955b847c2a{\nvertical-align:top;\n}\n.responsive #top #wrap_all .flex_cell.av-av_cell_one_third-f57c70f9f5a63fd800eb5b955b847c2a{\npadding:30px 30px 30px 30px !important;\n}\n<\/style>\n<div class='flex_cell av-av_cell_one_third-f57c70f9f5a63fd800eb5b955b847c2a av-gridrow-cell av_one_third no_margin  avia-builder-el-12  el_after_av_cell_one_third  avia-builder-el-last '  ><div class='flex_cell_inner'><p>\n<style type=\"text\/css\" data-created_by=\"avia_inline_auto\" id=\"style-css-av-av_image-2e4431e024f0cd820664109376b53f78\">\n.avia-image-container.av-av_image-2e4431e024f0cd820664109376b53f78 img.avia_image{\nbox-shadow:none;\n}\n.avia-image-container.av-av_image-2e4431e024f0cd820664109376b53f78 .av-caption-image-overlay-bg{\nopacity:0.6;\nbackground-color:#ffffff;\n}\n.avia-image-container.av-av_image-2e4431e024f0cd820664109376b53f78 .av-image-caption-overlay-center{\ncolor:#133370;\nfont-size:24px;\n}\n<\/style>\n<div  class='avia-image-container av-av_image-2e4431e024f0cd820664109376b53f78 av-styling-no-styling av-hover-grow avia-align-center  avia-builder-el-13  el_before_av_button_big  avia-builder-el-no-sibling  noHover av-overlay-hover-deactivate'   itemprop=\"image\" itemscope=\"itemscope\" itemtype=\"https:\/\/schema.org\/ImageObject\" ><div class=\"avia-image-container-inner\"><div class=\"avia-image-overlay-wrap\"><a href=\"https:\/\/mandat.de\/de\/presseraum\/beitraege-mit-und-ueber-mandat\/\" class='avia_image'  aria-label='artikel'><div class=\"av-image-caption-overlay\"><div class=\"av-caption-image-overlay-bg\"><\/div><div class=\"av-image-caption-overlay-position\"><div class=\"av-image-caption-overlay-center\"><p>Beitr\u00e4ge mit &amp; \u00fcber Mandat<\/p>\n<\/div><\/div><\/div><img class='wp-image-17260 avia-img-lazy-loading-not-17260 avia_image ' src=\"https:\/\/mandat.de\/de\/wp-content\/uploads\/2018\/07\/artikel.jpg\" alt='' title='artikel'  height=\"258\" width=\"720\"  itemprop=\"thumbnailUrl\" srcset=\"https:\/\/mandat.de\/de\/wp-content\/uploads\/2018\/07\/artikel.jpg 720w, https:\/\/mandat.de\/de\/wp-content\/uploads\/2018\/07\/artikel-300x108.jpg 300w, https:\/\/mandat.de\/de\/wp-content\/uploads\/2018\/07\/artikel-705x253.jpg 705w, https:\/\/mandat.de\/de\/wp-content\/uploads\/2018\/07\/artikel-450x161.jpg 450w\" sizes=\"(max-width: 720px) 100vw, 720px\" \/><\/a><\/div><\/div><\/div><br \/>\n<div  class='avia-button-wrap avia-button-center  avia-builder-el-14  el_after_av_image  avia-builder-el-last '>\n<style type=\"text\/css\" data-created_by=\"avia_inline_auto\" id=\"style-css-av-av_button_big-0ddf33d2e2dfc22d48d80181ce5fd32d\">\n#top #wrap_all .avia-button.av-av_button_big-0ddf33d2e2dfc22d48d80181ce5fd32d{\ncolor:#ffffff;\ntransition:all 0.4s ease-in-out;\n}\n#top #wrap_all .avia-button.av-av_button_big-0ddf33d2e2dfc22d48d80181ce5fd32d:hover{\ncolor:#ffffff;\ntransition:all 0.4s ease-in-out;\n}\n<\/style>\n<a href='https:\/\/mandat.de\/de\/presseraum\/beitraege-mit-und-ueber-mandat\/' class='avia-color-theme-color avia-button avia-button-fullwidth av-av_button_big-0ddf33d2e2dfc22d48d80181ce5fd32d avia-icon_select-no avia-color-theme-color'  ><span class='avia_iconbox_title' >Beitr\u00e4ge lesen<\/span><span class='avia_button_background avia-button avia-button-fullwidth avia-color-theme-color'><\/span><\/a><\/div><\/p>\n<\/div><\/div>\n<\/div>\n<div id='av-layout-grid-2'  class='av-layout-grid-container av-av_layout_row-a547a35ace0cbc2bb4b4e91e9869a79e entry-content-wrapper main_color av-flex-cells  avia-builder-el-15  el_after_av_layout_row  avia-builder-el-last  grid-row-not-first  container_wrap sidebar_right'  >\n\n<style type=\"text\/css\" data-created_by=\"avia_inline_auto\" id=\"style-css-av-av_cell_two_third-1288501ad300906cd862592920d36943\">\n.flex_cell.av-av_cell_two_third-1288501ad300906cd862592920d36943{\nvertical-align:top;\nbackground-color:#133370;\n}\n.responsive #top #wrap_all .flex_cell.av-av_cell_two_third-1288501ad300906cd862592920d36943{\npadding:50px 50px 50px 50px !important;\n}\n<\/style>\n<div class='flex_cell av-av_cell_two_third-1288501ad300906cd862592920d36943 av-gridrow-cell av_two_third no_margin  avia-builder-el-16  el_before_av_cell_one_third  avia-builder-el-first '  ><div class='flex_cell_inner'><p>\n<style type=\"text\/css\" data-created_by=\"avia_inline_auto\" id=\"style-css-av-av_hr-fbebcb4fe7f7f93a621d8b6783460008\">\n#top .hr.hr-invisible.av-av_hr-fbebcb4fe7f7f93a621d8b6783460008{\nheight:30px;\n}\n<\/style>\n<div  class='hr av-av_hr-fbebcb4fe7f7f93a621d8b6783460008 hr-invisible  avia-builder-el-17  el_before_av_heading  avia-builder-el-first '><span class='hr-inner '><span class=\"hr-inner-style\"><\/span><\/span><\/div><br \/>\n\n<style type=\"text\/css\" data-created_by=\"avia_inline_auto\" id=\"style-css-av-av_heading-5c2ee6fd9c47f6e7d196fedf486271b4\">\n#top .av-special-heading.av-av_heading-5c2ee6fd9c47f6e7d196fedf486271b4{\npadding-bottom:20px;\ncolor:#ffffff;\nfont-size:40px;\n}\nbody .av-special-heading.av-av_heading-5c2ee6fd9c47f6e7d196fedf486271b4 .av-special-heading-tag .heading-char{\nfont-size:25px;\n}\n#top #wrap_all .av-special-heading.av-av_heading-5c2ee6fd9c47f6e7d196fedf486271b4 .av-special-heading-tag{\nfont-size:40px;\n}\n.av-special-heading.av-av_heading-5c2ee6fd9c47f6e7d196fedf486271b4 .special-heading-inner-border{\nborder-color:#ffffff;\n}\n.av-special-heading.av-av_heading-5c2ee6fd9c47f6e7d196fedf486271b4 .av-subheading{\nfont-size:15px;\n}\n\n@media only screen and (min-width: 480px) and (max-width: 767px){ \n#top #wrap_all .av-special-heading.av-av_heading-5c2ee6fd9c47f6e7d196fedf486271b4 .av-special-heading-tag{\nfont-size:0.8em;\n}\n}\n\n@media only screen and (max-width: 479px){ \n#top #wrap_all .av-special-heading.av-av_heading-5c2ee6fd9c47f6e7d196fedf486271b4 .av-special-heading-tag{\nfont-size:0.8em;\n}\n}\n<\/style>\n<div  class='av-special-heading av-av_heading-5c2ee6fd9c47f6e7d196fedf486271b4 av-special-heading-h1 custom-color-heading blockquote modern-quote modern-centered  avia-builder-el-18  el_after_av_hr  el_before_av_contact  av-inherit-size'><h1 class='av-special-heading-tag'  itemprop=\"headline\"  >Registrierten Medienvertretern senden wir regelm\u00e4\u00dfig unsere aktuellen Pressemitteilungen<\/h1><div class=\"special-heading-border\"><div class=\"special-heading-inner-border\"><\/div><\/div><\/div><br \/>\n<form action=\"https:\/\/mandat.de\/de\/presseraum\/\" method=\"post\" data-fields-with-error=\"Found errors in the following field(s):\" class=\"avia_ajax_form av-form-labels-hidden   avia-builder-el-19  el_after_av_heading  el_before_av_textblock  av-centered-form  av-custom-form-color av-light-form \" data-avia-form-id=\"1\" data-avia-redirect='' ><fieldset><p class='  first_form  form_element form_element_fourth' id='element_avia_1_1'><label for=\"avia_1_1\">Anrede<\/label><select  name=\"avia_1_1\" class=\"select \" id=\"avia_1_1\"><option class=\"av-placeholder\" disabled=\"disabled\" selected=\"selected\" value=''>Anrede<\/option><option   value='Frau'>Frau<\/option><option   value='Herr'>Herr<\/option><\/select><\/p><p class='  form_element form_element_fourth' id='element_avia_2_1'><label for=\"avia_2_1\">Vorname <abbr class=\"required\" title=\"ben\u00f6tigt\">*<\/abbr><\/label> <input name=\"avia_2_1\" class=\"text_input is_empty\" type=\"text\" id=\"avia_2_1\" value=\"\"  placeholder='Vorname*'\/><\/p><p class='  form_element form_element_fourth' id='element_avia_3_1'><label for=\"avia_3_1\">Nachname <abbr class=\"required\" title=\"ben\u00f6tigt\">*<\/abbr><\/label> <input name=\"avia_3_1\" class=\"text_input is_empty\" type=\"text\" id=\"avia_3_1\" value=\"\"  placeholder='Nachname*'\/><\/p><p class='  form_element form_element_fourth av-last-visible-form-element' id='element_avia_4_1'><label for=\"avia_4_1\">E-Mail <abbr class=\"required\" title=\"ben\u00f6tigt\">*<\/abbr><\/label> <input name=\"avia_4_1\" class=\"text_input is_email\" type=\"text\" id=\"avia_4_1\" value=\"\"  placeholder='E-Mail*'\/><\/p><p class=\"hidden\"><input type=\"text\" name=\"avia_5_1\" class=\"hidden \" id=\"avia_5_1\" value=\"\" \/><\/p><p class=\"form_element \"><input type=\"hidden\" value=\"1\" name=\"avia_generated_form1\" \/><input type=\"submit\" value=\"REGISTRIEREN\" class=\"button\"  data-sending-label=\"Sende\"\/><\/p><\/fieldset><\/form><div id=\"ajaxresponse_1\" class=\"ajaxresponse ajaxresponse_1 hidden\"><\/div><br \/>\n\n<style type=\"text\/css\" data-created_by=\"avia_inline_auto\" id=\"style-css-av-av_textblock-5ddb140cf22c69890a4ae21848d4f09b\">\n#top .av_textblock_section.av-av_textblock-5ddb140cf22c69890a4ae21848d4f09b .avia_textblock{\ncolor:#cecece;\n}\n<\/style>\n<section  class='av_textblock_section av-av_textblock-5ddb140cf22c69890a4ae21848d4f09b '   itemscope=\"itemscope\" itemtype=\"https:\/\/schema.org\/CreativeWork\" ><div class='avia_textblock av_inherit_color'  itemprop=\"text\" ><p style=\"text-align: center;\">Wir akzeptieren Ihre Privatsph\u00e4re.<br \/>\nIhre Daten werden nur f\u00fcr den Versand der Pressemitteilungen verwendet.<\/p>\n<\/div><\/section><\/p>\n<\/div><\/div>\n<style type=\"text\/css\" data-created_by=\"avia_inline_auto\" id=\"style-css-av-av_cell_one_third-1288501ad300906cd862592920d36943\">\n.flex_cell.av-av_cell_one_third-1288501ad300906cd862592920d36943{\nvertical-align:top;\nbackground-color:#133370;\n}\n.responsive #top #wrap_all .flex_cell.av-av_cell_one_third-1288501ad300906cd862592920d36943{\npadding:50px 50px 50px 50px !important;\n}\n<\/style>\n<div class='flex_cell av-av_cell_one_third-1288501ad300906cd862592920d36943 av-gridrow-cell av_one_third no_margin  avia-builder-el-21  el_after_av_cell_two_third  avia-builder-el-last '  ><div class='flex_cell_inner'><p>\n<style type=\"text\/css\" data-created_by=\"avia_inline_auto\" id=\"style-css-av-mb52c3hw-377eea792fcc6eea1e1cceac237f421f\">\n.avia-image-container.av-mb52c3hw-377eea792fcc6eea1e1cceac237f421f img.avia_image{\nbox-shadow:none;\n}\n.avia-image-container.av-mb52c3hw-377eea792fcc6eea1e1cceac237f421f .av-image-caption-overlay-center{\ncolor:#ffffff;\n}\n<\/style>\n<div  class='avia-image-container av-mb52c3hw-377eea792fcc6eea1e1cceac237f421f av-styling-circle avia-align-center  avia-builder-el-22  el_before_av_textblock  avia-builder-el-first '   itemprop=\"image\" itemscope=\"itemscope\" itemtype=\"https:\/\/schema.org\/ImageObject\" ><div class=\"avia-image-container-inner\"><div class=\"avia-image-overlay-wrap\"><img class='wp-image-32690 avia-img-lazy-loading-not-32690 avia_image ' src=\"https:\/\/mandat.de\/de\/wp-content\/uploads\/2025\/05\/Bildschirmfoto-2025-05-26-um-14.32.22-300x300.jpg\" alt='' title='Linda Vollberg'  height=\"300\" width=\"300\"  itemprop=\"thumbnailUrl\" srcset=\"https:\/\/mandat.de\/de\/wp-content\/uploads\/2025\/05\/Bildschirmfoto-2025-05-26-um-14.32.22-300x300.jpg 300w, https:\/\/mandat.de\/de\/wp-content\/uploads\/2025\/05\/Bildschirmfoto-2025-05-26-um-14.32.22-1030x1030.jpg 1030w, https:\/\/mandat.de\/de\/wp-content\/uploads\/2025\/05\/Bildschirmfoto-2025-05-26-um-14.32.22-80x80.jpg 80w, https:\/\/mandat.de\/de\/wp-content\/uploads\/2025\/05\/Bildschirmfoto-2025-05-26-um-14.32.22-768x768.jpg 768w, https:\/\/mandat.de\/de\/wp-content\/uploads\/2025\/05\/Bildschirmfoto-2025-05-26-um-14.32.22-36x36.jpg 36w, https:\/\/mandat.de\/de\/wp-content\/uploads\/2025\/05\/Bildschirmfoto-2025-05-26-um-14.32.22-180x180.jpg 180w, https:\/\/mandat.de\/de\/wp-content\/uploads\/2025\/05\/Bildschirmfoto-2025-05-26-um-14.32.22-705x705.jpg 705w, https:\/\/mandat.de\/de\/wp-content\/uploads\/2025\/05\/Bildschirmfoto-2025-05-26-um-14.32.22.jpg 1230w\" sizes=\"(max-width: 300px) 100vw, 300px\" \/><\/div><\/div><\/div><br \/>\n\n<style type=\"text\/css\" data-created_by=\"avia_inline_auto\" id=\"style-css-av-av_textblock-5ddb140cf22c69890a4ae21848d4f09b\">\n#top .av_textblock_section.av-av_textblock-5ddb140cf22c69890a4ae21848d4f09b .avia_textblock{\ncolor:#cecece;\n}\n<\/style>\n<section  class='av_textblock_section av-av_textblock-5ddb140cf22c69890a4ae21848d4f09b '   itemscope=\"itemscope\" itemtype=\"https:\/\/schema.org\/CreativeWork\" ><div class='avia_textblock av_inherit_color'  itemprop=\"text\" ><p class=\"p1\" style=\"text-align: center;\"><span class=\"s1\"><strong>Ihre Ansprechpartnerin:<\/strong><br \/>\nLinda Vollberg<br \/>\nE-Mail: <a href=\"mailto:linda.vollberg@mandat.de\"><span class=\"s2\">linda.vollberg@mandat.de<\/span><\/a><br \/>\nTelefon: +49 231 9742-390<\/span><\/p>\n<\/div><\/section><\/p>\n<\/div><\/div><\/div>\n","protected":false},"excerpt":{"rendered":"","protected":false},"author":1,"featured_media":0,"parent":0,"menu_order":1,"comment_status":"closed","ping_status":"closed","template":"","meta":[],"_links":{"self":[{"href":"https:\/\/mandat.de\/de\/wp-json\/wp\/v2\/pages\/17237"}],"collection":[{"href":"https:\/\/mandat.de\/de\/wp-json\/wp\/v2\/pages"}],"about":[{"href":"https:\/\/mandat.de\/de\/wp-json\/wp\/v2\/types\/page"}],"author":[{"embeddable":true,"href":"https:\/\/mandat.de\/de\/wp-json\/wp\/v2\/users\/1"}],"replies":[{"embeddable":true,"href":"https:\/\/mandat.de\/de\/wp-json\/wp\/v2\/comments?post=17237"}],"version-history":[{"count":0,"href":"https:\/\/mandat.de\/de\/wp-json\/wp\/v2\/pages\/17237\/revisions"}],"wp:attachment":[{"href":"https:\/\/mandat.de\/de\/wp-json\/wp\/v2\/media?parent=17237"}],"curies":[{"name":"wp","href":"https:\/\/api.w.org\/{rel}","templated":true}]}}