{"id":17329,"date":"2018-07-30T15:27:32","date_gmt":"2018-07-30T13:27:32","guid":{"rendered":"http:\/\/mandat.de\/de\/?page_id=17329"},"modified":"2025-01-29T15:22:35","modified_gmt":"2025-01-29T14:22:35","slug":"persoenliche-beratung","status":"publish","type":"page","link":"https:\/\/mandat.de\/de\/leistungen\/persoenliche-beratung\/","title":{"rendered":"Pers\u00f6nliche Beratung"},"content":{"rendered":"<div id='layer_slider_1'  class='avia-layerslider main_color avia-shadow  avia-builder-el-0  el_before_av_hr  avia-builder-el-first  container_wrap sidebar_right'  style='height: 201px;'  ><link href=\"https:\/\/fonts.googleapis.com\/css?family=Montserrat:100,100i,200,200i,300,300i,400,400i,500,500i,600,600i,700,700i,800,800i,900,900i\" rel=\"stylesheet\"><div id=\"layerslider_34_s2606udlayqw\"  class=\"ls-wp-container fitvidsignore ls-selectable\" style=\"width:1280px;height:200px;margin:0 auto;margin-bottom: 0px;\"><div class=\"ls-slide\" ><img width=\"1280\" height=\"201\" src=\"https:\/\/mandat.de\/de\/wp-content\/uploads\/2024\/06\/ls-project-34-slide-1.jpg\" class=\"ls-tn\" alt=\"\" srcset=\"https:\/\/mandat.de\/de\/wp-content\/uploads\/2024\/06\/ls-project-34-slide-1.jpg 1280w, https:\/\/mandat.de\/de\/wp-content\/uploads\/2024\/06\/ls-project-34-slide-1-300x47.jpg 300w, https:\/\/mandat.de\/de\/wp-content\/uploads\/2024\/06\/ls-project-34-slide-1-1030x162.jpg 1030w, https:\/\/mandat.de\/de\/wp-content\/uploads\/2024\/06\/ls-project-34-slide-1-768x121.jpg 768w, https:\/\/mandat.de\/de\/wp-content\/uploads\/2024\/06\/ls-project-34-slide-1-705x111.jpg 705w\" sizes=\"(max-width: 1280px) 100vw, 1280px\" \/><h1 style=\"top:0px;left:-112px;text-align:initial;font-weight:600;mix-blend-mode:normal;font-size:196px;line-height:212px;color:#f5f5f5;font-family:Montserrat;\" class=\"ls-l ls-text-layer\" data-ls=\"showinfo:1;position:relative;\">Pers\u00f6nliche Beratung<\/h1><h2 style=\"top:140px;left:-1px;text-align:initial;mix-blend-mode:normal;font-size:51px;line-height:57px;font-family:Montserrat;color:#133370;\" class=\"ls-l ls-text-layer\" data-ls=\"showinfo:1;position:relative;\">Pers\u00f6nliche Beratung<\/h2><\/div><\/div><\/div><div id='after_layer_slider_1'  class='main_color av_default_container_wrap container_wrap sidebar_right'  ><div class='container av-section-cont-open' ><div class='template-page content  av-content-small alpha units'><div class='post-entry post-entry-type-page post-entry-17329'><div class='entry-content-wrapper clearfix'>\n\n<style type=\"text\/css\" data-created_by=\"avia_inline_auto\" id=\"style-css-av-d8pqavl-2dad52f14eb1f57cf699243b64195879\">\n#top .hr.hr-invisible.av-d8pqavl-2dad52f14eb1f57cf699243b64195879{\nheight:50px;\n}\n<\/style>\n<div  class='hr av-d8pqavl-2dad52f14eb1f57cf699243b64195879 hr-invisible  avia-builder-el-1  el_after_av_layerslider  el_before_av_one_half  avia-builder-el-first '><span class='hr-inner '><span class=\"hr-inner-style\"><\/span><\/span><\/div>\n\n<style type=\"text\/css\" data-created_by=\"avia_inline_auto\" id=\"style-css-av-ctzq85t-69258cd9d825fd2f826bca9be5614cd3\">\n.flex_column.av-ctzq85t-69258cd9d825fd2f826bca9be5614cd3{\nborder-radius:0px 0px 0px 0px;\npadding:0px 0px 0px 0px;\n}\n<\/style>\n<div  class='flex_column av-ctzq85t-69258cd9d825fd2f826bca9be5614cd3 av_one_half  avia-builder-el-2  el_after_av_hr  el_before_av_one_half  first flex_column_div av-zero-column-padding  '     ><p>\n<style type=\"text\/css\" data-created_by=\"avia_inline_auto\" id=\"style-css-av-17azwwh-d4ca286d0bf0e3124316f6d75ec43d7a\">\n.avia-image-container.av-17azwwh-d4ca286d0bf0e3124316f6d75ec43d7a img.avia_image{\nbox-shadow:none;\n}\n.avia-image-container.av-17azwwh-d4ca286d0bf0e3124316f6d75ec43d7a .av-caption-image-overlay-bg{\nopacity:0.6;\nbackground-color:#ffffff;\n}\n.avia-image-container.av-17azwwh-d4ca286d0bf0e3124316f6d75ec43d7a .av-image-caption-overlay-center{\ncolor:#133370;\nfont-size:24px;\n}\n<\/style>\n<div  class='avia-image-container av-17azwwh-d4ca286d0bf0e3124316f6d75ec43d7a av-styling-no-styling av-hover-grow avia-align-center  avia-builder-el-3  el_before_av_hr  avia-builder-el-first  noHover av-overlay-hover-deactivate'   itemprop=\"image\" itemscope=\"itemscope\" itemtype=\"https:\/\/schema.org\/ImageObject\" ><div class=\"avia-image-container-inner\"><div class=\"avia-image-overlay-wrap\"><a href=\"https:\/\/mandat.de\/de\/leistungen\/persoenliche-beratung\/executive-coaching\/\" class='avia_image'  ><div class=\"av-image-caption-overlay\"><div class=\"av-caption-image-overlay-bg\"><\/div><div class=\"av-image-caption-overlay-position\"><div class=\"av-image-caption-overlay-center\"><p>Executive Coaching<\/p>\n<\/div><\/div><\/div><img class='wp-image-19890 avia-img-lazy-loading-not-19890 avia_image ' src=\"https:\/\/mandat.de\/de\/wp-content\/uploads\/2019\/06\/beratung-executive-coaching-850x430.jpg\" alt='' title=''  height=\"430\" width=\"850\"  itemprop=\"thumbnailUrl\"  \/><\/a><\/div><\/div><\/div><br \/>\n\n<style type=\"text\/css\" data-created_by=\"avia_inline_auto\" id=\"style-css-av-bx9yj9t-c7c57609151ce71aac41285976762060\">\n#top .hr.hr-invisible.av-bx9yj9t-c7c57609151ce71aac41285976762060{\nheight:50px;\n}\n<\/style>\n<div  class='hr av-bx9yj9t-c7c57609151ce71aac41285976762060 hr-invisible  avia-builder-el-4  el_after_av_image  el_before_av_button '><span class='hr-inner '><span class=\"hr-inner-style\"><\/span><\/span><\/div><br \/>\n<div  class='avia-button-wrap av-b385x3l-36ca5db86683dbbc8e6725486321d290-wrap avia-button-center  avia-builder-el-5  el_after_av_hr  avia-builder-el-last '><a href='https:\/\/mandat.de\/de\/leistungen\/persoenliche-beratung\/executive-coaching\/'  class='avia-button av-b385x3l-36ca5db86683dbbc8e6725486321d290 avia-icon_select-no avia-size-x-large avia-position-center avia-color-theme-color'  ><span class='avia_iconbox_title' >Leistungsstarke F\u00fchrungskr\u00e4fte st\u00e4rken<\/span><\/a><\/div><\/p><\/div>\n\n<style type=\"text\/css\" data-created_by=\"avia_inline_auto\" id=\"style-css-av-anq01gx-626f70f0f0b2a7e4af7f054dfe8f2be9\">\n.flex_column.av-anq01gx-626f70f0f0b2a7e4af7f054dfe8f2be9{\nborder-radius:0px 0px 0px 0px;\npadding:0px 0px 0px 0px;\n}\n<\/style>\n<div  class='flex_column av-anq01gx-626f70f0f0b2a7e4af7f054dfe8f2be9 av_one_half  avia-builder-el-6  el_after_av_one_half  el_before_av_one_fifth  flex_column_div av-zero-column-padding  '     ><p>\n<style type=\"text\/css\" data-created_by=\"avia_inline_auto\" id=\"style-css-av-a6xtcs1-c40feaa32a2ba34a2433d6535c38f158\">\n.avia-image-container.av-a6xtcs1-c40feaa32a2ba34a2433d6535c38f158 img.avia_image{\nbox-shadow:none;\n}\n.avia-image-container.av-a6xtcs1-c40feaa32a2ba34a2433d6535c38f158 .av-caption-image-overlay-bg{\nopacity:0.6;\nbackground-color:#ffffff;\n}\n.avia-image-container.av-a6xtcs1-c40feaa32a2ba34a2433d6535c38f158 .av-image-caption-overlay-center{\ncolor:#133370;\nfont-size:24px;\n}\n<\/style>\n<div  class='avia-image-container av-a6xtcs1-c40feaa32a2ba34a2433d6535c38f158 av-styling-no-styling av-hover-grow avia-align-center  avia-builder-el-7  el_before_av_hr  avia-builder-el-first  noHover av-overlay-hover-deactivate'   itemprop=\"image\" itemscope=\"itemscope\" itemtype=\"https:\/\/schema.org\/ImageObject\" ><div class=\"avia-image-container-inner\"><div class=\"avia-image-overlay-wrap\"><a href=\"https:\/\/mandat.de\/de\/leistungen\/persoenliche-beratung\/persoenlicher-berater\/\" class='avia_image'  ><div class=\"av-image-caption-overlay\"><div class=\"av-caption-image-overlay-bg\"><\/div><div class=\"av-image-caption-overlay-position\"><div class=\"av-image-caption-overlay-center\"><p>Pers\u00f6nlicher Berater<\/p>\n<\/div><\/div><\/div><img class='wp-image-19891 avia-img-lazy-loading-not-19891 avia_image ' src=\"https:\/\/mandat.de\/de\/wp-content\/uploads\/2019\/06\/beratung-persoenlicher-berater-850x430.jpg\" alt='' title=''  height=\"430\" width=\"850\"  itemprop=\"thumbnailUrl\"  \/><\/a><\/div><\/div><\/div><br \/>\n\n<style type=\"text\/css\" data-created_by=\"avia_inline_auto\" id=\"style-css-av-a1bg49d-0977f807d8c335226bf4c808ccbdf149\">\n#top .hr.hr-invisible.av-a1bg49d-0977f807d8c335226bf4c808ccbdf149{\nheight:50px;\n}\n<\/style>\n<div  class='hr av-a1bg49d-0977f807d8c335226bf4c808ccbdf149 hr-invisible  avia-builder-el-8  el_after_av_image  el_before_av_button '><span class='hr-inner '><span class=\"hr-inner-style\"><\/span><\/span><\/div><br \/>\n<div  class='avia-button-wrap av-9dc5l3l-ba67b5430df4a5a320cdc4df6e4cd27c-wrap avia-button-center  avia-builder-el-9  el_after_av_hr  avia-builder-el-last '><a href='https:\/\/mandat.de\/de\/leistungen\/persoenliche-beratung\/persoenlicher-berater\/'  class='avia-button av-9dc5l3l-ba67b5430df4a5a320cdc4df6e4cd27c avia-icon_select-no avia-size-x-large avia-position-center avia-color-theme-color'  ><span class='avia_iconbox_title' >Den eigenen Sparringspartner finden<\/span><\/a><\/div><\/p><\/div>\n\n<style type=\"text\/css\" data-created_by=\"avia_inline_auto\" id=\"style-css-av-vndlqp-56a0ca6df1daa9d5489a8b51710b68ab\">\n.flex_column.av-vndlqp-56a0ca6df1daa9d5489a8b51710b68ab{\nborder-radius:0px 0px 0px 0px;\npadding:0px 0px 0px 0px;\n}\n<\/style>\n<div  class='flex_column av-vndlqp-56a0ca6df1daa9d5489a8b51710b68ab av_one_fifth  avia-builder-el-10  el_after_av_one_half  el_before_av_three_fifth  first flex_column_div av-zero-column-padding  column-top-margin'     ><\/div>\n\n<style type=\"text\/css\" data-created_by=\"avia_inline_auto\" id=\"style-css-av-8n1t31t-90e30c012d3f9f179e4a3056147bffb4\">\n.flex_column.av-8n1t31t-90e30c012d3f9f179e4a3056147bffb4{\nborder-radius:0px 0px 0px 0px;\npadding:0px 0px 0px 0px;\n}\n<\/style>\n<div  class='flex_column av-8n1t31t-90e30c012d3f9f179e4a3056147bffb4 av_three_fifth  avia-builder-el-11  el_after_av_one_fifth  el_before_av_one_fifth  flex_column_div av-zero-column-padding  column-top-margin'     ><section  class='av_textblock_section av-85sj9ap-ece54fc30fe09941770b1c39c83dfbbc '   itemscope=\"itemscope\" itemtype=\"https:\/\/schema.org\/CreativeWork\" ><div class='avia_textblock'  itemprop=\"text\" ><p style=\"text-align: center;\">Wenn Sie als Unternehmenslenker in Ihre leistungsstarken F\u00fchrungskr\u00e4fte investieren m\u00f6chten, erfahren Sie im Bereich Executive Coaching mehr \u00fcber die Mandat-Art des Coachings.<\/p>\n<p style=\"text-align: center;\">Wenn Sie selbst einen erfahrenen Sparringspartner suchen, der Ihnen Resonanzboden und Impulsgeber seien kann, ist ein pers\u00f6nliches Beratungsmandat f\u00fcr Sie die richtige Wahl.<\/p>\n<\/div><\/section><\/div>\n\n<style type=\"text\/css\" data-created_by=\"avia_inline_auto\" id=\"style-css-av-7jp1zxt-f4b9389dbae382c9dccf1d5462dfc4dc\">\n.flex_column.av-7jp1zxt-f4b9389dbae382c9dccf1d5462dfc4dc{\nborder-radius:0px 0px 0px 0px;\npadding:0px 0px 0px 0px;\n}\n<\/style>\n<div  class='flex_column av-7jp1zxt-f4b9389dbae382c9dccf1d5462dfc4dc av_one_fifth  avia-builder-el-13  el_after_av_three_fifth  el_before_av_section  avia-builder-el-last  flex_column_div av-zero-column-padding  column-top-margin'     ><\/div>\n<\/div><\/div><\/div><!-- close content main div --><\/div><\/div>\n<style type=\"text\/css\" data-created_by=\"avia_inline_auto\" id=\"style-css-av-79ramj5-a7ed0eb551cac05ab417f853dd587ab1\">\n.avia-section.av-79ramj5-a7ed0eb551cac05ab417f853dd587ab1{\nbackground-color:#f8f8f8;\nbackground-image:unset;\n}\n<\/style>\n<div id='av_section_1'  class='avia-section av-79ramj5-a7ed0eb551cac05ab417f853dd587ab1 main_color avia-section-default avia-no-shadow  avia-builder-el-14  el_after_av_one_fifth  el_before_av_layout_row  avia-bg-style-scroll container_wrap sidebar_right'  ><div class='container av-section-cont-open' ><div class='template-page content  av-content-small alpha units'><div class='post-entry post-entry-type-page post-entry-17329'><div class='entry-content-wrapper clearfix'>\n<div  class='avia-content-slider-element-container av-ltenfrnn-7d67cdd711f37fdb540e3140a4ba0caf avia-content-slider-element-slider avia-content-slider avia-smallarrow-slider avia-content-slider-active avia-content-slider-even  avia-builder-el-15  el_before_av_content_slider  avia-builder-el-first  av-small-hide av-mini-hide av-slideshow-ui av-control-default av-nav-arrows-visible av-nav-dots-visible av-no-slider-navigation av-slideshow-autoplay av-loop-endless av-loop-manual-endless avia-content-slider1' data-slideshow-options=\"{&quot;animation&quot;:&quot;slide&quot;,&quot;autoplay&quot;:true,&quot;loop_autoplay&quot;:&quot;endless&quot;,&quot;interval&quot;:10,&quot;loop_manual&quot;:&quot;manual-endless&quot;,&quot;autoplay_stopper&quot;:false,&quot;noNavigation&quot;:false,&quot;bg_slider&quot;:false,&quot;keep_padding&quot;:&quot;&quot;,&quot;hoverpause&quot;:false,&quot;show_slide_delay&quot;:30}\"><div class='avia-smallarrow-slider-heading  no-content-slider-heading '><div class='new-special-heading'>&nbsp;<\/div><div class='avia-slideshow-arrows avia-slideshow-controls' ><a href='#prev' class='prev-slide ' aria-hidden='true' data-av_icon='\ue87c' data-av_iconfont='entypo-fontello'  tabindex='-1'>Zur\u00fcck<\/a><a href='#next' class='next-slide ' aria-hidden='true' data-av_icon='\ue87d' data-av_iconfont='entypo-fontello'  tabindex='-1'>Weiter<\/a><\/div><\/div><div class=\"avia-content-slider-inner\"><div class=\"slide-entry-wrap\"><section class='slide-entry av-ltenfqbr-1-da25a321c811265040761ad29d152a51 flex_column av_one_half post-entry slide-entry-overview slide-loop-1 slide-parity-odd  first'  itemscope=\"itemscope\" itemtype=\"https:\/\/schema.org\/CreativeWork\" ><div class='slide-entry-excerpt entry-content'  itemprop=\"text\" ><blockquote>\n<p><em><i>\u201eIch bin von den Ergebnissen in der pers\u00f6nlichen Beratung durch Fabian Vollberg beeindruckt, gerade im Team mit Pascal Kowsky. Ich bekomme dadurch nicht nur eine andere Perspektive, sondern wir haben in nur einem Gespr\u00e4ch zwei dicke gedankliche Knoten gel\u00f6st und echte Durchbr\u00fcche erzielt. Die Auffassungsgabe und sofortige Transferierung der Themen in die richtige Richtung sind beeindruckend.\u201c<\/i><\/em><\/p>\n<\/blockquote>\n<h5>Tobias Bergsiek<\/h5>\n<p>Gesch\u00e4ftsf\u00fchrer,<br \/>\nBergsiek Beh\u00e4lterbau GmbH,<br \/>\nRinteln,<\/p>\n<\/div><\/section><section class='slide-entry av-6nycqkx-2d2fb40a1c94b5038fa65d49187f2b41 flex_column av_one_half post-entry slide-entry-overview slide-loop-2 slide-parity-even  '  itemscope=\"itemscope\" itemtype=\"https:\/\/schema.org\/CreativeWork\" ><div class='slide-entry-excerpt entry-content'  itemprop=\"text\" ><blockquote>\n<p><em>\u201cDas Coaching durch Mandat war eine richtige Investition in unsere Mitarbeiter \u2013 und diese Investition bringt dem Unternehmen langfristig die h\u00f6chste Rendite.\u201d<\/em><\/p>\n<\/blockquote>\n<h5>Markus Becker<\/h5>\n<p>Gesch\u00e4ftsf\u00fchrender Gesellschafter,<br \/>\nBerthold Becker GmbH<\/p>\n<\/div><\/section><\/div><div class=\"slide-entry-wrap\"><section class='slide-entry av-n3xcy9-aa19d78910a2f11d7119c1c77101f101 flex_column av_one_half post-entry slide-entry-overview slide-loop-3 slide-parity-odd  first'  itemscope=\"itemscope\" itemtype=\"https:\/\/schema.org\/CreativeWork\" ><div class='slide-entry-excerpt entry-content'  itemprop=\"text\" ><blockquote>\n<p><em>\u201eDie pers\u00f6nliche Beratung durch Mandat ist f\u00fcr mich als Vorstand deswegen so wertvoll, weil ich in unterschiedlichen Bereichen Impulse erhalte, die nicht nur theoretisch gut, sondern auch praktisch umsetzbar sind. Dieses pragmatische Herangehen an unternehmerische Themen und die Perspektiverweiterung sch\u00e4tze ich sehr.\u201c<\/em><\/p>\n<\/blockquote>\n<h5>Peter Pongratz<\/h5>\n<p>Vorstand,<br \/>\nSAG Schulte-Schlagbaum AG,<br \/>\nVelbert<\/p>\n<\/div><\/section><section class='slide-entry av-ltenfqbr-4fca726ac18102b78481422711a14dbd flex_column av_one_half post-entry slide-entry-overview slide-loop-4 slide-parity-even  post-entry-last  '  itemscope=\"itemscope\" itemtype=\"https:\/\/schema.org\/CreativeWork\" ><div class='slide-entry-excerpt entry-content'  itemprop=\"text\" ><blockquote>\n<p><em>\u201eDie Zusammenarbeit mit Fabian Vollberg als pers\u00f6nlichem Ratgeber war f\u00fcr mich sehr hilfreich und angenehm. Herr Vollberg war f\u00fcr mich Sparring-Partner, Austauschperson und Zweitmeinung bei sehr vielen Entscheidungen.\u201c<\/em><\/p>\n<\/blockquote>\n<h5>Boris Bossmann<\/h5>\n<p>Gesch\u00e4ftsf\u00fchrer,<br \/>\nAMMANN GARTENBAU AG<\/p>\n<\/div><\/section><\/div><\/div><\/div>\n<div  class='avia-content-slider-element-container av-5ufhpg1-2d4f31cc05c40c7306781805844c35c3 avia-content-slider-element-slider avia-content-slider avia-smallarrow-slider avia-content-slider-active avia-content-slider-odd  avia-builder-el-16  el_after_av_content_slider  avia-builder-el-last  av-desktop-hide av-medium-hide av-slideshow-ui av-control-default av-nav-arrows-visible av-nav-dots-visible av-no-slider-navigation av-slideshow-autoplay av-loop-endless av-loop-manual-endless avia-content-slider2' data-slideshow-options=\"{&quot;animation&quot;:&quot;slide&quot;,&quot;autoplay&quot;:true,&quot;loop_autoplay&quot;:&quot;endless&quot;,&quot;interval&quot;:10,&quot;loop_manual&quot;:&quot;manual-endless&quot;,&quot;autoplay_stopper&quot;:false,&quot;noNavigation&quot;:false,&quot;bg_slider&quot;:false,&quot;keep_padding&quot;:&quot;&quot;,&quot;hoverpause&quot;:false,&quot;show_slide_delay&quot;:30}\"><div class='avia-smallarrow-slider-heading  no-content-slider-heading '><div class='new-special-heading'>&nbsp;<\/div><div class='avia-slideshow-arrows avia-slideshow-controls' ><a href='#prev' class='prev-slide ' aria-hidden='true' data-av_icon='\ue87c' data-av_iconfont='entypo-fontello'  tabindex='-1'>Zur\u00fcck<\/a><a href='#next' class='next-slide ' aria-hidden='true' data-av_icon='\ue87d' data-av_iconfont='entypo-fontello'  tabindex='-1'>Weiter<\/a><\/div><\/div><div class=\"avia-content-slider-inner\"><div class=\"slide-entry-wrap\"><section class='slide-entry av-5d9o701-3cd6cb75c3e910ae8ef35c5c2f425880 flex_column av_fullwidth post-entry slide-entry-overview slide-loop-1 slide-parity-odd  first'  itemscope=\"itemscope\" itemtype=\"https:\/\/schema.org\/CreativeWork\" ><div class='slide-entry-excerpt entry-content'  itemprop=\"text\" ><blockquote>\n<p><em>\u201cDas Coaching durch Mandat war eine richtige Investition in unsere Mitarbeiter \u2013 und diese Investition bringt dem Unternehmen langfristig die h\u00f6chste Rendite.\u201d<\/em><\/p>\n<\/blockquote>\n<h5>Markus Becker<\/h5>\n<p>Gesch\u00e4ftsf\u00fchrender Gesellschafter,<br \/>\nBerthold Becker GmbH<\/p>\n<\/div><\/section><\/div><div class=\"slide-entry-wrap\"><section class='slide-entry av-4np3rg1-34bedeeb2b0eb22eb0e87a1724592c0c flex_column av_fullwidth post-entry slide-entry-overview slide-loop-2 slide-parity-odd  first'  itemscope=\"itemscope\" itemtype=\"https:\/\/schema.org\/CreativeWork\" ><div class='slide-entry-excerpt entry-content'  itemprop=\"text\" ><blockquote>\n<p><em>\u201eDie pers\u00f6nliche Beratung durch Mandat ist f\u00fcr mich als Vorstand deswegen so wertvoll, weil ich in unterschiedlichen Bereichen Impulse erhalte, die nicht nur theoretisch gut, sondern auch praktisch umsetzbar sind. Dieses pragmatische Herangehen an unternehmerische Themen und die Perspektiverweiterung sch\u00e4tze ich sehr.\u201c<\/em><\/p>\n<\/blockquote>\n<h5>Peter Pongratz<\/h5>\n<p>Vorstand,<br \/>\nSAG Schulte-Schlagbaum AG,<br \/>\nVelbert<\/p>\n<\/div><\/section><\/div><div class=\"slide-entry-wrap\"><section class='slide-entry av-ltenmy3u-5b35104a42705671b4d8620ecfc0a5f4 flex_column av_fullwidth post-entry slide-entry-overview slide-loop-3 slide-parity-odd  post-entry-last  first'  itemscope=\"itemscope\" itemtype=\"https:\/\/schema.org\/CreativeWork\" ><div class='slide-entry-excerpt entry-content'  itemprop=\"text\" ><blockquote>\n<p><em>\u201eDie Zusammenarbeit mit Fabian Vollberg als pers\u00f6nlichem Ratgeber war f\u00fcr mich sehr hilfreich und angenehm. Herr Vollberg war f\u00fcr mich Sparring-Partner, Austauschperson und Zweitmeinung bei sehr vielen Entscheidungen.\u201c<\/em><\/p>\n<\/blockquote>\n<h5>Boris Bossmann<\/h5>\n<p>Gesch\u00e4ftsf\u00fchrer,<br \/>\nAMMANN GARTENBAU AG<\/p>\n<\/div><\/section><\/div><\/div><\/div>\n<\/div><\/div><\/div><!-- close content main div --><\/div><\/div><div id='footer-leistungen'  class='av-layout-grid-container av-4ew4kz5-acfc0da14e1976b5bcc86eb09df40cce entry-content-wrapper main_color av-flex-cells  avia-builder-el-17  el_after_av_section  avia-builder-el-last  grid-row-not-first  container_wrap sidebar_right'  >\n\n<style type=\"text\/css\" data-created_by=\"avia_inline_auto\" id=\"style-css-av-3tgtis1-4aea794c4e63cb00cbfa6aa4feffc68a\">\n.flex_cell.av-3tgtis1-4aea794c4e63cb00cbfa6aa4feffc68a{\nvertical-align:top;\nbackground-color:#133370;\n}\n.responsive #top #wrap_all .flex_cell.av-3tgtis1-4aea794c4e63cb00cbfa6aa4feffc68a{\npadding:50px 50px 50px 50px !important;\n}\n<\/style>\n<div class='flex_cell av-3tgtis1-4aea794c4e63cb00cbfa6aa4feffc68a av-gridrow-cell av_one_fourth no_margin  avia-builder-el-18  el_before_av_cell_one_fourth  avia-builder-el-first '  ><div class='flex_cell_inner'>\n<style type=\"text\/css\" data-created_by=\"avia_inline_auto\" id=\"style-css-av-3kohx2p-ad2f17eac20cb2d255a848874241e682\">\n.av_font_icon.av-3kohx2p-ad2f17eac20cb2d255a848874241e682{\ncolor:#ffffff;\nborder-color:#ffffff;\n}\n.av_font_icon.av-3kohx2p-ad2f17eac20cb2d255a848874241e682 .av-icon-char{\nfont-size:40px;\nline-height:40px;\nwidth:40px;\n}\n<\/style>\n<span  class='av_font_icon av-3kohx2p-ad2f17eac20cb2d255a848874241e682 avia_animate_when_visible av-icon-style-border avia-icon-pos-center avia-icon-animate'><a href='https:\/\/mandat.de\/de\/wachstums-know-how\/'   class='av-icon-char' aria-hidden='true' data-av_icon='\ue84e' data-av_iconfont='entypo-fontello' ><\/a><span class='av_icon_caption av-special-font'>Know-how<\/span><\/span>\n<\/div><\/div>\n<style type=\"text\/css\" data-created_by=\"avia_inline_auto\" id=\"style-css-av-37qusup-0a39a4d214b56c9c8fc3b8e848998285\">\n.flex_cell.av-37qusup-0a39a4d214b56c9c8fc3b8e848998285{\nvertical-align:top;\nbackground-color:#133370;\n}\n.responsive #top #wrap_all .flex_cell.av-37qusup-0a39a4d214b56c9c8fc3b8e848998285{\npadding:50px 50px 50px 50px !important;\n}\n<\/style>\n<div class='flex_cell av-37qusup-0a39a4d214b56c9c8fc3b8e848998285 av-gridrow-cell av_one_fourth no_margin  avia-builder-el-20  el_after_av_cell_one_fourth  el_before_av_cell_one_fourth '  ><div class='flex_cell_inner'>\n<style type=\"text\/css\" data-created_by=\"avia_inline_auto\" id=\"style-css-av-2nge2r5-c562e97a3c2bba90339451e0d6a13d50\">\n.av_font_icon.av-2nge2r5-c562e97a3c2bba90339451e0d6a13d50{\ncolor:#ffffff;\nborder-color:#ffffff;\n}\n.av_font_icon.av-2nge2r5-c562e97a3c2bba90339451e0d6a13d50 .av-icon-char{\nfont-size:40px;\nline-height:40px;\nwidth:40px;\n}\n<\/style>\n<span  class='av_font_icon av-2nge2r5-c562e97a3c2bba90339451e0d6a13d50 avia_animate_when_visible av-icon-style-border avia-icon-pos-center avia-icon-animate'><a href='https:\/\/mandat.de\/de\/testimonials\/'   class='av-icon-char' aria-hidden='true' data-av_icon='\ue80b' data-av_iconfont='entypo-fontello' ><\/a><span class='av_icon_caption av-special-font'>Klientenstimmen<\/span><\/span>\n<\/div><\/div>\n<style type=\"text\/css\" data-created_by=\"avia_inline_auto\" id=\"style-css-av-23ru3pt-e21a1599f418d371f58dcc60037083b8\">\n.flex_cell.av-23ru3pt-e21a1599f418d371f58dcc60037083b8{\nvertical-align:top;\nbackground-color:#133370;\n}\n.responsive #top #wrap_all .flex_cell.av-23ru3pt-e21a1599f418d371f58dcc60037083b8{\npadding:50px 50px 50px 50px !important;\n}\n<\/style>\n<div class='flex_cell av-23ru3pt-e21a1599f418d371f58dcc60037083b8 av-gridrow-cell av_one_fourth no_margin  avia-builder-el-22  el_after_av_cell_one_fourth  el_before_av_cell_one_fourth '  ><div class='flex_cell_inner'>\n<style type=\"text\/css\" data-created_by=\"avia_inline_auto\" id=\"style-css-av-5yekb5-a939e19e27d62fe0111f6a8d21bfa065\">\n.av_font_icon.av-5yekb5-a939e19e27d62fe0111f6a8d21bfa065{\ncolor:#ffffff;\nborder-color:#ffffff;\n}\n.av_font_icon.av-5yekb5-a939e19e27d62fe0111f6a8d21bfa065 .av-icon-char{\nfont-size:40px;\nline-height:40px;\nwidth:40px;\n}\n<\/style>\n<span  class='av_font_icon av-5yekb5-a939e19e27d62fe0111f6a8d21bfa065 avia_animate_when_visible av-icon-style-border avia-icon-pos-center avia-icon-animate'><a href='https:\/\/mandat.de\/de\/testimonials\/erfolgsgeschichten\/'   class='av-icon-char' aria-hidden='true' data-av_icon='\ue808' data-av_iconfont='entypo-fontello' ><\/a><span class='av_icon_caption av-special-font'>Erfolgsgeschichten<\/span><\/span>\n<\/div><\/div>\n<style type=\"text\/css\" data-created_by=\"avia_inline_auto\" id=\"style-css-av-15yw381-2c66bf82be8c8ed016e5ba28c5851c94\">\n.flex_cell.av-15yw381-2c66bf82be8c8ed016e5ba28c5851c94{\nvertical-align:top;\nbackground-color:#133370;\n}\n.responsive #top #wrap_all .flex_cell.av-15yw381-2c66bf82be8c8ed016e5ba28c5851c94{\npadding:50px 50px 50px 50px !important;\n}\n<\/style>\n<div class='flex_cell av-15yw381-2c66bf82be8c8ed016e5ba28c5851c94 av-gridrow-cell av_one_fourth no_margin  avia-builder-el-24  el_after_av_cell_one_fourth  avia-builder-el-last '  ><div class='flex_cell_inner'>\n<style type=\"text\/css\" data-created_by=\"avia_inline_auto\" id=\"style-css-av-jkr64x-a07305e4c11d004f4d5e8133f6f9ccba\">\n.av_font_icon.av-jkr64x-a07305e4c11d004f4d5e8133f6f9ccba{\ncolor:#ffffff;\nborder-color:#ffffff;\n}\n.av_font_icon.av-jkr64x-a07305e4c11d004f4d5e8133f6f9ccba .av-icon-char{\nfont-size:40px;\nline-height:40px;\nwidth:40px;\n}\n<\/style>\n<span  class='av_font_icon av-jkr64x-a07305e4c11d004f4d5e8133f6f9ccba avia_animate_when_visible av-icon-style-border avia-icon-pos-center avia-icon-animate'><a href='https:\/\/mandat.de\/de\/leistungen\/'   class='av-icon-char' aria-hidden='true' data-av_icon='\ue812' data-av_iconfont='entypo-fontello' ><\/a><span class='av_icon_caption av-special-font'>Leistungen<\/span><\/span>\n<\/div><\/div>\n<\/div><\/p>\n","protected":false},"excerpt":{"rendered":"","protected":false},"author":1,"featured_media":0,"parent":18598,"menu_order":0,"comment_status":"closed","ping_status":"closed","template":"","meta":[],"_links":{"self":[{"href":"https:\/\/mandat.de\/de\/wp-json\/wp\/v2\/pages\/17329"}],"collection":[{"href":"https:\/\/mandat.de\/de\/wp-json\/wp\/v2\/pages"}],"about":[{"href":"https:\/\/mandat.de\/de\/wp-json\/wp\/v2\/types\/page"}],"author":[{"embeddable":true,"href":"https:\/\/mandat.de\/de\/wp-json\/wp\/v2\/users\/1"}],"replies":[{"embeddable":true,"href":"https:\/\/mandat.de\/de\/wp-json\/wp\/v2\/comments?post=17329"}],"version-history":[{"count":0,"href":"https:\/\/mandat.de\/de\/wp-json\/wp\/v2\/pages\/17329\/revisions"}],"up":[{"embeddable":true,"href":"https:\/\/mandat.de\/de\/wp-json\/wp\/v2\/pages\/18598"}],"wp:attachment":[{"href":"https:\/\/mandat.de\/de\/wp-json\/wp\/v2\/media?parent=17329"}],"curies":[{"name":"wp","href":"https:\/\/api.w.org\/{rel}","templated":true}]}}