{"id":18124,"date":"2019-04-08T08:31:57","date_gmt":"2019-04-08T06:31:57","guid":{"rendered":"http:\/\/mandat.de\/de\/?page_id=18124"},"modified":"2024-01-19T10:11:41","modified_gmt":"2024-01-19T09:11:41","slug":"fachartikel","status":"publish","type":"page","link":"https:\/\/mandat.de\/de\/wachstums-know-how\/fachartikel\/","title":{"rendered":"Fachartikel"},"content":{"rendered":"<div id='layer_slider_1'  class='avia-layerslider main_color avia-shadow  avia-builder-el-0  el_before_av_layout_row  avia-builder-el-first  container_wrap sidebar_right'  style='height: 201px;'  ><link href=\"https:\/\/fonts.googleapis.com\/css?family=Montserrat:100,100i,200,200i,300,300i,400,400i,500,500i,600,600i,700,700i,800,800i,900,900i\" rel=\"stylesheet\"><div id=\"layerslider_35_16pt8t0nwdqiq\"  class=\"ls-wp-container fitvidsignore ls-selectable\" style=\"width:1280px;height:200px;margin:0 auto;margin-bottom: 0px;\"><div class=\"ls-slide\" ><img width=\"1280\" height=\"201\" src=\"https:\/\/mandat.de\/de\/wp-content\/uploads\/2024\/06\/ls-project-35-slide-1.jpg\" class=\"ls-tn\" alt=\"\" srcset=\"https:\/\/mandat.de\/de\/wp-content\/uploads\/2024\/06\/ls-project-35-slide-1.jpg 1280w, https:\/\/mandat.de\/de\/wp-content\/uploads\/2024\/06\/ls-project-35-slide-1-300x47.jpg 300w, https:\/\/mandat.de\/de\/wp-content\/uploads\/2024\/06\/ls-project-35-slide-1-1030x162.jpg 1030w, https:\/\/mandat.de\/de\/wp-content\/uploads\/2024\/06\/ls-project-35-slide-1-768x121.jpg 768w, https:\/\/mandat.de\/de\/wp-content\/uploads\/2024\/06\/ls-project-35-slide-1-705x111.jpg 705w\" sizes=\"(max-width: 1280px) 100vw, 1280px\" \/><h1 style=\"left:-66px;text-align:initial;font-weight:600;mix-blend-mode:normal;font-size:196px;line-height:212px;color:#f5f5f5;top:0px;font-family:Montserrat;\" class=\"ls-l ls-text-layer\" data-ls=\"showinfo:1;position:relative;\">Fachartikel<\/h1><h2 style=\"top:145px;left:-1px;text-align:initial;mix-blend-mode:normal;font-size:51px;line-height:57px;font-family:Montserrat;color:#133370;\" class=\"ls-l ls-text-layer\" data-ls=\"showinfo:1;position:relative;\">Fachartikel<\/h2><\/div><\/div><\/div>\n<div id='av-layout-grid-1'  class='av-layout-grid-container av-av_layout_row-edf07c93594a85695fda65c20c2393d8 entry-content-wrapper main_color av-flex-cells  avia-builder-el-1  el_after_av_layerslider  el_before_av_layout_row  grid-row-not-first  container_wrap sidebar_right'  >\n\n<style type=\"text\/css\" data-created_by=\"avia_inline_auto\" id=\"style-css-av-av_cell_one_fourth-58c6caa20961fe309eec664d561abc47\">\n.flex_cell.av-av_cell_one_fourth-58c6caa20961fe309eec664d561abc47{\nvertical-align:middle;\n}\n.responsive #top #wrap_all .flex_cell.av-av_cell_one_fourth-58c6caa20961fe309eec664d561abc47{\npadding:0px 0px 0px 0px !important;\n}\n<\/style>\n<div class='flex_cell av-av_cell_one_fourth-58c6caa20961fe309eec664d561abc47 av-gridrow-cell av_one_fourth no_margin  avia-builder-el-2  el_before_av_cell_one_fourth  avia-builder-el-first  av-zero-padding'  ><div class='flex_cell_inner'>\n<style type=\"text\/css\" data-created_by=\"avia_inline_auto\" id=\"style-css-av-av_image-3e38e536c0e786931b983c8811032cc5\">\n.avia-image-container.av-av_image-3e38e536c0e786931b983c8811032cc5 img.avia_image{\nbox-shadow:none;\n}\n.avia-image-container.av-av_image-3e38e536c0e786931b983c8811032cc5 .av-image-caption-overlay-center{\ncolor:#ffffff;\n}\n<\/style>\n<div  class='avia-image-container av-av_image-3e38e536c0e786931b983c8811032cc5 av-styling-no-styling avia_animated_image av-animated-when-visible-95 top-to-bottom avia-align-center  avia-builder-el-3  avia-builder-el-no-sibling '   itemprop=\"image\" itemscope=\"itemscope\" itemtype=\"https:\/\/schema.org\/ImageObject\" ><div class=\"avia-image-container-inner\"><div class=\"avia-image-overlay-wrap\"><img class='wp-image-18897 avia-img-lazy-loading-not-18897 avia_image ' src=\"https:\/\/mandat.de\/de\/wp-content\/uploads\/2019\/06\/wachstumsstrategie-und-realisierung.jpg\" alt='Wachstumsstrategie und Realisierung' title='Wachstumsstrategie und Realisierung'  height=\"786\" width=\"694\"  itemprop=\"thumbnailUrl\" srcset=\"https:\/\/mandat.de\/de\/wp-content\/uploads\/2019\/06\/wachstumsstrategie-und-realisierung.jpg 694w, https:\/\/mandat.de\/de\/wp-content\/uploads\/2019\/06\/wachstumsstrategie-und-realisierung-265x300.jpg 265w, https:\/\/mandat.de\/de\/wp-content\/uploads\/2019\/06\/wachstumsstrategie-und-realisierung-622x705.jpg 622w, https:\/\/mandat.de\/de\/wp-content\/uploads\/2019\/06\/wachstumsstrategie-und-realisierung-450x510.jpg 450w\" sizes=\"(max-width: 694px) 100vw, 694px\" \/><\/div><\/div><\/div>\n<\/div><\/div>\n<style type=\"text\/css\" data-created_by=\"avia_inline_auto\" id=\"style-css-av-av_cell_one_fourth-3ff211d9154b9c023bc94e5061922c83\">\n.flex_cell.av-av_cell_one_fourth-3ff211d9154b9c023bc94e5061922c83{\nvertical-align:middle;\nbackground-color:#f8f8f8;\n}\n.responsive #top #wrap_all .flex_cell.av-av_cell_one_fourth-3ff211d9154b9c023bc94e5061922c83{\npadding:30px 30px 30px 30px !important;\n}\n<\/style>\n<div class='flex_cell av-av_cell_one_fourth-3ff211d9154b9c023bc94e5061922c83 av-gridrow-cell av_one_fourth no_margin  avia-builder-el-4  el_after_av_cell_one_fourth  el_before_av_cell_one_fourth '  ><div class='flex_cell_inner'><section  class='av_textblock_section av-av_textblock-2de302bf1aa3cf4c9157dbe6f50ac7eb '   itemscope=\"itemscope\" itemtype=\"https:\/\/schema.org\/CreativeWork\" ><div class='avia_textblock'  itemprop=\"text\" ><h3 style=\"text-align: center;\">Wachstumsstrategie und Realisierung<\/h3>\n<\/div><\/section><br \/>\n\n<style type=\"text\/css\" data-created_by=\"avia_inline_auto\" id=\"style-css-av-av_hr-4474f20d2389e2e5ecf918a02da5132e\">\n#top .hr.hr-invisible.av-av_hr-4474f20d2389e2e5ecf918a02da5132e{\nheight:50px;\n}\n<\/style>\n<div  class='hr av-av_hr-4474f20d2389e2e5ecf918a02da5132e hr-invisible  avia-builder-el-6  el_after_av_textblock  el_before_av_button '><span class='hr-inner '><span class=\"hr-inner-style\"><\/span><\/span><\/div><br \/>\n<div  class='avia-button-wrap av-av_button-1a101ad4bbca9deffea0dbb6498c2f90-wrap avia-button-center  avia-builder-el-7  el_after_av_hr  avia-builder-el-last '><a href='https:\/\/mandat.de\/de\/wachstums-know-how\/fachartikel\/wachstumsstrategie-und-realisierung\/'  class='avia-button av-av_button-1a101ad4bbca9deffea0dbb6498c2f90 avia-icon_select-no avia-size-x-large avia-position-center avia-color-theme-color'  ><span class='avia_iconbox_title' >Jetzt handeln<\/span><\/a><\/div><\/p>\n<\/div><\/div>\n<style type=\"text\/css\" data-created_by=\"avia_inline_auto\" id=\"style-css-av-av_cell_one_fourth-58c6caa20961fe309eec664d561abc47\">\n.flex_cell.av-av_cell_one_fourth-58c6caa20961fe309eec664d561abc47{\nvertical-align:middle;\n}\n.responsive #top #wrap_all .flex_cell.av-av_cell_one_fourth-58c6caa20961fe309eec664d561abc47{\npadding:0px 0px 0px 0px !important;\n}\n<\/style>\n<div class='flex_cell av-av_cell_one_fourth-58c6caa20961fe309eec664d561abc47 av-gridrow-cell av_one_fourth no_margin  avia-builder-el-8  el_after_av_cell_one_fourth  el_before_av_cell_one_fourth  av-zero-padding'  ><div class='flex_cell_inner'>\n<style type=\"text\/css\" data-created_by=\"avia_inline_auto\" id=\"style-css-av-av_image-d4d8763e383776f248f70f9a81fe4bf3\">\n.avia-image-container.av-av_image-d4d8763e383776f248f70f9a81fe4bf3 img.avia_image{\nbox-shadow:none;\n}\n.avia-image-container.av-av_image-d4d8763e383776f248f70f9a81fe4bf3 .av-image-caption-overlay-center{\ncolor:#ffffff;\n}\n<\/style>\n<div  class='avia-image-container av-av_image-d4d8763e383776f248f70f9a81fe4bf3 av-styling-no-styling avia_animated_image av-animated-when-visible-95 top-to-bottom avia-align-center  avia-builder-el-9  avia-builder-el-no-sibling '   itemprop=\"image\" itemscope=\"itemscope\" itemtype=\"https:\/\/schema.org\/ImageObject\" ><div class=\"avia-image-container-inner\"><div class=\"avia-image-overlay-wrap\"><img class='wp-image-18891 avia-img-lazy-loading-not-18891 avia_image ' src=\"https:\/\/mandat.de\/de\/wp-content\/uploads\/2019\/06\/fuehrung-und-selbstfuehrung.jpg\" alt='F\u00fchrung und Selbstf\u00fchrung' title='F\u00fchrung und Selbstf\u00fchrung'  height=\"786\" width=\"694\"  itemprop=\"thumbnailUrl\" srcset=\"https:\/\/mandat.de\/de\/wp-content\/uploads\/2019\/06\/fuehrung-und-selbstfuehrung.jpg 694w, https:\/\/mandat.de\/de\/wp-content\/uploads\/2019\/06\/fuehrung-und-selbstfuehrung-265x300.jpg 265w, https:\/\/mandat.de\/de\/wp-content\/uploads\/2019\/06\/fuehrung-und-selbstfuehrung-622x705.jpg 622w, https:\/\/mandat.de\/de\/wp-content\/uploads\/2019\/06\/fuehrung-und-selbstfuehrung-450x510.jpg 450w\" sizes=\"(max-width: 694px) 100vw, 694px\" \/><\/div><\/div><\/div>\n<\/div><\/div>\n<style type=\"text\/css\" data-created_by=\"avia_inline_auto\" id=\"style-css-av-av_cell_one_fourth-7ebce17f8b2253dbef4951ab10e3fea3\">\n.flex_cell.av-av_cell_one_fourth-7ebce17f8b2253dbef4951ab10e3fea3{\nvertical-align:middle;\nbackground-color:#f8f8f8;\n}\n.responsive #top #wrap_all .flex_cell.av-av_cell_one_fourth-7ebce17f8b2253dbef4951ab10e3fea3{\npadding:0px 0px 0px 0px !important;\n}\n<\/style>\n<div class='flex_cell av-av_cell_one_fourth-7ebce17f8b2253dbef4951ab10e3fea3 av-gridrow-cell av_one_fourth no_margin  avia-builder-el-10  el_after_av_cell_one_fourth  avia-builder-el-last  av-zero-padding'  ><div class='flex_cell_inner'><section  class='av_textblock_section av-av_textblock-2de302bf1aa3cf4c9157dbe6f50ac7eb '   itemscope=\"itemscope\" itemtype=\"https:\/\/schema.org\/CreativeWork\" ><div class='avia_textblock'  itemprop=\"text\" ><h3 style=\"text-align: center;\">F\u00fchrung und Selbstf\u00fchrung<\/h3>\n<\/div><\/section><br \/>\n\n<style type=\"text\/css\" data-created_by=\"avia_inline_auto\" id=\"style-css-av-av_hr-4474f20d2389e2e5ecf918a02da5132e\">\n#top .hr.hr-invisible.av-av_hr-4474f20d2389e2e5ecf918a02da5132e{\nheight:50px;\n}\n<\/style>\n<div  class='hr av-av_hr-4474f20d2389e2e5ecf918a02da5132e hr-invisible  avia-builder-el-12  el_after_av_textblock  el_before_av_button '><span class='hr-inner '><span class=\"hr-inner-style\"><\/span><\/span><\/div><br \/>\n<div  class='avia-button-wrap av-av_button-1dbf66d46e87f1d399d608605f641c28-wrap avia-button-center  avia-builder-el-13  el_after_av_hr  avia-builder-el-last '><a href='https:\/\/mandat.de\/de\/wachstums-know-how\/fachartikel\/fuehrung-und-selbstfuehrung\/'  class='avia-button av-av_button-1dbf66d46e87f1d399d608605f641c28 avia-icon_select-no avia-size-x-large avia-position-center avia-color-theme-color'  ><span class='avia_iconbox_title' >Pers\u00f6nlich wachsen<\/span><\/a><\/div><\/p>\n<\/div><\/div>\n<\/div>\n<div id='av-layout-grid-2'  class='av-layout-grid-container av-av_layout_row-edf07c93594a85695fda65c20c2393d8 entry-content-wrapper main_color av-flex-cells  avia-builder-el-14  el_after_av_layout_row  el_before_av_layout_row  grid-row-not-first  container_wrap sidebar_right'  >\n\n<style type=\"text\/css\" data-created_by=\"avia_inline_auto\" id=\"style-css-av-av_cell_one_fourth-7ebce17f8b2253dbef4951ab10e3fea3\">\n.flex_cell.av-av_cell_one_fourth-7ebce17f8b2253dbef4951ab10e3fea3{\nvertical-align:middle;\nbackground-color:#f8f8f8;\n}\n.responsive #top #wrap_all .flex_cell.av-av_cell_one_fourth-7ebce17f8b2253dbef4951ab10e3fea3{\npadding:0px 0px 0px 0px !important;\n}\n<\/style>\n<div class='flex_cell av-av_cell_one_fourth-7ebce17f8b2253dbef4951ab10e3fea3 av-gridrow-cell av_one_fourth no_margin  avia-builder-el-15  el_before_av_cell_one_fourth  avia-builder-el-first  av-zero-padding'  ><div class='flex_cell_inner'><section  class='av_textblock_section av-av_textblock-2de302bf1aa3cf4c9157dbe6f50ac7eb '   itemscope=\"itemscope\" itemtype=\"https:\/\/schema.org\/CreativeWork\" ><div class='avia_textblock'  itemprop=\"text\" ><h3 style=\"text-align: center;\">Vertrieb und Expansion<\/h3>\n<\/div><\/section><br \/>\n\n<style type=\"text\/css\" data-created_by=\"avia_inline_auto\" id=\"style-css-av-av_hr-4474f20d2389e2e5ecf918a02da5132e\">\n#top .hr.hr-invisible.av-av_hr-4474f20d2389e2e5ecf918a02da5132e{\nheight:50px;\n}\n<\/style>\n<div  class='hr av-av_hr-4474f20d2389e2e5ecf918a02da5132e hr-invisible  avia-builder-el-17  el_after_av_textblock  el_before_av_button '><span class='hr-inner '><span class=\"hr-inner-style\"><\/span><\/span><\/div><br \/>\n<div  class='avia-button-wrap av-av_button-90dea6d568a90610ec68066f6c008643-wrap avia-button-center  avia-builder-el-18  el_after_av_hr  avia-builder-el-last '><a href='https:\/\/mandat.de\/de\/wachstums-know-how\/fachartikel\/vertrieb-und-expansion\/'  class='avia-button av-av_button-90dea6d568a90610ec68066f6c008643 avia-icon_select-no avia-size-x-large avia-position-center avia-color-theme-color'  ><span class='avia_iconbox_title' >Markt erobern<\/span><\/a><\/div><\/p>\n<\/div><\/div>\n<style type=\"text\/css\" data-created_by=\"avia_inline_auto\" id=\"style-css-av-av_cell_one_fourth-58c6caa20961fe309eec664d561abc47\">\n.flex_cell.av-av_cell_one_fourth-58c6caa20961fe309eec664d561abc47{\nvertical-align:middle;\n}\n.responsive #top #wrap_all .flex_cell.av-av_cell_one_fourth-58c6caa20961fe309eec664d561abc47{\npadding:0px 0px 0px 0px !important;\n}\n<\/style>\n<div class='flex_cell av-av_cell_one_fourth-58c6caa20961fe309eec664d561abc47 av-gridrow-cell av_one_fourth no_margin  avia-builder-el-19  el_after_av_cell_one_fourth  el_before_av_cell_one_fourth  av-zero-padding'  ><div class='flex_cell_inner'>\n<style type=\"text\/css\" data-created_by=\"avia_inline_auto\" id=\"style-css-av-av_image-b6dd8bb8ec505a1211c971c0ee8e1842\">\n.avia-image-container.av-av_image-b6dd8bb8ec505a1211c971c0ee8e1842 img.avia_image{\nbox-shadow:none;\n}\n.avia-image-container.av-av_image-b6dd8bb8ec505a1211c971c0ee8e1842 .av-image-caption-overlay-center{\ncolor:#ffffff;\n}\n<\/style>\n<div  class='avia-image-container av-av_image-b6dd8bb8ec505a1211c971c0ee8e1842 av-styling-no-styling avia_animated_image av-animated-when-visible-95 top-to-bottom avia-align-center  avia-builder-el-20  avia-builder-el-no-sibling '   itemprop=\"image\" itemscope=\"itemscope\" itemtype=\"https:\/\/schema.org\/ImageObject\" ><div class=\"avia-image-container-inner\"><div class=\"avia-image-overlay-wrap\"><img class='wp-image-18896 avia-img-lazy-loading-not-18896 avia_image ' src=\"https:\/\/mandat.de\/de\/wp-content\/uploads\/2019\/06\/vertrieb-und-expansion.jpg\" alt='Vertrieb und Expansion' title='Vertrieb und Expansion'  height=\"786\" width=\"694\"  itemprop=\"thumbnailUrl\" srcset=\"https:\/\/mandat.de\/de\/wp-content\/uploads\/2019\/06\/vertrieb-und-expansion.jpg 694w, https:\/\/mandat.de\/de\/wp-content\/uploads\/2019\/06\/vertrieb-und-expansion-265x300.jpg 265w, https:\/\/mandat.de\/de\/wp-content\/uploads\/2019\/06\/vertrieb-und-expansion-622x705.jpg 622w, https:\/\/mandat.de\/de\/wp-content\/uploads\/2019\/06\/vertrieb-und-expansion-450x510.jpg 450w\" sizes=\"(max-width: 694px) 100vw, 694px\" \/><\/div><\/div><\/div>\n<\/div><\/div>\n<style type=\"text\/css\" data-created_by=\"avia_inline_auto\" id=\"style-css-av-av_cell_one_fourth-7ebce17f8b2253dbef4951ab10e3fea3\">\n.flex_cell.av-av_cell_one_fourth-7ebce17f8b2253dbef4951ab10e3fea3{\nvertical-align:middle;\nbackground-color:#f8f8f8;\n}\n.responsive #top #wrap_all .flex_cell.av-av_cell_one_fourth-7ebce17f8b2253dbef4951ab10e3fea3{\npadding:0px 0px 0px 0px !important;\n}\n<\/style>\n<div class='flex_cell av-av_cell_one_fourth-7ebce17f8b2253dbef4951ab10e3fea3 av-gridrow-cell av_one_fourth no_margin  avia-builder-el-21  el_after_av_cell_one_fourth  el_before_av_cell_one_fourth  av-zero-padding'  ><div class='flex_cell_inner'><section  class='av_textblock_section av-av_textblock-2de302bf1aa3cf4c9157dbe6f50ac7eb '   itemscope=\"itemscope\" itemtype=\"https:\/\/schema.org\/CreativeWork\" ><div class='avia_textblock'  itemprop=\"text\" ><h3 style=\"text-align: center;\">Marke und Markenf\u00fchrung<\/h3>\n<\/div><\/section><br \/>\n\n<style type=\"text\/css\" data-created_by=\"avia_inline_auto\" id=\"style-css-av-av_hr-4474f20d2389e2e5ecf918a02da5132e\">\n#top .hr.hr-invisible.av-av_hr-4474f20d2389e2e5ecf918a02da5132e{\nheight:50px;\n}\n<\/style>\n<div  class='hr av-av_hr-4474f20d2389e2e5ecf918a02da5132e hr-invisible  avia-builder-el-23  el_after_av_textblock  el_before_av_button '><span class='hr-inner '><span class=\"hr-inner-style\"><\/span><\/span><\/div><br \/>\n<div  class='avia-button-wrap av-av_button-1a74f96fd9f07a1208e5322f6bad1eb6-wrap avia-button-center  avia-builder-el-24  el_after_av_hr  avia-builder-el-last '><a href='https:\/\/mandat.de\/de\/wachstums-know-how\/fachartikel\/marke-und-markenfuehrung\/'  class='avia-button av-av_button-1a74f96fd9f07a1208e5322f6bad1eb6 avia-icon_select-no avia-size-x-large avia-position-center avia-color-theme-color'  ><span class='avia_iconbox_title' >Marke st\u00e4rken<\/span><\/a><\/div><\/p>\n<\/div><\/div>\n<style type=\"text\/css\" data-created_by=\"avia_inline_auto\" id=\"style-css-av-av_cell_one_fourth-58c6caa20961fe309eec664d561abc47\">\n.flex_cell.av-av_cell_one_fourth-58c6caa20961fe309eec664d561abc47{\nvertical-align:middle;\n}\n.responsive #top #wrap_all .flex_cell.av-av_cell_one_fourth-58c6caa20961fe309eec664d561abc47{\npadding:0px 0px 0px 0px !important;\n}\n<\/style>\n<div class='flex_cell av-av_cell_one_fourth-58c6caa20961fe309eec664d561abc47 av-gridrow-cell av_one_fourth no_margin  avia-builder-el-25  el_after_av_cell_one_fourth  avia-builder-el-last  av-zero-padding'  ><div class='flex_cell_inner'>\n<style type=\"text\/css\" data-created_by=\"avia_inline_auto\" id=\"style-css-av-av_image-a9159f6403f9ff5623852a3bd61d5464\">\n.avia-image-container.av-av_image-a9159f6403f9ff5623852a3bd61d5464 img.avia_image{\nbox-shadow:none;\n}\n.avia-image-container.av-av_image-a9159f6403f9ff5623852a3bd61d5464 .av-image-caption-overlay-center{\ncolor:#ffffff;\n}\n<\/style>\n<div  class='avia-image-container av-av_image-a9159f6403f9ff5623852a3bd61d5464 av-styling-no-styling avia_animated_image av-animated-when-visible-95 top-to-bottom avia-align-center  avia-builder-el-26  avia-builder-el-no-sibling '   itemprop=\"image\" itemscope=\"itemscope\" itemtype=\"https:\/\/schema.org\/ImageObject\" ><div class=\"avia-image-container-inner\"><div class=\"avia-image-overlay-wrap\"><img class='wp-image-18893 avia-img-lazy-loading-not-18893 avia_image ' src=\"https:\/\/mandat.de\/de\/wp-content\/uploads\/2019\/06\/marke-und-markenfuehrung.jpg\" alt='Marke und Markenf\u00fchrung' title='Marke und Markenf\u00fchrung'  height=\"786\" width=\"694\"  itemprop=\"thumbnailUrl\" srcset=\"https:\/\/mandat.de\/de\/wp-content\/uploads\/2019\/06\/marke-und-markenfuehrung.jpg 694w, https:\/\/mandat.de\/de\/wp-content\/uploads\/2019\/06\/marke-und-markenfuehrung-265x300.jpg 265w, https:\/\/mandat.de\/de\/wp-content\/uploads\/2019\/06\/marke-und-markenfuehrung-622x705.jpg 622w, https:\/\/mandat.de\/de\/wp-content\/uploads\/2019\/06\/marke-und-markenfuehrung-450x510.jpg 450w\" sizes=\"(max-width: 694px) 100vw, 694px\" \/><\/div><\/div><\/div>\n<\/div><\/div>\n<\/div>\n<div id='av-layout-grid-3'  class='av-layout-grid-container av-av_layout_row-edf07c93594a85695fda65c20c2393d8 entry-content-wrapper main_color av-flex-cells  avia-builder-el-27  el_after_av_layout_row  avia-builder-el-last  grid-row-not-first  container_wrap sidebar_right'  >\n\n<style type=\"text\/css\" data-created_by=\"avia_inline_auto\" id=\"style-css-av-av_cell_one_fourth-58c6caa20961fe309eec664d561abc47\">\n.flex_cell.av-av_cell_one_fourth-58c6caa20961fe309eec664d561abc47{\nvertical-align:middle;\n}\n.responsive #top #wrap_all .flex_cell.av-av_cell_one_fourth-58c6caa20961fe309eec664d561abc47{\npadding:0px 0px 0px 0px !important;\n}\n<\/style>\n<div class='flex_cell av-av_cell_one_fourth-58c6caa20961fe309eec664d561abc47 av-gridrow-cell av_one_fourth no_margin  avia-builder-el-28  el_before_av_cell_one_fourth  avia-builder-el-first  av-zero-padding'  ><div class='flex_cell_inner'>\n<style type=\"text\/css\" data-created_by=\"avia_inline_auto\" id=\"style-css-av-av_image-052d821560a9bb14a992314b446a6d3a\">\n.avia-image-container.av-av_image-052d821560a9bb14a992314b446a6d3a img.avia_image{\nbox-shadow:none;\n}\n.avia-image-container.av-av_image-052d821560a9bb14a992314b446a6d3a .av-image-caption-overlay-center{\ncolor:#ffffff;\n}\n<\/style>\n<div  class='avia-image-container av-av_image-052d821560a9bb14a992314b446a6d3a av-styling-no-styling avia_animated_image av-animated-when-visible-95 top-to-bottom avia-align-center  avia-builder-el-29  avia-builder-el-no-sibling '   itemprop=\"image\" itemscope=\"itemscope\" itemtype=\"https:\/\/schema.org\/ImageObject\" ><div class=\"avia-image-container-inner\"><div class=\"avia-image-overlay-wrap\"><img class='wp-image-18894 avia-img-lazy-loading-not-18894 avia_image ' src=\"https:\/\/mandat.de\/de\/wp-content\/uploads\/2019\/06\/prozesse-und-organisation.jpg\" alt='Prozesse und Organisation' title='Prozesse und Organisation'  height=\"786\" width=\"694\"  itemprop=\"thumbnailUrl\" srcset=\"https:\/\/mandat.de\/de\/wp-content\/uploads\/2019\/06\/prozesse-und-organisation.jpg 694w, https:\/\/mandat.de\/de\/wp-content\/uploads\/2019\/06\/prozesse-und-organisation-265x300.jpg 265w, https:\/\/mandat.de\/de\/wp-content\/uploads\/2019\/06\/prozesse-und-organisation-622x705.jpg 622w, https:\/\/mandat.de\/de\/wp-content\/uploads\/2019\/06\/prozesse-und-organisation-450x510.jpg 450w\" sizes=\"(max-width: 694px) 100vw, 694px\" \/><\/div><\/div><\/div>\n<\/div><\/div>\n<style type=\"text\/css\" data-created_by=\"avia_inline_auto\" id=\"style-css-av-av_cell_one_fourth-8c322396b54dcaab0ff5114f789d3328\">\n.flex_cell.av-av_cell_one_fourth-8c322396b54dcaab0ff5114f789d3328{\nvertical-align:middle;\nbackground-color:#f8f8f8;\n}\n.responsive #top #wrap_all .flex_cell.av-av_cell_one_fourth-8c322396b54dcaab0ff5114f789d3328{\npadding:0px 0px 0px 0px !important;\n}\n<\/style>\n<div class='flex_cell av-av_cell_one_fourth-8c322396b54dcaab0ff5114f789d3328 av-gridrow-cell av_one_fourth no_margin  avia-builder-el-30  el_after_av_cell_one_fourth  el_before_av_cell_one_fourth  av-zero-padding'  ><div class='flex_cell_inner'><section  class='av_textblock_section av-av_textblock-2de302bf1aa3cf4c9157dbe6f50ac7eb '   itemscope=\"itemscope\" itemtype=\"https:\/\/schema.org\/CreativeWork\" ><div class='avia_textblock'  itemprop=\"text\" ><h3 style=\"text-align: center;\">Prozesse und Organisation<\/h3>\n<\/div><\/section><br \/>\n\n<style type=\"text\/css\" data-created_by=\"avia_inline_auto\" id=\"style-css-av-av_hr-4474f20d2389e2e5ecf918a02da5132e\">\n#top .hr.hr-invisible.av-av_hr-4474f20d2389e2e5ecf918a02da5132e{\nheight:50px;\n}\n<\/style>\n<div  class='hr av-av_hr-4474f20d2389e2e5ecf918a02da5132e hr-invisible  avia-builder-el-32  el_after_av_textblock  el_before_av_button '><span class='hr-inner '><span class=\"hr-inner-style\"><\/span><\/span><\/div><br \/>\n<div  class='avia-button-wrap av-av_button-b32f8fcb33e3dbbb526bc4e55e9181f2-wrap avia-button-center  avia-builder-el-33  el_after_av_hr  avia-builder-el-last '><a href='https:\/\/mandat.de\/de\/wachstums-know-how\/fachartikel\/prozesse-und-organisation\/'  class='avia-button av-av_button-b32f8fcb33e3dbbb526bc4e55e9181f2 avia-icon_select-no avia-size-x-large avia-position-center avia-color-theme-color'  ><span class='avia_iconbox_title' >Basis sichern<\/span><\/a><\/div><\/p>\n<\/div><\/div>\n<style type=\"text\/css\" data-created_by=\"avia_inline_auto\" id=\"style-css-av-av_cell_one_fourth-f1bdd5d4cf0e78d72a42e787c29bb745\">\n.flex_cell.av-av_cell_one_fourth-f1bdd5d4cf0e78d72a42e787c29bb745{\nvertical-align:middle;\nbackground-color:#133370;\n}\n.responsive #top #wrap_all .flex_cell.av-av_cell_one_fourth-f1bdd5d4cf0e78d72a42e787c29bb745{\npadding:0px 0px 0px 0px !important;\n}\n<\/style>\n<div class='flex_cell av-av_cell_one_fourth-f1bdd5d4cf0e78d72a42e787c29bb745 av-gridrow-cell av_one_fourth no_margin  avia-builder-el-34  el_after_av_cell_one_fourth  el_before_av_cell_one_fourth  av-zero-padding'  ><div class='flex_cell_inner'><\/div><\/div>\n<style type=\"text\/css\" data-created_by=\"avia_inline_auto\" id=\"style-css-av-av_cell_one_fourth-47b0adad43cd60a4a389b021bc150500\">\n.flex_cell.av-av_cell_one_fourth-47b0adad43cd60a4a389b021bc150500{\nvertical-align:middle;\nbackground-color:#ffffff;\n}\n.responsive #top #wrap_all .flex_cell.av-av_cell_one_fourth-47b0adad43cd60a4a389b021bc150500{\npadding:0px 0px 0px 0px !important;\n}\n<\/style>\n<div class='flex_cell av-av_cell_one_fourth-47b0adad43cd60a4a389b021bc150500 av-gridrow-cell av_one_fourth no_margin  avia-builder-el-35  el_after_av_cell_one_fourth  avia-builder-el-last  av-zero-padding'  ><div class='flex_cell_inner'><\/div><\/div><\/div>\n","protected":false},"excerpt":{"rendered":"","protected":false},"author":1,"featured_media":0,"parent":17582,"menu_order":0,"comment_status":"closed","ping_status":"closed","template":"","meta":[],"_links":{"self":[{"href":"https:\/\/mandat.de\/de\/wp-json\/wp\/v2\/pages\/18124"}],"collection":[{"href":"https:\/\/mandat.de\/de\/wp-json\/wp\/v2\/pages"}],"about":[{"href":"https:\/\/mandat.de\/de\/wp-json\/wp\/v2\/types\/page"}],"author":[{"embeddable":true,"href":"https:\/\/mandat.de\/de\/wp-json\/wp\/v2\/users\/1"}],"replies":[{"embeddable":true,"href":"https:\/\/mandat.de\/de\/wp-json\/wp\/v2\/comments?post=18124"}],"version-history":[{"count":0,"href":"https:\/\/mandat.de\/de\/wp-json\/wp\/v2\/pages\/18124\/revisions"}],"up":[{"embeddable":true,"href":"https:\/\/mandat.de\/de\/wp-json\/wp\/v2\/pages\/17582"}],"wp:attachment":[{"href":"https:\/\/mandat.de\/de\/wp-json\/wp\/v2\/media?parent=18124"}],"curies":[{"name":"wp","href":"https:\/\/api.w.org\/{rel}","templated":true}]}}