{"id":18752,"date":"2019-05-21T08:07:03","date_gmt":"2019-05-21T06:07:03","guid":{"rendered":"http:\/\/mandat.de\/de\/?page_id=18752"},"modified":"2019-12-17T15:43:52","modified_gmt":"2019-12-17T14:43:52","slug":"hoerbuecher","status":"publish","type":"page","link":"https:\/\/mandat.de\/de\/wachstums-know-how\/hoerbuecher\/","title":{"rendered":"H\u00f6rb\u00fccher"},"content":{"rendered":"<div id='layer_slider_1'  class='avia-layerslider main_color avia-shadow  avia-builder-el-0  el_before_av_one_full  avia-builder-el-first  container_wrap sidebar_right'  style='height: 201px;'  ><link href=\"https:\/\/fonts.googleapis.com\/css?family=Montserrat:100,100i,200,200i,300,300i,400,400i,500,500i,600,600i,700,700i,800,800i,900,900i\" rel=\"stylesheet\"><div id=\"layerslider_58_1u1hvbs134tsy\"  class=\"ls-wp-container fitvidsignore ls-selectable\" style=\"width:1280px;height:200px;margin:0 auto;margin-bottom: 0px;\"><div class=\"ls-slide\" ><img width=\"1280\" height=\"201\" src=\"https:\/\/mandat.de\/de\/wp-content\/uploads\/2024\/06\/ls-project-58-slide-1.jpg\" class=\"ls-tn\" alt=\"\" srcset=\"https:\/\/mandat.de\/de\/wp-content\/uploads\/2024\/06\/ls-project-58-slide-1.jpg 1280w, https:\/\/mandat.de\/de\/wp-content\/uploads\/2024\/06\/ls-project-58-slide-1-300x47.jpg 300w, https:\/\/mandat.de\/de\/wp-content\/uploads\/2024\/06\/ls-project-58-slide-1-1030x162.jpg 1030w, https:\/\/mandat.de\/de\/wp-content\/uploads\/2024\/06\/ls-project-58-slide-1-768x121.jpg 768w, https:\/\/mandat.de\/de\/wp-content\/uploads\/2024\/06\/ls-project-58-slide-1-705x111.jpg 705w\" sizes=\"(max-width: 1280px) 100vw, 1280px\" \/><h1 style=\"top:0px;left:-112px;text-align:initial;font-weight:600;mix-blend-mode:normal;font-size:196px;line-height:212px;color:#f5f5f5;font-family:Montserrat;\" class=\"ls-l ls-text-layer\" data-ls=\"showinfo:1;position:relative;\">H\u00f6rb\u00fccher<\/h1><h2 style=\"top:135px;left:-1px;text-align:initial;mix-blend-mode:normal;font-size:51px;line-height:57px;font-family:Montserrat;color:#133370;\" class=\"ls-l ls-text-layer\" data-ls=\"showinfo:1;position:relative;\">H\u00f6rb\u00fccher<\/h2><\/div><\/div><\/div><div id='after_layer_slider_1'  class='main_color av_default_container_wrap container_wrap sidebar_right'  ><div class='container av-section-cont-open' ><div class='template-page content  av-content-small alpha units'><div class='post-entry post-entry-type-page post-entry-18752'><div class='entry-content-wrapper clearfix'>\n\n<style type=\"text\/css\" data-created_by=\"avia_inline_auto\" id=\"style-css-av-av_one_full-15d750bd1b332b34c6e70b077ebbccdf\">\n.flex_column.av-av_one_full-15d750bd1b332b34c6e70b077ebbccdf{\nborder-radius:0px 0px 0px 0px;\npadding:0px 0px 0px 0px;\n}\n<\/style>\n<div  class='flex_column av-av_one_full-15d750bd1b332b34c6e70b077ebbccdf av_one_full  avia-builder-el-1  el_after_av_layerslider  el_before_av_two_fifth  avia-builder-el-first  first flex_column_div av-zero-column-padding  '     ><style type=\"text\/css\" data-created_by=\"avia_inline_auto\" id=\"style-css-av-av_heading-67ca96f02780c4aef464aef9aa695eb3\">\n#top .av-special-heading.av-av_heading-67ca96f02780c4aef464aef9aa695eb3{\npadding-bottom:10px;\n}\nbody .av-special-heading.av-av_heading-67ca96f02780c4aef464aef9aa695eb3 .av-special-heading-tag .heading-char{\nfont-size:25px;\n}\n.av-special-heading.av-av_heading-67ca96f02780c4aef464aef9aa695eb3 .av-subheading{\nfont-size:15px;\n}\n<\/style>\n<div  class='av-special-heading av-av_heading-67ca96f02780c4aef464aef9aa695eb3 av-special-heading-h2  avia-builder-el-2  avia-builder-el-no-sibling '><h2 class='av-special-heading-tag'  itemprop=\"headline\"  >H\u00f6rb\u00fccher<\/h2><div class=\"special-heading-border\"><div class=\"special-heading-inner-border\"><\/div><\/div><\/div><\/div>\n\n<style type=\"text\/css\" data-created_by=\"avia_inline_auto\" id=\"style-css-av-av_two_fifth-15d750bd1b332b34c6e70b077ebbccdf\">\n.flex_column.av-av_two_fifth-15d750bd1b332b34c6e70b077ebbccdf{\nborder-radius:0px 0px 0px 0px;\npadding:0px 0px 0px 0px;\n}\n<\/style>\n<div  class='flex_column av-av_two_fifth-15d750bd1b332b34c6e70b077ebbccdf av_two_fifth  avia-builder-el-3  el_after_av_one_full  el_before_av_three_fifth  first flex_column_div av-zero-column-padding  column-top-margin'     ><p>\n<style type=\"text\/css\" data-created_by=\"avia_inline_auto\" id=\"style-css-av-av_image-105481a936e6c2334999f98479c0ab00\">\n.avia-image-container.av-av_image-105481a936e6c2334999f98479c0ab00 img.avia_image{\nbox-shadow:none;\n}\n.avia-image-container.av-av_image-105481a936e6c2334999f98479c0ab00 .av-image-caption-overlay-center{\ncolor:#ffffff;\n}\n<\/style>\n<div  class='avia-image-container av-av_image-105481a936e6c2334999f98479c0ab00 av-styling-no-styling avia-align-center  avia-builder-el-4  el_before_av_hr  avia-builder-el-first '   itemprop=\"image\" itemscope=\"itemscope\" itemtype=\"https:\/\/schema.org\/ImageObject\" ><div class=\"avia-image-container-inner\"><div class=\"avia-image-overlay-wrap\"><img class='wp-image-18758 avia-img-lazy-loading-not-18758 avia_image ' src=\"https:\/\/mandat.de\/de\/wp-content\/uploads\/2019\/05\/Ho\u0308rbuch-Wachstum-beginnt-oben-Cover.jpg\" alt='' title='Ho\u0308rbuch-Wachstum-beginnt-oben-Cover'  height=\"689\" width=\"767\"  itemprop=\"thumbnailUrl\" srcset=\"https:\/\/mandat.de\/de\/wp-content\/uploads\/2019\/05\/Ho\u0308rbuch-Wachstum-beginnt-oben-Cover.jpg 767w, https:\/\/mandat.de\/de\/wp-content\/uploads\/2019\/05\/Ho\u0308rbuch-Wachstum-beginnt-oben-Cover-300x269.jpg 300w, https:\/\/mandat.de\/de\/wp-content\/uploads\/2019\/05\/Ho\u0308rbuch-Wachstum-beginnt-oben-Cover-705x633.jpg 705w, https:\/\/mandat.de\/de\/wp-content\/uploads\/2019\/05\/Ho\u0308rbuch-Wachstum-beginnt-oben-Cover-450x404.jpg 450w\" sizes=\"(max-width: 767px) 100vw, 767px\" \/><\/div><\/div><\/div><br \/>\n\n<style type=\"text\/css\" data-created_by=\"avia_inline_auto\" id=\"style-css-av-av_hr-4474f20d2389e2e5ecf918a02da5132e\">\n#top .hr.hr-invisible.av-av_hr-4474f20d2389e2e5ecf918a02da5132e{\nheight:50px;\n}\n<\/style>\n<div  class='hr av-av_hr-4474f20d2389e2e5ecf918a02da5132e hr-invisible  avia-builder-el-5  el_after_av_image  el_before_av_textblock '><span class='hr-inner '><span class=\"hr-inner-style\"><\/span><\/span><\/div><br \/>\n<section  class='av_textblock_section av-av_textblock-2de302bf1aa3cf4c9157dbe6f50ac7eb '   itemscope=\"itemscope\" itemtype=\"https:\/\/schema.org\/CreativeWork\" ><div class='avia_textblock'  itemprop=\"text\" ><p><strong>\u201eWachstum beginnt oben\u201c verfolgt eine Dreideutigkeit:<\/strong><\/p>\n<ul>\n<li>Erstens beginnt Wachstum immer oben in der Unternehmenf\u00fchrung,<\/li>\n<li>zweitens stets in der ersten Zeile der Gewinn- und Verlustrechnung, n\u00e4mlich beim Umsatz und nicht bei den Kosten<\/li>\n<li>und drittens beginnt Wachstum im Kopf, in unserem \u201eOberst\u00fcbchen\u201c.<\/li>\n<\/ul>\n<p><strong>Ein H\u00f6rbuch f\u00fcr Unternehmenslenker, Mitglieder der Unternehmensf\u00fchrung und seniorige F\u00fchrungskr\u00e4fte aller Branchen.<\/strong><\/p>\n<p>Gesprochen von Matthias L\u00fchn und urspr\u00fcnglich ver\u00f6ffentlicht und erschienen in gedruckter Form im Springer Fachmedien Verlag Wiesbaden.<\/p>\n<\/div><\/section><\/p><\/div>\n\n<style type=\"text\/css\" data-created_by=\"avia_inline_auto\" id=\"style-css-av-av_three_fifth-c8fc129dc35fd1ae2a1e410224d39ea8\">\n.flex_column.av-av_three_fifth-c8fc129dc35fd1ae2a1e410224d39ea8{\nborder-radius:0px 0px 0px 0px;\npadding:0px 0px 0px 0px;\n}\n<\/style>\n<div  class='flex_column av-av_three_fifth-c8fc129dc35fd1ae2a1e410224d39ea8 av_three_fifth  avia-builder-el-7  el_after_av_two_fifth  el_before_av_layout_row  avia-builder-el-last  flex_column_div av-zero-column-padding  column-top-margin'     ><section  class='av_textblock_section av-av_textblock-2de302bf1aa3cf4c9157dbe6f50ac7eb '   itemscope=\"itemscope\" itemtype=\"https:\/\/schema.org\/CreativeWork\" ><div class='avia_textblock'  itemprop=\"text\" ><h2>Wachstum beginnt oben<\/h2>\n<h3>Treibstoff f\u00fcr unternehmerische Wachstumsmotoren<br \/>\n\u2013 von Prof. Dr. Guido Quelle<\/h3>\n<\/div><\/section><br \/>\n<section  class='av_textblock_section av-av_textblock-2de302bf1aa3cf4c9157dbe6f50ac7eb '   itemscope=\"itemscope\" itemtype=\"https:\/\/schema.org\/CreativeWork\" ><div class='avia_textblock'  itemprop=\"text\" ><p><strong>Tanken Sie Treibstoff f\u00fcr Ihren unternehmerischen Wachstumsmotor.<\/strong><\/p>\n<p>Wer nicht w\u00e4chst wird \u00fcberholt von denjenigen, die wachsen wollen. Das H\u00f6rbuch \u201eWachstum beginnt oben\u201c ist in 76 werthaltige Beitr\u00e4ge gegliedert, die jeweils mit einem pr\u00e4gnanten Wachstumstipp enden und erprobte Gedanken und Hinweise aus der Beratungsexpertise von Prof. Dr. Guido Quelle zu spezifischen wachstumsrelevanten Themen \u2013 von pers\u00f6nlichem Wachstum, \u00fcber eine wachsumsf\u00f6rdernde Methodik bis hin zu wachstumsorientierter F\u00fchrung \u2013 zusammenfassen.<\/p>\n<p>Bestellen Sie hier die MP3-CD direkt in unserem Onlineshop.<\/p>\n<\/div><\/section><br \/>\n<div  class='avia-button-wrap av-av_button-a963c15b26832a9f0c7e760c3f9b79ac-wrap avia-button-left  avia-builder-el-10  el_after_av_textblock  el_before_av_textblock '><a href='https:\/\/www.mandat.de\/de\/shop\/Hoerbuecher\/Hoerbuch-Wachstum-beginnt-oben.html'  class='avia-button av-av_button-a963c15b26832a9f0c7e760c3f9b79ac avia-icon_select-no avia-size-x-large avia-position-left avia-color-theme-color'  target=\"_blank\"  rel=\"noopener noreferrer\" ><span class='avia_iconbox_title' >H\u00f6rbuch bestellen<\/span><\/a><\/div><br \/>\n<section  class='av_textblock_section av-av_textblock-2de302bf1aa3cf4c9157dbe6f50ac7eb '   itemscope=\"itemscope\" itemtype=\"https:\/\/schema.org\/CreativeWork\" ><div class='avia_textblock'  itemprop=\"text\" ><p><strong>H\u00f6rprobe<\/strong><\/p>\n<!--[if lt IE 9]><script>document.createElement('audio');<\/script><![endif]-->\n<audio class=\"wp-audio-shortcode\" id=\"audio-18752-1\" preload=\"none\" style=\"width: 100%;\" controls=\"controls\"><source type=\"audio\/mpeg\" src=\"http:\/\/mandat.de\/de\/wp-content\/uploads\/2019\/05\/Ho\u0308rprobe-Wachstum-beginnt-oben.mp3?_=1\" \/><a href=\"http:\/\/mandat.de\/de\/wp-content\/uploads\/2019\/05\/Ho\u0308rprobe-Wachstum-beginnt-oben.mp3\">http:\/\/mandat.de\/de\/wp-content\/uploads\/2019\/05\/Ho\u0308rprobe-Wachstum-beginnt-oben.mp3<\/a><\/audio>\n<\/div><\/section><\/p><\/div>\n<\/div><\/div><\/div><!-- close content main div --><\/div><\/div><div id='footer-leistungen'  class='av-layout-grid-container av-av_layout_row-2a417891ba00cdbc2ad2ee8c72ab99af entry-content-wrapper main_color av-flex-cells  avia-builder-el-12  el_after_av_three_fifth  avia-builder-el-last  grid-row-not-first  container_wrap sidebar_right'  >\n\n<style type=\"text\/css\" data-created_by=\"avia_inline_auto\" id=\"style-css-av-av_cell_one_fourth-1288501ad300906cd862592920d36943\">\n.flex_cell.av-av_cell_one_fourth-1288501ad300906cd862592920d36943{\nvertical-align:top;\nbackground-color:#133370;\n}\n.responsive #top #wrap_all .flex_cell.av-av_cell_one_fourth-1288501ad300906cd862592920d36943{\npadding:50px 50px 50px 50px !important;\n}\n<\/style>\n<div class='flex_cell av-av_cell_one_fourth-1288501ad300906cd862592920d36943 av-gridrow-cell av_one_fourth no_margin  avia-builder-el-13  el_before_av_cell_one_fourth  avia-builder-el-first '  ><div class='flex_cell_inner'>\n<style type=\"text\/css\" data-created_by=\"avia_inline_auto\" id=\"style-css-av-av_font_icon-209bddafb735e6434a0afbecf97e25b2\">\n.av_font_icon.av-av_font_icon-209bddafb735e6434a0afbecf97e25b2{\ncolor:#ffffff;\nborder-color:#ffffff;\n}\n.av_font_icon.av-av_font_icon-209bddafb735e6434a0afbecf97e25b2 .av-icon-char{\nfont-size:40px;\nline-height:40px;\nwidth:40px;\n}\n<\/style>\n<span  class='av_font_icon av-av_font_icon-209bddafb735e6434a0afbecf97e25b2 avia_animate_when_visible av-icon-style-border avia-icon-pos-center avia-icon-animate'><a href='https:\/\/mandat.de\/de\/wachstums-know-how\/'   class='av-icon-char' aria-hidden='true' data-av_icon='\ue84e' data-av_iconfont='entypo-fontello' ><\/a><span class='av_icon_caption av-special-font'>Know-how<\/span><\/span>\n<\/div><\/div>\n<style type=\"text\/css\" data-created_by=\"avia_inline_auto\" id=\"style-css-av-av_cell_one_fourth-1288501ad300906cd862592920d36943\">\n.flex_cell.av-av_cell_one_fourth-1288501ad300906cd862592920d36943{\nvertical-align:top;\nbackground-color:#133370;\n}\n.responsive #top #wrap_all .flex_cell.av-av_cell_one_fourth-1288501ad300906cd862592920d36943{\npadding:50px 50px 50px 50px !important;\n}\n<\/style>\n<div class='flex_cell av-av_cell_one_fourth-1288501ad300906cd862592920d36943 av-gridrow-cell av_one_fourth no_margin  avia-builder-el-15  el_after_av_cell_one_fourth  el_before_av_cell_one_fourth '  ><div class='flex_cell_inner'>\n<style type=\"text\/css\" data-created_by=\"avia_inline_auto\" id=\"style-css-av-av_font_icon-03d2ab3cce92e126f40dbfdded191758\">\n.av_font_icon.av-av_font_icon-03d2ab3cce92e126f40dbfdded191758{\ncolor:#ffffff;\nborder-color:#ffffff;\n}\n.av_font_icon.av-av_font_icon-03d2ab3cce92e126f40dbfdded191758 .av-icon-char{\nfont-size:40px;\nline-height:40px;\nwidth:40px;\n}\n<\/style>\n<span  class='av_font_icon av-av_font_icon-03d2ab3cce92e126f40dbfdded191758 avia_animate_when_visible av-icon-style-border avia-icon-pos-center avia-icon-animate'><a href='https:\/\/mandat.de\/de\/testimonials\/'   class='av-icon-char' aria-hidden='true' data-av_icon='\ue80b' data-av_iconfont='entypo-fontello' ><\/a><span class='av_icon_caption av-special-font'>Klientenstimmen<\/span><\/span>\n<\/div><\/div>\n<style type=\"text\/css\" data-created_by=\"avia_inline_auto\" id=\"style-css-av-av_cell_one_fourth-1288501ad300906cd862592920d36943\">\n.flex_cell.av-av_cell_one_fourth-1288501ad300906cd862592920d36943{\nvertical-align:top;\nbackground-color:#133370;\n}\n.responsive #top #wrap_all .flex_cell.av-av_cell_one_fourth-1288501ad300906cd862592920d36943{\npadding:50px 50px 50px 50px !important;\n}\n<\/style>\n<div class='flex_cell av-av_cell_one_fourth-1288501ad300906cd862592920d36943 av-gridrow-cell av_one_fourth no_margin  avia-builder-el-17  el_after_av_cell_one_fourth  el_before_av_cell_one_fourth '  ><div class='flex_cell_inner'>\n<style type=\"text\/css\" data-created_by=\"avia_inline_auto\" id=\"style-css-av-av_font_icon-e8d1c39b8ca040633e479f05197096ee\">\n.av_font_icon.av-av_font_icon-e8d1c39b8ca040633e479f05197096ee{\ncolor:#ffffff;\nborder-color:#ffffff;\n}\n.av_font_icon.av-av_font_icon-e8d1c39b8ca040633e479f05197096ee .av-icon-char{\nfont-size:40px;\nline-height:40px;\nwidth:40px;\n}\n<\/style>\n<span  class='av_font_icon av-av_font_icon-e8d1c39b8ca040633e479f05197096ee avia_animate_when_visible av-icon-style-border avia-icon-pos-center avia-icon-animate'><a href='https:\/\/mandat.de\/de\/testimonials\/erfolgsgeschichten\/'   class='av-icon-char' aria-hidden='true' data-av_icon='\ue808' data-av_iconfont='entypo-fontello' ><\/a><span class='av_icon_caption av-special-font'>Erfolgsgeschichten<\/span><\/span>\n<\/div><\/div>\n<style type=\"text\/css\" data-created_by=\"avia_inline_auto\" id=\"style-css-av-av_cell_one_fourth-1288501ad300906cd862592920d36943\">\n.flex_cell.av-av_cell_one_fourth-1288501ad300906cd862592920d36943{\nvertical-align:top;\nbackground-color:#133370;\n}\n.responsive #top #wrap_all .flex_cell.av-av_cell_one_fourth-1288501ad300906cd862592920d36943{\npadding:50px 50px 50px 50px !important;\n}\n<\/style>\n<div class='flex_cell av-av_cell_one_fourth-1288501ad300906cd862592920d36943 av-gridrow-cell av_one_fourth no_margin  avia-builder-el-19  el_after_av_cell_one_fourth  avia-builder-el-last '  ><div class='flex_cell_inner'>\n<style type=\"text\/css\" data-created_by=\"avia_inline_auto\" id=\"style-css-av-av_font_icon-4755ee7fb64f4f98a5fd05e717e40b2c\">\n.av_font_icon.av-av_font_icon-4755ee7fb64f4f98a5fd05e717e40b2c{\ncolor:#ffffff;\nborder-color:#ffffff;\n}\n.av_font_icon.av-av_font_icon-4755ee7fb64f4f98a5fd05e717e40b2c .av-icon-char{\nfont-size:40px;\nline-height:40px;\nwidth:40px;\n}\n<\/style>\n<span  class='av_font_icon av-av_font_icon-4755ee7fb64f4f98a5fd05e717e40b2c avia_animate_when_visible av-icon-style-border avia-icon-pos-center avia-icon-animate'><a href='https:\/\/mandat.de\/de\/leistungen\/'   class='av-icon-char' aria-hidden='true' data-av_icon='\ue812' data-av_iconfont='entypo-fontello' ><\/a><span class='av_icon_caption av-special-font'>Leistungen<\/span><\/span>\n<\/div><\/div>\n<\/div>\n","protected":false},"excerpt":{"rendered":"","protected":false},"author":1,"featured_media":0,"parent":17582,"menu_order":0,"comment_status":"closed","ping_status":"closed","template":"","meta":[],"_links":{"self":[{"href":"https:\/\/mandat.de\/de\/wp-json\/wp\/v2\/pages\/18752"}],"collection":[{"href":"https:\/\/mandat.de\/de\/wp-json\/wp\/v2\/pages"}],"about":[{"href":"https:\/\/mandat.de\/de\/wp-json\/wp\/v2\/types\/page"}],"author":[{"embeddable":true,"href":"https:\/\/mandat.de\/de\/wp-json\/wp\/v2\/users\/1"}],"replies":[{"embeddable":true,"href":"https:\/\/mandat.de\/de\/wp-json\/wp\/v2\/comments?post=18752"}],"version-history":[{"count":0,"href":"https:\/\/mandat.de\/de\/wp-json\/wp\/v2\/pages\/18752\/revisions"}],"up":[{"embeddable":true,"href":"https:\/\/mandat.de\/de\/wp-json\/wp\/v2\/pages\/17582"}],"wp:attachment":[{"href":"https:\/\/mandat.de\/de\/wp-json\/wp\/v2\/media?parent=18752"}],"curies":[{"name":"wp","href":"https:\/\/api.w.org\/{rel}","templated":true}]}}