{"id":19159,"date":"2019-06-11T15:49:02","date_gmt":"2019-06-11T13:49:02","guid":{"rendered":"http:\/\/mandat.de\/de\/?page_id=19159"},"modified":"2019-06-12T17:35:50","modified_gmt":"2019-06-12T15:35:50","slug":"vom-grosshaendler-zum-integrierten-preisgekroenten-dienstleistungsunternehmen","status":"publish","type":"page","link":"https:\/\/mandat.de\/de\/testimonials\/erfolgsgeschichten\/vom-grosshaendler-zum-integrierten-preisgekroenten-dienstleistungsunternehmen\/","title":{"rendered":"Vom Gro\u00dfh\u00e4ndler zum integrierten, preisgekr\u00f6nten Dienstleistungsunternehmen"},"content":{"rendered":"\n<style type=\"text\/css\" data-created_by=\"avia_inline_auto\" id=\"style-css-av-av_one_full-15d750bd1b332b34c6e70b077ebbccdf\">\n.flex_column.av-av_one_full-15d750bd1b332b34c6e70b077ebbccdf{\nborder-radius:0px 0px 0px 0px;\npadding:0px 0px 0px 0px;\n}\n<\/style>\n<div  class='flex_column av-av_one_full-15d750bd1b332b34c6e70b077ebbccdf av_one_full  avia-builder-el-0  el_before_av_hr  avia-builder-el-first  first flex_column_div av-zero-column-padding  '     ><section  class='av_textblock_section av-av_textblock-2de302bf1aa3cf4c9157dbe6f50ac7eb '   itemscope=\"itemscope\" itemtype=\"https:\/\/schema.org\/CreativeWork\" ><div class='avia_textblock'  itemprop=\"text\" ><h1 style=\"text-align: left;\">Vom Gro\u00dfh\u00e4ndler zum integrierten, preisgekr\u00f6nten Dienstleistungsunternehmen<\/h1>\n<\/div><\/section><\/div>\n\n<style type=\"text\/css\" data-created_by=\"avia_inline_auto\" id=\"style-css-av-av_hr-4474f20d2389e2e5ecf918a02da5132e\">\n#top .hr.hr-invisible.av-av_hr-4474f20d2389e2e5ecf918a02da5132e{\nheight:50px;\n}\n<\/style>\n<div  class='hr av-av_hr-4474f20d2389e2e5ecf918a02da5132e hr-invisible  avia-builder-el-2  el_after_av_one_full  el_before_av_one_half '><span class='hr-inner '><span class=\"hr-inner-style\"><\/span><\/span><\/div>\n\n<style type=\"text\/css\" data-created_by=\"avia_inline_auto\" id=\"style-css-av-av_one_half-15d750bd1b332b34c6e70b077ebbccdf\">\n.flex_column.av-av_one_half-15d750bd1b332b34c6e70b077ebbccdf{\nborder-radius:0px 0px 0px 0px;\npadding:0px 0px 0px 0px;\n}\n<\/style>\n<div  class='flex_column av-av_one_half-15d750bd1b332b34c6e70b077ebbccdf av_one_half  avia-builder-el-3  el_after_av_hr  el_before_av_one_half  first flex_column_div av-zero-column-padding  '     ><style type=\"text\/css\" data-created_by=\"avia_inline_auto\" id=\"style-css-av-av_image-041d26517196824bf8b61f3d2f142e61\">\n.avia-image-container.av-av_image-041d26517196824bf8b61f3d2f142e61 img.avia_image{\nbox-shadow:none;\n}\n.avia-image-container.av-av_image-041d26517196824bf8b61f3d2f142e61 .av-image-caption-overlay-center{\ncolor:#003d7a;\nfont-size:24px;\n}\n<\/style>\n<div  class='avia-image-container av-av_image-041d26517196824bf8b61f3d2f142e61 av-styling-no-styling av-hover-grow avia_animated_image av-animated-when-visible-95 top-to-bottom avia-align-left  avia-builder-el-4  avia-builder-el-no-sibling '   itemprop=\"image\" itemscope=\"itemscope\" itemtype=\"https:\/\/schema.org\/ImageObject\" ><div class=\"avia-image-container-inner\"><div class=\"avia-image-overlay-wrap\"><img class='wp-image-19021 avia-img-lazy-loading-not-19021 avia_image ' src=\"https:\/\/mandat.de\/de\/wp-content\/uploads\/2019\/06\/iStock-925008268-klein.jpg\" alt='' title='iStock-925008268-klein'  height=\"1344\" width=\"2016\"  itemprop=\"thumbnailUrl\" srcset=\"https:\/\/mandat.de\/de\/wp-content\/uploads\/2019\/06\/iStock-925008268-klein.jpg 2016w, https:\/\/mandat.de\/de\/wp-content\/uploads\/2019\/06\/iStock-925008268-klein-300x200.jpg 300w, https:\/\/mandat.de\/de\/wp-content\/uploads\/2019\/06\/iStock-925008268-klein-768x512.jpg 768w, https:\/\/mandat.de\/de\/wp-content\/uploads\/2019\/06\/iStock-925008268-klein-1030x687.jpg 1030w, https:\/\/mandat.de\/de\/wp-content\/uploads\/2019\/06\/iStock-925008268-klein-1500x1000.jpg 1500w, https:\/\/mandat.de\/de\/wp-content\/uploads\/2019\/06\/iStock-925008268-klein-705x470.jpg 705w, https:\/\/mandat.de\/de\/wp-content\/uploads\/2019\/06\/iStock-925008268-klein-450x300.jpg 450w\" sizes=\"(max-width: 2016px) 100vw, 2016px\" \/><\/div><\/div><\/div><\/div>\n\n<style type=\"text\/css\" data-created_by=\"avia_inline_auto\" id=\"style-css-av-av_one_half-c8fc129dc35fd1ae2a1e410224d39ea8\">\n.flex_column.av-av_one_half-c8fc129dc35fd1ae2a1e410224d39ea8{\nborder-radius:0px 0px 0px 0px;\npadding:0px 0px 0px 0px;\n}\n<\/style>\n<div  class='flex_column av-av_one_half-c8fc129dc35fd1ae2a1e410224d39ea8 av_one_half  avia-builder-el-5  el_after_av_one_half  el_before_av_hr  flex_column_div av-zero-column-padding  '     ><p>\n<style type=\"text\/css\" data-created_by=\"avia_inline_auto\" id=\"style-css-av-av_heading-1627911adf283ee5fe561e94522c5786\">\n#top .av-special-heading.av-av_heading-1627911adf283ee5fe561e94522c5786{\npadding-bottom:10px;\n}\nbody .av-special-heading.av-av_heading-1627911adf283ee5fe561e94522c5786 .av-special-heading-tag .heading-char{\nfont-size:25px;\n}\n.av-special-heading.av-av_heading-1627911adf283ee5fe561e94522c5786 .av-subheading{\nfont-size:15px;\n}\n<\/style>\n<div  class='av-special-heading av-av_heading-1627911adf283ee5fe561e94522c5786 av-special-heading-h2  avia-builder-el-6  el_before_av_hr  avia-builder-el-first '><h2 class='av-special-heading-tag'  itemprop=\"headline\"  >Klienten-Herausforderung<\/h2><div class=\"special-heading-border\"><div class=\"special-heading-inner-border\"><\/div><\/div><\/div><br \/>\n\n<style type=\"text\/css\" data-created_by=\"avia_inline_auto\" id=\"style-css-av-av_hr-4474f20d2389e2e5ecf918a02da5132e\">\n#top .hr.hr-invisible.av-av_hr-4474f20d2389e2e5ecf918a02da5132e{\nheight:50px;\n}\n<\/style>\n<div  class='hr av-av_hr-4474f20d2389e2e5ecf918a02da5132e hr-invisible  avia-builder-el-7  el_after_av_heading  el_before_av_textblock '><span class='hr-inner '><span class=\"hr-inner-style\"><\/span><\/span><\/div><br \/>\n<section  class='av_textblock_section av-av_textblock-2de302bf1aa3cf4c9157dbe6f50ac7eb '   itemscope=\"itemscope\" itemtype=\"https:\/\/schema.org\/CreativeWork\" ><div class='avia_textblock'  itemprop=\"text\" ><ul>\n<li>Unser Klient, eines der TOP 300 europ\u00e4ischen Unternehmen stand vor der dringenden Herausforderung, den absehbaren <strong>Ver\u00e4nderungen in seiner Branche<\/strong> wirksam zu begegnen. Die <strong>Wirtschaftlichkeit<\/strong> des Gesamtunternehmens geriet unter Druck.<\/li>\n<\/ul>\n<ul>\n<li>Das Unternehmen verf\u00fcgte \u00fcber mehr als <strong>20 Niederlassungen<\/strong>, die unabgestimmt als lokale \u201eF\u00fcrstent\u00fcmer\u201c arbeiteten. Man war in der <strong>Distribution<\/strong> abh\u00e4ngig vom Wettbewerb, die <strong>Logistikkosten<\/strong> zur Versorgung der mehr als 10.000 POS in Deutschland drohten, immens zu steigen. Auf dem Tisch des Vorstandes stapelten sich <strong>Investitionsantr\u00e4ge<\/strong> \u00fcber fast 50 Mio. Euro aus allen Unternehmensteilen.<\/li>\n<\/ul>\n<\/div><\/section><\/p><\/div>\n\n<style type=\"text\/css\" data-created_by=\"avia_inline_auto\" id=\"style-css-av-av_hr-4474f20d2389e2e5ecf918a02da5132e\">\n#top .hr.hr-invisible.av-av_hr-4474f20d2389e2e5ecf918a02da5132e{\nheight:50px;\n}\n<\/style>\n<div  class='hr av-av_hr-4474f20d2389e2e5ecf918a02da5132e hr-invisible  avia-builder-el-9  el_after_av_one_half  el_before_av_section  avia-builder-el-last '><span class='hr-inner '><span class=\"hr-inner-style\"><\/span><\/span><\/div>\n<\/div><\/div><\/div><!-- close content main div --><\/div><\/div>\n<style type=\"text\/css\" data-created_by=\"avia_inline_auto\" id=\"style-css-av-av_section-19d674c16a14a4558e15acb36b805dff\">\n.avia-section.av-av_section-19d674c16a14a4558e15acb36b805dff{\nbackground-color:#f8f8f8;\nbackground-image:unset;\n}\n<\/style>\n<div id='av_section_1'  class='avia-section av-av_section-19d674c16a14a4558e15acb36b805dff main_color avia-section-default avia-no-shadow  avia-builder-el-10  el_after_av_hr  el_before_av_hr  avia-bg-style-scroll container_wrap sidebar_right'  ><div class='container av-section-cont-open' ><div class='template-page content  av-content-small alpha units'><div class='post-entry post-entry-type-page post-entry-19159'><div class='entry-content-wrapper clearfix'>\n\n<style type=\"text\/css\" data-created_by=\"avia_inline_auto\" id=\"style-css-av-av_hr-4474f20d2389e2e5ecf918a02da5132e\">\n#top .hr.hr-invisible.av-av_hr-4474f20d2389e2e5ecf918a02da5132e{\nheight:50px;\n}\n<\/style>\n<div  class='hr av-av_hr-4474f20d2389e2e5ecf918a02da5132e hr-invisible  avia-builder-el-11  el_before_av_one_half  avia-builder-el-first '><span class='hr-inner '><span class=\"hr-inner-style\"><\/span><\/span><\/div>\n\n<style type=\"text\/css\" data-created_by=\"avia_inline_auto\" id=\"style-css-av-av_one_half-15d750bd1b332b34c6e70b077ebbccdf\">\n.flex_column.av-av_one_half-15d750bd1b332b34c6e70b077ebbccdf{\nborder-radius:0px 0px 0px 0px;\npadding:0px 0px 0px 0px;\n}\n<\/style>\n<div  class='flex_column av-av_one_half-15d750bd1b332b34c6e70b077ebbccdf av_one_half  avia-builder-el-12  el_after_av_hr  el_before_av_one_half  first flex_column_div av-zero-column-padding  '     ><style type=\"text\/css\" data-created_by=\"avia_inline_auto\" id=\"style-css-av-av_image-e96b7395599e102a3e319d4047dd291c\">\n.avia-image-container.av-av_image-e96b7395599e102a3e319d4047dd291c img.avia_image{\nbox-shadow:none;\n}\n.avia-image-container.av-av_image-e96b7395599e102a3e319d4047dd291c .av-image-caption-overlay-center{\ncolor:#003d7a;\nfont-size:24px;\n}\n<\/style>\n<div  class='avia-image-container av-av_image-e96b7395599e102a3e319d4047dd291c av-styling-no-styling av-hover-grow avia_animated_image av-animated-when-visible-95 top-to-bottom avia-align-left  avia-builder-el-13  avia-builder-el-no-sibling '   itemprop=\"image\" itemscope=\"itemscope\" itemtype=\"https:\/\/schema.org\/ImageObject\" ><div class=\"avia-image-container-inner\"><div class=\"avia-image-overlay-wrap\"><img class='wp-image-19022 avia-img-lazy-loading-not-19022 avia_image ' src=\"https:\/\/mandat.de\/de\/wp-content\/uploads\/2019\/06\/iStock-937198778-klein.jpg\" alt='' title='iStock-937198778-klein'  height=\"922\" width=\"1382\"  itemprop=\"thumbnailUrl\" srcset=\"https:\/\/mandat.de\/de\/wp-content\/uploads\/2019\/06\/iStock-937198778-klein.jpg 1382w, https:\/\/mandat.de\/de\/wp-content\/uploads\/2019\/06\/iStock-937198778-klein-300x200.jpg 300w, https:\/\/mandat.de\/de\/wp-content\/uploads\/2019\/06\/iStock-937198778-klein-768x512.jpg 768w, https:\/\/mandat.de\/de\/wp-content\/uploads\/2019\/06\/iStock-937198778-klein-1030x687.jpg 1030w, https:\/\/mandat.de\/de\/wp-content\/uploads\/2019\/06\/iStock-937198778-klein-705x470.jpg 705w, https:\/\/mandat.de\/de\/wp-content\/uploads\/2019\/06\/iStock-937198778-klein-450x300.jpg 450w\" sizes=\"(max-width: 1382px) 100vw, 1382px\" \/><\/div><\/div><\/div><\/div>\n<style type=\"text\/css\" data-created_by=\"avia_inline_auto\" id=\"style-css-av-av_one_half-c8fc129dc35fd1ae2a1e410224d39ea8\">\n.flex_column.av-av_one_half-c8fc129dc35fd1ae2a1e410224d39ea8{\nborder-radius:0px 0px 0px 0px;\npadding:0px 0px 0px 0px;\n}\n<\/style>\n<div  class='flex_column av-av_one_half-c8fc129dc35fd1ae2a1e410224d39ea8 av_one_half  avia-builder-el-14  el_after_av_one_half  avia-builder-el-last  flex_column_div av-zero-column-padding  '     ><p>\n<style type=\"text\/css\" data-created_by=\"avia_inline_auto\" id=\"style-css-av-av_heading-c1a0a34c79b5f58725bda47059f3a91d\">\n#top .av-special-heading.av-av_heading-c1a0a34c79b5f58725bda47059f3a91d{\npadding-bottom:10px;\n}\nbody .av-special-heading.av-av_heading-c1a0a34c79b5f58725bda47059f3a91d .av-special-heading-tag .heading-char{\nfont-size:25px;\n}\n.av-special-heading.av-av_heading-c1a0a34c79b5f58725bda47059f3a91d .av-subheading{\nfont-size:15px;\n}\n<\/style>\n<div  class='av-special-heading av-av_heading-c1a0a34c79b5f58725bda47059f3a91d av-special-heading-h2  avia-builder-el-15  el_before_av_hr  avia-builder-el-first '><h2 class='av-special-heading-tag'  itemprop=\"headline\"  >Mandat Intervention<\/h2><div class=\"special-heading-border\"><div class=\"special-heading-inner-border\"><\/div><\/div><\/div><br \/>\n\n<style type=\"text\/css\" data-created_by=\"avia_inline_auto\" id=\"style-css-av-av_hr-4474f20d2389e2e5ecf918a02da5132e\">\n#top .hr.hr-invisible.av-av_hr-4474f20d2389e2e5ecf918a02da5132e{\nheight:50px;\n}\n<\/style>\n<div  class='hr av-av_hr-4474f20d2389e2e5ecf918a02da5132e hr-invisible  avia-builder-el-16  el_after_av_heading  el_before_av_textblock '><span class='hr-inner '><span class=\"hr-inner-style\"><\/span><\/span><\/div><br \/>\n<section  class='av_textblock_section av-av_textblock-2de302bf1aa3cf4c9157dbe6f50ac7eb '   itemscope=\"itemscope\" itemtype=\"https:\/\/schema.org\/CreativeWork\" ><div class='avia_textblock'  itemprop=\"text\" ><ul>\n<li>In moderierten grunds\u00e4tzlichen <strong>Strategietreffen<\/strong> mit dem Vorstand und mit den leistungsf\u00e4higsten Mitarbeitern aus den Niederlassungen haben wir eine <strong>Prozesse-Landschaft<\/strong> entwickelt und einen <strong>deutschlandweiten Leistungsverbund<\/strong> konzipiert. Wir haben die <strong>Realisierung<\/strong> dieses Verbundes vor Ort begleitet. Eine Niederlassung wurde wegen mangelnder Perspektive geschlossen.<\/li>\n<\/ul>\n<ul>\n<li>Wir haben ein <strong>Qualit\u00e4tsmanagementsystem<\/strong> entworfen und implementiert, das konsequent die <strong>Kernprozesse<\/strong> unterst\u00fctzt. Um <strong>Best-Practices<\/strong> zu realisieren, haben wir in ganz Deutschland die besten <strong>Prozess-L\u00f6sungen<\/strong> in den Niederlassungen <strong>gefunden<\/strong> und dem gesamten Unternehmen <strong>verf\u00fcgbar gemacht<\/strong>.<\/li>\n<\/ul>\n<ul>\n<li>Entgegen landl\u00e4ufiger Trends haben wir die an eine Tochtergesellschaft eines Wettbewerbers ausgelagerte Distribution wieder <strong>re-integriert<\/strong> (\u201einsourcing\u201c) und unseren Klienten dabei unterst\u00fctzt, eine <strong>eigene Transportgesellschaft<\/strong> von der Pike aufzubauen.<\/li>\n<\/ul>\n<ul>\n<li>Im Rahmen einer F\u00fchrungskr\u00e4ftetagung wurden den Mitarbeitern die <strong>erforderlichen Schritte<\/strong> vermittelt und die Mitarbeiter wurden inklusive des Betriebsrates f\u00fcr das Projekt gewonnen.<\/li>\n<\/ul>\n<ul>\n<li>Durch den <strong>Aufbau einer unternehmensweiten Gesamt-Projektsteuerung<\/strong> haben wir daf\u00fcr gesorgt, dass der Vorstand seither nahezu in Echtzeit \u00fcber den <strong>Status<\/strong> aller internen <strong>Schl\u00fcsselprojekte<\/strong> informiert ist.<\/li>\n<\/ul>\n<\/div><\/section><\/p><\/div><\/div><\/div><\/div><!-- close content main div --><\/div><\/div><div id='after_section_1'  class='main_color av_default_container_wrap container_wrap sidebar_right'  ><div class='container av-section-cont-open' ><div class='template-page content  av-content-small alpha units'><div class='post-entry post-entry-type-page post-entry-19159'><div class='entry-content-wrapper clearfix'>\n<style type=\"text\/css\" data-created_by=\"avia_inline_auto\" id=\"style-css-av-av_hr-4474f20d2389e2e5ecf918a02da5132e\">\n#top .hr.hr-invisible.av-av_hr-4474f20d2389e2e5ecf918a02da5132e{\nheight:50px;\n}\n<\/style>\n<div  class='hr av-av_hr-4474f20d2389e2e5ecf918a02da5132e hr-invisible  avia-builder-el-18  el_after_av_section  el_before_av_one_half  avia-builder-el-first '><span class='hr-inner '><span class=\"hr-inner-style\"><\/span><\/span><\/div><\/p>\n\n<style type=\"text\/css\" data-created_by=\"avia_inline_auto\" id=\"style-css-av-av_one_half-15d750bd1b332b34c6e70b077ebbccdf\">\n.flex_column.av-av_one_half-15d750bd1b332b34c6e70b077ebbccdf{\nborder-radius:0px 0px 0px 0px;\npadding:0px 0px 0px 0px;\n}\n<\/style>\n<div  class='flex_column av-av_one_half-15d750bd1b332b34c6e70b077ebbccdf av_one_half  avia-builder-el-19  el_after_av_hr  el_before_av_one_half  first flex_column_div av-zero-column-padding  '     ><style type=\"text\/css\" data-created_by=\"avia_inline_auto\" id=\"style-css-av-av_image-82517fa62933efa87bda7ac7025eac06\">\n.avia-image-container.av-av_image-82517fa62933efa87bda7ac7025eac06 img.avia_image{\nbox-shadow:none;\n}\n.avia-image-container.av-av_image-82517fa62933efa87bda7ac7025eac06 .av-image-caption-overlay-center{\ncolor:#003d7a;\nfont-size:24px;\n}\n<\/style>\n<div  class='avia-image-container av-av_image-82517fa62933efa87bda7ac7025eac06 av-styling-no-styling av-hover-grow avia_animated_image av-animated-when-visible-95 top-to-bottom avia-align-left  avia-builder-el-20  avia-builder-el-no-sibling '   itemprop=\"image\" itemscope=\"itemscope\" itemtype=\"https:\/\/schema.org\/ImageObject\" ><div class=\"avia-image-container-inner\"><div class=\"avia-image-overlay-wrap\"><img class='wp-image-19020 avia-img-lazy-loading-not-19020 avia_image ' src=\"https:\/\/mandat.de\/de\/wp-content\/uploads\/2019\/06\/iStock-941491560-klein.jpg\" alt='' title='iStock-941491560-klein'  height=\"926\" width=\"1390\"  itemprop=\"thumbnailUrl\" srcset=\"https:\/\/mandat.de\/de\/wp-content\/uploads\/2019\/06\/iStock-941491560-klein.jpg 1390w, https:\/\/mandat.de\/de\/wp-content\/uploads\/2019\/06\/iStock-941491560-klein-300x200.jpg 300w, https:\/\/mandat.de\/de\/wp-content\/uploads\/2019\/06\/iStock-941491560-klein-768x512.jpg 768w, https:\/\/mandat.de\/de\/wp-content\/uploads\/2019\/06\/iStock-941491560-klein-1030x686.jpg 1030w, https:\/\/mandat.de\/de\/wp-content\/uploads\/2019\/06\/iStock-941491560-klein-705x470.jpg 705w, https:\/\/mandat.de\/de\/wp-content\/uploads\/2019\/06\/iStock-941491560-klein-450x300.jpg 450w\" sizes=\"(max-width: 1390px) 100vw, 1390px\" \/><\/div><\/div><\/div><\/div>\n\n<style type=\"text\/css\" data-created_by=\"avia_inline_auto\" id=\"style-css-av-av_one_half-c8fc129dc35fd1ae2a1e410224d39ea8\">\n.flex_column.av-av_one_half-c8fc129dc35fd1ae2a1e410224d39ea8{\nborder-radius:0px 0px 0px 0px;\npadding:0px 0px 0px 0px;\n}\n<\/style>\n<div  class='flex_column av-av_one_half-c8fc129dc35fd1ae2a1e410224d39ea8 av_one_half  avia-builder-el-21  el_after_av_one_half  el_before_av_hr  flex_column_div av-zero-column-padding  '     ><p>\n<style type=\"text\/css\" data-created_by=\"avia_inline_auto\" id=\"style-css-av-av_heading-a91e642d6f2fe0087c72fed0f2741740\">\n#top .av-special-heading.av-av_heading-a91e642d6f2fe0087c72fed0f2741740{\npadding-bottom:10px;\n}\nbody .av-special-heading.av-av_heading-a91e642d6f2fe0087c72fed0f2741740 .av-special-heading-tag .heading-char{\nfont-size:25px;\n}\n.av-special-heading.av-av_heading-a91e642d6f2fe0087c72fed0f2741740 .av-subheading{\nfont-size:15px;\n}\n<\/style>\n<div  class='av-special-heading av-av_heading-a91e642d6f2fe0087c72fed0f2741740 av-special-heading-h2  avia-builder-el-22  el_before_av_hr  avia-builder-el-first '><h2 class='av-special-heading-tag'  itemprop=\"headline\"  >Resultate<\/h2><div class=\"special-heading-border\"><div class=\"special-heading-inner-border\"><\/div><\/div><\/div><br \/>\n\n<style type=\"text\/css\" data-created_by=\"avia_inline_auto\" id=\"style-css-av-av_hr-4474f20d2389e2e5ecf918a02da5132e\">\n#top .hr.hr-invisible.av-av_hr-4474f20d2389e2e5ecf918a02da5132e{\nheight:50px;\n}\n<\/style>\n<div  class='hr av-av_hr-4474f20d2389e2e5ecf918a02da5132e hr-invisible  avia-builder-el-23  el_after_av_heading  el_before_av_textblock '><span class='hr-inner '><span class=\"hr-inner-style\"><\/span><\/span><\/div><br \/>\n<section  class='av_textblock_section av-av_textblock-2de302bf1aa3cf4c9157dbe6f50ac7eb '   itemscope=\"itemscope\" itemtype=\"https:\/\/schema.org\/CreativeWork\" ><div class='avia_textblock'  itemprop=\"text\" ><ul>\n<li><strong>Wirtschaftlichkeit:<\/strong> Eingesparte Einmalinvestitionen in H\u00f6he von ca. 26 Mio. Euro, j\u00e4hrlich <strong>wiederkehrende Einsparungen<\/strong> in H\u00f6he von ca. 4,5 Mio. Euro durch <strong>effizientere Abl\u00e4ufe<\/strong>. \u00dcber 50% <strong>Produktivit\u00e4tszuwachs<\/strong>, drei Jahre in Folge <strong>Rekordgewinne<\/strong> und damit europaweit das <strong>profitabelste Unternehmen<\/strong> der Branche, gemessen an der Umsatzrendite.<\/li>\n<\/ul>\n<ul>\n<li><strong>Qualit\u00e4t:<\/strong> Unser Klient verf\u00fcgt als erstes Unternehmen seiner Branche in Deutschland \u00fcber ein <strong>zertifiziertes Qualit\u00e4tsmanagementsystem<\/strong>. Die <strong>Korrektheit der Auslieferung<\/strong> wurde auf 99,9% erh\u00f6ht, fast alle der mehr als 10.000 Kunden in Deutschland k\u00f6nnen heute binnen einer Stunde erreicht werden.<\/li>\n<\/ul>\n<ul>\n<li><strong>Auszeichnung:<\/strong> Unser Klient wurde in seiner neuen Funktion als integriertes Dienstleistungsunternehmen als erstes Unternehmen \u00fcberhaupt im selben Jahr zugleich mit dem <strong>Deutschen Logistikpreis<\/strong> der Bundesvereinigung Logistik\u00a0und dem <strong>Europ\u00e4ischen Logistikpreis<\/strong> der European Logistics Association ausgezeichnet. Vorherige Preistr\u00e4ger waren z. B. Bosch-Siemens, BMW, Fiege Logistik, oder Flughafen M\u00fcnchen.<\/li>\n<\/ul>\n<\/div><\/section><\/p><\/div>\n<style type=\"text\/css\" data-created_by=\"avia_inline_auto\" id=\"style-css-av-av_hr-4474f20d2389e2e5ecf918a02da5132e\">\n#top .hr.hr-invisible.av-av_hr-4474f20d2389e2e5ecf918a02da5132e{\nheight:50px;\n}\n<\/style>\n<div  class='hr av-av_hr-4474f20d2389e2e5ecf918a02da5132e hr-invisible  avia-builder-el-25  el_after_av_one_half  el_before_av_section  avia-builder-el-last '><span class='hr-inner '><span class=\"hr-inner-style\"><\/span><\/span><\/div><\/p>\n<\/div><\/div><\/div><!-- close content main div --><\/div><\/div>\n<style type=\"text\/css\" data-created_by=\"avia_inline_auto\" id=\"style-css-av-av_section-236dfc161b4fcd1f285744556c7ac597\">\n.avia-section.av-av_section-236dfc161b4fcd1f285744556c7ac597{\nbackground-color:#133370;\nbackground-image:unset;\n}\n<\/style>\n<div id='av_section_2'  class='avia-section av-av_section-236dfc161b4fcd1f285744556c7ac597 main_color avia-section-default avia-no-border-styling  avia-builder-el-26  el_after_av_hr  avia-builder-el-last  avia-bg-style-fixed container_wrap sidebar_right'  ><div class='container av-section-cont-open' ><div class='template-page content  av-content-small alpha units'><div class='post-entry post-entry-type-page post-entry-19159'><div class='entry-content-wrapper clearfix'>\n\n<style type=\"text\/css\" data-created_by=\"avia_inline_auto\" id=\"style-css-av-av_one_fourth-48fa403461522c90ad195d35fed0c7d4\">\n.flex_column.av-av_one_fourth-48fa403461522c90ad195d35fed0c7d4{\nborder-radius:0px 0px 0px 0px;\npadding:0px 0px 0px 0px;\n}\n<\/style>\n<div  class='flex_column av-av_one_fourth-48fa403461522c90ad195d35fed0c7d4 av_one_fourth  avia-builder-el-27  avia-builder-el-no-sibling  first flex_column_div av-animated-generic fade-in av-zero-column-padding  '     ><style type=\"text\/css\" data-created_by=\"avia_inline_auto\" id=\"style-css-av-av_font_icon-e9e4dcce1728dcbad86da27e3adc4c4c\">\n.av_font_icon.av-av_font_icon-e9e4dcce1728dcbad86da27e3adc4c4c{\ncolor:#ffffff;\nborder-color:#ffffff;\n}\n.av_font_icon.av-av_font_icon-e9e4dcce1728dcbad86da27e3adc4c4c .av-icon-char{\nfont-size:40px;\nline-height:40px;\nwidth:40px;\n}\n<\/style>\n<span  class='av_font_icon av-av_font_icon-e9e4dcce1728dcbad86da27e3adc4c4c avia_animate_when_visible av-icon-style-border avia-icon-pos-left avia-icon-animate'><a href='http:\/\/mandat.de\/de\/testimonials\/erfolgsgeschichten\/'   class='av-icon-char' aria-hidden='true' data-av_icon='\ue880' data-av_iconfont='entypo-fontello' ><\/a><span class='av_icon_caption av-special-font'>Entdecken Sie unsere Erfolgsgeschichten<\/span><\/span><\/div>\n<\/div><\/div><\/div><!-- close content main div --><\/div><\/div><div id='after_section_2'  class='main_color av_default_container_wrap container_wrap sidebar_right'  ><div class='container av-section-cont-open' ><div class='template-page content  av-content-small alpha units'><div class='post-entry post-entry-type-page post-entry-19159'><div class='entry-content-wrapper clearfix'>\n","protected":false},"excerpt":{"rendered":"","protected":false},"author":1,"featured_media":0,"parent":16475,"menu_order":0,"comment_status":"closed","ping_status":"closed","template":"","meta":[],"_links":{"self":[{"href":"https:\/\/mandat.de\/de\/wp-json\/wp\/v2\/pages\/19159"}],"collection":[{"href":"https:\/\/mandat.de\/de\/wp-json\/wp\/v2\/pages"}],"about":[{"href":"https:\/\/mandat.de\/de\/wp-json\/wp\/v2\/types\/page"}],"author":[{"embeddable":true,"href":"https:\/\/mandat.de\/de\/wp-json\/wp\/v2\/users\/1"}],"replies":[{"embeddable":true,"href":"https:\/\/mandat.de\/de\/wp-json\/wp\/v2\/comments?post=19159"}],"version-history":[{"count":0,"href":"https:\/\/mandat.de\/de\/wp-json\/wp\/v2\/pages\/19159\/revisions"}],"up":[{"embeddable":true,"href":"https:\/\/mandat.de\/de\/wp-json\/wp\/v2\/pages\/16475"}],"wp:attachment":[{"href":"https:\/\/mandat.de\/de\/wp-json\/wp\/v2\/media?parent=19159"}],"curies":[{"name":"wp","href":"https:\/\/api.w.org\/{rel}","templated":true}]}}