{"id":19363,"date":"2019-06-13T05:48:44","date_gmt":"2019-06-13T03:48:44","guid":{"rendered":"http:\/\/mandat.de\/de\/?page_id=19363"},"modified":"2019-06-13T05:59:39","modified_gmt":"2019-06-13T03:59:39","slug":"gesamt-projektsteuerung-die-projektflut-stoppen-und-die-kraft-auf-den-markt-richten","status":"publish","type":"page","link":"https:\/\/mandat.de\/de\/testimonials\/erfolgsgeschichten\/gesamt-projektsteuerung-die-projektflut-stoppen-und-die-kraft-auf-den-markt-richten\/","title":{"rendered":"Gesamt-Projektsteuerung \u2013 Die Projektflut stoppen und die Kraft auf den Markt richten"},"content":{"rendered":"\n<style type=\"text\/css\" data-created_by=\"avia_inline_auto\" id=\"style-css-av-av_one_full-15d750bd1b332b34c6e70b077ebbccdf\">\n.flex_column.av-av_one_full-15d750bd1b332b34c6e70b077ebbccdf{\nborder-radius:0px 0px 0px 0px;\npadding:0px 0px 0px 0px;\n}\n<\/style>\n<div  class='flex_column av-av_one_full-15d750bd1b332b34c6e70b077ebbccdf av_one_full  avia-builder-el-0  el_before_av_hr  avia-builder-el-first  first flex_column_div av-zero-column-padding  '     ><section  class='av_textblock_section av-av_textblock-2de302bf1aa3cf4c9157dbe6f50ac7eb '   itemscope=\"itemscope\" itemtype=\"https:\/\/schema.org\/CreativeWork\" ><div class='avia_textblock'  itemprop=\"text\" ><h1 style=\"text-align: left;\">Gesamt-Projektsteuerung \u2013 Die Projektflut stoppen und die Kraft auf den Markt richten<\/h1>\n<\/div><\/section><\/div>\n\n<style type=\"text\/css\" data-created_by=\"avia_inline_auto\" id=\"style-css-av-av_hr-4474f20d2389e2e5ecf918a02da5132e\">\n#top .hr.hr-invisible.av-av_hr-4474f20d2389e2e5ecf918a02da5132e{\nheight:50px;\n}\n<\/style>\n<div  class='hr av-av_hr-4474f20d2389e2e5ecf918a02da5132e hr-invisible  avia-builder-el-2  el_after_av_one_full  el_before_av_one_half '><span class='hr-inner '><span class=\"hr-inner-style\"><\/span><\/span><\/div>\n\n<style type=\"text\/css\" data-created_by=\"avia_inline_auto\" id=\"style-css-av-av_one_half-15d750bd1b332b34c6e70b077ebbccdf\">\n.flex_column.av-av_one_half-15d750bd1b332b34c6e70b077ebbccdf{\nborder-radius:0px 0px 0px 0px;\npadding:0px 0px 0px 0px;\n}\n<\/style>\n<div  class='flex_column av-av_one_half-15d750bd1b332b34c6e70b077ebbccdf av_one_half  avia-builder-el-3  el_after_av_hr  el_before_av_one_half  first flex_column_div av-zero-column-padding  '     ><style type=\"text\/css\" data-created_by=\"avia_inline_auto\" id=\"style-css-av-av_image-041d26517196824bf8b61f3d2f142e61\">\n.avia-image-container.av-av_image-041d26517196824bf8b61f3d2f142e61 img.avia_image{\nbox-shadow:none;\n}\n.avia-image-container.av-av_image-041d26517196824bf8b61f3d2f142e61 .av-image-caption-overlay-center{\ncolor:#003d7a;\nfont-size:24px;\n}\n<\/style>\n<div  class='avia-image-container av-av_image-041d26517196824bf8b61f3d2f142e61 av-styling-no-styling av-hover-grow avia_animated_image av-animated-when-visible-95 top-to-bottom avia-align-left  avia-builder-el-4  avia-builder-el-no-sibling '   itemprop=\"image\" itemscope=\"itemscope\" itemtype=\"https:\/\/schema.org\/ImageObject\" ><div class=\"avia-image-container-inner\"><div class=\"avia-image-overlay-wrap\"><img class='wp-image-19021 avia-img-lazy-loading-not-19021 avia_image ' src=\"https:\/\/mandat.de\/de\/wp-content\/uploads\/2019\/06\/iStock-925008268-klein.jpg\" alt='' title='iStock-925008268-klein'  height=\"1344\" width=\"2016\"  itemprop=\"thumbnailUrl\" srcset=\"https:\/\/mandat.de\/de\/wp-content\/uploads\/2019\/06\/iStock-925008268-klein.jpg 2016w, https:\/\/mandat.de\/de\/wp-content\/uploads\/2019\/06\/iStock-925008268-klein-300x200.jpg 300w, https:\/\/mandat.de\/de\/wp-content\/uploads\/2019\/06\/iStock-925008268-klein-768x512.jpg 768w, https:\/\/mandat.de\/de\/wp-content\/uploads\/2019\/06\/iStock-925008268-klein-1030x687.jpg 1030w, https:\/\/mandat.de\/de\/wp-content\/uploads\/2019\/06\/iStock-925008268-klein-1500x1000.jpg 1500w, https:\/\/mandat.de\/de\/wp-content\/uploads\/2019\/06\/iStock-925008268-klein-705x470.jpg 705w, https:\/\/mandat.de\/de\/wp-content\/uploads\/2019\/06\/iStock-925008268-klein-450x300.jpg 450w\" sizes=\"(max-width: 2016px) 100vw, 2016px\" \/><\/div><\/div><\/div><\/div>\n\n<style type=\"text\/css\" data-created_by=\"avia_inline_auto\" id=\"style-css-av-av_one_half-c8fc129dc35fd1ae2a1e410224d39ea8\">\n.flex_column.av-av_one_half-c8fc129dc35fd1ae2a1e410224d39ea8{\nborder-radius:0px 0px 0px 0px;\npadding:0px 0px 0px 0px;\n}\n<\/style>\n<div  class='flex_column av-av_one_half-c8fc129dc35fd1ae2a1e410224d39ea8 av_one_half  avia-builder-el-5  el_after_av_one_half  el_before_av_hr  flex_column_div av-zero-column-padding  '     ><p>\n<style type=\"text\/css\" data-created_by=\"avia_inline_auto\" id=\"style-css-av-av_heading-1627911adf283ee5fe561e94522c5786\">\n#top .av-special-heading.av-av_heading-1627911adf283ee5fe561e94522c5786{\npadding-bottom:10px;\n}\nbody .av-special-heading.av-av_heading-1627911adf283ee5fe561e94522c5786 .av-special-heading-tag .heading-char{\nfont-size:25px;\n}\n.av-special-heading.av-av_heading-1627911adf283ee5fe561e94522c5786 .av-subheading{\nfont-size:15px;\n}\n<\/style>\n<div  class='av-special-heading av-av_heading-1627911adf283ee5fe561e94522c5786 av-special-heading-h2  avia-builder-el-6  el_before_av_hr  avia-builder-el-first '><h2 class='av-special-heading-tag'  itemprop=\"headline\"  >Klienten-Herausforderung<\/h2><div class=\"special-heading-border\"><div class=\"special-heading-inner-border\"><\/div><\/div><\/div><br \/>\n\n<style type=\"text\/css\" data-created_by=\"avia_inline_auto\" id=\"style-css-av-av_hr-4474f20d2389e2e5ecf918a02da5132e\">\n#top .hr.hr-invisible.av-av_hr-4474f20d2389e2e5ecf918a02da5132e{\nheight:50px;\n}\n<\/style>\n<div  class='hr av-av_hr-4474f20d2389e2e5ecf918a02da5132e hr-invisible  avia-builder-el-7  el_after_av_heading  el_before_av_textblock '><span class='hr-inner '><span class=\"hr-inner-style\"><\/span><\/span><\/div><br \/>\n<section  class='av_textblock_section av-av_textblock-2de302bf1aa3cf4c9157dbe6f50ac7eb '   itemscope=\"itemscope\" itemtype=\"https:\/\/schema.org\/CreativeWork\" ><div class='avia_textblock'  itemprop=\"text\" ><p>Unser Klient, der Vorsitzende der Gesch\u00e4ftsf\u00fchrung eines <strong>multinational t\u00e4tigen Gro\u00dfhandelsunternehmens<\/strong> mit einem Umsatzvolumen von fast 1 Mrd. Euro, trat neu in das Unternehmen ein und sah sich mit einer <strong>Flut von laufenden Projekten<\/strong>, <strong>Projektantr\u00e4gen<\/strong> und <strong>Sonderthemen in der Organisation<\/strong> konfrontiert. Es war nicht geregelt, wer Projekte ins Leben rufen und damit <strong>Ressourcen<\/strong> in Anspruch nehmen durfte, es herrschte kein <strong>transparentes Berichtswesen<\/strong> \u00fcber <strong>Fortschritte<\/strong> und <strong>Resultate<\/strong>, <strong>Doppelarbeit<\/strong> war an der Tagesordnung.<\/p>\n<\/div><\/section><\/p><\/div>\n<style type=\"text\/css\" data-created_by=\"avia_inline_auto\" id=\"style-css-av-av_hr-4474f20d2389e2e5ecf918a02da5132e\">\n#top .hr.hr-invisible.av-av_hr-4474f20d2389e2e5ecf918a02da5132e{\nheight:50px;\n}\n<\/style>\n<div  class='hr av-av_hr-4474f20d2389e2e5ecf918a02da5132e hr-invisible  avia-builder-el-9  el_after_av_one_half  el_before_av_section  avia-builder-el-last '><span class='hr-inner '><span class=\"hr-inner-style\"><\/span><\/span><\/div><\/p>\n<\/div><\/div><\/div><!-- close content main div --><\/div><\/div>\n<style type=\"text\/css\" data-created_by=\"avia_inline_auto\" id=\"style-css-av-av_section-19d674c16a14a4558e15acb36b805dff\">\n.avia-section.av-av_section-19d674c16a14a4558e15acb36b805dff{\nbackground-color:#f8f8f8;\nbackground-image:unset;\n}\n<\/style>\n<div id='av_section_1'  class='avia-section av-av_section-19d674c16a14a4558e15acb36b805dff main_color avia-section-default avia-no-shadow  avia-builder-el-10  el_after_av_hr  el_before_av_hr  avia-bg-style-scroll container_wrap sidebar_right'  ><div class='container av-section-cont-open' ><div class='template-page content  av-content-small alpha units'><div class='post-entry post-entry-type-page post-entry-19363'><div class='entry-content-wrapper clearfix'>\n\n<style type=\"text\/css\" data-created_by=\"avia_inline_auto\" id=\"style-css-av-av_hr-4474f20d2389e2e5ecf918a02da5132e\">\n#top .hr.hr-invisible.av-av_hr-4474f20d2389e2e5ecf918a02da5132e{\nheight:50px;\n}\n<\/style>\n<div  class='hr av-av_hr-4474f20d2389e2e5ecf918a02da5132e hr-invisible  avia-builder-el-11  el_before_av_one_half  avia-builder-el-first '><span class='hr-inner '><span class=\"hr-inner-style\"><\/span><\/span><\/div>\n\n<style type=\"text\/css\" data-created_by=\"avia_inline_auto\" id=\"style-css-av-av_one_half-15d750bd1b332b34c6e70b077ebbccdf\">\n.flex_column.av-av_one_half-15d750bd1b332b34c6e70b077ebbccdf{\nborder-radius:0px 0px 0px 0px;\npadding:0px 0px 0px 0px;\n}\n<\/style>\n<div  class='flex_column av-av_one_half-15d750bd1b332b34c6e70b077ebbccdf av_one_half  avia-builder-el-12  el_after_av_hr  el_before_av_one_half  first flex_column_div av-zero-column-padding  '     ><style type=\"text\/css\" data-created_by=\"avia_inline_auto\" id=\"style-css-av-av_image-e96b7395599e102a3e319d4047dd291c\">\n.avia-image-container.av-av_image-e96b7395599e102a3e319d4047dd291c img.avia_image{\nbox-shadow:none;\n}\n.avia-image-container.av-av_image-e96b7395599e102a3e319d4047dd291c .av-image-caption-overlay-center{\ncolor:#003d7a;\nfont-size:24px;\n}\n<\/style>\n<div  class='avia-image-container av-av_image-e96b7395599e102a3e319d4047dd291c av-styling-no-styling av-hover-grow avia_animated_image av-animated-when-visible-95 top-to-bottom avia-align-left  avia-builder-el-13  avia-builder-el-no-sibling '   itemprop=\"image\" itemscope=\"itemscope\" itemtype=\"https:\/\/schema.org\/ImageObject\" ><div class=\"avia-image-container-inner\"><div class=\"avia-image-overlay-wrap\"><img class='wp-image-19022 avia-img-lazy-loading-not-19022 avia_image ' src=\"https:\/\/mandat.de\/de\/wp-content\/uploads\/2019\/06\/iStock-937198778-klein.jpg\" alt='' title='iStock-937198778-klein'  height=\"922\" width=\"1382\"  itemprop=\"thumbnailUrl\" srcset=\"https:\/\/mandat.de\/de\/wp-content\/uploads\/2019\/06\/iStock-937198778-klein.jpg 1382w, https:\/\/mandat.de\/de\/wp-content\/uploads\/2019\/06\/iStock-937198778-klein-300x200.jpg 300w, https:\/\/mandat.de\/de\/wp-content\/uploads\/2019\/06\/iStock-937198778-klein-768x512.jpg 768w, https:\/\/mandat.de\/de\/wp-content\/uploads\/2019\/06\/iStock-937198778-klein-1030x687.jpg 1030w, https:\/\/mandat.de\/de\/wp-content\/uploads\/2019\/06\/iStock-937198778-klein-705x470.jpg 705w, https:\/\/mandat.de\/de\/wp-content\/uploads\/2019\/06\/iStock-937198778-klein-450x300.jpg 450w\" sizes=\"(max-width: 1382px) 100vw, 1382px\" \/><\/div><\/div><\/div><\/div>\n<style type=\"text\/css\" data-created_by=\"avia_inline_auto\" id=\"style-css-av-av_one_half-c8fc129dc35fd1ae2a1e410224d39ea8\">\n.flex_column.av-av_one_half-c8fc129dc35fd1ae2a1e410224d39ea8{\nborder-radius:0px 0px 0px 0px;\npadding:0px 0px 0px 0px;\n}\n<\/style>\n<div  class='flex_column av-av_one_half-c8fc129dc35fd1ae2a1e410224d39ea8 av_one_half  avia-builder-el-14  el_after_av_one_half  avia-builder-el-last  flex_column_div av-zero-column-padding  '     ><p>\n<style type=\"text\/css\" data-created_by=\"avia_inline_auto\" id=\"style-css-av-av_heading-c1a0a34c79b5f58725bda47059f3a91d\">\n#top .av-special-heading.av-av_heading-c1a0a34c79b5f58725bda47059f3a91d{\npadding-bottom:10px;\n}\nbody .av-special-heading.av-av_heading-c1a0a34c79b5f58725bda47059f3a91d .av-special-heading-tag .heading-char{\nfont-size:25px;\n}\n.av-special-heading.av-av_heading-c1a0a34c79b5f58725bda47059f3a91d .av-subheading{\nfont-size:15px;\n}\n<\/style>\n<div  class='av-special-heading av-av_heading-c1a0a34c79b5f58725bda47059f3a91d av-special-heading-h2  avia-builder-el-15  el_before_av_hr  avia-builder-el-first '><h2 class='av-special-heading-tag'  itemprop=\"headline\"  >Mandat Intervention<\/h2><div class=\"special-heading-border\"><div class=\"special-heading-inner-border\"><\/div><\/div><\/div><br \/>\n\n<style type=\"text\/css\" data-created_by=\"avia_inline_auto\" id=\"style-css-av-av_hr-4474f20d2389e2e5ecf918a02da5132e\">\n#top .hr.hr-invisible.av-av_hr-4474f20d2389e2e5ecf918a02da5132e{\nheight:50px;\n}\n<\/style>\n<div  class='hr av-av_hr-4474f20d2389e2e5ecf918a02da5132e hr-invisible  avia-builder-el-16  el_after_av_heading  el_before_av_textblock '><span class='hr-inner '><span class=\"hr-inner-style\"><\/span><\/span><\/div><br \/>\n<section  class='av_textblock_section av-av_textblock-2de302bf1aa3cf4c9157dbe6f50ac7eb '   itemscope=\"itemscope\" itemtype=\"https:\/\/schema.org\/CreativeWork\" ><div class='avia_textblock'  itemprop=\"text\" ><ul>\n<li>Gemeinsam mit dem Vorsitzenden der Gesch\u00e4ftsf\u00fchrung entwickelten wir ein <strong>\u201eMeta-Projekt\u201c<\/strong>, das die vollst\u00e4ndige <strong>Transparenz<\/strong> und <strong>Steuerungsm\u00f6glichkeit<\/strong> der relevanten <strong>Projekte<\/strong> und <strong>Ressourcen<\/strong> in dem Unternehmen unseres Klienten zum Ziel hatte.<\/li>\n<\/ul>\n<ul>\n<li>Wir interviewten alle vier Gesch\u00e4ftsf\u00fchrer und die etwa 12 Bereichsleiter pers\u00f6nlich, um die unter ihrer Verantwortung laufenden Projekte zu erfassen. <strong>Ausgangssituation, Zweck, Ziele, Projekstruktur, Ablauf,<\/strong> bisherige <strong>Erfolge<\/strong> und aktuelle <strong>Engp\u00e4sse<\/strong> wurden in kurzer Zeit erhoben.<\/li>\n<\/ul>\n<ul>\n<li>Wir erstellten in unserem Managementstudio in Dortmund eine <strong>Projekte-Landschaft<\/strong>, die auf\u00a0Gro\u00dfformat-Plots anfassbar verdeutlichte, wo <strong>Doppelarbeit<\/strong> entstand, welche Projekte schon unn\u00f6tig lange liefen, wo <strong>Auftragsverh\u00e4ltnisse<\/strong>, <strong>Ergebnisse<\/strong> und <strong>Stati<\/strong> unklar waren und welche Bereiche eine <strong>Ballung von Projekten<\/strong> aufwiesen.<\/li>\n<\/ul>\n<ul>\n<li>In mehreren <strong>strategischen und taktischen Workshops<\/strong> moderierten wir die gesamte Gesch\u00e4ftsf\u00fchrung, um zu einer <strong>neuen, gestrafften, marktgerichteten<\/strong> und <strong>realistischen<\/strong> <strong>Projekte-Landschaft<\/strong> zu gelangen.<\/li>\n<\/ul>\n<ul>\n<li>Gemeinsam definierten wir <strong>Regeln<\/strong>, welchen <strong>Charakter<\/strong> ein Vorhaben aufweisen muss, um als Projekt ausgewiesen zu werden und wer \u00fcberhaupt Projekte ins Leben und damit <strong>Ressourcen<\/strong> in Anspruch nehmen darf.<\/li>\n<\/ul>\n<ul>\n<li>Wir erarbeiteten ein leicht umsetzbares <strong>Verfahren<\/strong>, an Hand dessen das Unternehmen in die Lage versetzt wurde, sich hautnah \u00fcber den <strong>Stand der wichtigsten Projekte<\/strong> zu informieren. Wir entwickelten \u00fcberdies einen <strong>unternehmensweiten<\/strong> <strong>Standard<\/strong> zum <strong>Design<\/strong>, <strong>Ablauf<\/strong> und <strong>Abschluss von Projekten<\/strong> und zur <strong>Wissenssicherung<\/strong> von Projektergebnissen.<\/li>\n<\/ul>\n<\/div><\/section><\/p><\/div><\/div><\/div><\/div><!-- close content main div --><\/div><\/div><div id='after_section_1'  class='main_color av_default_container_wrap container_wrap sidebar_right'  ><div class='container av-section-cont-open' ><div class='template-page content  av-content-small alpha units'><div class='post-entry post-entry-type-page post-entry-19363'><div class='entry-content-wrapper clearfix'>\n<style type=\"text\/css\" data-created_by=\"avia_inline_auto\" id=\"style-css-av-av_hr-4474f20d2389e2e5ecf918a02da5132e\">\n#top .hr.hr-invisible.av-av_hr-4474f20d2389e2e5ecf918a02da5132e{\nheight:50px;\n}\n<\/style>\n<div  class='hr av-av_hr-4474f20d2389e2e5ecf918a02da5132e hr-invisible  avia-builder-el-18  el_after_av_section  el_before_av_one_half  avia-builder-el-first '><span class='hr-inner '><span class=\"hr-inner-style\"><\/span><\/span><\/div><\/p>\n\n<style type=\"text\/css\" data-created_by=\"avia_inline_auto\" id=\"style-css-av-av_one_half-15d750bd1b332b34c6e70b077ebbccdf\">\n.flex_column.av-av_one_half-15d750bd1b332b34c6e70b077ebbccdf{\nborder-radius:0px 0px 0px 0px;\npadding:0px 0px 0px 0px;\n}\n<\/style>\n<div  class='flex_column av-av_one_half-15d750bd1b332b34c6e70b077ebbccdf av_one_half  avia-builder-el-19  el_after_av_hr  el_before_av_one_half  first flex_column_div av-zero-column-padding  '     ><style type=\"text\/css\" data-created_by=\"avia_inline_auto\" id=\"style-css-av-av_image-82517fa62933efa87bda7ac7025eac06\">\n.avia-image-container.av-av_image-82517fa62933efa87bda7ac7025eac06 img.avia_image{\nbox-shadow:none;\n}\n.avia-image-container.av-av_image-82517fa62933efa87bda7ac7025eac06 .av-image-caption-overlay-center{\ncolor:#003d7a;\nfont-size:24px;\n}\n<\/style>\n<div  class='avia-image-container av-av_image-82517fa62933efa87bda7ac7025eac06 av-styling-no-styling av-hover-grow avia_animated_image av-animated-when-visible-95 top-to-bottom avia-align-left  avia-builder-el-20  avia-builder-el-no-sibling '   itemprop=\"image\" itemscope=\"itemscope\" itemtype=\"https:\/\/schema.org\/ImageObject\" ><div class=\"avia-image-container-inner\"><div class=\"avia-image-overlay-wrap\"><img class='wp-image-19020 avia-img-lazy-loading-not-19020 avia_image ' src=\"https:\/\/mandat.de\/de\/wp-content\/uploads\/2019\/06\/iStock-941491560-klein.jpg\" alt='' title='iStock-941491560-klein'  height=\"926\" width=\"1390\"  itemprop=\"thumbnailUrl\" srcset=\"https:\/\/mandat.de\/de\/wp-content\/uploads\/2019\/06\/iStock-941491560-klein.jpg 1390w, https:\/\/mandat.de\/de\/wp-content\/uploads\/2019\/06\/iStock-941491560-klein-300x200.jpg 300w, https:\/\/mandat.de\/de\/wp-content\/uploads\/2019\/06\/iStock-941491560-klein-768x512.jpg 768w, https:\/\/mandat.de\/de\/wp-content\/uploads\/2019\/06\/iStock-941491560-klein-1030x686.jpg 1030w, https:\/\/mandat.de\/de\/wp-content\/uploads\/2019\/06\/iStock-941491560-klein-705x470.jpg 705w, https:\/\/mandat.de\/de\/wp-content\/uploads\/2019\/06\/iStock-941491560-klein-450x300.jpg 450w\" sizes=\"(max-width: 1390px) 100vw, 1390px\" \/><\/div><\/div><\/div><\/div>\n\n<style type=\"text\/css\" data-created_by=\"avia_inline_auto\" id=\"style-css-av-av_one_half-c8fc129dc35fd1ae2a1e410224d39ea8\">\n.flex_column.av-av_one_half-c8fc129dc35fd1ae2a1e410224d39ea8{\nborder-radius:0px 0px 0px 0px;\npadding:0px 0px 0px 0px;\n}\n<\/style>\n<div  class='flex_column av-av_one_half-c8fc129dc35fd1ae2a1e410224d39ea8 av_one_half  avia-builder-el-21  el_after_av_one_half  el_before_av_hr  flex_column_div av-zero-column-padding  '     ><p>\n<style type=\"text\/css\" data-created_by=\"avia_inline_auto\" id=\"style-css-av-av_heading-a91e642d6f2fe0087c72fed0f2741740\">\n#top .av-special-heading.av-av_heading-a91e642d6f2fe0087c72fed0f2741740{\npadding-bottom:10px;\n}\nbody .av-special-heading.av-av_heading-a91e642d6f2fe0087c72fed0f2741740 .av-special-heading-tag .heading-char{\nfont-size:25px;\n}\n.av-special-heading.av-av_heading-a91e642d6f2fe0087c72fed0f2741740 .av-subheading{\nfont-size:15px;\n}\n<\/style>\n<div  class='av-special-heading av-av_heading-a91e642d6f2fe0087c72fed0f2741740 av-special-heading-h2  avia-builder-el-22  el_before_av_hr  avia-builder-el-first '><h2 class='av-special-heading-tag'  itemprop=\"headline\"  >Resultate<\/h2><div class=\"special-heading-border\"><div class=\"special-heading-inner-border\"><\/div><\/div><\/div><br \/>\n\n<style type=\"text\/css\" data-created_by=\"avia_inline_auto\" id=\"style-css-av-av_hr-4474f20d2389e2e5ecf918a02da5132e\">\n#top .hr.hr-invisible.av-av_hr-4474f20d2389e2e5ecf918a02da5132e{\nheight:50px;\n}\n<\/style>\n<div  class='hr av-av_hr-4474f20d2389e2e5ecf918a02da5132e hr-invisible  avia-builder-el-23  el_after_av_heading  el_before_av_textblock '><span class='hr-inner '><span class=\"hr-inner-style\"><\/span><\/span><\/div><br \/>\n<section  class='av_textblock_section av-av_textblock-2de302bf1aa3cf4c9157dbe6f50ac7eb '   itemscope=\"itemscope\" itemtype=\"https:\/\/schema.org\/CreativeWork\" ><div class='avia_textblock'  itemprop=\"text\" ><ul>\n<li>Etwa <strong>50% der mehr als 70 laufenden Projekte<\/strong> wurden unverz\u00fcglich <strong>eingestellt<\/strong>, weil sie weder nennenswerten Wert sch\u00f6pften noch erkennbaren Fortschritt zeigten oder weil Themen mehrfach an unterschiedlichen Stellen im Unternehmen bearbeitet wurden. <strong>Eingesparte Zeit:<\/strong> 30 Personenjahre.<\/li>\n<\/ul>\n<ul>\n<li>Die <strong>freigewordenen<\/strong> <strong>Kapazit\u00e4ten<\/strong> wurden genutzt, um <strong>marktgerichtete, vielversprechende Projekte<\/strong> signifikant zu unterst\u00fctzen oder um wichtige <strong>Routineprozesse<\/strong> deutlich <strong>zu verbessern<\/strong>.<\/li>\n<\/ul>\n<ul>\n<li>Der <strong>Bericht \u00fcber Schl\u00fcsselprojekte<\/strong> wurde fester <strong>Bestandteil der Gesch\u00e4ftsf\u00fchrungssitzungen<\/strong>. Die <strong>Ablaufgeschwindigkeit<\/strong> der Projekte wurde um bis zu 50% erh\u00f6ht.<\/li>\n<\/ul>\n<ul>\n<li><strong>Investitionen<\/strong> wurden geb\u00fcndelt und gezielt den <strong>wirkungsvollsten<\/strong> und <strong>vielversprechendsten<\/strong> <strong>Projekten<\/strong> verf\u00fcgbar gemacht \u2013 und nicht den Projekten, die am lautesten danach riefen, wie es zuvor der Fall war.<\/li>\n<\/ul>\n<\/div><\/section><\/p><\/div>\n<style type=\"text\/css\" data-created_by=\"avia_inline_auto\" id=\"style-css-av-av_hr-4474f20d2389e2e5ecf918a02da5132e\">\n#top .hr.hr-invisible.av-av_hr-4474f20d2389e2e5ecf918a02da5132e{\nheight:50px;\n}\n<\/style>\n<div  class='hr av-av_hr-4474f20d2389e2e5ecf918a02da5132e hr-invisible  avia-builder-el-25  el_after_av_one_half  el_before_av_section  avia-builder-el-last '><span class='hr-inner '><span class=\"hr-inner-style\"><\/span><\/span><\/div><\/p>\n<\/div><\/div><\/div><!-- close content main div --><\/div><\/div>\n<style type=\"text\/css\" data-created_by=\"avia_inline_auto\" id=\"style-css-av-av_section-236dfc161b4fcd1f285744556c7ac597\">\n.avia-section.av-av_section-236dfc161b4fcd1f285744556c7ac597{\nbackground-color:#133370;\nbackground-image:unset;\n}\n<\/style>\n<div id='av_section_2'  class='avia-section av-av_section-236dfc161b4fcd1f285744556c7ac597 main_color avia-section-default avia-no-border-styling  avia-builder-el-26  el_after_av_hr  avia-builder-el-last  avia-bg-style-fixed container_wrap sidebar_right'  ><div class='container av-section-cont-open' ><div class='template-page content  av-content-small alpha units'><div class='post-entry post-entry-type-page post-entry-19363'><div class='entry-content-wrapper clearfix'>\n\n<style type=\"text\/css\" data-created_by=\"avia_inline_auto\" id=\"style-css-av-av_one_fourth-48fa403461522c90ad195d35fed0c7d4\">\n.flex_column.av-av_one_fourth-48fa403461522c90ad195d35fed0c7d4{\nborder-radius:0px 0px 0px 0px;\npadding:0px 0px 0px 0px;\n}\n<\/style>\n<div  class='flex_column av-av_one_fourth-48fa403461522c90ad195d35fed0c7d4 av_one_fourth  avia-builder-el-27  avia-builder-el-no-sibling  first flex_column_div av-animated-generic fade-in av-zero-column-padding  '     ><style type=\"text\/css\" data-created_by=\"avia_inline_auto\" id=\"style-css-av-av_font_icon-e9e4dcce1728dcbad86da27e3adc4c4c\">\n.av_font_icon.av-av_font_icon-e9e4dcce1728dcbad86da27e3adc4c4c{\ncolor:#ffffff;\nborder-color:#ffffff;\n}\n.av_font_icon.av-av_font_icon-e9e4dcce1728dcbad86da27e3adc4c4c .av-icon-char{\nfont-size:40px;\nline-height:40px;\nwidth:40px;\n}\n<\/style>\n<span  class='av_font_icon av-av_font_icon-e9e4dcce1728dcbad86da27e3adc4c4c avia_animate_when_visible av-icon-style-border avia-icon-pos-left avia-icon-animate'><a href='http:\/\/mandat.de\/de\/testimonials\/erfolgsgeschichten\/'   class='av-icon-char' aria-hidden='true' data-av_icon='\ue880' data-av_iconfont='entypo-fontello' ><\/a><span class='av_icon_caption av-special-font'>Entdecken Sie unsere Erfolgsgeschichten<\/span><\/span><\/div>\n<\/div><\/div><\/div><!-- close content main div --><\/div><\/div><div id='after_section_2'  class='main_color av_default_container_wrap container_wrap sidebar_right'  ><div class='container av-section-cont-open' ><div class='template-page content  av-content-small alpha units'><div class='post-entry post-entry-type-page post-entry-19363'><div class='entry-content-wrapper clearfix'>\n","protected":false},"excerpt":{"rendered":"","protected":false},"author":1,"featured_media":0,"parent":16475,"menu_order":0,"comment_status":"closed","ping_status":"closed","template":"","meta":[],"_links":{"self":[{"href":"https:\/\/mandat.de\/de\/wp-json\/wp\/v2\/pages\/19363"}],"collection":[{"href":"https:\/\/mandat.de\/de\/wp-json\/wp\/v2\/pages"}],"about":[{"href":"https:\/\/mandat.de\/de\/wp-json\/wp\/v2\/types\/page"}],"author":[{"embeddable":true,"href":"https:\/\/mandat.de\/de\/wp-json\/wp\/v2\/users\/1"}],"replies":[{"embeddable":true,"href":"https:\/\/mandat.de\/de\/wp-json\/wp\/v2\/comments?post=19363"}],"version-history":[{"count":0,"href":"https:\/\/mandat.de\/de\/wp-json\/wp\/v2\/pages\/19363\/revisions"}],"up":[{"embeddable":true,"href":"https:\/\/mandat.de\/de\/wp-json\/wp\/v2\/pages\/16475"}],"wp:attachment":[{"href":"https:\/\/mandat.de\/de\/wp-json\/wp\/v2\/media?parent=19363"}],"curies":[{"name":"wp","href":"https:\/\/api.w.org\/{rel}","templated":true}]}}