{"id":19885,"date":"2019-06-27T21:50:43","date_gmt":"2019-06-27T19:50:43","guid":{"rendered":"https:\/\/mandat.de\/de\/?page_id=19885"},"modified":"2019-06-27T23:08:43","modified_gmt":"2019-06-27T21:08:43","slug":"persoenlicher-berater","status":"publish","type":"page","link":"https:\/\/mandat.de\/de\/leistungen\/persoenliche-beratung\/persoenlicher-berater\/","title":{"rendered":"Pers\u00f6nlicher Berater"},"content":{"rendered":"<div id='layer_slider_1'  class='avia-layerslider main_color avia-shadow  avia-builder-el-0  el_before_av_one_third  avia-builder-el-first  container_wrap sidebar_right'  style='height: 201px;'  ><link href=\"https:\/\/fonts.googleapis.com\/css?family=Montserrat:100,100i,200,200i,300,300i,400,400i,500,500i,600,600i,700,700i,800,800i,900,900i\" rel=\"stylesheet\"><div id=\"layerslider_60_18ucjsoyliwd8\"  class=\"ls-wp-container fitvidsignore ls-selectable\" style=\"width:1280px;height:200px;margin:0 auto;margin-bottom: 0px;\"><div class=\"ls-slide\" ><img width=\"1280\" height=\"201\" src=\"https:\/\/mandat.de\/de\/wp-content\/uploads\/2024\/06\/ls-project-60-slide-1.jpg\" class=\"ls-tn\" alt=\"\" srcset=\"https:\/\/mandat.de\/de\/wp-content\/uploads\/2024\/06\/ls-project-60-slide-1.jpg 1280w, https:\/\/mandat.de\/de\/wp-content\/uploads\/2024\/06\/ls-project-60-slide-1-300x47.jpg 300w, https:\/\/mandat.de\/de\/wp-content\/uploads\/2024\/06\/ls-project-60-slide-1-1030x162.jpg 1030w, https:\/\/mandat.de\/de\/wp-content\/uploads\/2024\/06\/ls-project-60-slide-1-768x121.jpg 768w, https:\/\/mandat.de\/de\/wp-content\/uploads\/2024\/06\/ls-project-60-slide-1-705x111.jpg 705w\" sizes=\"(max-width: 1280px) 100vw, 1280px\" \/><h1 style=\"top:0px;left:-112px;text-align:initial;font-weight:600;mix-blend-mode:normal;font-size:196px;line-height:212px;color:#f5f5f5;font-family:Montserrat;\" class=\"ls-l ls-text-layer\" data-ls=\"showinfo:1;position:relative;\">Pers\u00f6nlicher Berater<\/h1><h2 style=\"top:135px;left:-1px;text-align:initial;mix-blend-mode:normal;font-size:51px;line-height:57px;font-family:Montserrat;color:#133370;\" class=\"ls-l ls-text-layer\" data-ls=\"showinfo:1;position:relative;\">Pers\u00f6nlicher Berater<\/h2><\/div><\/div><\/div><div id='after_layer_slider_1'  class='main_color av_default_container_wrap container_wrap sidebar_right'  ><div class='container av-section-cont-open' ><div class='template-page content  av-content-small alpha units'><div class='post-entry post-entry-type-page post-entry-19885'><div class='entry-content-wrapper clearfix'>\n\n<style type=\"text\/css\" data-created_by=\"avia_inline_auto\" id=\"style-css-av-av_one_third-15d750bd1b332b34c6e70b077ebbccdf\">\n.flex_column.av-av_one_third-15d750bd1b332b34c6e70b077ebbccdf{\nborder-radius:0px 0px 0px 0px;\npadding:0px 0px 0px 0px;\n}\n<\/style>\n<div  class='flex_column av-av_one_third-15d750bd1b332b34c6e70b077ebbccdf av_one_third  avia-builder-el-1  el_after_av_layerslider  el_before_av_two_third  avia-builder-el-first  first flex_column_div av-zero-column-padding  '     ><style type=\"text\/css\" data-created_by=\"avia_inline_auto\" id=\"style-css-av-av_image-66d2eea022862b6cbb4a3ae550e2487b\">\n.avia-image-container.av-av_image-66d2eea022862b6cbb4a3ae550e2487b img.avia_image{\nbox-shadow:none;\n}\n.avia-image-container.av-av_image-66d2eea022862b6cbb4a3ae550e2487b .av-image-caption-overlay-center{\ncolor:#ffffff;\n}\n<\/style>\n<div  class='avia-image-container av-av_image-66d2eea022862b6cbb4a3ae550e2487b av-styling-no-styling av-hover-grow avia-align-center  avia-builder-el-2  avia-builder-el-no-sibling '   itemprop=\"image\" itemscope=\"itemscope\" itemtype=\"https:\/\/schema.org\/ImageObject\" ><div class=\"avia-image-container-inner\"><div class=\"avia-image-overlay-wrap\"><img class='wp-image-19891 avia-img-lazy-loading-not-19891 avia_image ' src=\"https:\/\/mandat.de\/de\/wp-content\/uploads\/2019\/06\/beratung-persoenlicher-berater.jpg\" alt='' title=''  height=\"567\" width=\"850\"  itemprop=\"thumbnailUrl\" srcset=\"https:\/\/mandat.de\/de\/wp-content\/uploads\/2019\/06\/beratung-persoenlicher-berater.jpg 850w, https:\/\/mandat.de\/de\/wp-content\/uploads\/2019\/06\/beratung-persoenlicher-berater-300x200.jpg 300w, https:\/\/mandat.de\/de\/wp-content\/uploads\/2019\/06\/beratung-persoenlicher-berater-768x512.jpg 768w, https:\/\/mandat.de\/de\/wp-content\/uploads\/2019\/06\/beratung-persoenlicher-berater-705x470.jpg 705w, https:\/\/mandat.de\/de\/wp-content\/uploads\/2019\/06\/beratung-persoenlicher-berater-450x300.jpg 450w\" sizes=\"(max-width: 850px) 100vw, 850px\" \/><\/div><\/div><\/div><\/div>\n\n<style type=\"text\/css\" data-created_by=\"avia_inline_auto\" id=\"style-css-av-av_two_third-c8fc129dc35fd1ae2a1e410224d39ea8\">\n.flex_column.av-av_two_third-c8fc129dc35fd1ae2a1e410224d39ea8{\nborder-radius:0px 0px 0px 0px;\npadding:0px 0px 0px 0px;\n}\n<\/style>\n<div  class='flex_column av-av_two_third-c8fc129dc35fd1ae2a1e410224d39ea8 av_two_third  avia-builder-el-3  el_after_av_one_third  el_before_av_one_full  flex_column_div av-zero-column-padding  '     ><p>\n<style type=\"text\/css\" data-created_by=\"avia_inline_auto\" id=\"style-css-av-av_heading-194cbe9da5d645c64b2bcccc1811fc1f\">\n#top .av-special-heading.av-av_heading-194cbe9da5d645c64b2bcccc1811fc1f{\npadding-bottom:10px;\n}\nbody .av-special-heading.av-av_heading-194cbe9da5d645c64b2bcccc1811fc1f .av-special-heading-tag .heading-char{\nfont-size:25px;\n}\n.av-special-heading.av-av_heading-194cbe9da5d645c64b2bcccc1811fc1f .av-subheading{\nfont-size:15px;\n}\n<\/style>\n<div  class='av-special-heading av-av_heading-194cbe9da5d645c64b2bcccc1811fc1f av-special-heading-h3  avia-builder-el-4  el_before_av_textblock  avia-builder-el-first '><h3 class='av-special-heading-tag'  itemprop=\"headline\"  >An der Spitze wird es einsam<\/h3><div class=\"special-heading-border\"><div class=\"special-heading-inner-border\"><\/div><\/div><\/div><br \/>\n<section  class='av_textblock_section av-av_textblock-2de302bf1aa3cf4c9157dbe6f50ac7eb '   itemscope=\"itemscope\" itemtype=\"https:\/\/schema.org\/CreativeWork\" ><div class='avia_textblock'  itemprop=\"text\" ><p style=\"text-align: left;\">Wenn Sie uns als Unternehmenslenker, in diesem sehr pers\u00f6nlichen Leistungsfeld mandatieren, sind Sie eine <strong>starke, selbstbewusste, leistungsf\u00e4hige Pers\u00f6nlichkeit<\/strong>, die gezielt nach einer externen Meinung und einem kritischen Resonanzboden f\u00fcr Ihre anstehenden Entscheidungen sucht. Sie w\u00fcnschen sich einen Dialog basierend auf gegenseitiger <strong>Wertsch\u00e4tzung, Respekt und Vertrauen<\/strong>. Der ausgepr\u00e4gte Wille und die F\u00e4higkeit, Besonderes zu schaffen, w\u00fcrde dabei die Zusammenarbeit zwischen Ihnen und Ihrem pers\u00f6nlichen Berater pr\u00e4gen.<\/p>\n<\/div><\/section><\/p><\/div>\n\n<style type=\"text\/css\" data-created_by=\"avia_inline_auto\" id=\"style-css-av-av_one_full-15d750bd1b332b34c6e70b077ebbccdf\">\n.flex_column.av-av_one_full-15d750bd1b332b34c6e70b077ebbccdf{\nborder-radius:0px 0px 0px 0px;\npadding:0px 0px 0px 0px;\n}\n<\/style>\n<div  class='flex_column av-av_one_full-15d750bd1b332b34c6e70b077ebbccdf av_one_full  avia-builder-el-6  el_after_av_two_third  el_before_av_section  avia-builder-el-last  first flex_column_div av-zero-column-padding  column-top-margin'     ><p>\n<style type=\"text\/css\" data-created_by=\"avia_inline_auto\" id=\"style-css-av-av_heading-1b8dee38e0eb45ae96df03d232824f51\">\n#top .av-special-heading.av-av_heading-1b8dee38e0eb45ae96df03d232824f51{\npadding-bottom:10px;\n}\nbody .av-special-heading.av-av_heading-1b8dee38e0eb45ae96df03d232824f51 .av-special-heading-tag .heading-char{\nfont-size:25px;\n}\n.av-special-heading.av-av_heading-1b8dee38e0eb45ae96df03d232824f51 .av-subheading{\nfont-size:15px;\n}\n<\/style>\n<div  class='av-special-heading av-av_heading-1b8dee38e0eb45ae96df03d232824f51 av-special-heading-h3  avia-builder-el-7  el_before_av_textblock  avia-builder-el-first '><h3 class='av-special-heading-tag'  itemprop=\"headline\"  >Das sind Ihre Vorteile<\/h3><div class=\"special-heading-border\"><div class=\"special-heading-inner-border\"><\/div><\/div><\/div><br \/>\n<section  class='av_textblock_section av-av_textblock-2de302bf1aa3cf4c9157dbe6f50ac7eb '   itemscope=\"itemscope\" itemtype=\"https:\/\/schema.org\/CreativeWork\" ><div class='avia_textblock'  itemprop=\"text\" ><p style=\"text-align: left;\">Viele unserer Unternehmenslenker brauchen einen <strong>unabh\u00e4ngigen, erfahrenen Ratgeber<\/strong> auf Zeit, um ausgew\u00e4hlte Themen mit einer dritten Person zu reflektieren, die von den Entscheidungen, die getroffen werden, nicht betroffen ist und so \u00fcberhaupt erst zu einem unabh\u00e4ngigen Rat in der Lage. Ihr pers\u00f6nlicher Berater hat dabei nie Interesse an einer ganz bestimmten L\u00f6sung.<\/p>\n<p style=\"text-align: left;\">Der <strong>Nutzen<\/strong> pers\u00f6nlicher Beratungs-Mandate tritt in der Regel <strong>auf zwei Ebenen ein \u2013 der unternehmerischen Ebene und der pers\u00f6nlichen Ebene<\/strong>. Auch wenn jedes Mandat sehr individuell ist, sind dies Mehrwerte, die wir regelhaft gespiegelt bekommen:<\/p>\n<\/div><\/section><\/p><\/div>\n<\/div><\/div><\/div><!-- close content main div --><\/div><\/div>\n<style type=\"text\/css\" data-created_by=\"avia_inline_auto\" id=\"style-css-av-av_section-19d674c16a14a4558e15acb36b805dff\">\n.avia-section.av-av_section-19d674c16a14a4558e15acb36b805dff{\nbackground-color:#f8f8f8;\nbackground-image:unset;\n}\n<\/style>\n<div id='av_section_1'  class='avia-section av-av_section-19d674c16a14a4558e15acb36b805dff main_color avia-section-default avia-no-shadow  avia-builder-el-9  el_after_av_one_full  el_before_av_one_full  avia-bg-style-scroll container_wrap sidebar_right'  ><div class='container av-section-cont-open' ><div class='template-page content  av-content-small alpha units'><div class='post-entry post-entry-type-page post-entry-19885'><div class='entry-content-wrapper clearfix'>\n\n<style type=\"text\/css\" data-created_by=\"avia_inline_auto\" id=\"style-css-av-av_one_half-15d750bd1b332b34c6e70b077ebbccdf\">\n.flex_column.av-av_one_half-15d750bd1b332b34c6e70b077ebbccdf{\nborder-radius:0px 0px 0px 0px;\npadding:0px 0px 0px 0px;\n}\n<\/style>\n<div  class='flex_column av-av_one_half-15d750bd1b332b34c6e70b077ebbccdf av_one_half  avia-builder-el-10  el_before_av_one_half  avia-builder-el-first  first flex_column_div av-zero-column-padding  '     ><section  class='av_textblock_section av-av_textblock-2de302bf1aa3cf4c9157dbe6f50ac7eb '   itemscope=\"itemscope\" itemtype=\"https:\/\/schema.org\/CreativeWork\" ><div class='avia_textblock'  itemprop=\"text\" ><p><strong>Die unternehmerische Ebene<\/strong><\/p>\n<ul>\n<li>Sie k\u00f6nnen Dinge besprechen, die f\u00fcr die Unternehmens\u00f6ffentlichkeit noch nicht geeignet sind \u2013 wie Leistungsfelder der Zukunft oder Innovationsprojekte.<\/li>\n<li>Sie k\u00f6nnen Ideen, Gedanken und Modelle durchsprechen, ohne das direkt betroffene Personen dabei w\u00e4ren und Ideen weiter durch das Unternehmen getragen werden.<\/li>\n<li>Sie k\u00f6nnen sich selbst noch einmal klarer werden \u00fcber die aktuellen unternehmerischen Priorit\u00e4ten und die strategische Sto\u00dfrichtung der Unternehmung.<\/li>\n<\/ul>\n<\/div><\/section><\/div>\n<style type=\"text\/css\" data-created_by=\"avia_inline_auto\" id=\"style-css-av-av_one_half-c8fc129dc35fd1ae2a1e410224d39ea8\">\n.flex_column.av-av_one_half-c8fc129dc35fd1ae2a1e410224d39ea8{\nborder-radius:0px 0px 0px 0px;\npadding:0px 0px 0px 0px;\n}\n<\/style>\n<div  class='flex_column av-av_one_half-c8fc129dc35fd1ae2a1e410224d39ea8 av_one_half  avia-builder-el-12  el_after_av_one_half  avia-builder-el-last  flex_column_div av-zero-column-padding  '     ><section  class='av_textblock_section av-av_textblock-2de302bf1aa3cf4c9157dbe6f50ac7eb '   itemscope=\"itemscope\" itemtype=\"https:\/\/schema.org\/CreativeWork\" ><div class='avia_textblock'  itemprop=\"text\" ><p><strong>Die pers\u00f6nliche Ebene:<\/strong><\/p>\n<ul>\n<li>Sie werden neben der anspruchsvollen Aufgabe der Unternehmensf\u00fchrung, Freiraum f\u00fcr andere Dinge zur\u00fcckgewinnen und Fragen der eigenen Arbeitsorganisation kl\u00e4ren.<\/li>\n<li>Insbesondere mit Familienunternehmern arbeiten wir l\u00f6sungsorientiert am Thema Nachfolge oder Unternehmens\u00fcbernahme. Vielleicht ist das auch ein Thema bei dem wir Sie unterst\u00fctzen k\u00f6nnen.<\/li>\n<li>Sie haben einen Gespr\u00e4chspartner, um potenziellen Konflikten im Unternehmen pers\u00f6nlich besser zu begegnen \u2013 sowohl mit Mitarbeitern als auch mit Kunden, Lieferanten oder Partnern.<\/li>\n<\/ul>\n<\/div><\/section><\/div><\/div><\/div><\/div><!-- close content main div --><\/div><\/div><div id='after_section_1'  class='main_color av_default_container_wrap container_wrap sidebar_right'  ><div class='container av-section-cont-open' ><div class='template-page content  av-content-small alpha units'><div class='post-entry post-entry-type-page post-entry-19885'><div class='entry-content-wrapper clearfix'>\n<style type=\"text\/css\" data-created_by=\"avia_inline_auto\" id=\"style-css-av-av_one_full-15d750bd1b332b34c6e70b077ebbccdf\">\n.flex_column.av-av_one_full-15d750bd1b332b34c6e70b077ebbccdf{\nborder-radius:0px 0px 0px 0px;\npadding:0px 0px 0px 0px;\n}\n<\/style>\n<div  class='flex_column av-av_one_full-15d750bd1b332b34c6e70b077ebbccdf av_one_full  avia-builder-el-14  el_after_av_section  el_before_av_section  avia-builder-el-no-sibling  first flex_column_div av-zero-column-padding  '     ><p>\n<style type=\"text\/css\" data-created_by=\"avia_inline_auto\" id=\"style-css-av-av_heading-40e8a32c33354977a8c44829978060f7\">\n#top .av-special-heading.av-av_heading-40e8a32c33354977a8c44829978060f7{\npadding-bottom:10px;\n}\nbody .av-special-heading.av-av_heading-40e8a32c33354977a8c44829978060f7 .av-special-heading-tag .heading-char{\nfont-size:25px;\n}\n.av-special-heading.av-av_heading-40e8a32c33354977a8c44829978060f7 .av-subheading{\nfont-size:15px;\n}\n<\/style>\n<div  class='av-special-heading av-av_heading-40e8a32c33354977a8c44829978060f7 av-special-heading-h3  avia-builder-el-15  el_before_av_textblock  avia-builder-el-first '><h3 class='av-special-heading-tag'  itemprop=\"headline\"  >So werden wir zusammenarbeiten<\/h3><div class=\"special-heading-border\"><div class=\"special-heading-inner-border\"><\/div><\/div><\/div><br \/>\n<section  class='av_textblock_section av-av_textblock-2de302bf1aa3cf4c9157dbe6f50ac7eb '   itemscope=\"itemscope\" itemtype=\"https:\/\/schema.org\/CreativeWork\" ><div class='avia_textblock'  itemprop=\"text\" ><p style=\"text-align: left;\">Ihr pers\u00f6nlicher Berater ist <strong>da, wenn Sie ihn brauchen<\/strong> \u2013 \u00e4hnlich einer Versicherung.<\/p>\n<p style=\"text-align: left;\">Sie haben <strong>jederzeit direkten Zugang<\/strong> zu Ihrem pers\u00f6nlichen Berater. Der pers\u00f6nliche Berater beantwortet Telefonate in der Regel am selben Werktag und E-Mails in der Regel binnen 24 Stunden. Fragen, Empfehlungen, Diskussionen k\u00f6nnen dabei jegliches unternehmerische Thema betreffen und werden <strong>pers\u00f6nlich und hochvertraulich<\/strong> behandelt. Der Zeitraum der Zusammenarbeit liegt dabei <strong>h\u00e4ufig zwischen sechs und zw\u00f6lf Monaten<\/strong>.<\/p>\n<p style=\"text-align: left;\">Das pers\u00f6nliche Beratungsmandat <strong>startet mit einem initialen Treffen<\/strong> und <strong>endet<\/strong> idealerweise auch <strong>mit einem gemeinsamen Debriefing<\/strong>. W\u00e4hrend der gemeinsamen Zeit w\u00e4hlen wir stets das gebotene Mittel des Austausches \u2013 was wir Ihnen empfehlen, sind neben der M\u00f6glichkeit, jederzeit mit Fragen auf den pers\u00f6nlichen Berater zuzugehen, <strong>feste Telefontermine<\/strong>, um regelm\u00e4\u00dfig im Austausch zu stehen. Denn Ihr pers\u00f6nlicher Berater ist <strong>auch Ihr Verbindlichkeitspartner<\/strong> und wird sich erlauben, bestimmte Themen nachzufragen.<\/p>\n<p style=\"text-align: left;\">Eine <strong>tickende Honoraruhr gibt es dabei nicht<\/strong>. Wir arbeiten grunds\u00e4tzlich mit einem festen Honorar f\u00fcr den abgestimmten Zeitraum, so m\u00fcssen Sie nicht \u00fcberlegen, ob Sie Kosten verursachen, wenn Sie zum Telefonh\u00f6rer greifen oder Ihren pers\u00f6nlichen Berater auf anderem Wege kontaktieren.<\/p>\n<\/div><\/section><\/p><\/div><\/p>\n<\/div><\/div><\/div><!-- close content main div --><\/div><\/div>\n<style type=\"text\/css\" data-created_by=\"avia_inline_auto\" id=\"style-css-av-av_section-19d674c16a14a4558e15acb36b805dff\">\n.avia-section.av-av_section-19d674c16a14a4558e15acb36b805dff{\nbackground-color:#f8f8f8;\nbackground-image:unset;\n}\n<\/style>\n<div id='av_section_2'  class='avia-section av-av_section-19d674c16a14a4558e15acb36b805dff main_color avia-section-default avia-no-shadow  avia-builder-el-17  el_after_av_one_full  el_before_av_layout_row  avia-bg-style-scroll container_wrap sidebar_right'  ><div class='container av-section-cont-open' ><div class='template-page content  av-content-small alpha units'><div class='post-entry post-entry-type-page post-entry-19885'><div class='entry-content-wrapper clearfix'>\n\n<style type=\"text\/css\" data-created_by=\"avia_inline_auto\" id=\"style-css-av-av_one_fifth-15d750bd1b332b34c6e70b077ebbccdf\">\n.flex_column.av-av_one_fifth-15d750bd1b332b34c6e70b077ebbccdf{\nborder-radius:0px 0px 0px 0px;\npadding:0px 0px 0px 0px;\n}\n<\/style>\n<div  class='flex_column av-av_one_fifth-15d750bd1b332b34c6e70b077ebbccdf av_one_fifth  avia-builder-el-18  el_before_av_three_fifth  avia-builder-el-first  first flex_column_div av-zero-column-padding  '     ><\/div>\n<style type=\"text\/css\" data-created_by=\"avia_inline_auto\" id=\"style-css-av-av_three_fifth-c8fc129dc35fd1ae2a1e410224d39ea8\">\n.flex_column.av-av_three_fifth-c8fc129dc35fd1ae2a1e410224d39ea8{\nborder-radius:0px 0px 0px 0px;\npadding:0px 0px 0px 0px;\n}\n<\/style>\n<div  class='flex_column av-av_three_fifth-c8fc129dc35fd1ae2a1e410224d39ea8 av_three_fifth  avia-builder-el-19  el_after_av_one_fifth  el_before_av_one_fifth  flex_column_div av-zero-column-padding  '     ><p>\n<style type=\"text\/css\" data-created_by=\"avia_inline_auto\" id=\"style-css-av-av_hr-6733c455db04404a43d77a0b20c2cf8b\">\n#top .hr.av-av_hr-6733c455db04404a43d77a0b20c2cf8b{\nmargin-top:15px;\nmargin-bottom:15px;\n}\n.hr.av-av_hr-6733c455db04404a43d77a0b20c2cf8b .hr-inner{\nwidth:50px;\nborder-color:#133370;\n}\n<\/style>\n<div  class='hr av-av_hr-6733c455db04404a43d77a0b20c2cf8b hr-custom  avia-builder-el-20  el_before_av_textblock  avia-builder-el-first  hr-center hr-icon-no'><span class='hr-inner inner-border-av-border-fat'><span class=\"hr-inner-style\"><\/span><\/span><\/div><br \/>\n<section  class='av_textblock_section av-av_textblock-2de302bf1aa3cf4c9157dbe6f50ac7eb '   itemscope=\"itemscope\" itemtype=\"https:\/\/schema.org\/CreativeWork\" ><div class='avia_textblock'  itemprop=\"text\" ><p style=\"text-align: center;\">Lassen Sie uns gemeinsam herausfinden, ob ein pers\u00f6nliches Beratungs-Mandat f\u00fcr Sie die richtige Wahl sein kann, um pers\u00f6nliche und unternehmerische Wachstumsziele schneller und effektiver zu erreichen. Rufen Sie uns an oder schreiben Sie uns.<\/p>\n<\/div><\/section><br \/>\n\n<style type=\"text\/css\" data-created_by=\"avia_inline_auto\" id=\"style-css-av-av_hr-6733c455db04404a43d77a0b20c2cf8b\">\n#top .hr.av-av_hr-6733c455db04404a43d77a0b20c2cf8b{\nmargin-top:15px;\nmargin-bottom:15px;\n}\n.hr.av-av_hr-6733c455db04404a43d77a0b20c2cf8b .hr-inner{\nwidth:50px;\nborder-color:#133370;\n}\n<\/style>\n<div  class='hr av-av_hr-6733c455db04404a43d77a0b20c2cf8b hr-custom  avia-builder-el-22  el_after_av_textblock  el_before_av_button  hr-center hr-icon-no'><span class='hr-inner inner-border-av-border-fat'><span class=\"hr-inner-style\"><\/span><\/span><\/div><br \/>\n<div  class='avia-button-wrap av-av_button-9c593ec18860982072929b0a3423eaa9-wrap avia-button-center  avia-builder-el-23  el_after_av_hr  avia-builder-el-last '><a href='https:\/\/mandat.de\/de\/kontakt\/'  class='avia-button av-av_button-9c593ec18860982072929b0a3423eaa9 avia-icon_select-no avia-size-x-large avia-position-center avia-color-theme-color'  ><span class='avia_iconbox_title' >Beginnen<\/span><\/a><\/div><\/p><\/div>\n<style type=\"text\/css\" data-created_by=\"avia_inline_auto\" id=\"style-css-av-av_one_fifth-c8fc129dc35fd1ae2a1e410224d39ea8\">\n.flex_column.av-av_one_fifth-c8fc129dc35fd1ae2a1e410224d39ea8{\nborder-radius:0px 0px 0px 0px;\npadding:0px 0px 0px 0px;\n}\n<\/style>\n<div  class='flex_column av-av_one_fifth-c8fc129dc35fd1ae2a1e410224d39ea8 av_one_fifth  avia-builder-el-24  el_after_av_three_fifth  avia-builder-el-last  flex_column_div av-zero-column-padding  '     ><\/div>\n\n<\/div><\/div><\/div><!-- close content main div --><\/div><\/div><div id='footer-leistungen'  class='av-layout-grid-container av-av_layout_row-2a417891ba00cdbc2ad2ee8c72ab99af entry-content-wrapper main_color av-flex-cells  avia-builder-el-25  el_after_av_section  avia-builder-el-last  grid-row-not-first  container_wrap sidebar_right'  >\n\n<style type=\"text\/css\" data-created_by=\"avia_inline_auto\" id=\"style-css-av-av_cell_one_fourth-1288501ad300906cd862592920d36943\">\n.flex_cell.av-av_cell_one_fourth-1288501ad300906cd862592920d36943{\nvertical-align:top;\nbackground-color:#133370;\n}\n.responsive #top #wrap_all .flex_cell.av-av_cell_one_fourth-1288501ad300906cd862592920d36943{\npadding:50px 50px 50px 50px !important;\n}\n<\/style>\n<div class='flex_cell av-av_cell_one_fourth-1288501ad300906cd862592920d36943 av-gridrow-cell av_one_fourth no_margin  avia-builder-el-26  el_before_av_cell_one_fourth  avia-builder-el-first '  ><div class='flex_cell_inner'>\n<style type=\"text\/css\" data-created_by=\"avia_inline_auto\" id=\"style-css-av-av_font_icon-209bddafb735e6434a0afbecf97e25b2\">\n.av_font_icon.av-av_font_icon-209bddafb735e6434a0afbecf97e25b2{\ncolor:#ffffff;\nborder-color:#ffffff;\n}\n.av_font_icon.av-av_font_icon-209bddafb735e6434a0afbecf97e25b2 .av-icon-char{\nfont-size:40px;\nline-height:40px;\nwidth:40px;\n}\n<\/style>\n<span  class='av_font_icon av-av_font_icon-209bddafb735e6434a0afbecf97e25b2 avia_animate_when_visible av-icon-style-border avia-icon-pos-center avia-icon-animate'><a href='https:\/\/mandat.de\/de\/wachstums-know-how\/'   class='av-icon-char' aria-hidden='true' data-av_icon='\ue84e' data-av_iconfont='entypo-fontello' ><\/a><span class='av_icon_caption av-special-font'>Know-how<\/span><\/span>\n<\/div><\/div>\n<style type=\"text\/css\" data-created_by=\"avia_inline_auto\" id=\"style-css-av-av_cell_one_fourth-1288501ad300906cd862592920d36943\">\n.flex_cell.av-av_cell_one_fourth-1288501ad300906cd862592920d36943{\nvertical-align:top;\nbackground-color:#133370;\n}\n.responsive #top #wrap_all .flex_cell.av-av_cell_one_fourth-1288501ad300906cd862592920d36943{\npadding:50px 50px 50px 50px !important;\n}\n<\/style>\n<div class='flex_cell av-av_cell_one_fourth-1288501ad300906cd862592920d36943 av-gridrow-cell av_one_fourth no_margin  avia-builder-el-28  el_after_av_cell_one_fourth  el_before_av_cell_one_fourth '  ><div class='flex_cell_inner'>\n<style type=\"text\/css\" data-created_by=\"avia_inline_auto\" id=\"style-css-av-av_font_icon-03d2ab3cce92e126f40dbfdded191758\">\n.av_font_icon.av-av_font_icon-03d2ab3cce92e126f40dbfdded191758{\ncolor:#ffffff;\nborder-color:#ffffff;\n}\n.av_font_icon.av-av_font_icon-03d2ab3cce92e126f40dbfdded191758 .av-icon-char{\nfont-size:40px;\nline-height:40px;\nwidth:40px;\n}\n<\/style>\n<span  class='av_font_icon av-av_font_icon-03d2ab3cce92e126f40dbfdded191758 avia_animate_when_visible av-icon-style-border avia-icon-pos-center avia-icon-animate'><a href='https:\/\/mandat.de\/de\/testimonials\/'   class='av-icon-char' aria-hidden='true' data-av_icon='\ue80b' data-av_iconfont='entypo-fontello' ><\/a><span class='av_icon_caption av-special-font'>Klientenstimmen<\/span><\/span>\n<\/div><\/div>\n<style type=\"text\/css\" data-created_by=\"avia_inline_auto\" id=\"style-css-av-av_cell_one_fourth-1288501ad300906cd862592920d36943\">\n.flex_cell.av-av_cell_one_fourth-1288501ad300906cd862592920d36943{\nvertical-align:top;\nbackground-color:#133370;\n}\n.responsive #top #wrap_all .flex_cell.av-av_cell_one_fourth-1288501ad300906cd862592920d36943{\npadding:50px 50px 50px 50px !important;\n}\n<\/style>\n<div class='flex_cell av-av_cell_one_fourth-1288501ad300906cd862592920d36943 av-gridrow-cell av_one_fourth no_margin  avia-builder-el-30  el_after_av_cell_one_fourth  el_before_av_cell_one_fourth '  ><div class='flex_cell_inner'>\n<style type=\"text\/css\" data-created_by=\"avia_inline_auto\" id=\"style-css-av-av_font_icon-e8d1c39b8ca040633e479f05197096ee\">\n.av_font_icon.av-av_font_icon-e8d1c39b8ca040633e479f05197096ee{\ncolor:#ffffff;\nborder-color:#ffffff;\n}\n.av_font_icon.av-av_font_icon-e8d1c39b8ca040633e479f05197096ee .av-icon-char{\nfont-size:40px;\nline-height:40px;\nwidth:40px;\n}\n<\/style>\n<span  class='av_font_icon av-av_font_icon-e8d1c39b8ca040633e479f05197096ee avia_animate_when_visible av-icon-style-border avia-icon-pos-center avia-icon-animate'><a href='https:\/\/mandat.de\/de\/testimonials\/erfolgsgeschichten\/'   class='av-icon-char' aria-hidden='true' data-av_icon='\ue808' data-av_iconfont='entypo-fontello' ><\/a><span class='av_icon_caption av-special-font'>Erfolgsgeschichten<\/span><\/span>\n<\/div><\/div>\n<style type=\"text\/css\" data-created_by=\"avia_inline_auto\" id=\"style-css-av-av_cell_one_fourth-1288501ad300906cd862592920d36943\">\n.flex_cell.av-av_cell_one_fourth-1288501ad300906cd862592920d36943{\nvertical-align:top;\nbackground-color:#133370;\n}\n.responsive #top #wrap_all .flex_cell.av-av_cell_one_fourth-1288501ad300906cd862592920d36943{\npadding:50px 50px 50px 50px !important;\n}\n<\/style>\n<div class='flex_cell av-av_cell_one_fourth-1288501ad300906cd862592920d36943 av-gridrow-cell av_one_fourth no_margin  avia-builder-el-32  el_after_av_cell_one_fourth  avia-builder-el-last '  ><div class='flex_cell_inner'>\n<style type=\"text\/css\" data-created_by=\"avia_inline_auto\" id=\"style-css-av-av_font_icon-4755ee7fb64f4f98a5fd05e717e40b2c\">\n.av_font_icon.av-av_font_icon-4755ee7fb64f4f98a5fd05e717e40b2c{\ncolor:#ffffff;\nborder-color:#ffffff;\n}\n.av_font_icon.av-av_font_icon-4755ee7fb64f4f98a5fd05e717e40b2c .av-icon-char{\nfont-size:40px;\nline-height:40px;\nwidth:40px;\n}\n<\/style>\n<span  class='av_font_icon av-av_font_icon-4755ee7fb64f4f98a5fd05e717e40b2c avia_animate_when_visible av-icon-style-border avia-icon-pos-center avia-icon-animate'><a href='https:\/\/mandat.de\/de\/leistungen\/'   class='av-icon-char' aria-hidden='true' data-av_icon='\ue812' data-av_iconfont='entypo-fontello' ><\/a><span class='av_icon_caption av-special-font'>Leistungen<\/span><\/span>\n<\/div><\/div>\n<\/div>\n","protected":false},"excerpt":{"rendered":"","protected":false},"author":1,"featured_media":0,"parent":17329,"menu_order":0,"comment_status":"closed","ping_status":"closed","template":"","meta":[],"_links":{"self":[{"href":"https:\/\/mandat.de\/de\/wp-json\/wp\/v2\/pages\/19885"}],"collection":[{"href":"https:\/\/mandat.de\/de\/wp-json\/wp\/v2\/pages"}],"about":[{"href":"https:\/\/mandat.de\/de\/wp-json\/wp\/v2\/types\/page"}],"author":[{"embeddable":true,"href":"https:\/\/mandat.de\/de\/wp-json\/wp\/v2\/users\/1"}],"replies":[{"embeddable":true,"href":"https:\/\/mandat.de\/de\/wp-json\/wp\/v2\/comments?post=19885"}],"version-history":[{"count":0,"href":"https:\/\/mandat.de\/de\/wp-json\/wp\/v2\/pages\/19885\/revisions"}],"up":[{"embeddable":true,"href":"https:\/\/mandat.de\/de\/wp-json\/wp\/v2\/pages\/17329"}],"wp:attachment":[{"href":"https:\/\/mandat.de\/de\/wp-json\/wp\/v2\/media?parent=19885"}],"curies":[{"name":"wp","href":"https:\/\/api.w.org\/{rel}","templated":true}]}}