{"id":22990,"date":"2020-05-29T14:42:04","date_gmt":"2020-05-29T12:42:04","guid":{"rendered":"https:\/\/mandat.de\/de\/?page_id=22990"},"modified":"2020-06-09T11:42:17","modified_gmt":"2020-06-09T09:42:17","slug":"articles","status":"publish","type":"page","link":"https:\/\/mandat.de\/de\/growth-expertise\/articles\/?lang=en","title":{"rendered":"Articles"},"content":{"rendered":"<div id='layer_slider_1'  class='avia-layerslider main_color avia-shadow  avia-builder-el-0  el_before_av_layout_row  avia-builder-el-first  container_wrap sidebar_right'  style='height: 201px;'  ><link href=\"https:\/\/fonts.googleapis.com\/css?family=Montserrat:100,100i,200,200i,300,300i,400,400i,500,500i,600,600i,700,700i,800,800i,900,900i\" rel=\"stylesheet\"><div id=\"layerslider_82_1nynz6vl2xgw9\"  class=\"ls-wp-container fitvidsignore ls-selectable\" style=\"width:1280px;height:200px;margin:0 auto;margin-bottom: 0px;\"><div class=\"ls-slide\" ><img width=\"1280\" height=\"201\" src=\"https:\/\/mandat.de\/de\/wp-content\/uploads\/2024\/06\/ls-project-82-slide-1.jpg\" class=\"ls-tn\" alt=\"\" srcset=\"https:\/\/mandat.de\/de\/wp-content\/uploads\/2024\/06\/ls-project-82-slide-1.jpg 1280w, https:\/\/mandat.de\/de\/wp-content\/uploads\/2024\/06\/ls-project-82-slide-1-300x47.jpg 300w, https:\/\/mandat.de\/de\/wp-content\/uploads\/2024\/06\/ls-project-82-slide-1-1030x162.jpg 1030w, https:\/\/mandat.de\/de\/wp-content\/uploads\/2024\/06\/ls-project-82-slide-1-768x121.jpg 768w, https:\/\/mandat.de\/de\/wp-content\/uploads\/2024\/06\/ls-project-82-slide-1-705x111.jpg 705w\" sizes=\"(max-width: 1280px) 100vw, 1280px\" \/><h1 style=\"top:0px;left:5px;text-align:initial;font-weight:600;mix-blend-mode:normal;font-size:196px;line-height:212px;color:#f5f5f5;font-family:Montserrat;\" class=\"ls-l ls-text-layer\" data-ls=\"showinfo:1;position:relative;\">Articles<\/h1><h2 style=\"top:145px;left:-1px;text-align:initial;mix-blend-mode:normal;font-size:51px;line-height:57px;font-family:Montserrat;color:#133370;\" class=\"ls-l ls-text-layer\" data-ls=\"showinfo:1;position:relative;\">Articles<\/h2><\/div><\/div><\/div>\n<div id='av-layout-grid-1'  class='av-layout-grid-container av-av_layout_row-edf07c93594a85695fda65c20c2393d8 entry-content-wrapper main_color av-flex-cells  avia-builder-el-1  el_after_av_layerslider  el_before_av_layout_row  grid-row-not-first  container_wrap sidebar_right'  >\n\n<style type=\"text\/css\" data-created_by=\"avia_inline_auto\" id=\"style-css-av-av_cell_one_fourth-58c6caa20961fe309eec664d561abc47\">\n.flex_cell.av-av_cell_one_fourth-58c6caa20961fe309eec664d561abc47{\nvertical-align:middle;\n}\n.responsive #top #wrap_all .flex_cell.av-av_cell_one_fourth-58c6caa20961fe309eec664d561abc47{\npadding:0px 0px 0px 0px !important;\n}\n<\/style>\n<div class='flex_cell av-av_cell_one_fourth-58c6caa20961fe309eec664d561abc47 av-gridrow-cell av_one_fourth no_margin  avia-builder-el-2  el_before_av_cell_one_fourth  avia-builder-el-first  av-zero-padding'  ><div class='flex_cell_inner'>\n<style type=\"text\/css\" data-created_by=\"avia_inline_auto\" id=\"style-css-av-av_image-3e38e536c0e786931b983c8811032cc5\">\n.avia-image-container.av-av_image-3e38e536c0e786931b983c8811032cc5 img.avia_image{\nbox-shadow:none;\n}\n.avia-image-container.av-av_image-3e38e536c0e786931b983c8811032cc5 .av-image-caption-overlay-center{\ncolor:#ffffff;\n}\n<\/style>\n<div  class='avia-image-container av-av_image-3e38e536c0e786931b983c8811032cc5 av-styling-no-styling avia_animated_image av-animated-when-visible-95 top-to-bottom avia-align-center  avia-builder-el-3  avia-builder-el-no-sibling '   itemprop=\"image\" itemscope=\"itemscope\" itemtype=\"https:\/\/schema.org\/ImageObject\" ><div class=\"avia-image-container-inner\"><div class=\"avia-image-overlay-wrap\"><img class='wp-image-18897 avia-img-lazy-loading-not-18897 avia_image ' src=\"https:\/\/mandat.de\/de\/wp-content\/uploads\/2019\/06\/wachstumsstrategie-und-realisierung.jpg\" alt='Wachstumsstrategie und Realisierung' title='Wachstumsstrategie und Realisierung'  height=\"786\" width=\"694\"  itemprop=\"thumbnailUrl\" srcset=\"https:\/\/mandat.de\/de\/wp-content\/uploads\/2019\/06\/wachstumsstrategie-und-realisierung.jpg 694w, https:\/\/mandat.de\/de\/wp-content\/uploads\/2019\/06\/wachstumsstrategie-und-realisierung-265x300.jpg 265w, https:\/\/mandat.de\/de\/wp-content\/uploads\/2019\/06\/wachstumsstrategie-und-realisierung-622x705.jpg 622w, https:\/\/mandat.de\/de\/wp-content\/uploads\/2019\/06\/wachstumsstrategie-und-realisierung-450x510.jpg 450w\" sizes=\"(max-width: 694px) 100vw, 694px\" \/><\/div><\/div><\/div>\n<\/div><\/div>\n<style type=\"text\/css\" data-created_by=\"avia_inline_auto\" id=\"style-css-av-av_cell_one_fourth-3ff211d9154b9c023bc94e5061922c83\">\n.flex_cell.av-av_cell_one_fourth-3ff211d9154b9c023bc94e5061922c83{\nvertical-align:middle;\nbackground-color:#f8f8f8;\n}\n.responsive #top #wrap_all .flex_cell.av-av_cell_one_fourth-3ff211d9154b9c023bc94e5061922c83{\npadding:30px 30px 30px 30px !important;\n}\n<\/style>\n<div class='flex_cell av-av_cell_one_fourth-3ff211d9154b9c023bc94e5061922c83 av-gridrow-cell av_one_fourth no_margin  avia-builder-el-4  el_after_av_cell_one_fourth  el_before_av_cell_one_fourth '  ><div class='flex_cell_inner'><section  class='av_textblock_section av-av_textblock-2de302bf1aa3cf4c9157dbe6f50ac7eb '   itemscope=\"itemscope\" itemtype=\"https:\/\/schema.org\/CreativeWork\" ><div class='avia_textblock'  itemprop=\"text\" ><h3 style=\"text-align: center;\">Growth Strategy and Realization<\/h3>\n<\/div><\/section><br \/>\n\n<style type=\"text\/css\" data-created_by=\"avia_inline_auto\" id=\"style-css-av-av_hr-4474f20d2389e2e5ecf918a02da5132e\">\n#top .hr.hr-invisible.av-av_hr-4474f20d2389e2e5ecf918a02da5132e{\nheight:50px;\n}\n<\/style>\n<div  class='hr av-av_hr-4474f20d2389e2e5ecf918a02da5132e hr-invisible  avia-builder-el-6  el_after_av_textblock  el_before_av_button '><span class='hr-inner '><span class=\"hr-inner-style\"><\/span><\/span><\/div><br \/>\n<div  class='avia-button-wrap av-av_button-2eed6582c8a6e965426290f852811932-wrap avia-button-center  avia-builder-el-7  el_after_av_hr  avia-builder-el-last '><a href='https:\/\/mandat.de\/de\/growth-expertise\/articles\/growth-strategy-and-realisation\/?lang=en'  class='avia-button av-av_button-2eed6582c8a6e965426290f852811932 avia-icon_select-no avia-size-x-large avia-position-center avia-color-theme-color'  ><span class='avia_iconbox_title' >Take Action<\/span><\/a><\/div><\/p>\n<\/div><\/div>\n<style type=\"text\/css\" data-created_by=\"avia_inline_auto\" id=\"style-css-av-av_cell_one_fourth-58c6caa20961fe309eec664d561abc47\">\n.flex_cell.av-av_cell_one_fourth-58c6caa20961fe309eec664d561abc47{\nvertical-align:middle;\n}\n.responsive #top #wrap_all .flex_cell.av-av_cell_one_fourth-58c6caa20961fe309eec664d561abc47{\npadding:0px 0px 0px 0px !important;\n}\n<\/style>\n<div class='flex_cell av-av_cell_one_fourth-58c6caa20961fe309eec664d561abc47 av-gridrow-cell av_one_fourth no_margin  avia-builder-el-8  el_after_av_cell_one_fourth  el_before_av_cell_one_fourth  av-zero-padding'  ><div class='flex_cell_inner'>\n<style type=\"text\/css\" data-created_by=\"avia_inline_auto\" id=\"style-css-av-av_image-d4d8763e383776f248f70f9a81fe4bf3\">\n.avia-image-container.av-av_image-d4d8763e383776f248f70f9a81fe4bf3 img.avia_image{\nbox-shadow:none;\n}\n.avia-image-container.av-av_image-d4d8763e383776f248f70f9a81fe4bf3 .av-image-caption-overlay-center{\ncolor:#ffffff;\n}\n<\/style>\n<div  class='avia-image-container av-av_image-d4d8763e383776f248f70f9a81fe4bf3 av-styling-no-styling avia_animated_image av-animated-when-visible-95 top-to-bottom avia-align-center  avia-builder-el-9  avia-builder-el-no-sibling '   itemprop=\"image\" itemscope=\"itemscope\" itemtype=\"https:\/\/schema.org\/ImageObject\" ><div class=\"avia-image-container-inner\"><div class=\"avia-image-overlay-wrap\"><img class='wp-image-18891 avia-img-lazy-loading-not-18891 avia_image ' src=\"https:\/\/mandat.de\/de\/wp-content\/uploads\/2019\/06\/fuehrung-und-selbstfuehrung.jpg\" alt='F\u00fchrung und Selbstf\u00fchrung' title='F\u00fchrung und Selbstf\u00fchrung'  height=\"786\" width=\"694\"  itemprop=\"thumbnailUrl\" srcset=\"https:\/\/mandat.de\/de\/wp-content\/uploads\/2019\/06\/fuehrung-und-selbstfuehrung.jpg 694w, https:\/\/mandat.de\/de\/wp-content\/uploads\/2019\/06\/fuehrung-und-selbstfuehrung-265x300.jpg 265w, https:\/\/mandat.de\/de\/wp-content\/uploads\/2019\/06\/fuehrung-und-selbstfuehrung-622x705.jpg 622w, https:\/\/mandat.de\/de\/wp-content\/uploads\/2019\/06\/fuehrung-und-selbstfuehrung-450x510.jpg 450w\" sizes=\"(max-width: 694px) 100vw, 694px\" \/><\/div><\/div><\/div>\n<\/div><\/div>\n<style type=\"text\/css\" data-created_by=\"avia_inline_auto\" id=\"style-css-av-av_cell_one_fourth-7ebce17f8b2253dbef4951ab10e3fea3\">\n.flex_cell.av-av_cell_one_fourth-7ebce17f8b2253dbef4951ab10e3fea3{\nvertical-align:middle;\nbackground-color:#f8f8f8;\n}\n.responsive #top #wrap_all .flex_cell.av-av_cell_one_fourth-7ebce17f8b2253dbef4951ab10e3fea3{\npadding:0px 0px 0px 0px !important;\n}\n<\/style>\n<div class='flex_cell av-av_cell_one_fourth-7ebce17f8b2253dbef4951ab10e3fea3 av-gridrow-cell av_one_fourth no_margin  avia-builder-el-10  el_after_av_cell_one_fourth  avia-builder-el-last  av-zero-padding'  ><div class='flex_cell_inner'><section  class='av_textblock_section av-av_textblock-2de302bf1aa3cf4c9157dbe6f50ac7eb '   itemscope=\"itemscope\" itemtype=\"https:\/\/schema.org\/CreativeWork\" ><div class='avia_textblock'  itemprop=\"text\" ><h3 style=\"text-align: center;\">Leadership and Self-Management<\/h3>\n<\/div><\/section><br \/>\n\n<style type=\"text\/css\" data-created_by=\"avia_inline_auto\" id=\"style-css-av-av_hr-4474f20d2389e2e5ecf918a02da5132e\">\n#top .hr.hr-invisible.av-av_hr-4474f20d2389e2e5ecf918a02da5132e{\nheight:50px;\n}\n<\/style>\n<div  class='hr av-av_hr-4474f20d2389e2e5ecf918a02da5132e hr-invisible  avia-builder-el-12  el_after_av_textblock  el_before_av_button '><span class='hr-inner '><span class=\"hr-inner-style\"><\/span><\/span><\/div><br \/>\n<div  class='avia-button-wrap av-av_button-0998b1b2ea3204ad480a69ab873fe2fe-wrap avia-button-center  avia-builder-el-13  el_after_av_hr  avia-builder-el-last '><a href='https:\/\/mandat.de\/de\/leadership-and-self-management\/?lang=en'  class='avia-button av-av_button-0998b1b2ea3204ad480a69ab873fe2fe avia-icon_select-no avia-size-x-large avia-position-center avia-color-theme-color'  ><span class='avia_iconbox_title' >Personal Growth<\/span><\/a><\/div><\/p>\n<\/div><\/div>\n<\/div>\n<div id='av-layout-grid-2'  class='av-layout-grid-container av-av_layout_row-edf07c93594a85695fda65c20c2393d8 entry-content-wrapper main_color av-flex-cells  avia-builder-el-14  el_after_av_layout_row  el_before_av_layout_row  grid-row-not-first  container_wrap sidebar_right'  >\n\n<style type=\"text\/css\" data-created_by=\"avia_inline_auto\" id=\"style-css-av-av_cell_one_fourth-7ebce17f8b2253dbef4951ab10e3fea3\">\n.flex_cell.av-av_cell_one_fourth-7ebce17f8b2253dbef4951ab10e3fea3{\nvertical-align:middle;\nbackground-color:#f8f8f8;\n}\n.responsive #top #wrap_all .flex_cell.av-av_cell_one_fourth-7ebce17f8b2253dbef4951ab10e3fea3{\npadding:0px 0px 0px 0px !important;\n}\n<\/style>\n<div class='flex_cell av-av_cell_one_fourth-7ebce17f8b2253dbef4951ab10e3fea3 av-gridrow-cell av_one_fourth no_margin  avia-builder-el-15  el_before_av_cell_one_fourth  avia-builder-el-first  av-zero-padding'  ><div class='flex_cell_inner'><section  class='av_textblock_section av-av_textblock-2de302bf1aa3cf4c9157dbe6f50ac7eb '   itemscope=\"itemscope\" itemtype=\"https:\/\/schema.org\/CreativeWork\" ><div class='avia_textblock'  itemprop=\"text\" ><h3 style=\"text-align: center;\">Sales and Expansion<\/h3>\n<\/div><\/section><br \/>\n\n<style type=\"text\/css\" data-created_by=\"avia_inline_auto\" id=\"style-css-av-av_hr-4474f20d2389e2e5ecf918a02da5132e\">\n#top .hr.hr-invisible.av-av_hr-4474f20d2389e2e5ecf918a02da5132e{\nheight:50px;\n}\n<\/style>\n<div  class='hr av-av_hr-4474f20d2389e2e5ecf918a02da5132e hr-invisible  avia-builder-el-17  el_after_av_textblock  el_before_av_button '><span class='hr-inner '><span class=\"hr-inner-style\"><\/span><\/span><\/div><br \/>\n<div  class='avia-button-wrap av-av_button-ba1656c7e7a4584023108db26db0486c-wrap avia-button-center  avia-builder-el-18  el_after_av_hr  avia-builder-el-last '><a href='https:\/\/mandat.de\/de\/sales-and-expansion\/?lang=en'  class='avia-button av-av_button-ba1656c7e7a4584023108db26db0486c avia-icon_select-no avia-size-x-large avia-position-center avia-color-theme-color'  ><span class='avia_iconbox_title' >Conquer the Market<\/span><\/a><\/div><\/p>\n<\/div><\/div>\n<style type=\"text\/css\" data-created_by=\"avia_inline_auto\" id=\"style-css-av-av_cell_one_fourth-58c6caa20961fe309eec664d561abc47\">\n.flex_cell.av-av_cell_one_fourth-58c6caa20961fe309eec664d561abc47{\nvertical-align:middle;\n}\n.responsive #top #wrap_all .flex_cell.av-av_cell_one_fourth-58c6caa20961fe309eec664d561abc47{\npadding:0px 0px 0px 0px !important;\n}\n<\/style>\n<div class='flex_cell av-av_cell_one_fourth-58c6caa20961fe309eec664d561abc47 av-gridrow-cell av_one_fourth no_margin  avia-builder-el-19  el_after_av_cell_one_fourth  el_before_av_cell_one_fourth  av-zero-padding'  ><div class='flex_cell_inner'>\n<style type=\"text\/css\" data-created_by=\"avia_inline_auto\" id=\"style-css-av-av_image-b6dd8bb8ec505a1211c971c0ee8e1842\">\n.avia-image-container.av-av_image-b6dd8bb8ec505a1211c971c0ee8e1842 img.avia_image{\nbox-shadow:none;\n}\n.avia-image-container.av-av_image-b6dd8bb8ec505a1211c971c0ee8e1842 .av-image-caption-overlay-center{\ncolor:#ffffff;\n}\n<\/style>\n<div  class='avia-image-container av-av_image-b6dd8bb8ec505a1211c971c0ee8e1842 av-styling-no-styling avia_animated_image av-animated-when-visible-95 top-to-bottom avia-align-center  avia-builder-el-20  avia-builder-el-no-sibling '   itemprop=\"image\" itemscope=\"itemscope\" itemtype=\"https:\/\/schema.org\/ImageObject\" ><div class=\"avia-image-container-inner\"><div class=\"avia-image-overlay-wrap\"><img class='wp-image-18896 avia-img-lazy-loading-not-18896 avia_image ' src=\"https:\/\/mandat.de\/de\/wp-content\/uploads\/2019\/06\/vertrieb-und-expansion.jpg\" alt='Vertrieb und Expansion' title='Vertrieb und Expansion'  height=\"786\" width=\"694\"  itemprop=\"thumbnailUrl\" srcset=\"https:\/\/mandat.de\/de\/wp-content\/uploads\/2019\/06\/vertrieb-und-expansion.jpg 694w, https:\/\/mandat.de\/de\/wp-content\/uploads\/2019\/06\/vertrieb-und-expansion-265x300.jpg 265w, https:\/\/mandat.de\/de\/wp-content\/uploads\/2019\/06\/vertrieb-und-expansion-622x705.jpg 622w, https:\/\/mandat.de\/de\/wp-content\/uploads\/2019\/06\/vertrieb-und-expansion-450x510.jpg 450w\" sizes=\"(max-width: 694px) 100vw, 694px\" \/><\/div><\/div><\/div>\n<\/div><\/div>\n<style type=\"text\/css\" data-created_by=\"avia_inline_auto\" id=\"style-css-av-av_cell_one_fourth-7ebce17f8b2253dbef4951ab10e3fea3\">\n.flex_cell.av-av_cell_one_fourth-7ebce17f8b2253dbef4951ab10e3fea3{\nvertical-align:middle;\nbackground-color:#f8f8f8;\n}\n.responsive #top #wrap_all .flex_cell.av-av_cell_one_fourth-7ebce17f8b2253dbef4951ab10e3fea3{\npadding:0px 0px 0px 0px !important;\n}\n<\/style>\n<div class='flex_cell av-av_cell_one_fourth-7ebce17f8b2253dbef4951ab10e3fea3 av-gridrow-cell av_one_fourth no_margin  avia-builder-el-21  el_after_av_cell_one_fourth  el_before_av_cell_one_fourth  av-zero-padding'  ><div class='flex_cell_inner'><section  class='av_textblock_section av-av_textblock-2de302bf1aa3cf4c9157dbe6f50ac7eb '   itemscope=\"itemscope\" itemtype=\"https:\/\/schema.org\/CreativeWork\" ><div class='avia_textblock'  itemprop=\"text\" ><h3 style=\"text-align: center;\">Branding and Brand Management<\/h3>\n<\/div><\/section><br \/>\n\n<style type=\"text\/css\" data-created_by=\"avia_inline_auto\" id=\"style-css-av-av_hr-4474f20d2389e2e5ecf918a02da5132e\">\n#top .hr.hr-invisible.av-av_hr-4474f20d2389e2e5ecf918a02da5132e{\nheight:50px;\n}\n<\/style>\n<div  class='hr av-av_hr-4474f20d2389e2e5ecf918a02da5132e hr-invisible  avia-builder-el-23  el_after_av_textblock  el_before_av_button '><span class='hr-inner '><span class=\"hr-inner-style\"><\/span><\/span><\/div><br \/>\n<div  class='avia-button-wrap av-av_button-f75dc7d77c5af98dffcaed34c841db38-wrap avia-button-center  avia-builder-el-24  el_after_av_hr  avia-builder-el-last '><a href='https:\/\/mandat.de\/de\/branding-and-brand-management\/?lang=en'  class='avia-button av-av_button-f75dc7d77c5af98dffcaed34c841db38 avia-icon_select-no avia-size-x-large avia-position-center avia-color-theme-color'  ><span class='avia_iconbox_title' >Strengthen the Brand<\/span><\/a><\/div><\/p>\n<\/div><\/div>\n<style type=\"text\/css\" data-created_by=\"avia_inline_auto\" id=\"style-css-av-av_cell_one_fourth-58c6caa20961fe309eec664d561abc47\">\n.flex_cell.av-av_cell_one_fourth-58c6caa20961fe309eec664d561abc47{\nvertical-align:middle;\n}\n.responsive #top #wrap_all .flex_cell.av-av_cell_one_fourth-58c6caa20961fe309eec664d561abc47{\npadding:0px 0px 0px 0px !important;\n}\n<\/style>\n<div class='flex_cell av-av_cell_one_fourth-58c6caa20961fe309eec664d561abc47 av-gridrow-cell av_one_fourth no_margin  avia-builder-el-25  el_after_av_cell_one_fourth  avia-builder-el-last  av-zero-padding'  ><div class='flex_cell_inner'>\n<style type=\"text\/css\" data-created_by=\"avia_inline_auto\" id=\"style-css-av-av_image-a9159f6403f9ff5623852a3bd61d5464\">\n.avia-image-container.av-av_image-a9159f6403f9ff5623852a3bd61d5464 img.avia_image{\nbox-shadow:none;\n}\n.avia-image-container.av-av_image-a9159f6403f9ff5623852a3bd61d5464 .av-image-caption-overlay-center{\ncolor:#ffffff;\n}\n<\/style>\n<div  class='avia-image-container av-av_image-a9159f6403f9ff5623852a3bd61d5464 av-styling-no-styling avia_animated_image av-animated-when-visible-95 top-to-bottom avia-align-center  avia-builder-el-26  avia-builder-el-no-sibling '   itemprop=\"image\" itemscope=\"itemscope\" itemtype=\"https:\/\/schema.org\/ImageObject\" ><div class=\"avia-image-container-inner\"><div class=\"avia-image-overlay-wrap\"><img class='wp-image-18893 avia-img-lazy-loading-not-18893 avia_image ' src=\"https:\/\/mandat.de\/de\/wp-content\/uploads\/2019\/06\/marke-und-markenfuehrung.jpg\" alt='Marke und Markenf\u00fchrung' title='Marke und Markenf\u00fchrung'  height=\"786\" width=\"694\"  itemprop=\"thumbnailUrl\" srcset=\"https:\/\/mandat.de\/de\/wp-content\/uploads\/2019\/06\/marke-und-markenfuehrung.jpg 694w, https:\/\/mandat.de\/de\/wp-content\/uploads\/2019\/06\/marke-und-markenfuehrung-265x300.jpg 265w, https:\/\/mandat.de\/de\/wp-content\/uploads\/2019\/06\/marke-und-markenfuehrung-622x705.jpg 622w, https:\/\/mandat.de\/de\/wp-content\/uploads\/2019\/06\/marke-und-markenfuehrung-450x510.jpg 450w\" sizes=\"(max-width: 694px) 100vw, 694px\" \/><\/div><\/div><\/div>\n<\/div><\/div><\/div><div id='av-layout-grid-3'  class='av-layout-grid-container av-av_layout_row-edf07c93594a85695fda65c20c2393d8 entry-content-wrapper main_color av-flex-cells  avia-builder-el-27  el_after_av_layout_row  avia-builder-el-last  grid-row-not-first  container_wrap sidebar_right'  >\n\n<style type=\"text\/css\" data-created_by=\"avia_inline_auto\" id=\"style-css-av-av_cell_one_fourth-58c6caa20961fe309eec664d561abc47\">\n.flex_cell.av-av_cell_one_fourth-58c6caa20961fe309eec664d561abc47{\nvertical-align:middle;\n}\n.responsive #top #wrap_all .flex_cell.av-av_cell_one_fourth-58c6caa20961fe309eec664d561abc47{\npadding:0px 0px 0px 0px !important;\n}\n<\/style>\n<div class='flex_cell av-av_cell_one_fourth-58c6caa20961fe309eec664d561abc47 av-gridrow-cell av_one_fourth no_margin  avia-builder-el-28  el_before_av_cell_one_fourth  avia-builder-el-first  av-zero-padding'  ><div class='flex_cell_inner'>\n<style type=\"text\/css\" data-created_by=\"avia_inline_auto\" id=\"style-css-av-av_image-052d821560a9bb14a992314b446a6d3a\">\n.avia-image-container.av-av_image-052d821560a9bb14a992314b446a6d3a img.avia_image{\nbox-shadow:none;\n}\n.avia-image-container.av-av_image-052d821560a9bb14a992314b446a6d3a .av-image-caption-overlay-center{\ncolor:#ffffff;\n}\n<\/style>\n<div  class='avia-image-container av-av_image-052d821560a9bb14a992314b446a6d3a av-styling-no-styling avia_animated_image av-animated-when-visible-95 top-to-bottom avia-align-center  avia-builder-el-29  avia-builder-el-no-sibling '   itemprop=\"image\" itemscope=\"itemscope\" itemtype=\"https:\/\/schema.org\/ImageObject\" ><div class=\"avia-image-container-inner\"><div class=\"avia-image-overlay-wrap\"><img class='wp-image-18894 avia-img-lazy-loading-not-18894 avia_image ' src=\"https:\/\/mandat.de\/de\/wp-content\/uploads\/2019\/06\/prozesse-und-organisation.jpg\" alt='Prozesse und Organisation' title='Prozesse und Organisation'  height=\"786\" width=\"694\"  itemprop=\"thumbnailUrl\" srcset=\"https:\/\/mandat.de\/de\/wp-content\/uploads\/2019\/06\/prozesse-und-organisation.jpg 694w, https:\/\/mandat.de\/de\/wp-content\/uploads\/2019\/06\/prozesse-und-organisation-265x300.jpg 265w, https:\/\/mandat.de\/de\/wp-content\/uploads\/2019\/06\/prozesse-und-organisation-622x705.jpg 622w, https:\/\/mandat.de\/de\/wp-content\/uploads\/2019\/06\/prozesse-und-organisation-450x510.jpg 450w\" sizes=\"(max-width: 694px) 100vw, 694px\" \/><\/div><\/div><\/div>\n<\/div><\/div>\n<style type=\"text\/css\" data-created_by=\"avia_inline_auto\" id=\"style-css-av-av_cell_one_fourth-8c322396b54dcaab0ff5114f789d3328\">\n.flex_cell.av-av_cell_one_fourth-8c322396b54dcaab0ff5114f789d3328{\nvertical-align:middle;\nbackground-color:#f8f8f8;\n}\n.responsive #top #wrap_all .flex_cell.av-av_cell_one_fourth-8c322396b54dcaab0ff5114f789d3328{\npadding:0px 0px 0px 0px !important;\n}\n<\/style>\n<div class='flex_cell av-av_cell_one_fourth-8c322396b54dcaab0ff5114f789d3328 av-gridrow-cell av_one_fourth no_margin  avia-builder-el-30  el_after_av_cell_one_fourth  el_before_av_cell_one_fourth  av-zero-padding'  ><div class='flex_cell_inner'><section  class='av_textblock_section av-av_textblock-2de302bf1aa3cf4c9157dbe6f50ac7eb '   itemscope=\"itemscope\" itemtype=\"https:\/\/schema.org\/CreativeWork\" ><div class='avia_textblock'  itemprop=\"text\" ><h3 style=\"text-align: center;\">Processes and Organization<\/h3>\n<\/div><\/section><br \/>\n\n<style type=\"text\/css\" data-created_by=\"avia_inline_auto\" id=\"style-css-av-av_hr-4474f20d2389e2e5ecf918a02da5132e\">\n#top .hr.hr-invisible.av-av_hr-4474f20d2389e2e5ecf918a02da5132e{\nheight:50px;\n}\n<\/style>\n<div  class='hr av-av_hr-4474f20d2389e2e5ecf918a02da5132e hr-invisible  avia-builder-el-32  el_after_av_textblock  el_before_av_button '><span class='hr-inner '><span class=\"hr-inner-style\"><\/span><\/span><\/div><br \/>\n<div  class='avia-button-wrap av-av_button-c2a21fa1ee7bf6a4a88e4a9580ef8e28-wrap avia-button-center  avia-builder-el-33  el_after_av_hr  avia-builder-el-last '><a href='https:\/\/mandat.de\/de\/processes-and-organization\/?lang=en'  class='avia-button av-av_button-c2a21fa1ee7bf6a4a88e4a9580ef8e28 avia-icon_select-no avia-size-x-large avia-position-center avia-color-theme-color'  ><span class='avia_iconbox_title' >Bolster the Foundation<\/span><\/a><\/div><\/p>\n<\/div><\/div>\n<style type=\"text\/css\" data-created_by=\"avia_inline_auto\" id=\"style-css-av-av_cell_one_fourth-f1bdd5d4cf0e78d72a42e787c29bb745\">\n.flex_cell.av-av_cell_one_fourth-f1bdd5d4cf0e78d72a42e787c29bb745{\nvertical-align:middle;\nbackground-color:#133370;\n}\n.responsive #top #wrap_all .flex_cell.av-av_cell_one_fourth-f1bdd5d4cf0e78d72a42e787c29bb745{\npadding:0px 0px 0px 0px !important;\n}\n<\/style>\n<div class='flex_cell av-av_cell_one_fourth-f1bdd5d4cf0e78d72a42e787c29bb745 av-gridrow-cell av_one_fourth no_margin  avia-builder-el-34  el_after_av_cell_one_fourth  el_before_av_cell_one_fourth  av-zero-padding'  ><div class='flex_cell_inner'><section  class='av_textblock_section av-av_textblock-2de302bf1aa3cf4c9157dbe6f50ac7eb '   itemscope=\"itemscope\" itemtype=\"https:\/\/schema.org\/CreativeWork\" ><div class='avia_textblock'  itemprop=\"text\" ><h3 class=\"p1\" style=\"text-align: center;\"><span style=\"color: #ffffff;\">Growth Tips on Twitter<\/span><\/h3>\n<\/div><\/section><br \/>\n\n<style type=\"text\/css\" data-created_by=\"avia_inline_auto\" id=\"style-css-av-av_hr-4474f20d2389e2e5ecf918a02da5132e\">\n#top .hr.hr-invisible.av-av_hr-4474f20d2389e2e5ecf918a02da5132e{\nheight:50px;\n}\n<\/style>\n<div  class='hr av-av_hr-4474f20d2389e2e5ecf918a02da5132e hr-invisible  avia-builder-el-36  el_after_av_textblock  el_before_av_button '><span class='hr-inner '><span class=\"hr-inner-style\"><\/span><\/span><\/div><br \/>\n<div  class='avia-button-wrap av-av_button-3b3400010fcbe0623468fbd35bbc124e-wrap avia-button-center  avia-builder-el-37  el_after_av_hr  avia-builder-el-last '>\n<style type=\"text\/css\" data-created_by=\"avia_inline_auto\" id=\"style-css-av-av_button-3b3400010fcbe0623468fbd35bbc124e\">\n#top #wrap_all .avia-button.av-av_button-3b3400010fcbe0623468fbd35bbc124e{\nbackground-color:#ffffff;\nborder-color:#ffffff;\ncolor:#004183;\ntransition:all 0.4s ease-in-out;\n}\n<\/style>\n<a href='https:\/\/twitter.com\/guidoquelle' class='avia-button av-av_button-3b3400010fcbe0623468fbd35bbc124e avia-icon_select-yes-left-icon avia-size-x-large avia-position-center' target=\"_blank\" rel=\"noopener noreferrer\"><span class='avia_button_icon avia_button_icon_left' aria-hidden='true' data-av_icon='\ue8f1' data-av_iconfont='entypo-fontello'><\/span><span class='avia_iconbox_title' >Follow us on Twitter<\/span><\/a><\/div><\/p>\n<\/div><\/div>\n<style type=\"text\/css\" data-created_by=\"avia_inline_auto\" id=\"style-css-av-av_cell_one_fourth-47b0adad43cd60a4a389b021bc150500\">\n.flex_cell.av-av_cell_one_fourth-47b0adad43cd60a4a389b021bc150500{\nvertical-align:middle;\nbackground-color:#ffffff;\n}\n.responsive #top #wrap_all .flex_cell.av-av_cell_one_fourth-47b0adad43cd60a4a389b021bc150500{\npadding:0px 0px 0px 0px !important;\n}\n<\/style>\n<div class='flex_cell av-av_cell_one_fourth-47b0adad43cd60a4a389b021bc150500 av-gridrow-cell av_one_fourth no_margin  avia-builder-el-38  el_after_av_cell_one_fourth  avia-builder-el-last  av-zero-padding'  ><div class='flex_cell_inner'><section  class='av_textblock_section av-av_textblock-2de302bf1aa3cf4c9157dbe6f50ac7eb '   itemscope=\"itemscope\" itemtype=\"https:\/\/schema.org\/CreativeWork\" ><div class='avia_textblock'  itemprop=\"text\" ><p>[TWTR]<\/p>\n<\/div><\/section>\n<\/div><\/div>\n<\/div><\/p>\n","protected":false},"excerpt":{"rendered":"","protected":false},"author":1,"featured_media":0,"parent":22860,"menu_order":0,"comment_status":"closed","ping_status":"closed","template":"","meta":[],"_links":{"self":[{"href":"https:\/\/mandat.de\/de\/wp-json\/wp\/v2\/pages\/22990"}],"collection":[{"href":"https:\/\/mandat.de\/de\/wp-json\/wp\/v2\/pages"}],"about":[{"href":"https:\/\/mandat.de\/de\/wp-json\/wp\/v2\/types\/page"}],"author":[{"embeddable":true,"href":"https:\/\/mandat.de\/de\/wp-json\/wp\/v2\/users\/1"}],"replies":[{"embeddable":true,"href":"https:\/\/mandat.de\/de\/wp-json\/wp\/v2\/comments?post=22990"}],"version-history":[{"count":0,"href":"https:\/\/mandat.de\/de\/wp-json\/wp\/v2\/pages\/22990\/revisions"}],"up":[{"embeddable":true,"href":"https:\/\/mandat.de\/de\/wp-json\/wp\/v2\/pages\/22860"}],"wp:attachment":[{"href":"https:\/\/mandat.de\/de\/wp-json\/wp\/v2\/media?parent=22990"}],"curies":[{"name":"wp","href":"https:\/\/api.w.org\/{rel}","templated":true}]}}