{"id":23188,"date":"2020-06-04T16:36:12","date_gmt":"2020-06-04T14:36:12","guid":{"rendered":"https:\/\/mandat.de\/de\/?page_id=23188"},"modified":"2020-06-04T16:36:12","modified_gmt":"2020-06-04T14:36:12","slug":"susanne-fiss-quelle","status":"publish","type":"page","link":"https:\/\/mandat.de\/de\/about\/we-are-mandat\/susanne-fiss-quelle\/?lang=en","title":{"rendered":"Susanne Fiss-Quelle"},"content":{"rendered":"\n<style type=\"text\/css\" data-created_by=\"avia_inline_auto\" id=\"style-css-av-av_one_full-15d750bd1b332b34c6e70b077ebbccdf\">\n.flex_column.av-av_one_full-15d750bd1b332b34c6e70b077ebbccdf{\nborder-radius:0px 0px 0px 0px;\npadding:0px 0px 0px 0px;\n}\n<\/style>\n<div  class='flex_column av-av_one_full-15d750bd1b332b34c6e70b077ebbccdf av_one_full  avia-builder-el-0  el_before_av_two_third  avia-builder-el-first  first flex_column_div av-zero-column-padding  '     ><style type=\"text\/css\" data-created_by=\"avia_inline_auto\" id=\"style-css-av-av_heading-2ab1914a8c1aaaf129a0e31f09ebbf01\">\n#top .av-special-heading.av-av_heading-2ab1914a8c1aaaf129a0e31f09ebbf01{\npadding-bottom:10px;\n}\nbody .av-special-heading.av-av_heading-2ab1914a8c1aaaf129a0e31f09ebbf01 .av-special-heading-tag .heading-char{\nfont-size:25px;\n}\n.av-special-heading.av-av_heading-2ab1914a8c1aaaf129a0e31f09ebbf01 .av-subheading{\nfont-size:15px;\n}\n<\/style>\n<div  class='av-special-heading av-av_heading-2ab1914a8c1aaaf129a0e31f09ebbf01 av-special-heading-h2 blockquote modern-quote  avia-builder-el-1  avia-builder-el-no-sibling '><h2 class='av-special-heading-tag'  itemprop=\"headline\"  >Susanne Fiss-Quelle<\/h2><div class='av-subheading av-subheading_below'><p>Senior Consultant<\/p>\n<\/div><div class=\"special-heading-border\"><div class=\"special-heading-inner-border\"><\/div><\/div><\/div><\/div>\n\n<style type=\"text\/css\" data-created_by=\"avia_inline_auto\" id=\"style-css-av-av_two_third-577210023eb6854b735f77c391087942\">\n.flex_column.av-av_two_third-577210023eb6854b735f77c391087942{\nborder-radius:0px 0px 0px 0px;\npadding:0px 0px 0px 0px;\n}\n<\/style>\n<div  class='flex_column av-av_two_third-577210023eb6854b735f77c391087942 av_two_third  avia-builder-el-2  el_after_av_one_full  el_before_av_one_third  first flex_column_div av-animated-generic top-to-bottom av-zero-column-padding  column-top-margin'     ><section  class='av_textblock_section av-av_textblock-2de302bf1aa3cf4c9157dbe6f50ac7eb '   itemscope=\"itemscope\" itemtype=\"https:\/\/schema.org\/CreativeWork\" ><div class='avia_textblock'  itemprop=\"text\" ><p>It is the rare consultant who can claim to have systematically made managers, teams and working groups more successful for over 20 years. Susanne Fiss-Quelle is among this select group of experts.<\/p>\n<p>After more than ten years of professional and managerial responsibility in marketing and sales for successful companies in the exhibition, IT and telecommunications business, Susanne Fiss-Quelle has been an independent consultant, moderator and coach since 2000. Her remarkable reputation for enhancing the success of individuals, groups and real teams is the result of her constant emphasis on reinforcing existing strengths and thus tapping potential with a laser focus.<\/p>\n<p>Wherever the task is to forge project teams, as well as identify and develop existing competencies, the senior consultant is the go-to consultant, both in successful companies and non-profits. The systematic refinement of this approach of strengthening competencies is the establishment of successful partnerships and networks. In this way, Fiss-Quelle succeeded in forging a network of 360 business women from scratch within four years, a network that continues to grow without any external support and currently has more than 800 members. Susanne Fiss-Quelle passed the management &#8222;baton&#8220; in 2006 to concentrate on developing the model behind this success. She regularly offers networking events. The Dortmund Success Dinner that emerged from from her efforts has since become a brand of its own and she has even exported it to Berlin.<\/p>\n<p>Fiss-Quelle holds an advanced degree in business administration from the Freie Universit\u00e4t Berlin. At the same time she studied at the Universit\u00e9 Panth\u00e9on-Sorbonne in Paris. Fiss-Quelle is a sponsoring member of the Wirtschaftsjunioren Dortmund and has been a supporter of the training initiative JOBfit for many years as part of its leadership. She is an independent senior consultant for Mandat Managementberatung GmbH in Dortmund and the author of numerous articles in trade journals. Susanne is also responsible for numerous studies on marketing and sales-related topics.<\/p>\n<p>Susanne is married and lives with her husband and their dogs in Dortmund.<\/p>\n<\/div><\/section><\/div>\n<style type=\"text\/css\" data-created_by=\"avia_inline_auto\" id=\"style-css-av-av_one_third-c8fc129dc35fd1ae2a1e410224d39ea8\">\n.flex_column.av-av_one_third-c8fc129dc35fd1ae2a1e410224d39ea8{\nborder-radius:0px 0px 0px 0px;\npadding:0px 0px 0px 0px;\n}\n<\/style>\n<div  class='flex_column av-av_one_third-c8fc129dc35fd1ae2a1e410224d39ea8 av_one_third  avia-builder-el-4  el_after_av_two_third  avia-builder-el-last  flex_column_div av-zero-column-padding  column-top-margin'     ><style type=\"text\/css\" data-created_by=\"avia_inline_auto\" id=\"style-css-av-av_image-e13b058ea54c6a99963110eeb5280175\">\n.avia-image-container.av-av_image-e13b058ea54c6a99963110eeb5280175 img.avia_image{\nbox-shadow:none;\n}\n.avia-image-container.av-av_image-e13b058ea54c6a99963110eeb5280175 .av-image-caption-overlay-center{\ncolor:#ffffff;\n}\n<\/style>\n<div  class='avia-image-container av-av_image-e13b058ea54c6a99963110eeb5280175 av-styling- avia_animated_image av-animated-when-visible-95 top-to-bottom avia-align-center  avia-builder-el-5  avia-builder-el-no-sibling '   itemprop=\"image\" itemscope=\"itemscope\" itemtype=\"https:\/\/schema.org\/ImageObject\" ><div class=\"avia-image-container-inner\"><div class=\"avia-image-overlay-wrap\"><img class='wp-image-15770 avia-img-lazy-loading-not-15770 avia_image ' src=\"https:\/\/mandat.de\/de\/wp-content\/uploads\/2017\/08\/Susanne-Fiss-Quelle.jpg\" alt='' title='Susanne Fiss-Quelle'  height=\"1500\" width=\"1000\"  itemprop=\"thumbnailUrl\" srcset=\"https:\/\/mandat.de\/de\/wp-content\/uploads\/2017\/08\/Susanne-Fiss-Quelle.jpg 1000w, https:\/\/mandat.de\/de\/wp-content\/uploads\/2017\/08\/Susanne-Fiss-Quelle-200x300.jpg 200w, https:\/\/mandat.de\/de\/wp-content\/uploads\/2017\/08\/Susanne-Fiss-Quelle-768x1152.jpg 768w, https:\/\/mandat.de\/de\/wp-content\/uploads\/2017\/08\/Susanne-Fiss-Quelle-687x1030.jpg 687w, https:\/\/mandat.de\/de\/wp-content\/uploads\/2017\/08\/Susanne-Fiss-Quelle-470x705.jpg 470w, https:\/\/mandat.de\/de\/wp-content\/uploads\/2017\/08\/Susanne-Fiss-Quelle-450x675.jpg 450w\" sizes=\"(max-width: 1000px) 100vw, 1000px\" \/><\/div><\/div><\/div><\/div><\/p>\n","protected":false},"excerpt":{"rendered":"","protected":false},"author":1,"featured_media":0,"parent":21349,"menu_order":6,"comment_status":"closed","ping_status":"closed","template":"","meta":[],"_links":{"self":[{"href":"https:\/\/mandat.de\/de\/wp-json\/wp\/v2\/pages\/23188"}],"collection":[{"href":"https:\/\/mandat.de\/de\/wp-json\/wp\/v2\/pages"}],"about":[{"href":"https:\/\/mandat.de\/de\/wp-json\/wp\/v2\/types\/page"}],"author":[{"embeddable":true,"href":"https:\/\/mandat.de\/de\/wp-json\/wp\/v2\/users\/1"}],"replies":[{"embeddable":true,"href":"https:\/\/mandat.de\/de\/wp-json\/wp\/v2\/comments?post=23188"}],"version-history":[{"count":0,"href":"https:\/\/mandat.de\/de\/wp-json\/wp\/v2\/pages\/23188\/revisions"}],"up":[{"embeddable":true,"href":"https:\/\/mandat.de\/de\/wp-json\/wp\/v2\/pages\/21349"}],"wp:attachment":[{"href":"https:\/\/mandat.de\/de\/wp-json\/wp\/v2\/media?parent=23188"}],"curies":[{"name":"wp","href":"https:\/\/api.w.org\/{rel}","templated":true}]}}