{"id":25964,"date":"2021-04-25T18:12:28","date_gmt":"2021-04-25T16:12:28","guid":{"rendered":"https:\/\/mandat.de\/de\/?page_id=25964"},"modified":"2025-05-26T14:11:59","modified_gmt":"2025-05-26T12:11:59","slug":"pascal-kowsky-2","status":"publish","type":"page","link":"https:\/\/mandat.de\/de\/ueberuns\/mandat-team\/pascal-kowsky-2\/","title":{"rendered":"Pascal Kowsky, Managementberater"},"content":{"rendered":"\n<style type=\"text\/css\" data-created_by=\"avia_inline_auto\" id=\"style-css-av-av_one_full-15d750bd1b332b34c6e70b077ebbccdf\">\n.flex_column.av-av_one_full-15d750bd1b332b34c6e70b077ebbccdf{\nborder-radius:0px 0px 0px 0px;\npadding:0px 0px 0px 0px;\n}\n<\/style>\n<div  class='flex_column av-av_one_full-15d750bd1b332b34c6e70b077ebbccdf av_one_full  avia-builder-el-0  el_before_av_two_third  avia-builder-el-first  first flex_column_div av-zero-column-padding  '     ><style type=\"text\/css\" data-created_by=\"avia_inline_auto\" id=\"style-css-av-av_heading-662f752a670cb7703635ca3484108204\">\n#top .av-special-heading.av-av_heading-662f752a670cb7703635ca3484108204{\npadding-bottom:10px;\n}\nbody .av-special-heading.av-av_heading-662f752a670cb7703635ca3484108204 .av-special-heading-tag .heading-char{\nfont-size:25px;\n}\n.av-special-heading.av-av_heading-662f752a670cb7703635ca3484108204 .av-subheading{\nfont-size:15px;\n}\n<\/style>\n<div  class='av-special-heading av-av_heading-662f752a670cb7703635ca3484108204 av-special-heading-h2 blockquote modern-quote  avia-builder-el-1  avia-builder-el-no-sibling '><h2 class='av-special-heading-tag'  itemprop=\"headline\"  >Pascal Kowsky<\/h2><div class=\"special-heading-border\"><div class=\"special-heading-inner-border\"><\/div><\/div><\/div><\/div>\n\n<style type=\"text\/css\" data-created_by=\"avia_inline_auto\" id=\"style-css-av-av_two_third-577210023eb6854b735f77c391087942\">\n.flex_column.av-av_two_third-577210023eb6854b735f77c391087942{\nborder-radius:0px 0px 0px 0px;\npadding:0px 0px 0px 0px;\n}\n<\/style>\n<div  class='flex_column av-av_two_third-577210023eb6854b735f77c391087942 av_two_third  avia-builder-el-2  el_after_av_one_full  el_before_av_one_fourth  first flex_column_div av-animated-generic top-to-bottom av-zero-column-padding  column-top-margin'     ><section  class='av_textblock_section av-av_textblock-2de302bf1aa3cf4c9157dbe6f50ac7eb '   itemscope=\"itemscope\" itemtype=\"https:\/\/schema.org\/CreativeWork\" ><div class='avia_textblock'  itemprop=\"text\" ><ul>\n<li><strong>Senior-Berater bei Mandat<br \/>\n<\/strong><\/li>\n<li><strong>Steht bei Mandat insbesondere f\u00fcr das Leistungsfeld \u201eProzesse &amp; Organisation\u201c<\/strong><\/li>\n<li><strong>Hat rund 40 Unternehmen erfolgreich begleitet<\/strong><\/li>\n<li><strong>Experte f\u00fcr den Mandat Growth Indicator\u00ae<\/strong><\/li>\n<li><strong>Mitglied des Vorstands im Dortmunder Leo-Club \u201eFlorian\u201c<\/strong><\/li>\n<\/ul>\n<p><br class=\"\u201cclear\u201d\" \/>Als <a href=\"https:\/\/mandat.de\/de\/leistungen\/leistungsfelder\/\" target=\"_blank\" rel=\"noopener\"><strong>Experte f\u00fcr Prozesse &amp; Organisation<\/strong><\/a> tr\u00e4gt Pascal Kowsky Sorge f\u00fcr die passgenaue Erarbeitung beziehungsweise Weiterentwicklung von Strukturen in Klientenunternehmen, um Strategien zu operationalisieren und weitere Wachstumssch\u00fcbe zu erm\u00f6glichen. Ein wesentliches Anliegen dabei ist ihm die Praxisn\u00e4he, sodass die definierten Standards tats\u00e4chlich das Tagesgesch\u00e4ft wirksamer und effizienter machen.<\/p>\n<p>Er ist seit 2013 Mitglied des Mandat-Teams und hat in dieser Zeit mit rund <a href=\"https:\/\/mandat.de\/de\/testimonials\/erfolgsgeschichten\/\"><strong>40 Unternehmen<\/strong><\/a> zusammengearbeitet. Startete er seine Mandat-Karriere zun\u00e4chst als Junior-Berater, avancierte er aufgrund seiner Leistungen 2016 zum Managementberater und 2020 zum <strong>Senior-Berater<\/strong>.<\/p>\n<p>Ein wesentlicher Meilenstein bei Mandat war f\u00fcr Pascal Kowsky die Erarbeitung der Auswertungslogik f\u00fcr den <strong><a href=\"https:\/\/mandat.de\/de\/wachstums-know-how\/mandat-growth-indicator\/\" target=\"_blank\" rel=\"noopener\">Mandat Growth Indicator\u00ae<\/a>,<\/strong> einer weltweit einzigartigen Methode zur raschen und wirksamen Identifikation von Wachstumsbremsen und Wachstumspotenzialen in Unternehmen. W\u00e4hrend der Corona-Krise leitete er dessen Weiterentwicklung zu einem m\u00e4chtigen Werkzeug, das Impulse daf\u00fcr gibt, st\u00e4rker als der Wettbewerb aus Krisen hervorzugehen.<br \/>\n<br class=\"\u201cclear\u201d\" \/><img loading=\"lazy\" class=\"wp-image-26295 size-entry_with_sidebar aligncenter\" src=\"https:\/\/mandat.de\/de\/wp-content\/uploads\/2021\/04\/Titel-mgi-2-840x321.jpg\" alt=\"\" width=\"840\" height=\"321\" \/><\/p>\n<h3 style=\"text-align: center;\"><strong><em>\u201eTolles learning aus Ihren Telefonkonferenzen, wir versuchen die Prozesse an das Unternehmen anzupassen und nicht das Unternehmen an die optimalen Prozesse. Das m\u00fcssen wir in die K\u00f6pfe bekommen!<\/em><em>\u201c<\/em><br \/>\n<\/strong><\/h3>\n<h6 style=\"text-align: center;\">Christoph Rosa, Chief Product Development Officer, Tom Tailor<\/h6>\n<p><br class=\"\u201cclear\u201d\" \/>Zur Vertiefung der Kenntnisse in Produktion und Logistik kn\u00fcpfte Kowsky an seinen <strong>Bachelor-Abschluss in Wirtschaftsingenieurwesen<\/strong> unmittelbar das Master-Studium in Supply Chain Management an, welches er als Jahrgangsbester absolvierte<strong>.<\/strong> Seine <strong>Master-Thesis \u00fcber Wachstumspotenziale in der Wertsch\u00f6pfungskette eines mittelst\u00e4ndischen Zuliefererbetriebs f\u00fcr den Anlagenbau<\/strong> \u00fcberzeugten den Inhaber und das Management dieses Mandat-Klientenunternehmens nachhaltig. Die Master-Thesis ist als Band 4 in der von Prof. Dr. Guido Quelle herausgegebenen wissenschaftlichen Buchreihe \u201e<strong><a href=\"https:\/\/www.mandat.de\/de\/shop\/tag\/mandat-campus\/\" target=\"_blank\" rel=\"noopener\">Mandat Campus<\/a><\/strong>\u201c erschienen. Au\u00dferdem hat Pascal Kowsky in zusammenarbeit mit <a href=\"https:\/\/mandat.de\/de\/?page_id=25960&amp;preview=true\" target=\"_blank\" rel=\"noopener\">Lisa Wolff<\/a>, basierend auf den Erfahrungen einer Vielzahl an Wachstumsprojekten mit Schwerpunkt auf Organisation und F\u00fchrung das Whitepaper \u201e<strong><a href=\"https:\/\/mandat.de\/de\/wachstums-know-how\/checklisten-und-positionspapiere\/\" target=\"_blank\" rel=\"noopener\">Erfolgreiches Onboarding<\/a><\/strong>\u201c verfasst.<br \/>\n<br class=\"\u201cclear\u201d\" \/><img loading=\"lazy\" class=\"size-entry_with_sidebar wp-image-26302 aligncenter\" src=\"https:\/\/mandat.de\/de\/wp-content\/uploads\/2021\/04\/Titel-Fachtexte-Kopie-1-1-845x321.jpg\" alt=\"\" width=\"845\" height=\"321\" \/><br \/>\nVor seiner Laufbahn bei Mandat wirkte Pascal Kowsky drei Jahre lang in verschiedensten Projekten innerhalb eines globalen, marktbedeutenden Technologieunternehmens mit. Herausragend zu nennen ist eine Prozessoptimierung, die dazu f\u00fchrte, dass der Prozess des Unternehmens von der Anfrage bis zu der Erstellung eines Angebots international wesentlich systematischer, effektiver und effizienter gestaltet wurde.<\/p>\n<p><strong>Ehrenamtlich<\/strong> engagiert sich Pascal Kowsky im <a href=\"https:\/\/leo-dortmund.de\/\" target=\"_blank\" rel=\"noopener\">Dortmunder Leo-Club \u201eFlorian\u201c<\/a>, der Jugendorganisation von <a href=\"https:\/\/www.lionsclubs.org\/de\" target=\"_blank\" rel=\"noopener\">Lions Club International<\/a>. Nachdem er 2014 und 2015 das bedeutendste Jahresprojekt erfolgreich verantwortete, war er mehrere Jahre Mitglied des Vorstands, im Amtsjahr 2017\/18 hatte er dessen Vorsitz inne.<\/p>\n<p>Pascal Kowsky stammt aus Langenfeld (Rhld.) und wohnt mit seiner Lebensgef\u00e4hrtin in L\u00fcnen bei Dortmund.<\/p>\n<\/div><\/section><\/div>\n\n<style type=\"text\/css\" data-created_by=\"avia_inline_auto\" id=\"style-css-av-av_one_fourth-c8fc129dc35fd1ae2a1e410224d39ea8\">\n.flex_column.av-av_one_fourth-c8fc129dc35fd1ae2a1e410224d39ea8{\nborder-radius:0px 0px 0px 0px;\npadding:0px 0px 0px 0px;\n}\n<\/style>\n<div  class='flex_column av-av_one_fourth-c8fc129dc35fd1ae2a1e410224d39ea8 av_one_fourth  avia-builder-el-4  el_after_av_two_third  el_before_av_two_third  flex_column_div av-zero-column-padding  column-top-margin'     ><p>\n<style type=\"text\/css\" data-created_by=\"avia_inline_auto\" id=\"style-css-av-mb51rn3q-c6b1bab841d16382d1a0e0fce9354c0d\">\n.avia-image-container.av-mb51rn3q-c6b1bab841d16382d1a0e0fce9354c0d img.avia_image{\nbox-shadow:none;\n}\n.avia-image-container.av-mb51rn3q-c6b1bab841d16382d1a0e0fce9354c0d .av-image-caption-overlay-center{\ncolor:#ffffff;\n}\n<\/style>\n<div  class='avia-image-container av-mb51rn3q-c6b1bab841d16382d1a0e0fce9354c0d av-styling-no-styling avia_animated_image av-animated-when-visible-95 top-to-bottom avia-align-left  avia-builder-el-5  el_before_av_font_icon  avia-builder-el-first '   itemprop=\"image\" itemscope=\"itemscope\" itemtype=\"https:\/\/schema.org\/ImageObject\" ><div class=\"avia-image-container-inner\"><div class=\"avia-image-overlay-wrap\"><img class='wp-image-32027 avia-img-lazy-loading-not-32027 avia_image ' src=\"https:\/\/mandat.de\/de\/wp-content\/uploads\/2025\/02\/Pascal-2-200x300.jpg\" alt='' title='Pascal Kowsky'  height=\"300\" width=\"200\"  itemprop=\"thumbnailUrl\" srcset=\"https:\/\/mandat.de\/de\/wp-content\/uploads\/2025\/02\/Pascal-2-200x300.jpg 200w, https:\/\/mandat.de\/de\/wp-content\/uploads\/2025\/02\/Pascal-2-687x1030.jpg 687w, https:\/\/mandat.de\/de\/wp-content\/uploads\/2025\/02\/Pascal-2-768x1152.jpg 768w, https:\/\/mandat.de\/de\/wp-content\/uploads\/2025\/02\/Pascal-2-1024x1536.jpg 1024w, https:\/\/mandat.de\/de\/wp-content\/uploads\/2025\/02\/Pascal-2-1365x2048.jpg 1365w, https:\/\/mandat.de\/de\/wp-content\/uploads\/2025\/02\/Pascal-2-1000x1500.jpg 1000w, https:\/\/mandat.de\/de\/wp-content\/uploads\/2025\/02\/Pascal-2-470x705.jpg 470w, https:\/\/mandat.de\/de\/wp-content\/uploads\/2025\/02\/Pascal-2-scaled.jpg 1706w\" sizes=\"(max-width: 200px) 100vw, 200px\" \/><\/div><\/div><\/div><br \/>\n\n<style type=\"text\/css\" data-created_by=\"avia_inline_auto\" id=\"style-css-av-av_font_icon-3012e88c01ba8b6b64e49594f34f4548\">\n.av_font_icon.av-av_font_icon-3012e88c01ba8b6b64e49594f34f4548 .av-icon-char{\nfont-size:30px;\nline-height:30px;\n}\n<\/style>\n<span  class='av_font_icon av-av_font_icon-3012e88c01ba8b6b64e49594f34f4548 avia_animate_when_visible av-icon-style- avia-icon-pos-left av-no-color avia-icon-animate'><a href='https:\/\/www.linkedin.com\/in\/pascal-kowsky-1bba3a182\/?originalSubdomain=de' target=\"_blank\" rel=\"noopener noreferrer\" class='av-icon-char' aria-hidden='true' data-av_icon='\ue8fd' data-av_iconfont='entypo-fontello'><\/a><\/span><br \/>\n\n<style type=\"text\/css\" data-created_by=\"avia_inline_auto\" id=\"style-css-av-av_font_icon-527f207f65b50f924cec2c765ddb1119\">\n.av_font_icon.av-av_font_icon-527f207f65b50f924cec2c765ddb1119 .av-icon-char{\nfont-size:30px;\nline-height:30px;\n}\n<\/style>\n<span  class='av_font_icon av-av_font_icon-527f207f65b50f924cec2c765ddb1119 avia_animate_when_visible av-icon-style- avia-icon-pos-left av-no-color avia-icon-animate'><a href='https:\/\/www.facebook.com\/MandatWachstum\/' target=\"_blank\" rel=\"noopener noreferrer\" class='av-icon-char' aria-hidden='true' data-av_icon='\ue8f4' data-av_iconfont='entypo-fontello'><\/a><\/span><br \/>\n\n<style type=\"text\/css\" data-created_by=\"avia_inline_auto\" id=\"style-css-av-av_font_icon-7692384774a04aba4f987e14b71b3b31\">\n.av_font_icon.av-av_font_icon-7692384774a04aba4f987e14b71b3b31 .av-icon-char{\nfont-size:30px;\nline-height:30px;\n}\n<\/style>\n<span  class='av_font_icon av-av_font_icon-7692384774a04aba4f987e14b71b3b31 avia_animate_when_visible av-icon-style- avia-icon-pos-left av-no-color avia-icon-animate'><a href='https:\/\/www.xing.com\/profile\/Pascal_Kowsky' target=\"_blank\" rel=\"noopener noreferrer\" class='av-icon-char' aria-hidden='true' data-av_icon='\ue923' data-av_iconfont='entypo-fontello'><\/a><\/span><br \/>\n\n<style type=\"text\/css\" data-created_by=\"avia_inline_auto\" id=\"style-css-av-av_font_icon-7627044e32a11ef31387217e677c215a\">\n.av_font_icon.av-av_font_icon-7627044e32a11ef31387217e677c215a .av-icon-char{\nfont-size:30px;\nline-height:30px;\n}\n<\/style>\n<span  class='av_font_icon av-av_font_icon-7627044e32a11ef31387217e677c215a avia_animate_when_visible av-icon-style- avia-icon-pos-left av-no-color avia-icon-animate'><a href='https:\/\/twitter.com\/MandatWachstum' target=\"_blank\" rel=\"noopener noreferrer\" class='av-icon-char' aria-hidden='true' data-av_icon='\ue8fb' data-av_iconfont='entypo-fontello'><\/a><\/span><br \/>\n\n<style type=\"text\/css\" data-created_by=\"avia_inline_auto\" id=\"style-css-av-av_font_icon-98917e1ed44a8f185e136bcf86b84651\">\n.av_font_icon.av-av_font_icon-98917e1ed44a8f185e136bcf86b84651 .av-icon-char{\nfont-size:30px;\nline-height:30px;\n}\n<\/style>\n<span  class='av_font_icon av-av_font_icon-98917e1ed44a8f185e136bcf86b84651 avia_animate_when_visible av-icon-style- avia-icon-pos-left av-no-color avia-icon-animate'><a href='https:\/\/www.youtube.com\/channel\/UCEk2VCh9qaGx8VGtitu6o5A' target=\"_blank\" rel=\"noopener noreferrer\" class='av-icon-char' aria-hidden='true' data-av_icon='\ue921' data-av_iconfont='entypo-fontello'><\/a><\/span><\/p><\/div>\n<style type=\"text\/css\" data-created_by=\"avia_inline_auto\" id=\"style-css-av-av_two_third-15d750bd1b332b34c6e70b077ebbccdf\">\n.flex_column.av-av_two_third-15d750bd1b332b34c6e70b077ebbccdf{\nborder-radius:0px 0px 0px 0px;\npadding:0px 0px 0px 0px;\n}\n<\/style>\n<div  class='flex_column av-av_two_third-15d750bd1b332b34c6e70b077ebbccdf av_two_third  avia-builder-el-11  el_after_av_one_fourth  el_before_av_one_fifth  first flex_column_div av-zero-column-padding  column-top-margin'     ><style type=\"text\/css\" data-created_by=\"avia_inline_auto\" id=\"style-css-av-av_image-4735a46ae8577e95e4f58637a883d979\">\n.avia-image-container.av-av_image-4735a46ae8577e95e4f58637a883d979 img.avia_image{\nbox-shadow:none;\n}\n.avia-image-container.av-av_image-4735a46ae8577e95e4f58637a883d979 .av-image-caption-overlay-center{\ncolor:#ffffff;\n}\n<\/style>\n<div  class='avia-image-container av-av_image-4735a46ae8577e95e4f58637a883d979 av-styling- avia-align-center  avia-builder-el-12  avia-builder-el-no-sibling '   itemprop=\"image\" itemscope=\"itemscope\" itemtype=\"https:\/\/schema.org\/ImageObject\" ><div class=\"avia-image-container-inner\"><div class=\"avia-image-overlay-wrap\"><img class='wp-image-26124 avia-img-lazy-loading-not-26124 avia_image ' src=\"https:\/\/mandat.de\/de\/wp-content\/uploads\/2021\/03\/Profil-GQ-Kopie-3-scaled-e1617202715875.jpg\" alt='' title='Profil PK'  height=\"483\" width=\"2100\"  itemprop=\"thumbnailUrl\" srcset=\"https:\/\/mandat.de\/de\/wp-content\/uploads\/2021\/03\/Profil-GQ-Kopie-3-scaled-e1617202715875.jpg 2100w, https:\/\/mandat.de\/de\/wp-content\/uploads\/2021\/03\/Profil-GQ-Kopie-3-scaled-e1617202715875-300x69.jpg 300w, https:\/\/mandat.de\/de\/wp-content\/uploads\/2021\/03\/Profil-GQ-Kopie-3-scaled-e1617202715875-1030x237.jpg 1030w, https:\/\/mandat.de\/de\/wp-content\/uploads\/2021\/03\/Profil-GQ-Kopie-3-scaled-e1617202715875-768x177.jpg 768w, https:\/\/mandat.de\/de\/wp-content\/uploads\/2021\/03\/Profil-GQ-Kopie-3-scaled-e1617202715875-1536x353.jpg 1536w, https:\/\/mandat.de\/de\/wp-content\/uploads\/2021\/03\/Profil-GQ-Kopie-3-scaled-e1617202715875-2048x471.jpg 2048w, https:\/\/mandat.de\/de\/wp-content\/uploads\/2021\/03\/Profil-GQ-Kopie-3-scaled-e1617202715875-1500x345.jpg 1500w, https:\/\/mandat.de\/de\/wp-content\/uploads\/2021\/03\/Profil-GQ-Kopie-3-scaled-e1617202715875-705x162.jpg 705w, https:\/\/mandat.de\/de\/wp-content\/uploads\/2021\/03\/Profil-GQ-Kopie-3-scaled-e1617202715875-450x104.jpg 450w\" sizes=\"(max-width: 2100px) 100vw, 2100px\" \/><\/div><\/div><\/div><\/div><\/p>\n\n<style type=\"text\/css\" data-created_by=\"avia_inline_auto\" id=\"style-css-av-av_one_fifth-c8fc129dc35fd1ae2a1e410224d39ea8\">\n.flex_column.av-av_one_fifth-c8fc129dc35fd1ae2a1e410224d39ea8{\nborder-radius:0px 0px 0px 0px;\npadding:0px 0px 0px 0px;\n}\n<\/style>\n<div  class='flex_column av-av_one_fifth-c8fc129dc35fd1ae2a1e410224d39ea8 av_one_fifth  avia-builder-el-13  el_after_av_two_third  el_before_av_one_third  flex_column_div av-zero-column-padding  column-top-margin'     ><\/div>\n\n<style type=\"text\/css\" data-created_by=\"avia_inline_auto\" id=\"style-css-av-av_one_third-15d750bd1b332b34c6e70b077ebbccdf\">\n.flex_column.av-av_one_third-15d750bd1b332b34c6e70b077ebbccdf{\nborder-radius:0px 0px 0px 0px;\npadding:0px 0px 0px 0px;\n}\n<\/style>\n<div  class='flex_column av-av_one_third-15d750bd1b332b34c6e70b077ebbccdf av_one_third  avia-builder-el-14  el_after_av_one_fifth  el_before_av_one_third  first flex_column_div av-zero-column-padding  column-top-margin'     ><p><section  class='av_textblock_section av-av_textblock-2de302bf1aa3cf4c9157dbe6f50ac7eb '   itemscope=\"itemscope\" itemtype=\"https:\/\/schema.org\/CreativeWork\" ><div class='avia_textblock'  itemprop=\"text\" ><p><a href=\"https:\/\/mandat.de\/de\/wachstums-know-how\/checklisten-und-positionspapiere\/\" target=\"_blank\" rel=\"noopener\">Positionspapiere:<\/a><\/p>\n<\/div><\/section><br \/>\n<section  class='av_textblock_section av-av_textblock-2de302bf1aa3cf4c9157dbe6f50ac7eb '   itemscope=\"itemscope\" itemtype=\"https:\/\/schema.org\/CreativeWork\" ><div class='avia_textblock'  itemprop=\"text\" ><ul>\n<li class=\"_04xlpA direction-ltr align-center para-style-title\"><a href=\"https:\/\/www.mandat.de\/de\/shop\/Mandat-Positionspapiere-Whitepaper\/Erfolgreiches-Onboarding.html\" target=\"_blank\" rel=\"noopener\"><span class=\"JsGRdQ\">Erfolgreiches Onboarding <\/span><span class=\"JsGRdQ\">\u2013 <\/span><span class=\"JsGRdQ\">Wie neue Mitarbeiter und starke Unternehmen schneller zusammen wachsen<\/span><\/a><\/li>\n<\/ul>\n<\/div><\/section><br \/>\n\n<style type=\"text\/css\" data-created_by=\"avia_inline_auto\" id=\"style-css-av-av_image-77486653f5e522760d9e0b851dd41039\">\n.avia-image-container.av-av_image-77486653f5e522760d9e0b851dd41039 img.avia_image{\nbox-shadow:none;\n}\n.avia-image-container.av-av_image-77486653f5e522760d9e0b851dd41039 .av-image-caption-overlay-center{\ncolor:#ffffff;\n}\n<\/style>\n<div  class='avia-image-container av-av_image-77486653f5e522760d9e0b851dd41039 av-styling- avia-align-center  avia-builder-el-17  el_after_av_textblock  avia-builder-el-last '   itemprop=\"image\" itemscope=\"itemscope\" itemtype=\"https:\/\/schema.org\/ImageObject\" ><div class=\"avia-image-container-inner\"><div class=\"avia-image-overlay-wrap\"><img class='wp-image-26302 avia-img-lazy-loading-not-26302 avia_image ' src=\"https:\/\/mandat.de\/de\/wp-content\/uploads\/2021\/04\/Titel-Fachtexte-Kopie-1-1-845x321.jpg\" alt='' title='Titel Fachtexte Kopie'  height=\"321\" width=\"845\"  itemprop=\"thumbnailUrl\"  \/><\/div><\/div><\/div><\/p><\/div>\n\n<style type=\"text\/css\" data-created_by=\"avia_inline_auto\" id=\"style-css-av-av_one_third-c8fc129dc35fd1ae2a1e410224d39ea8\">\n.flex_column.av-av_one_third-c8fc129dc35fd1ae2a1e410224d39ea8{\nborder-radius:0px 0px 0px 0px;\npadding:0px 0px 0px 0px;\n}\n<\/style>\n<div  class='flex_column av-av_one_third-c8fc129dc35fd1ae2a1e410224d39ea8 av_one_third  avia-builder-el-18  el_after_av_one_third  el_before_av_one_fifth  flex_column_div av-zero-column-padding  column-top-margin'     ><p><section  class='av_textblock_section av-av_textblock-2de302bf1aa3cf4c9157dbe6f50ac7eb '   itemscope=\"itemscope\" itemtype=\"https:\/\/schema.org\/CreativeWork\" ><div class='avia_textblock'  itemprop=\"text\" ><p><a href=\"https:\/\/mandat.de\/de\/wachstums-know-how\/fachartikel\/\" target=\"_blank\" rel=\"noopener\">Fachartikel:<\/a><\/p>\n<\/div><\/section><br \/>\n<section  class='av_textblock_section av-av_textblock-2de302bf1aa3cf4c9157dbe6f50ac7eb '   itemscope=\"itemscope\" itemtype=\"https:\/\/schema.org\/CreativeWork\" ><div class='avia_textblock'  itemprop=\"text\" ><ul>\n<li><a href=\"https:\/\/mandat.de\/de\/wp-content\/uploads\/2021\/03\/04-2021-Mandat-Growthletter-%E2%80%93-Risiko-PO.pdf\" target=\"_blank\" rel=\"noopener\">Wie Sie Innovations-Flops vermeiden<\/a><\/li>\n<li><a href=\"https:\/\/mandat.de\/de\/wp-content\/uploads\/2020\/10\/11-2020-Mandat-Growthletter-Prozesse-und-Organisation.pdf\" target=\"_blank\" rel=\"noopener\">Mitarbeiter weg \u2013 Know-how weg? So verhindern Sie\u2018s<\/a><\/li>\n<li><a href=\"https:\/\/mandat.de\/de\/wp-content\/uploads\/2019\/10\/10-2019-Mandat-Growthletter-%E2%80%93-Erfolg-erkennen-Mache-ich-eigentlich-einen-guten-Job.pdf\" target=\"_blank\" rel=\"noopener\">Mache ich eigentlich einen guten Job?<\/a><\/li>\n<li><a href=\"https:\/\/mandat.de\/de\/wp-content\/uploads\/2020\/07\/08-2020-Mandat-Growthletter-%E2%80%93-Irrtuemer-Wie-wir-schneller-werden-werden-wir-bewusst-bremsen.pdf\" target=\"_blank\" rel=\"noopener\">Wie wir schneller werden, wenn wir bewusst bremsen<\/a><\/li>\n<\/ul>\n<\/div><\/section><\/p><\/div>\n\n<style type=\"text\/css\" data-created_by=\"avia_inline_auto\" id=\"style-css-av-av_one_fifth-c8fc129dc35fd1ae2a1e410224d39ea8\">\n.flex_column.av-av_one_fifth-c8fc129dc35fd1ae2a1e410224d39ea8{\nborder-radius:0px 0px 0px 0px;\npadding:0px 0px 0px 0px;\n}\n<\/style>\n<div  class='flex_column av-av_one_fifth-c8fc129dc35fd1ae2a1e410224d39ea8 av_one_fifth  avia-builder-el-21  el_after_av_one_third  el_before_av_two_third  flex_column_div av-zero-column-padding  column-top-margin'     ><\/div>\n\n<style type=\"text\/css\" data-created_by=\"avia_inline_auto\" id=\"style-css-av-av_two_third-15d750bd1b332b34c6e70b077ebbccdf\">\n.flex_column.av-av_two_third-15d750bd1b332b34c6e70b077ebbccdf{\nborder-radius:0px 0px 0px 0px;\npadding:0px 0px 0px 0px;\n}\n<\/style>\n<div  class='flex_column av-av_two_third-15d750bd1b332b34c6e70b077ebbccdf av_two_third  avia-builder-el-22  el_after_av_one_fifth  el_before_av_one_fifth  first flex_column_div av-zero-column-padding  column-top-margin'     ><section  class='av_textblock_section av-av_textblock-2de302bf1aa3cf4c9157dbe6f50ac7eb '   itemscope=\"itemscope\" itemtype=\"https:\/\/schema.org\/CreativeWork\" ><div class='avia_textblock'  itemprop=\"text\" ><p>Lesen Sie in unserem monatlich erscheinendem Mandat Growthletter\u00ae einen Fachbeitrag zum Thema Prozesse &amp; Organisation von <strong>Pascal Kowsky<\/strong> und starten Sie jeden Monat mit neuen Wachstumsimpulsen: <a href=\"https:\/\/mandat.de\/de\/wachstums-know-how\/mandat-growthletter\/\" target=\"_blank\" rel=\"noopener\">Mandat Growthletter\u00ae<\/a> abonnieren.<\/p>\n<\/div><\/section><\/div>\n\n<style type=\"text\/css\" data-created_by=\"avia_inline_auto\" id=\"style-css-av-av_one_fifth-c8fc129dc35fd1ae2a1e410224d39ea8\">\n.flex_column.av-av_one_fifth-c8fc129dc35fd1ae2a1e410224d39ea8{\nborder-radius:0px 0px 0px 0px;\npadding:0px 0px 0px 0px;\n}\n<\/style>\n<div  class='flex_column av-av_one_fifth-c8fc129dc35fd1ae2a1e410224d39ea8 av_one_fifth  avia-builder-el-24  el_after_av_two_third  el_before_av_textblock  flex_column_div av-zero-column-padding  column-top-margin'     ><\/div>\n<section  class='av_textblock_section av-av_textblock-2de302bf1aa3cf4c9157dbe6f50ac7eb '   itemscope=\"itemscope\" itemtype=\"https:\/\/schema.org\/CreativeWork\" ><div class='avia_textblock'  itemprop=\"text\" ><p><span style=\"color: #ffffff;\">c<\/span><\/p>\n<\/div><\/section>\n\n<style type=\"text\/css\" data-created_by=\"avia_inline_auto\" id=\"style-css-av-av_two_third-15d750bd1b332b34c6e70b077ebbccdf\">\n.flex_column.av-av_two_third-15d750bd1b332b34c6e70b077ebbccdf{\nborder-radius:0px 0px 0px 0px;\npadding:0px 0px 0px 0px;\n}\n<\/style>\n<div  class='flex_column av-av_two_third-15d750bd1b332b34c6e70b077ebbccdf av_two_third  avia-builder-el-26  el_after_av_textblock  avia-builder-el-last  first flex_column_div av-zero-column-padding  column-top-margin'     ><div  class='avia-button-wrap av-av_button-8aee99a28116a26e15272984b572aec7-wrap avia-button-left  avia-builder-el-27  avia-builder-el-no-sibling '><a href='https:\/\/mandat.de\/de\/presseraum\/fotos-und-downloads\/'  class='avia-button av-av_button-8aee99a28116a26e15272984b572aec7 avia-icon_select-no avia-size-x-large avia-position-left avia-color-theme-color'  target=\"_blank\"  rel=\"noopener noreferrer\" ><span class='avia_iconbox_title' >Fotos zum Download finden Sie<br \/>\nin unserem Pressebereich<\/span><\/a><\/div><\/div>\n","protected":false},"excerpt":{"rendered":"","protected":false},"author":16,"featured_media":0,"parent":17385,"menu_order":6,"comment_status":"closed","ping_status":"closed","template":"","meta":[],"_links":{"self":[{"href":"https:\/\/mandat.de\/de\/wp-json\/wp\/v2\/pages\/25964"}],"collection":[{"href":"https:\/\/mandat.de\/de\/wp-json\/wp\/v2\/pages"}],"about":[{"href":"https:\/\/mandat.de\/de\/wp-json\/wp\/v2\/types\/page"}],"author":[{"embeddable":true,"href":"https:\/\/mandat.de\/de\/wp-json\/wp\/v2\/users\/16"}],"replies":[{"embeddable":true,"href":"https:\/\/mandat.de\/de\/wp-json\/wp\/v2\/comments?post=25964"}],"version-history":[{"count":0,"href":"https:\/\/mandat.de\/de\/wp-json\/wp\/v2\/pages\/25964\/revisions"}],"up":[{"embeddable":true,"href":"https:\/\/mandat.de\/de\/wp-json\/wp\/v2\/pages\/17385"}],"wp:attachment":[{"href":"https:\/\/mandat.de\/de\/wp-json\/wp\/v2\/media?parent=25964"}],"curies":[{"name":"wp","href":"https:\/\/api.w.org\/{rel}","templated":true}]}}