{"id":25965,"date":"2021-07-13T11:55:23","date_gmt":"2021-07-13T09:55:23","guid":{"rendered":"https:\/\/mandat.de\/de\/?page_id=25965"},"modified":"2021-07-13T11:55:28","modified_gmt":"2021-07-13T09:55:28","slug":"pascal-kowsky-management-consultant-2","status":"publish","type":"page","link":"https:\/\/mandat.de\/de\/about\/we-are-mandat\/pascal-kowsky-management-consultant-2\/?lang=en","title":{"rendered":"Pascal Kowsky, Management Consultant"},"content":{"rendered":"\n<style type=\"text\/css\" data-created_by=\"avia_inline_auto\" id=\"style-css-av-av_one_full-15d750bd1b332b34c6e70b077ebbccdf\">\n.flex_column.av-av_one_full-15d750bd1b332b34c6e70b077ebbccdf{\nborder-radius:0px 0px 0px 0px;\npadding:0px 0px 0px 0px;\n}\n<\/style>\n<div  class='flex_column av-av_one_full-15d750bd1b332b34c6e70b077ebbccdf av_one_full  avia-builder-el-0  el_before_av_two_third  avia-builder-el-first  first flex_column_div av-zero-column-padding  '     ><style type=\"text\/css\" data-created_by=\"avia_inline_auto\" id=\"style-css-av-av_heading-662f752a670cb7703635ca3484108204\">\n#top .av-special-heading.av-av_heading-662f752a670cb7703635ca3484108204{\npadding-bottom:10px;\n}\nbody .av-special-heading.av-av_heading-662f752a670cb7703635ca3484108204 .av-special-heading-tag .heading-char{\nfont-size:25px;\n}\n.av-special-heading.av-av_heading-662f752a670cb7703635ca3484108204 .av-subheading{\nfont-size:15px;\n}\n<\/style>\n<div  class='av-special-heading av-av_heading-662f752a670cb7703635ca3484108204 av-special-heading-h2 blockquote modern-quote  avia-builder-el-1  avia-builder-el-no-sibling '><h2 class='av-special-heading-tag'  itemprop=\"headline\"  >Pascal Kowsky<\/h2><div class='av-subheading av-subheading_below'><p>Senior-Berater<\/p>\n<\/div><div class=\"special-heading-border\"><div class=\"special-heading-inner-border\"><\/div><\/div><\/div><\/div>\n\n<style type=\"text\/css\" data-created_by=\"avia_inline_auto\" id=\"style-css-av-av_two_third-577210023eb6854b735f77c391087942\">\n.flex_column.av-av_two_third-577210023eb6854b735f77c391087942{\nborder-radius:0px 0px 0px 0px;\npadding:0px 0px 0px 0px;\n}\n<\/style>\n<div  class='flex_column av-av_two_third-577210023eb6854b735f77c391087942 av_two_third  avia-builder-el-2  el_after_av_one_full  el_before_av_one_third  first flex_column_div av-animated-generic top-to-bottom av-zero-column-padding  column-top-margin'     ><p><section  class='av_textblock_section av-av_textblock-2de302bf1aa3cf4c9157dbe6f50ac7eb '   itemscope=\"itemscope\" itemtype=\"https:\/\/schema.org\/CreativeWork\" ><div class='avia_textblock'  itemprop=\"text\" ><p>Pascal Kowsky ist seit 2013 Mitglied des Mandat-Teams und hat in dieser Zeit mit rund 40 Unternehmen zusammengearbeitet. Startete er seine Mandat-Karriere zun\u00e4chst als Junior-Berater, avancierte er aufgrund seiner Leistungen 2016 zum Managementberater und 2020 zum Senior-Berater. Als Experte f\u00fcr Prozesse &amp; Organisation tr\u00e4gt er Sorge f\u00fcr die passgenaue Erarbeitung bzw. Weiterentwicklung von Strukturen in Klientenunternehmen, um Strategien zu operationalisieren und weitere Wachstumssch\u00fcbe zu erm\u00f6glichen. Ein wesentliches Anliegen dabei ist ihm die Praxisn\u00e4he, sodass die definierten Standards tats\u00e4chlich das Tagesgesch\u00e4ft wirksamer und effizienter machen.<\/p>\n<p>Ein wesentlicher Meilenstein bei Mandat war f\u00fcr Kowsky die Erarbeitung der Auswertungslogik f\u00fcr den Mandat Growth Indicator\u00ae, einer weltweit einzigartigen Methode zur raschen und wirksamen Identifikation von Wachstumsbremsen und Wachstumspotenzialen in Unternehmen. W\u00e4hrend der Corona-Krise f\u00fchrte er dessen Weiterentwicklung zu einem m\u00e4chtigen Werkzeug, das Impulse daf\u00fcr gibt, st\u00e4rker als der Wettbewerb aus Krisen hervorzugehen.<\/p>\n<p>Zur Vertiefung der Kenntnisse in Produktion und Logistik kn\u00fcpfte Kowsky an seinen Bachelor-Abschluss in Wirtschaftsingenieurwesen unmittelbar das Master-Studium in Supply Chain Management an, welches er als Jahrgangsbester absolvierte. Seine Master-Thesis \u00fcber Wachstumspotenziale in der Wertsch\u00f6pfungskette eines mittelst\u00e4ndischen Zuliefererbetriebs f\u00fcr den Anlagenbau \u00fcberzeugten den Inhaber und das Management dieses Mandat-Klientenunternehmens nachhaltig. Die Master-Thesis ist als Band 4 in der von Prof. Dr. Guido Quelle herausgegebenen wissenschaftlichen Buchreihe \u201eMandat Campus\u201c erschienen.<\/p>\n<p>Vor seiner Laufbahn bei Mandat wirkte Kowsky drei Jahre lang in verschiedensten Projekten innerhalb eines globalen, marktbedeutenden Technologieunternehmens mit. Herausragend zu nennen ist eine Prozessoptimierung, die dazu f\u00fchrte, dass der Prozess des Unternehmens von der Anfrage bis zu der Erstellung eines Angebots international wesentlich systematischer, effektiver und effizienter gestaltet wurde.<\/p>\n<p>Ehrenamtlich engagiert sich Kowsky im Dortmunder Leo-Club \u201eFlorian\u201c, der Jugendorganisation von Lions Club International. Nachdem er 2014 und 2015 das bedeutendste Jahresprojekt erfolgreich verantwortete, war er mehrere Jahre Mitglied des Vorstandes, im Amtsjahr 2017\/18 hatte er dessen Vorsitz inne.<\/p>\n<p>Pascal Kowsky stammt aus Langenfeld (Rhld.) und wohnt mit seiner Lebensgef\u00e4hrtin in L\u00fcnen bei Dortmund.<\/p>\n<\/div><\/section><br \/>\n<div  class='avia-button-wrap av-av_button-f6a9ef90302b307e884996f623f5e72d-wrap avia-button-left  avia-builder-el-4  el_after_av_textblock  avia-builder-el-last '><a href='https:\/\/mandat.de\/de\/?page_id=23103&amp;lang=en'  class='avia-button av-av_button-f6a9ef90302b307e884996f623f5e72d avia-icon_select-no avia-size-medium avia-position-left avia-color-theme-color'  ><span class='avia_iconbox_title' >Find photos for download<br \/>\nin our Press Room<\/span><\/a><\/div><\/p><\/div>\n\n<style type=\"text\/css\" data-created_by=\"avia_inline_auto\" id=\"style-css-av-av_one_third-c8fc129dc35fd1ae2a1e410224d39ea8\">\n.flex_column.av-av_one_third-c8fc129dc35fd1ae2a1e410224d39ea8{\nborder-radius:0px 0px 0px 0px;\npadding:0px 0px 0px 0px;\n}\n<\/style>\n<div  class='flex_column av-av_one_third-c8fc129dc35fd1ae2a1e410224d39ea8 av_one_third  avia-builder-el-5  el_after_av_two_third  avia-builder-el-last  flex_column_div av-zero-column-padding  column-top-margin'     ><style type=\"text\/css\" data-created_by=\"avia_inline_auto\" id=\"style-css-av-av_image-3f563308d953f7fd0ab928b64c85f3dc\">\n.avia-image-container.av-av_image-3f563308d953f7fd0ab928b64c85f3dc img.avia_image{\nbox-shadow:none;\n}\n.avia-image-container.av-av_image-3f563308d953f7fd0ab928b64c85f3dc .av-image-caption-overlay-center{\ncolor:#ffffff;\n}\n<\/style>\n<div  class='avia-image-container av-av_image-3f563308d953f7fd0ab928b64c85f3dc av-styling- avia_animated_image av-animated-when-visible-95 top-to-bottom avia-align-center  avia-builder-el-6  avia-builder-el-no-sibling '   itemprop=\"image\" itemscope=\"itemscope\" itemtype=\"https:\/\/schema.org\/ImageObject\" ><div class=\"avia-image-container-inner\"><div class=\"avia-image-overlay-wrap\"><img class='wp-image-24206 avia-img-lazy-loading-not-24206 avia_image ' src=\"https:\/\/mandat.de\/de\/wp-content\/uploads\/2020\/11\/Pascal-Kowski-Hu\u0308ftbild-2-e1605530969227.jpg\" alt='' title='Pascal Kowsky'  height=\"1500\" width=\"1000\"  itemprop=\"thumbnailUrl\"  \/><\/div><\/div><\/div><\/div>\n","protected":false},"excerpt":{"rendered":"","protected":false},"author":16,"featured_media":0,"parent":21349,"menu_order":6,"comment_status":"closed","ping_status":"closed","template":"","meta":[],"_links":{"self":[{"href":"https:\/\/mandat.de\/de\/wp-json\/wp\/v2\/pages\/25965"}],"collection":[{"href":"https:\/\/mandat.de\/de\/wp-json\/wp\/v2\/pages"}],"about":[{"href":"https:\/\/mandat.de\/de\/wp-json\/wp\/v2\/types\/page"}],"author":[{"embeddable":true,"href":"https:\/\/mandat.de\/de\/wp-json\/wp\/v2\/users\/16"}],"replies":[{"embeddable":true,"href":"https:\/\/mandat.de\/de\/wp-json\/wp\/v2\/comments?post=25965"}],"version-history":[{"count":0,"href":"https:\/\/mandat.de\/de\/wp-json\/wp\/v2\/pages\/25965\/revisions"}],"up":[{"embeddable":true,"href":"https:\/\/mandat.de\/de\/wp-json\/wp\/v2\/pages\/21349"}],"wp:attachment":[{"href":"https:\/\/mandat.de\/de\/wp-json\/wp\/v2\/media?parent=25965"}],"curies":[{"name":"wp","href":"https:\/\/api.w.org\/{rel}","templated":true}]}}