{"id":29881,"date":"2023-06-19T15:27:50","date_gmt":"2023-06-19T13:27:50","guid":{"rendered":"https:\/\/mandat.de\/de\/?page_id=29881"},"modified":"2025-05-26T14:12:59","modified_gmt":"2025-05-26T12:12:59","slug":"sebastian-kraemer-managementberater","status":"publish","type":"page","link":"https:\/\/mandat.de\/de\/ueberuns\/mandat-team\/sebastian-kraemer-managementberater\/","title":{"rendered":"Sebastian Kraemer, Managementberater"},"content":{"rendered":"\n<style type=\"text\/css\" data-created_by=\"avia_inline_auto\" id=\"style-css-av-2yz2p6l-a18cd4fbe5723b2e8078041547923442\">\n.flex_column.av-2yz2p6l-a18cd4fbe5723b2e8078041547923442{\nborder-radius:0px 0px 0px 0px;\npadding:0px 0px 0px 0px;\n}\n<\/style>\n<div  class='flex_column av-2yz2p6l-a18cd4fbe5723b2e8078041547923442 av_one_full  avia-builder-el-0  el_before_av_two_third  avia-builder-el-first  first flex_column_div av-zero-column-padding  '     ><style type=\"text\/css\" data-created_by=\"avia_inline_auto\" id=\"style-css-av-8vjxbx-ce4210522809ef54f6ff41f1f4c0f116\">\n#top .av-special-heading.av-8vjxbx-ce4210522809ef54f6ff41f1f4c0f116{\npadding-bottom:10px;\n}\nbody .av-special-heading.av-8vjxbx-ce4210522809ef54f6ff41f1f4c0f116 .av-special-heading-tag .heading-char{\nfont-size:25px;\n}\n.av-special-heading.av-8vjxbx-ce4210522809ef54f6ff41f1f4c0f116 .av-subheading{\nfont-size:15px;\n}\n<\/style>\n<div  class='av-special-heading av-8vjxbx-ce4210522809ef54f6ff41f1f4c0f116 av-special-heading-h2 blockquote modern-quote  avia-builder-el-1  avia-builder-el-no-sibling '><h2 class='av-special-heading-tag'  itemprop=\"headline\"  >Sebastian Kraemer<\/h2><div class=\"special-heading-border\"><div class=\"special-heading-inner-border\"><\/div><\/div><\/div><\/div>\n\n<style type=\"text\/css\" data-created_by=\"avia_inline_auto\" id=\"style-css-av-26g68zh-ad2a17abda56c3ae5a1a5233f76171e8\">\n.flex_column.av-26g68zh-ad2a17abda56c3ae5a1a5233f76171e8{\nborder-radius:0px 0px 0px 0px;\npadding:0px 0px 0px 0px;\n}\n<\/style>\n<div  class='flex_column av-26g68zh-ad2a17abda56c3ae5a1a5233f76171e8 av_two_third  avia-builder-el-2  el_after_av_one_full  el_before_av_one_fourth  first flex_column_div av-animated-generic top-to-bottom av-zero-column-padding  column-top-margin'     ><section  class='av_textblock_section av-lj2uus5a-93f80160f7e647581433e2ed8b37fb81 '   itemscope=\"itemscope\" itemtype=\"https:\/\/schema.org\/CreativeWork\" ><div class='avia_textblock'  itemprop=\"text\" ><ul>\n<li><strong>Seit 2022 mit hohen Ambitionen im Mandat-Team<\/strong><\/li>\n<li><strong>2024 zum Managementberater berufen<\/strong><\/li>\n<li><strong>Verantwortet die inhaltliche Weiterentwicklung der Wachstumswelt<\/strong><\/li>\n<\/ul>\n<p>Sebastian Kraemer absolvierte 2016 sein Abitur in einer Kleinstadt im Sauerland. Anschlie\u00dfend begann er sein Studium der Betriebswirtschaftslehre. Zun\u00e4chst belegte er einen Bachelorstudiengang in International Business and Management an der Hochschule Bochum und schloss mit der Abschlu\u00dfnote 1,4 ab. Anschlie\u00dfend ging er mit hohen Ambitionen f\u00fcr sein Masterstudium in Finance and Management an die Heriot-Watt University nach Edinburgh, Schottland und beendete auch seinen Master \u00fcberdurchschnittlich gut mit einer Note von 1,7. Sebastian Kraemer sammelte in Schottland wertvolle internationale Erfahrungen, wie den Umgang mit und die Arbeit in einem interkulturellen Team bei der Planung eines Projekts und die Anwendung des gelernten methodischen Wissens auf reale Business Cases und konnte so seinen gew\u00e4hlten Studienfokus vertiefen. Im November 2022 setzte sich Sebastian Kraemer in mehreren Runden gegen unterschiedliche Bewerberinnen und Bewerber durch und wurde als Junior-Berater Teil des Mandat-Teams. Schnell arbeitete sich Sebastian Kraemer tief in die Mandat-Projekte ein und wurde bereits im Mai 2024 zum Managementberater berufen.<\/p>\n<p>Sowohl im Bachelor- als auch im Masterstudium standen strategisches Management, Controlling und Finanzen im Fokus seiner akademischen Ausbildung. In diesen Fachrichtungen konnte Sebastian Kraemer wertvolles Know-how aufbauen, das er heute bereits durch beispielsweise den Aufbau von Controlling-Dashboards, die Erarbeitung und Einf\u00fchrung von Kennzahlensystemen und die Definition von Prozessen im Rahmen der Projektarbeit anwendet. Des Weiteren entwickelte Sebastian Kraemer bereits im Studium ein gro\u00dfes Interesse am Mittelstand. Nach mehreren Praktika in mittelst\u00e4ndischen Unternehmen, entschied er sich dazu, seine Bachelorarbeit \u00fcber die <strong>Digitalisierung in kleinen und mittelst\u00e4ndischen Unternehmen<\/strong> zu schreiben. Die Thesis trug den Titel \u201eDie Entwicklung des Controllings von kleinen und mittelst\u00e4ndischen Unternehmen durch den Einfluss der Digitalisierung\u201c. Dieses w\u00e4hrend des Studiums stetig wachsende Interesse am Mittelstand war f\u00fcr ihn ein wichtiger Baustein bei der Entscheidung f\u00fcr eine Berater-Karriere bei Mandat. Seinen Masterabschluss erlangte Sebastian Kraemer mit einer Arbeit \u00fcber den Einfluss des Covid-Virus auf den DAX. Der Titel lautet <strong>\u201eThe impact of the Covid-19 pandemic on financial markets\u201c<\/strong>. Durch die Bearbeitung dieses Themenfelds konnte er viele interessante und wichtige Aspekte \u00fcber das Verhalten von Investoren und Finanzm\u00e4rkten w\u00e4hrend Krisensituationen lernen.<\/p>\n<p>Sebastian Kraemer zeichnet bereits jetzt der Drang danach aus, sein theoretisches Know-how stets mit einer pragmatischen Umsetzung zu verbinden. Von seiner starken Veranlagung zum analytischen und strategischen Denken profitieren Projektteams aktuell besonders in der Planung und der Umsetzungsunterst\u00fctzung diverser Teilprojekte. Durch seine schnelle Auffassungsgabe ist es ihm m\u00f6glich, sich einerseits z\u00fcgig in wechselnde und neue Themen einzuarbeiten und andererseits viel aus der direkten Zusammenarbeit mit erfahreneren Beratern bei Mandat-Klienten zu lernen und dieses neue Wissen selbst bei eben jenen Klienten anzuwenden.<\/p>\n<p>Sebastian Kraemer lebt in Bochum und ist in seiner Freizeit sehr gerne sportlich aktiv. Er spielt seit vielen Jahren Eishockey in einer Hobby-Mannschaft in seiner Heimat und geht gerne und h\u00e4ufig ins Fitnessstudio.<\/p>\n<\/div><\/section><\/div>\n\n<style type=\"text\/css\" data-created_by=\"avia_inline_auto\" id=\"style-css-av-19yuwvx-d22c5d0a61b25f18b08766bf0c87cc95\">\n.flex_column.av-19yuwvx-d22c5d0a61b25f18b08766bf0c87cc95{\nborder-radius:0px 0px 0px 0px;\npadding:0px 0px 0px 0px;\n}\n<\/style>\n<div  class='flex_column av-19yuwvx-d22c5d0a61b25f18b08766bf0c87cc95 av_one_fourth  avia-builder-el-4  el_after_av_two_third  avia-builder-el-last  flex_column_div av-zero-column-padding  column-top-margin'     ><p>\n<style type=\"text\/css\" data-created_by=\"avia_inline_auto\" id=\"style-css-av-kz2lnvoo-ee30efb0397cab36b57c492bc1893c20\">\n.avia-image-container.av-kz2lnvoo-ee30efb0397cab36b57c492bc1893c20 img.avia_image{\nbox-shadow:none;\n}\n.avia-image-container.av-kz2lnvoo-ee30efb0397cab36b57c492bc1893c20 .av-image-caption-overlay-center{\ncolor:#ffffff;\n}\n<\/style>\n<div  class='avia-image-container av-kz2lnvoo-ee30efb0397cab36b57c492bc1893c20 av-styling-no-styling avia_animated_image av-animated-when-visible-95 top-to-bottom avia-align-left  avia-builder-el-5  el_before_av_font_icon  avia-builder-el-first '   itemprop=\"image\" itemscope=\"itemscope\" itemtype=\"https:\/\/schema.org\/ImageObject\" ><div class=\"avia-image-container-inner\"><div class=\"avia-image-overlay-wrap\"><img class='wp-image-32009 avia-img-lazy-loading-not-32009 avia_image ' src=\"https:\/\/mandat.de\/de\/wp-content\/uploads\/2025\/02\/Sebastian3-200x300.jpg\" alt='' title='Sebastian Kraemer'  height=\"300\" width=\"200\"  itemprop=\"thumbnailUrl\" srcset=\"https:\/\/mandat.de\/de\/wp-content\/uploads\/2025\/02\/Sebastian3-200x300.jpg 200w, https:\/\/mandat.de\/de\/wp-content\/uploads\/2025\/02\/Sebastian3-687x1030.jpg 687w, https:\/\/mandat.de\/de\/wp-content\/uploads\/2025\/02\/Sebastian3-768x1152.jpg 768w, https:\/\/mandat.de\/de\/wp-content\/uploads\/2025\/02\/Sebastian3-1024x1536.jpg 1024w, https:\/\/mandat.de\/de\/wp-content\/uploads\/2025\/02\/Sebastian3-1365x2048.jpg 1365w, https:\/\/mandat.de\/de\/wp-content\/uploads\/2025\/02\/Sebastian3-1000x1500.jpg 1000w, https:\/\/mandat.de\/de\/wp-content\/uploads\/2025\/02\/Sebastian3-470x705.jpg 470w, https:\/\/mandat.de\/de\/wp-content\/uploads\/2025\/02\/Sebastian3-scaled.jpg 1706w\" sizes=\"(max-width: 200px) 100vw, 200px\" \/><\/div><\/div><\/div><br \/>\n\n<style type=\"text\/css\" data-created_by=\"avia_inline_auto\" id=\"style-css-av-liat6l-5d4399e2bf808f422d933be66e0555ba\">\n.av_font_icon.av-liat6l-5d4399e2bf808f422d933be66e0555ba .av-icon-char{\nfont-size:30px;\nline-height:30px;\n}\n<\/style>\n<span  class='av_font_icon av-liat6l-5d4399e2bf808f422d933be66e0555ba avia_animate_when_visible av-icon-style- avia-icon-pos-left av-no-color avia-icon-animate'><a href='https:\/\/www.linkedin.com\/in\/sebastian-kraemer-287663241\/' target=\"_blank\" rel=\"noopener noreferrer\" class='av-icon-char' aria-hidden='true' data-av_icon='\ue8fd' data-av_iconfont='entypo-fontello'><\/a><\/span><\/p><\/div>\n","protected":false},"excerpt":{"rendered":"","protected":false},"author":1,"featured_media":0,"parent":17385,"menu_order":8,"comment_status":"closed","ping_status":"closed","template":"","meta":[],"_links":{"self":[{"href":"https:\/\/mandat.de\/de\/wp-json\/wp\/v2\/pages\/29881"}],"collection":[{"href":"https:\/\/mandat.de\/de\/wp-json\/wp\/v2\/pages"}],"about":[{"href":"https:\/\/mandat.de\/de\/wp-json\/wp\/v2\/types\/page"}],"author":[{"embeddable":true,"href":"https:\/\/mandat.de\/de\/wp-json\/wp\/v2\/users\/1"}],"replies":[{"embeddable":true,"href":"https:\/\/mandat.de\/de\/wp-json\/wp\/v2\/comments?post=29881"}],"version-history":[{"count":0,"href":"https:\/\/mandat.de\/de\/wp-json\/wp\/v2\/pages\/29881\/revisions"}],"up":[{"embeddable":true,"href":"https:\/\/mandat.de\/de\/wp-json\/wp\/v2\/pages\/17385"}],"wp:attachment":[{"href":"https:\/\/mandat.de\/de\/wp-json\/wp\/v2\/media?parent=29881"}],"curies":[{"name":"wp","href":"https:\/\/api.w.org\/{rel}","templated":true}]}}