{"id":33993,"date":"2026-02-28T20:05:45","date_gmt":"2026-02-28T19:05:45","guid":{"rendered":"https:\/\/mandat.de\/de\/?page_id=33993"},"modified":"2026-03-20T12:01:11","modified_gmt":"2026-03-20T11:01:11","slug":"vortrag-unternehmenswachstum-strategie-vision-mindset-erfolg","status":"publish","type":"page","link":"https:\/\/mandat.de\/de\/vortrag-unternehmenswachstum-strategie-vision-mindset-erfolg\/","title":{"rendered":"Das Rennen um Wachstum beginnt am Start"},"content":{"rendered":"\n<style type=\"text\/css\" data-created_by=\"avia_inline_auto\" id=\"style-css-av-10t59cal-6059ae1e9588dfe734b7fcc38faab3af\">\n.avia-section.av-10t59cal-6059ae1e9588dfe734b7fcc38faab3af{\nbackground-color:#f8f8f8;\nbackground-image:unset;\n}\n<\/style>\n<div id='av_section_1'  class='avia-section av-10t59cal-6059ae1e9588dfe734b7fcc38faab3af main_color avia-section-default avia-no-shadow  avia-builder-el-0  el_before_av_one_half  avia-builder-el-first  avia-bg-style-scroll container_wrap sidebar_right'  ><div class='container av-section-cont-open' ><main  role=\"main\" itemprop=\"mainContentOfPage\"  class='template-page content  av-content-small alpha units'><div class='post-entry post-entry-type-page post-entry-33993'><div class='entry-content-wrapper clearfix'>\n\n<style type=\"text\/css\" data-created_by=\"avia_inline_auto\" id=\"style-css-av-2yvsymh-f5bd6d09d8dc0c74af247440d140dc3c\">\n.flex_column.av-2yvsymh-f5bd6d09d8dc0c74af247440d140dc3c{\nborder-radius:0px 0px 0px 0px;\npadding:0px 0px 0px 0px;\n}\n<\/style>\n<div  class='flex_column av-2yvsymh-f5bd6d09d8dc0c74af247440d140dc3c av_one_full  avia-builder-el-1  el_before_av_one_full  avia-builder-el-first  first flex_column_div av-zero-column-padding  '     ><style type=\"text\/css\" data-created_by=\"avia_inline_auto\" id=\"style-css-av-mlzc229i-6824446da2ba462cbc844a53f4e3a99c\">\n#top .av-special-heading.av-mlzc229i-6824446da2ba462cbc844a53f4e3a99c{\npadding-bottom:10px;\n}\nbody .av-special-heading.av-mlzc229i-6824446da2ba462cbc844a53f4e3a99c .av-special-heading-tag .heading-char{\nfont-size:25px;\n}\n.av-special-heading.av-mlzc229i-6824446da2ba462cbc844a53f4e3a99c .av-subheading{\nfont-size:15px;\n}\n<\/style>\n<div  class='av-special-heading av-mlzc229i-6824446da2ba462cbc844a53f4e3a99c av-special-heading-h1 blockquote modern-quote  avia-builder-el-2  avia-builder-el-no-sibling '><h1 class='av-special-heading-tag'  itemprop=\"headline\"  >Das Rennen um Wachstum beginnt am Start<\/h1><div class=\"special-heading-border\"><div class=\"special-heading-inner-border\"><\/div><\/div><\/div><\/div>\n<style type=\"text\/css\" data-created_by=\"avia_inline_auto\" id=\"style-css-av-zr1gmh-a677e3749517eebd1f87cd1f69d31eaa\">\n.flex_column.av-zr1gmh-a677e3749517eebd1f87cd1f69d31eaa{\nborder-radius:0px 0px 0px 0px;\npadding:0px 0px 0px 0px;\n}\n<\/style>\n<div  class='flex_column av-zr1gmh-a677e3749517eebd1f87cd1f69d31eaa av_one_full  avia-builder-el-3  el_after_av_one_full  el_before_av_one_full  first flex_column_div av-zero-column-padding  column-top-margin'     ><section  class='av_textblock_section av-17a3irz1-1334d451ffb1dff6619d22c5dbee50b2 '   itemscope=\"itemscope\" itemtype=\"https:\/\/schema.org\/CreativeWork\" ><div class='avia_textblock'  itemprop=\"text\" ><h4 style=\"text-align: left;\">Inhalte des Vortrags:<\/h4>\n<\/div><\/section><\/div>\n<style type=\"text\/css\" data-created_by=\"avia_inline_auto\" id=\"style-css-av-1380ci1-8f5cc18432a5967825a457e792c67c81\">\n.flex_column.av-1380ci1-8f5cc18432a5967825a457e792c67c81{\nborder-radius:0px 0px 0px 0px;\npadding:0px 0px 0px 0px;\n}\n<\/style>\n<div  class='flex_column av-1380ci1-8f5cc18432a5967825a457e792c67c81 av_one_full  avia-builder-el-5  el_after_av_one_full  avia-builder-el-last  first flex_column_div av-zero-column-padding  column-top-margin'     ><section  class='av_textblock_section av-tlds3t-c72d86722846015f7a8cb4f8545f69c5 '   itemscope=\"itemscope\" itemtype=\"https:\/\/schema.org\/CreativeWork\" ><div class='avia_textblock'  itemprop=\"text\" ><ul>\n<li><strong>Warum wir Klarheit \u00fcber den eigenen Standort brauchen, damit unsere Strategie wirkt.<\/strong><\/li>\n<li><strong>Wie definieren wir Ziele, die uns nicht verf\u00fchren, sondern f\u00fchren?<\/strong><\/li>\n<li><strong>Welche Strategie f\u00fchrt uns auf die richtige Route zum Unternehmenswachstum?<\/strong><\/li>\n<li><strong>Wie bleiben wir trotz komplexer M\u00e4rkte mit Sicherheit auf der Erfolgsspur?<\/strong><\/li>\n<\/ul>\n<\/div><\/section><\/div><\/div><\/div><\/main><!-- close content main element --><\/div><\/div><div id='after_section_1'  class='main_color av_default_container_wrap container_wrap sidebar_right'  ><div class='container av-section-cont-open' ><div class='template-page content  av-content-small alpha units'><div class='post-entry post-entry-type-page post-entry-33993'><div class='entry-content-wrapper clearfix'>\n<style type=\"text\/css\" data-created_by=\"avia_inline_auto\" id=\"style-css-av-17xwdtst-1cd84030a2798acd9676854466e7df55\">\n.flex_column.av-17xwdtst-1cd84030a2798acd9676854466e7df55{\nborder-radius:0px 0px 0px 0px;\npadding:0px 0px 0px 0px;\n}\n<\/style>\n<div  class='flex_column av-17xwdtst-1cd84030a2798acd9676854466e7df55 av_one_half  avia-builder-el-7  el_after_av_section  el_before_av_one_half  avia-builder-el-first  first flex_column_div av-zero-column-padding  '     ><section  class='av_textblock_section av-m72l7t-ecb766c587d8698ed1028ef293df0c0a '   itemscope=\"itemscope\" itemtype=\"https:\/\/schema.org\/CreativeWork\" ><div class='avia_textblock'  itemprop=\"text\" ><p><strong> Ist der Standort unklar, f\u00fchrt keine Route zum Ziel: Was f\u00fcr Navigationssysteme gilt, \u00fcbertr\u00e4gt der Keynote Speaker Guido Quelle radikal-zielgerichtet auf die Businesswelt. Sein Vortrag entlarvt die Illusion vieler Unternehmen, dass sich Unternehmenswachstum ganz automatisch einstellt, wenn sie sich auf ihre Ziele fokussieren. Doch fehlt ein klar definierter Ausgangspunkt, verl\u00e4uft sich auch die beste Strategie. Oder noch schlimmer: Wer blind drauflosl\u00e4uft, befindet sich auf Kollisionskurs.<\/strong><\/p>\n<p>Guido Quelle zeigt daher seinem Publikum, warum eine ambitionierte Vision wertlos bleibt, wenn ihr die n\u00f6tige Klarheit \u00fcber den Startpunkt fehlt. Wo stehe ich wirklich als Unternehmen? Was ist meine Position im Markt? Quelles Vortrag liefert f\u00fcr diese Fragen einen Kompass, der in einem ersten Schritt nur eine Richtung kennt: Zur\u00fcck auf Start! Denn bereits hier entscheidet sich das Unternehmenswachstum. Von hier aus lassen sich die Strategien verfolgen, die wirklich vorw\u00e4rtsbringen und nicht zum Scheitern f\u00fchren. Von hier aus l\u00e4sst sich das Mindset entwickeln, das der gesamten Unternehmenskultur Orientierung gibt.<\/p>\n<p>Guido Quelle f\u00fchrt bereits seit Jahrzehnten mit seiner Beratungsgesellschaft \u201eMandat\u201c Unternehmen auf die Erfolgsspur. Immer h\u00e4ufiger beobachtet er dabei, wie einschneidende Krisen, schwindende Sicherheiten und Momente des Scheiterns Unternehmen in die Irre verleiten. Durch das Wirtschaften im permanenten Anpassungsprozess verlieren sie oft die Klarheit dar\u00fcber, was ihre aktuelle Ausgangslage ist. Vertrauen diese dann allein auf ihre Vision, so wie oft ein vermeintlich smartes Navigationssystem, wird es gef\u00e4hrlich. Denn Sicherheit entsteht in dieser komplexen Welt nicht nur durch vision\u00e4res Denken, sondern durch eine pr\u00e4zise Standortbestimmung verbunden mit einer Strategie, die auf die Version zielt.<\/p>\n<p>Guido Quelles Vortrag macht eindringlich klar: Eine Vision allein definiert noch kein konkretes Vorhaben. Ohne echten Startpunkt f\u00fchrt jede Strategie von den eigentlichen Zielen weg ins Leere. Das verst\u00e4rkt das Risiko des Scheiterns. Anstatt hektisch neue Routen zu planen, fordert er ein Mindset, das Orientierung statt Aktionismus schafft: weniger Aktivit\u00e4ten, statt mehr. Nur so l\u00e4sst sich Unternehmenswachstum auf eine belastbare Basis stellen.<\/p>\n<p>Sein Vortrag ist ein Fixpunkt f\u00fcr alle Unternehmer, die mutig ihre eigene Ausgangslage analysieren und ihr Mindset in Richtung Unternehmenswachstum ausrichten. Denn damit befindet man sich auf der Zielgeraden zum Erfolg.<\/p>\n<\/div><\/section><\/div><\/p>\n\n<style type=\"text\/css\" data-created_by=\"avia_inline_auto\" id=\"style-css-av-15vz4cvx-53a05f99ea7356366e4ffac79b123cdf\">\n.flex_column.av-15vz4cvx-53a05f99ea7356366e4ffac79b123cdf{\nborder-radius:0px 0px 0px 0px;\npadding:0px 0px 0px 0px;\n}\n<\/style>\n<div  class='flex_column av-15vz4cvx-53a05f99ea7356366e4ffac79b123cdf av_one_half  avia-builder-el-9  el_after_av_one_half  el_before_av_hr  flex_column_div av-zero-column-padding  '     ><p>\n<style type=\"text\/css\" data-created_by=\"avia_inline_auto\" id=\"style-css-av-mm0pbp8z-14e2eaeb401dc0989eab0d756346008e\">\n.avia-image-container.av-mm0pbp8z-14e2eaeb401dc0989eab0d756346008e img.avia_image{\nbox-shadow:none;\n}\n.avia-image-container.av-mm0pbp8z-14e2eaeb401dc0989eab0d756346008e .av-image-caption-overlay-center{\ncolor:#ffffff;\n}\n<\/style>\n<div  class='avia-image-container av-mm0pbp8z-14e2eaeb401dc0989eab0d756346008e av-styling- avia_animated_image av-animated-when-visible-95 top-to-bottom avia-align-center  avia-builder-el-10  el_before_av_hr  avia-builder-el-first '   itemprop=\"image\" itemscope=\"itemscope\" itemtype=\"https:\/\/schema.org\/ImageObject\" ><div class=\"avia-image-container-inner\"><div class=\"avia-image-overlay-wrap\"><img class='wp-image-33849 avia-img-lazy-loading-not-33849 avia_image ' src=\"https:\/\/mandat.de\/de\/wp-content\/uploads\/2026\/02\/Bild-7_Copyright-\u201eEuroMinds2025-scaled.jpg\" alt='' title='Bild 7_Copyright \u201eEuroMinds2025'  height=\"1707\" width=\"2560\"  itemprop=\"thumbnailUrl\" srcset=\"https:\/\/mandat.de\/de\/wp-content\/uploads\/2026\/02\/Bild-7_Copyright-\u201eEuroMinds2025-scaled.jpg 2560w, https:\/\/mandat.de\/de\/wp-content\/uploads\/2026\/02\/Bild-7_Copyright-\u201eEuroMinds2025-300x200.jpg 300w, https:\/\/mandat.de\/de\/wp-content\/uploads\/2026\/02\/Bild-7_Copyright-\u201eEuroMinds2025-1030x687.jpg 1030w, https:\/\/mandat.de\/de\/wp-content\/uploads\/2026\/02\/Bild-7_Copyright-\u201eEuroMinds2025-768x512.jpg 768w, https:\/\/mandat.de\/de\/wp-content\/uploads\/2026\/02\/Bild-7_Copyright-\u201eEuroMinds2025-1536x1024.jpg 1536w, https:\/\/mandat.de\/de\/wp-content\/uploads\/2026\/02\/Bild-7_Copyright-\u201eEuroMinds2025-2048x1365.jpg 2048w, https:\/\/mandat.de\/de\/wp-content\/uploads\/2026\/02\/Bild-7_Copyright-\u201eEuroMinds2025-1500x1000.jpg 1500w, https:\/\/mandat.de\/de\/wp-content\/uploads\/2026\/02\/Bild-7_Copyright-\u201eEuroMinds2025-705x470.jpg 705w\" sizes=\"(max-width: 2560px) 100vw, 2560px\" \/><\/div><\/div><\/div><br \/>\n\n<style type=\"text\/css\" data-created_by=\"avia_inline_auto\" id=\"style-css-av-4a1t7wp-706197ae8a905504bab52b2301d311fc\">\n#top .hr.hr-invisible.av-4a1t7wp-706197ae8a905504bab52b2301d311fc{\nheight:50px;\n}\n<\/style>\n<div  class='hr av-4a1t7wp-706197ae8a905504bab52b2301d311fc hr-invisible  avia-builder-el-11  el_after_av_image  el_before_av_image '><span class='hr-inner '><span class=\"hr-inner-style\"><\/span><\/span><\/div><br \/>\n\n<style type=\"text\/css\" data-created_by=\"avia_inline_auto\" id=\"style-css-av-17tkzu1-55ec8e6cbde054260fabb36b15669911\">\n.avia-image-container.av-17tkzu1-55ec8e6cbde054260fabb36b15669911 img.avia_image{\nbox-shadow:none;\n}\n.avia-image-container.av-17tkzu1-55ec8e6cbde054260fabb36b15669911 .av-image-caption-overlay-center{\ncolor:#ffffff;\n}\n<\/style>\n<div  class='avia-image-container av-17tkzu1-55ec8e6cbde054260fabb36b15669911 av-styling- avia_animated_image av-animated-when-visible-95 top-to-bottom avia-align-center  avia-builder-el-12  el_after_av_hr  avia-builder-el-last '   itemprop=\"image\" itemscope=\"itemscope\" itemtype=\"https:\/\/schema.org\/ImageObject\" ><div class=\"avia-image-container-inner\"><div class=\"avia-image-overlay-wrap\"><img class='wp-image-33839 avia-img-lazy-loading-not-33839 avia_image ' src=\"https:\/\/mandat.de\/de\/wp-content\/uploads\/2026\/02\/Bild-2_Copyright-\u201eEuroMinds2025-scaled.jpg\" alt='' title='Bild 2_Copyright \u201eEuroMinds2025'  height=\"1707\" width=\"2560\"  itemprop=\"thumbnailUrl\" srcset=\"https:\/\/mandat.de\/de\/wp-content\/uploads\/2026\/02\/Bild-2_Copyright-\u201eEuroMinds2025-scaled.jpg 2560w, https:\/\/mandat.de\/de\/wp-content\/uploads\/2026\/02\/Bild-2_Copyright-\u201eEuroMinds2025-300x200.jpg 300w, https:\/\/mandat.de\/de\/wp-content\/uploads\/2026\/02\/Bild-2_Copyright-\u201eEuroMinds2025-1030x687.jpg 1030w, https:\/\/mandat.de\/de\/wp-content\/uploads\/2026\/02\/Bild-2_Copyright-\u201eEuroMinds2025-768x512.jpg 768w, https:\/\/mandat.de\/de\/wp-content\/uploads\/2026\/02\/Bild-2_Copyright-\u201eEuroMinds2025-1536x1024.jpg 1536w, https:\/\/mandat.de\/de\/wp-content\/uploads\/2026\/02\/Bild-2_Copyright-\u201eEuroMinds2025-2048x1365.jpg 2048w, https:\/\/mandat.de\/de\/wp-content\/uploads\/2026\/02\/Bild-2_Copyright-\u201eEuroMinds2025-1500x1000.jpg 1500w, https:\/\/mandat.de\/de\/wp-content\/uploads\/2026\/02\/Bild-2_Copyright-\u201eEuroMinds2025-705x470.jpg 705w\" sizes=\"(max-width: 2560px) 100vw, 2560px\" \/><\/div><\/div><\/div><\/p><\/div>\n\n<style type=\"text\/css\" data-created_by=\"avia_inline_auto\" id=\"style-css-av-36nbm4d-d43f3aad076f79d4827ddcd096f813d2\">\n#top .hr.hr-invisible.av-36nbm4d-d43f3aad076f79d4827ddcd096f813d2{\nheight:50px;\n}\n<\/style>\n<div  class='hr av-36nbm4d-d43f3aad076f79d4827ddcd096f813d2 hr-invisible  avia-builder-el-13  el_after_av_one_half  el_before_av_section  avia-builder-el-last '><span class='hr-inner '><span class=\"hr-inner-style\"><\/span><\/span><\/div>\n<\/div><\/div><\/div><!-- close content main div --><\/div><\/div>\n<style type=\"text\/css\" data-created_by=\"avia_inline_auto\" id=\"style-css-av-3zd0em5-54814317715ee9571e0ffd545cc6307b\">\n.avia-section.av-3zd0em5-54814317715ee9571e0ffd545cc6307b{\nbackground-color:#133370;\nbackground-image:unset;\n}\n<\/style>\n<div id='av_section_2'  class='avia-section av-3zd0em5-54814317715ee9571e0ffd545cc6307b main_color avia-section-default avia-no-border-styling  avia-builder-el-14  el_after_av_hr  avia-builder-el-last  avia-bg-style-scroll container_wrap sidebar_right'  ><div class='container av-section-cont-open' ><div class='template-page content  av-content-small alpha units'><div class='post-entry post-entry-type-page post-entry-33993'><div class='entry-content-wrapper clearfix'>\n\n<style type=\"text\/css\" data-created_by=\"avia_inline_auto\" id=\"style-css-av-3hq81fh-6ba201294c05500a3e532ec1c2056c7d\">\n.flex_column.av-3hq81fh-6ba201294c05500a3e532ec1c2056c7d{\nborder-radius:0px 0px 0px 0px;\npadding:0px 0px 0px 0px;\n}\n<\/style>\n<div  class='flex_column av-3hq81fh-6ba201294c05500a3e532ec1c2056c7d av_two_third  avia-builder-el-15  el_before_av_one_third  avia-builder-el-first  first flex_column_div av-zero-column-padding  '     ><p>\n<style type=\"text\/css\" data-created_by=\"avia_inline_auto\" id=\"style-css-av-vfl6kp-9b708a79747b87063e8518dab2f36017\">\n#top .hr.hr-invisible.av-vfl6kp-9b708a79747b87063e8518dab2f36017{\nheight:30px;\n}\n<\/style>\n<div  class='hr av-vfl6kp-9b708a79747b87063e8518dab2f36017 hr-invisible  avia-builder-el-16  el_before_av_heading  avia-builder-el-first '><span class='hr-inner '><span class=\"hr-inner-style\"><\/span><\/span><\/div><br \/>\n\n<style type=\"text\/css\" data-created_by=\"avia_inline_auto\" id=\"style-css-av-2mdkly5-d0f85f8d05b764f749a02e8444d12d95\">\n#top .av-special-heading.av-2mdkly5-d0f85f8d05b764f749a02e8444d12d95{\npadding-bottom:20px;\ncolor:#ffffff;\nfont-size:40px;\n}\nbody .av-special-heading.av-2mdkly5-d0f85f8d05b764f749a02e8444d12d95 .av-special-heading-tag .heading-char{\nfont-size:25px;\n}\n#top #wrap_all .av-special-heading.av-2mdkly5-d0f85f8d05b764f749a02e8444d12d95 .av-special-heading-tag{\nfont-size:40px;\n}\n.av-special-heading.av-2mdkly5-d0f85f8d05b764f749a02e8444d12d95 .special-heading-inner-border{\nborder-color:#ffffff;\n}\n.av-special-heading.av-2mdkly5-d0f85f8d05b764f749a02e8444d12d95 .av-subheading{\nfont-size:15px;\n}\n\n@media only screen and (min-width: 480px) and (max-width: 767px){ \n#top #wrap_all .av-special-heading.av-2mdkly5-d0f85f8d05b764f749a02e8444d12d95 .av-special-heading-tag{\nfont-size:0.8em;\n}\n}\n\n@media only screen and (max-width: 479px){ \n#top #wrap_all .av-special-heading.av-2mdkly5-d0f85f8d05b764f749a02e8444d12d95 .av-special-heading-tag{\nfont-size:0.8em;\n}\n}\n<\/style>\n<div  class='av-special-heading av-2mdkly5-d0f85f8d05b764f749a02e8444d12d95 av-special-heading-h1 custom-color-heading blockquote modern-quote modern-centered  avia-builder-el-17  el_after_av_hr  el_before_av_textblock  av-inherit-size'><h1 class='av-special-heading-tag'  itemprop=\"headline\"  >Sie suchen einen Redner? Sprechen Sie uns an.<\/h1><div class=\"special-heading-border\"><div class=\"special-heading-inner-border\"><\/div><\/div><\/div><br \/>\n\n<style type=\"text\/css\" data-created_by=\"avia_inline_auto\" id=\"style-css-av-1vv4m2l-5b3c68fa73d09c60a703f68d180eb314\">\n#top .av_textblock_section.av-1vv4m2l-5b3c68fa73d09c60a703f68d180eb314 .avia_textblock{\ncolor:#cecece;\n}\n<\/style>\n<section  class='av_textblock_section av-1vv4m2l-5b3c68fa73d09c60a703f68d180eb314 '   itemscope=\"itemscope\" itemtype=\"https:\/\/schema.org\/CreativeWork\" ><div class='avia_textblock av_inherit_color'  itemprop=\"text\" ><p class=\"p1\" style=\"text-align: center;\"><span class=\"s1\">Sie suchen einen Experten, der Ihrem Team, den Mitgliedern Ihres Verbandes, Ihrer Organisation oder Ihren Kunden komprimiert und hoch praxisrelevant Wachstums-Know-how vermitteln kann?\u00a0<\/span><\/p>\n<p class=\"p1\" style=\"text-align: center;\"><span class=\"s1\">Dann schreiben Sie Ihre Anfrage an:<br \/>\n<strong><br \/>\nAnne Hausen<\/strong><br \/>\n<a href=\"mailto:anne.hausen@mandat.de\"> anne.hausen@mandat.de<\/a><br \/>\n+ 49 231 9742-393<br \/>\n<\/span><\/p>\n<\/div><\/section><br \/>\n\n<style type=\"text\/css\" data-created_by=\"avia_inline_auto\" id=\"style-css-av-1qe8kbh-4ee638d9872238f2654b5e5072bc14fe\">\n#top .hr.hr-invisible.av-1qe8kbh-4ee638d9872238f2654b5e5072bc14fe{\nheight:30px;\n}\n<\/style>\n<div  class='hr av-1qe8kbh-4ee638d9872238f2654b5e5072bc14fe hr-invisible  avia-builder-el-19  el_after_av_textblock  el_before_av_button_big  avia-builder-el-last '><span class='hr-inner '><span class=\"hr-inner-style\"><\/span><\/span><\/div><br \/>\n<div  class='avia-button-wrap avia-button-center  avia-builder-el-20  el_after_av_hr  avia-builder-el-last '>\n<style type=\"text\/css\" data-created_by=\"avia_inline_auto\" id=\"style-css-av-15kyji5-3a9fe0284c0ed432bef4587423195806\">\n#top #wrap_all .avia-button.av-15kyji5-3a9fe0284c0ed432bef4587423195806{\nbackground-color:#ffffff;\nborder-color:#ffffff;\ncolor:#133370;\ntransition:all 0.4s ease-in-out;\n}\n#top #wrap_all .avia-button.av-15kyji5-3a9fe0284c0ed432bef4587423195806:hover{\nbackground-color:#cecece;\ncolor:#ffffff;\ntransition:all 0.4s ease-in-out;\n}\n<\/style>\n<a href='mailto:anne.hausen@mandat.de' class='avia-button avia-button-fullwidth av-15kyji5-3a9fe0284c0ed432bef4587423195806 avia-icon_select-yes-left-icon avia-color-custom'  ><span class='avia_button_icon avia_button_icon_left' aria-hidden='true' data-av_icon='\ue8b7' data-av_iconfont='entypo-fontello'><\/span><span class='avia_iconbox_title' >Jetzt unverbindlich anfragen<\/span><\/a><\/div><\/p><\/div>\n<style type=\"text\/css\" data-created_by=\"avia_inline_auto\" id=\"style-css-av-n5h2yl-876dcf2c9d4a172560f725e9e508d655\">\n.flex_column.av-n5h2yl-876dcf2c9d4a172560f725e9e508d655{\nborder-radius:0px 0px 0px 0px;\npadding:0px 0px 0px 0px;\n}\n<\/style>\n<div  class='flex_column av-n5h2yl-876dcf2c9d4a172560f725e9e508d655 av_one_third  avia-builder-el-21  el_after_av_two_third  avia-builder-el-last  flex_column_div av-zero-column-padding  '     ><style type=\"text\/css\" data-created_by=\"avia_inline_auto\" id=\"style-css-av-m67gsgd7-700a3284d74df3d2eb38ffdf9b0fc403\">\n.avia-image-container.av-m67gsgd7-700a3284d74df3d2eb38ffdf9b0fc403 img.avia_image{\nbox-shadow:none;\n}\n.avia-image-container.av-m67gsgd7-700a3284d74df3d2eb38ffdf9b0fc403 .av-image-caption-overlay-center{\ncolor:#ffffff;\n}\n<\/style>\n<div  class='avia-image-container av-m67gsgd7-700a3284d74df3d2eb38ffdf9b0fc403 av-styling-circle avia-align-center  avia-builder-el-22  avia-builder-el-no-sibling '   itemprop=\"image\" itemscope=\"itemscope\" itemtype=\"https:\/\/schema.org\/ImageObject\" ><div class=\"avia-image-container-inner\"><div class=\"avia-image-overlay-wrap\"><img class='wp-image-33397 avia-img-lazy-loading-not-33397 avia_image ' src=\"https:\/\/mandat.de\/de\/wp-content\/uploads\/2025\/11\/Anne-Hausen-600x600-1.jpg\" alt='Anne Hausen' title='Anne Hausen'  height=\"600\" width=\"600\"  itemprop=\"thumbnailUrl\" srcset=\"https:\/\/mandat.de\/de\/wp-content\/uploads\/2025\/11\/Anne-Hausen-600x600-1.jpg 600w, https:\/\/mandat.de\/de\/wp-content\/uploads\/2025\/11\/Anne-Hausen-600x600-1-300x300.jpg 300w, https:\/\/mandat.de\/de\/wp-content\/uploads\/2025\/11\/Anne-Hausen-600x600-1-80x80.jpg 80w, https:\/\/mandat.de\/de\/wp-content\/uploads\/2025\/11\/Anne-Hausen-600x600-1-36x36.jpg 36w, https:\/\/mandat.de\/de\/wp-content\/uploads\/2025\/11\/Anne-Hausen-600x600-1-180x180.jpg 180w\" sizes=\"(max-width: 600px) 100vw, 600px\" \/><\/div><\/div><\/div><\/div>\n<\/div><\/div><\/div><!-- close content main div --><\/div><\/div><div id='after_section_2'  class='main_color av_default_container_wrap container_wrap sidebar_right'  ><div class='container av-section-cont-open' ><div class='template-page content  av-content-small alpha units'><div class='post-entry post-entry-type-page post-entry-33993'><div class='entry-content-wrapper clearfix'>\n","protected":false},"excerpt":{"rendered":"","protected":false},"author":1,"featured_media":0,"parent":0,"menu_order":1,"comment_status":"closed","ping_status":"closed","template":"","meta":[],"_links":{"self":[{"href":"https:\/\/mandat.de\/de\/wp-json\/wp\/v2\/pages\/33993"}],"collection":[{"href":"https:\/\/mandat.de\/de\/wp-json\/wp\/v2\/pages"}],"about":[{"href":"https:\/\/mandat.de\/de\/wp-json\/wp\/v2\/types\/page"}],"author":[{"embeddable":true,"href":"https:\/\/mandat.de\/de\/wp-json\/wp\/v2\/users\/1"}],"replies":[{"embeddable":true,"href":"https:\/\/mandat.de\/de\/wp-json\/wp\/v2\/comments?post=33993"}],"version-history":[{"count":0,"href":"https:\/\/mandat.de\/de\/wp-json\/wp\/v2\/pages\/33993\/revisions"}],"wp:attachment":[{"href":"https:\/\/mandat.de\/de\/wp-json\/wp\/v2\/media?parent=33993"}],"curies":[{"name":"wp","href":"https:\/\/api.w.org\/{rel}","templated":true}]}}