{"id":34010,"date":"2026-02-28T20:05:42","date_gmt":"2026-02-28T19:05:42","guid":{"rendered":"https:\/\/mandat.de\/de\/?page_id=34010"},"modified":"2026-03-26T10:10:15","modified_gmt":"2026-03-26T09:10:15","slug":"keynote-wachstum-mittelstand-krise-strategie-fuehrung","status":"publish","type":"page","link":"https:\/\/mandat.de\/de\/keynote-wachstum-mittelstand-krise-strategie-fuehrung\/","title":{"rendered":"Profitabel wachsen. Jetzt erst recht!"},"content":{"rendered":"\n<style type=\"text\/css\" data-created_by=\"avia_inline_auto\" id=\"style-css-av-10t59cal-6059ae1e9588dfe734b7fcc38faab3af\">\n.avia-section.av-10t59cal-6059ae1e9588dfe734b7fcc38faab3af{\nbackground-color:#f8f8f8;\nbackground-image:unset;\n}\n<\/style>\n<div id='av_section_1'  class='avia-section av-10t59cal-6059ae1e9588dfe734b7fcc38faab3af main_color avia-section-default avia-no-shadow  avia-builder-el-0  el_before_av_one_half  avia-builder-el-first  avia-bg-style-scroll container_wrap sidebar_right'  ><div class='container av-section-cont-open' ><main  role=\"main\" itemprop=\"mainContentOfPage\"  class='template-page content  av-content-small alpha units'><div class='post-entry post-entry-type-page post-entry-34010'><div class='entry-content-wrapper clearfix'>\n\n<style type=\"text\/css\" data-created_by=\"avia_inline_auto\" id=\"style-css-av-3mbqjlp-95423368ba9afa3ee36e0a172d9af9da\">\n.flex_column.av-3mbqjlp-95423368ba9afa3ee36e0a172d9af9da{\nborder-radius:0px 0px 0px 0px;\npadding:0px 0px 0px 0px;\n}\n<\/style>\n<div  class='flex_column av-3mbqjlp-95423368ba9afa3ee36e0a172d9af9da av_one_full  avia-builder-el-1  el_before_av_one_full  avia-builder-el-first  first flex_column_div av-zero-column-padding  '     ><style type=\"text\/css\" data-created_by=\"avia_inline_auto\" id=\"style-css-av-mlzc4niz-382bbfb52c25180151b8a7cf17677654\">\n#top .av-special-heading.av-mlzc4niz-382bbfb52c25180151b8a7cf17677654{\npadding-bottom:10px;\n}\nbody .av-special-heading.av-mlzc4niz-382bbfb52c25180151b8a7cf17677654 .av-special-heading-tag .heading-char{\nfont-size:25px;\n}\n.av-special-heading.av-mlzc4niz-382bbfb52c25180151b8a7cf17677654 .av-subheading{\nfont-size:15px;\n}\n<\/style>\n<div  class='av-special-heading av-mlzc4niz-382bbfb52c25180151b8a7cf17677654 av-special-heading-h1 blockquote modern-quote  avia-builder-el-2  avia-builder-el-no-sibling '><h1 class='av-special-heading-tag'  itemprop=\"headline\"  >Profitabel wachsen. Jetzt erst recht!<\/h1><div class=\"special-heading-border\"><div class=\"special-heading-inner-border\"><\/div><\/div><\/div><\/div>\n<style type=\"text\/css\" data-created_by=\"avia_inline_auto\" id=\"style-css-av-magrdm-49a545c4d0f785bf87ecb320aed5241f\">\n.flex_column.av-magrdm-49a545c4d0f785bf87ecb320aed5241f{\nborder-radius:0px 0px 0px 0px;\npadding:0px 0px 0px 0px;\n}\n<\/style>\n<div  class='flex_column av-magrdm-49a545c4d0f785bf87ecb320aed5241f av_one_full  avia-builder-el-3  el_after_av_one_full  el_before_av_one_full  first flex_column_div av-zero-column-padding  column-top-margin'     ><section  class='av_textblock_section av-mlzbilso-7cdda892405ac24a08fc5c1a89d3b485 '   itemscope=\"itemscope\" itemtype=\"https:\/\/schema.org\/CreativeWork\" ><div class='avia_textblock'  itemprop=\"text\" ><h4 style=\"text-align: left;\">Inhalte der Keynote:<\/h4>\n<\/div><\/section><\/div>\n<style type=\"text\/css\" data-created_by=\"avia_inline_auto\" id=\"style-css-av-1185bsq-94f0e39386f6a69f0555aebf910acb14\">\n.flex_column.av-1185bsq-94f0e39386f6a69f0555aebf910acb14{\nborder-radius:0px 0px 0px 0px;\npadding:0px 0px 0px 0px;\n}\n<\/style>\n<div  class='flex_column av-1185bsq-94f0e39386f6a69f0555aebf910acb14 av_one_full  avia-builder-el-5  el_after_av_one_full  avia-builder-el-last  first flex_column_div av-zero-column-padding  column-top-margin'     ><section  class='av_textblock_section av-ozkk56-524b8db175d83884b6a2e1e65b16fc75 '   itemscope=\"itemscope\" itemtype=\"https:\/\/schema.org\/CreativeWork\" ><div class='avia_textblock'  itemprop=\"text\" ><ul>\n<li><strong>Was macht eine Unternehmensvision aus, die durch s\u00e4mtliche Krisen tr\u00e4gt?<\/strong><\/li>\n<li><strong>Welche internen Wachstumsbremsen halten uns vom profitablen Wachstum ab?<\/strong><\/li>\n<li><strong>Wo stehen wir wirklich auf der Wachstumskurve und welche Strategie passt dazu?<\/strong><\/li>\n<li><strong>Wie entwickeln wir innere St\u00e4rke f\u00fcr die n\u00e4chste gro\u00dfe Ver\u00e4nderung?<\/strong><\/li>\n<li><strong>Wie kann der Mittelstand trotz Fachkr\u00e4ftemangel Prozesse zukunftsf\u00e4hig gestalten?<\/strong><\/li>\n<\/ul>\n<\/div><\/section><\/div><\/div><\/div><\/main><!-- close content main element --><\/div><\/div><div id='after_section_1'  class='main_color av_default_container_wrap container_wrap sidebar_right'  ><div class='container av-section-cont-open' ><div class='template-page content  av-content-small alpha units'><div class='post-entry post-entry-type-page post-entry-34010'><div class='entry-content-wrapper clearfix'>\n<style type=\"text\/css\" data-created_by=\"avia_inline_auto\" id=\"style-css-av-17xwdtst-1cd84030a2798acd9676854466e7df55\">\n.flex_column.av-17xwdtst-1cd84030a2798acd9676854466e7df55{\nborder-radius:0px 0px 0px 0px;\npadding:0px 0px 0px 0px;\n}\n<\/style>\n<div  class='flex_column av-17xwdtst-1cd84030a2798acd9676854466e7df55 av_one_half  avia-builder-el-7  el_after_av_section  el_before_av_one_half  avia-builder-el-first  first flex_column_div av-zero-column-padding  '     ><section  class='av_textblock_section av-17a3irz1-1334d451ffb1dff6619d22c5dbee50b2 '   itemscope=\"itemscope\" itemtype=\"https:\/\/schema.org\/CreativeWork\" ><div class='avia_textblock'  itemprop=\"text\" ><p><strong>Gras w\u00e4chst nicht schneller, wenn man daran zieht. Aber: Unternehmen wachsen profitabler, wenn sie sich nicht nur in guten, sondern auch in Krisenzeiten aufs Vorw\u00e4rtsdenken statt auf R\u00fcckzug fokussieren. Genau hier zieht Guido Quelle alle Register, wenn er in seiner zukunftsgerichteten Keynote dar\u00fcber spricht, was f\u00fcr den Mittelstand der richtige Zeitpunkt f\u00fcr Wachstum ist. Seine Strategie: Jetzt erst recht!<\/strong><\/p>\n<p>Als erfahrener Unternehmensberater beobachtet Keynote Speaker Guido Quelle schon seit einiger Zeit: Manche Unternehmen sind von den Krisen der vergangenen Jahre so gebeutelt, dass sie aus Angst jegliche Investitionen in die Zukunft zur\u00fcckhalten, andere investieren weniger in ihre Zukunft. Wer im Mittelstand in Habachtstellung st\u00e4ndig die n\u00e4chste Krise bef\u00fcrchtet, verpasst etwas \u2013 n\u00e4mlich die Chance auf das eigene Wachstum. Darauf zu hoffen, dass bessere Zeiten kommen und Ver\u00e4nderungen mit sich bringen? Da kann die F\u00fchrung, das Leadership, lange warten! Stattdessen gilt f\u00fcr Guido Quelle: Ver\u00e4nderungen m\u00fcssen von innen kommen. Und seine Keynote beginnt genau damit \u2013 mit Wachstum im Kopf, mit einem Mindset-Shift. Damit bringt Quelle Tempo in die gesamte Transformation.<\/p>\n<p>In dieser Keynote zeigt Guido Quelle, warum es an uns ist<u>,<\/u> den Change zu gestalten. Denn Zukunft entsteht nicht im Abwarten, sondern in konsequenter Ver\u00e4nderung, verbunden mit kluger Strategie und entschlossener F\u00fchrung. Wer auf der eigenen Wachstumskurve erkennt, wo er steht, kann daraus kraftvolle Impulse f\u00fcr echten Fortschritt ableiten. Quelle l\u00f6st die internen Bremsen im Mittelstand, f\u00fchrt ihn durch Transformation. Gleichzeitig demonstriert er, wie man durch ein Umdenken wirkungsvoll die Konkurrenz abh\u00e4ngt. Denn wer seine Strategie modernisiert, eine mitrei\u00dfende Vision etabliert und Ver\u00e4nderung zur Routine macht, w\u00e4chst selbst dann, wenn der Markt schrumpft.<\/p>\n<p>Der demographische Wandel erzwingt neue Denkweisen. Mehr Umsatz mit weniger Mitarbeitern, also Produktivit\u00e4tssteigerung trotz Fachkr\u00e4ftemangel. Genau hier setzt Guido Quelle ebenfalls an, indem er verdeutlicht: Tiefgehende Transformation ist ein Wachstumswerkzeug und durchdachte Ver\u00e4nderung ein echter Hebel. Diese Keynote fordert den Mittelstand heraus, seine Marktposition radikal ehrlich zu betrachten und von innen heraus konkrete Schritte f\u00fcr gesundes, profitables Wachstum abzuleiten.<\/p>\n<\/div><\/section><\/div>\n<style type=\"text\/css\" data-created_by=\"avia_inline_auto\" id=\"style-css-av-15vz4cvx-53a05f99ea7356366e4ffac79b123cdf\">\n.flex_column.av-15vz4cvx-53a05f99ea7356366e4ffac79b123cdf{\nborder-radius:0px 0px 0px 0px;\npadding:0px 0px 0px 0px;\n}\n<\/style>\n<div  class='flex_column av-15vz4cvx-53a05f99ea7356366e4ffac79b123cdf av_one_half  avia-builder-el-9  el_after_av_one_half  el_before_av_hr  flex_column_div av-zero-column-padding  '     ><p>\n<style type=\"text\/css\" data-created_by=\"avia_inline_auto\" id=\"style-css-av-mm0p5ejw-7e58995765fa16f24f9fd7ff3fc5ecdc\">\n.avia-image-container.av-mm0p5ejw-7e58995765fa16f24f9fd7ff3fc5ecdc img.avia_image{\nbox-shadow:none;\n}\n.avia-image-container.av-mm0p5ejw-7e58995765fa16f24f9fd7ff3fc5ecdc .av-image-caption-overlay-center{\ncolor:#ffffff;\n}\n<\/style>\n<div  class='avia-image-container av-mm0p5ejw-7e58995765fa16f24f9fd7ff3fc5ecdc av-styling- avia_animated_image av-animated-when-visible-95 top-to-bottom avia-align-center  avia-builder-el-10  el_before_av_hr  avia-builder-el-first '   itemprop=\"image\" itemscope=\"itemscope\" itemtype=\"https:\/\/schema.org\/ImageObject\" ><div class=\"avia-image-container-inner\"><div class=\"avia-image-overlay-wrap\"><img class='wp-image-33885 avia-img-lazy-loading-not-33885 avia_image ' src=\"https:\/\/mandat.de\/de\/wp-content\/uploads\/2026\/02\/2024-BTEKongress-Konferenzraum-1000px-107-Fotocredit-Nicole-Friederichs.jpg\" alt='' title='2024-BTEKongress-Konferenzraum-1000px-107 Fotocredit Nicole Friederichs'  height=\"667\" width=\"1000\"  itemprop=\"thumbnailUrl\" srcset=\"https:\/\/mandat.de\/de\/wp-content\/uploads\/2026\/02\/2024-BTEKongress-Konferenzraum-1000px-107-Fotocredit-Nicole-Friederichs.jpg 1000w, https:\/\/mandat.de\/de\/wp-content\/uploads\/2026\/02\/2024-BTEKongress-Konferenzraum-1000px-107-Fotocredit-Nicole-Friederichs-300x200.jpg 300w, https:\/\/mandat.de\/de\/wp-content\/uploads\/2026\/02\/2024-BTEKongress-Konferenzraum-1000px-107-Fotocredit-Nicole-Friederichs-768x512.jpg 768w, https:\/\/mandat.de\/de\/wp-content\/uploads\/2026\/02\/2024-BTEKongress-Konferenzraum-1000px-107-Fotocredit-Nicole-Friederichs-705x470.jpg 705w\" sizes=\"(max-width: 1000px) 100vw, 1000px\" \/><\/div><\/div><\/div><br \/>\n\n<style type=\"text\/css\" data-created_by=\"avia_inline_auto\" id=\"style-css-av-36nbm4d-d43f3aad076f79d4827ddcd096f813d2\">\n#top .hr.hr-invisible.av-36nbm4d-d43f3aad076f79d4827ddcd096f813d2{\nheight:50px;\n}\n<\/style>\n<div  class='hr av-36nbm4d-d43f3aad076f79d4827ddcd096f813d2 hr-invisible  avia-builder-el-11  el_after_av_image  el_before_av_image '><span class='hr-inner '><span class=\"hr-inner-style\"><\/span><\/span><\/div><br \/>\n\n<style type=\"text\/css\" data-created_by=\"avia_inline_auto\" id=\"style-css-av-mm0p9nok-c94f44031929eb762b8adf0c78d25891\">\n.avia-image-container.av-mm0p9nok-c94f44031929eb762b8adf0c78d25891 img.avia_image{\nbox-shadow:none;\n}\n.avia-image-container.av-mm0p9nok-c94f44031929eb762b8adf0c78d25891 .av-image-caption-overlay-center{\ncolor:#ffffff;\n}\n<\/style>\n<div  class='avia-image-container av-mm0p9nok-c94f44031929eb762b8adf0c78d25891 av-styling- avia_animated_image av-animated-when-visible-95 top-to-bottom avia-align-center  avia-builder-el-12  el_after_av_hr  avia-builder-el-last '   itemprop=\"image\" itemscope=\"itemscope\" itemtype=\"https:\/\/schema.org\/ImageObject\" ><div class=\"avia-image-container-inner\"><div class=\"avia-image-overlay-wrap\"><img class='wp-image-33887 avia-img-lazy-loading-not-33887 avia_image ' src=\"https:\/\/mandat.de\/de\/wp-content\/uploads\/2026\/02\/FNS-ZukunftsdialogWirtschaft-1847-5739-scaled.jpg\" alt='' title='FNS-ZukunftsdialogWirtschaft-1847-5739'  height=\"1707\" width=\"2560\"  itemprop=\"thumbnailUrl\" srcset=\"https:\/\/mandat.de\/de\/wp-content\/uploads\/2026\/02\/FNS-ZukunftsdialogWirtschaft-1847-5739-scaled.jpg 2560w, https:\/\/mandat.de\/de\/wp-content\/uploads\/2026\/02\/FNS-ZukunftsdialogWirtschaft-1847-5739-300x200.jpg 300w, https:\/\/mandat.de\/de\/wp-content\/uploads\/2026\/02\/FNS-ZukunftsdialogWirtschaft-1847-5739-1030x687.jpg 1030w, https:\/\/mandat.de\/de\/wp-content\/uploads\/2026\/02\/FNS-ZukunftsdialogWirtschaft-1847-5739-768x512.jpg 768w, https:\/\/mandat.de\/de\/wp-content\/uploads\/2026\/02\/FNS-ZukunftsdialogWirtschaft-1847-5739-1536x1024.jpg 1536w, https:\/\/mandat.de\/de\/wp-content\/uploads\/2026\/02\/FNS-ZukunftsdialogWirtschaft-1847-5739-2048x1365.jpg 2048w, https:\/\/mandat.de\/de\/wp-content\/uploads\/2026\/02\/FNS-ZukunftsdialogWirtschaft-1847-5739-1500x1000.jpg 1500w, https:\/\/mandat.de\/de\/wp-content\/uploads\/2026\/02\/FNS-ZukunftsdialogWirtschaft-1847-5739-705x470.jpg 705w\" sizes=\"(max-width: 2560px) 100vw, 2560px\" \/><\/div><\/div><\/div><\/p><\/div><\/p>\n\n<style type=\"text\/css\" data-created_by=\"avia_inline_auto\" id=\"style-css-av-jhdcuy-c404f05dc0be5d0559178b661618fc85\">\n#top .hr.hr-invisible.av-jhdcuy-c404f05dc0be5d0559178b661618fc85{\nheight:50px;\n}\n<\/style>\n<div  class='hr av-jhdcuy-c404f05dc0be5d0559178b661618fc85 hr-invisible  avia-builder-el-13  el_after_av_one_half  el_before_av_section  avia-builder-el-last '><span class='hr-inner '><span class=\"hr-inner-style\"><\/span><\/span><\/div>\n<\/div><\/div><\/div><!-- close content main div --><\/div><\/div>\n<style type=\"text\/css\" data-created_by=\"avia_inline_auto\" id=\"style-css-av-3zd0em5-54814317715ee9571e0ffd545cc6307b\">\n.avia-section.av-3zd0em5-54814317715ee9571e0ffd545cc6307b{\nbackground-color:#133370;\nbackground-image:unset;\n}\n<\/style>\n<div id='av_section_2'  class='avia-section av-3zd0em5-54814317715ee9571e0ffd545cc6307b main_color avia-section-default avia-no-border-styling  avia-builder-el-14  el_after_av_hr  avia-builder-el-last  avia-bg-style-scroll container_wrap sidebar_right'  ><div class='container av-section-cont-open' ><div class='template-page content  av-content-small alpha units'><div class='post-entry post-entry-type-page post-entry-34010'><div class='entry-content-wrapper clearfix'>\n\n<style type=\"text\/css\" data-created_by=\"avia_inline_auto\" id=\"style-css-av-3hq81fh-6ba201294c05500a3e532ec1c2056c7d\">\n.flex_column.av-3hq81fh-6ba201294c05500a3e532ec1c2056c7d{\nborder-radius:0px 0px 0px 0px;\npadding:0px 0px 0px 0px;\n}\n<\/style>\n<div  class='flex_column av-3hq81fh-6ba201294c05500a3e532ec1c2056c7d av_two_third  avia-builder-el-15  el_before_av_one_third  avia-builder-el-first  first flex_column_div av-zero-column-padding  '     ><p>\n<style type=\"text\/css\" data-created_by=\"avia_inline_auto\" id=\"style-css-av-slpwze-f6b22fe794530daec7e12032f7e07949\">\n#top .hr.hr-invisible.av-slpwze-f6b22fe794530daec7e12032f7e07949{\nheight:30px;\n}\n<\/style>\n<div  class='hr av-slpwze-f6b22fe794530daec7e12032f7e07949 hr-invisible  avia-builder-el-16  el_before_av_heading  avia-builder-el-first '><span class='hr-inner '><span class=\"hr-inner-style\"><\/span><\/span><\/div><br \/>\n\n<style type=\"text\/css\" data-created_by=\"avia_inline_auto\" id=\"style-css-av-2mdkly5-d0f85f8d05b764f749a02e8444d12d95\">\n#top .av-special-heading.av-2mdkly5-d0f85f8d05b764f749a02e8444d12d95{\npadding-bottom:20px;\ncolor:#ffffff;\nfont-size:40px;\n}\nbody .av-special-heading.av-2mdkly5-d0f85f8d05b764f749a02e8444d12d95 .av-special-heading-tag .heading-char{\nfont-size:25px;\n}\n#top #wrap_all .av-special-heading.av-2mdkly5-d0f85f8d05b764f749a02e8444d12d95 .av-special-heading-tag{\nfont-size:40px;\n}\n.av-special-heading.av-2mdkly5-d0f85f8d05b764f749a02e8444d12d95 .special-heading-inner-border{\nborder-color:#ffffff;\n}\n.av-special-heading.av-2mdkly5-d0f85f8d05b764f749a02e8444d12d95 .av-subheading{\nfont-size:15px;\n}\n\n@media only screen and (min-width: 480px) and (max-width: 767px){ \n#top #wrap_all .av-special-heading.av-2mdkly5-d0f85f8d05b764f749a02e8444d12d95 .av-special-heading-tag{\nfont-size:0.8em;\n}\n}\n\n@media only screen and (max-width: 479px){ \n#top #wrap_all .av-special-heading.av-2mdkly5-d0f85f8d05b764f749a02e8444d12d95 .av-special-heading-tag{\nfont-size:0.8em;\n}\n}\n<\/style>\n<div  class='av-special-heading av-2mdkly5-d0f85f8d05b764f749a02e8444d12d95 av-special-heading-h1 custom-color-heading blockquote modern-quote modern-centered  avia-builder-el-17  el_after_av_hr  el_before_av_textblock  av-inherit-size'><h1 class='av-special-heading-tag'  itemprop=\"headline\"  >Sie suchen einen Redner? Sprechen Sie uns an.<\/h1><div class=\"special-heading-border\"><div class=\"special-heading-inner-border\"><\/div><\/div><\/div><br \/>\n\n<style type=\"text\/css\" data-created_by=\"avia_inline_auto\" id=\"style-css-av-1vv4m2l-5b3c68fa73d09c60a703f68d180eb314\">\n#top .av_textblock_section.av-1vv4m2l-5b3c68fa73d09c60a703f68d180eb314 .avia_textblock{\ncolor:#cecece;\n}\n<\/style>\n<section  class='av_textblock_section av-1vv4m2l-5b3c68fa73d09c60a703f68d180eb314 '   itemscope=\"itemscope\" itemtype=\"https:\/\/schema.org\/CreativeWork\" ><div class='avia_textblock av_inherit_color'  itemprop=\"text\" ><p class=\"p1\" style=\"text-align: center;\"><span class=\"s1\">Sie suchen einen Experten, der Ihrem Team, den Mitgliedern Ihres Verbandes, Ihrer Organisation oder Ihren Kunden komprimiert und hoch praxisrelevant Wachstums-Know-how vermitteln kann?\u00a0<\/span><\/p>\n<p class=\"p1\" style=\"text-align: center;\"><span class=\"s1\">Dann schreiben Sie Ihre Anfrage an:<br \/>\n<strong><br \/>\nAnne Hausen<\/strong><br \/>\n<a href=\"mailto:anne.hausen@mandat.de\"> anne.hausen@mandat.de<\/a><br \/>\n+ 49 231 9742-393<br \/>\n<\/span><\/p>\n<\/div><\/section><br \/>\n\n<style type=\"text\/css\" data-created_by=\"avia_inline_auto\" id=\"style-css-av-1qe8kbh-4ee638d9872238f2654b5e5072bc14fe\">\n#top .hr.hr-invisible.av-1qe8kbh-4ee638d9872238f2654b5e5072bc14fe{\nheight:30px;\n}\n<\/style>\n<div  class='hr av-1qe8kbh-4ee638d9872238f2654b5e5072bc14fe hr-invisible  avia-builder-el-19  el_after_av_textblock  el_before_av_button_big  avia-builder-el-last '><span class='hr-inner '><span class=\"hr-inner-style\"><\/span><\/span><\/div><br \/>\n<div  class='avia-button-wrap avia-button-center  avia-builder-el-20  el_after_av_hr  avia-builder-el-last '>\n<style type=\"text\/css\" data-created_by=\"avia_inline_auto\" id=\"style-css-av-15kyji5-3a9fe0284c0ed432bef4587423195806\">\n#top #wrap_all .avia-button.av-15kyji5-3a9fe0284c0ed432bef4587423195806{\nbackground-color:#ffffff;\nborder-color:#ffffff;\ncolor:#133370;\ntransition:all 0.4s ease-in-out;\n}\n#top #wrap_all .avia-button.av-15kyji5-3a9fe0284c0ed432bef4587423195806:hover{\nbackground-color:#cecece;\ncolor:#ffffff;\ntransition:all 0.4s ease-in-out;\n}\n<\/style>\n<a href='mailto:anne.hausen@mandat.de' class='avia-button avia-button-fullwidth av-15kyji5-3a9fe0284c0ed432bef4587423195806 avia-icon_select-yes-left-icon avia-color-custom'  ><span class='avia_button_icon avia_button_icon_left' aria-hidden='true' data-av_icon='\ue8b7' data-av_iconfont='entypo-fontello'><\/span><span class='avia_iconbox_title' >Jetzt unverbindlich anfragen<\/span><\/a><\/div><\/p><\/div>\n<style type=\"text\/css\" data-created_by=\"avia_inline_auto\" id=\"style-css-av-n5h2yl-876dcf2c9d4a172560f725e9e508d655\">\n.flex_column.av-n5h2yl-876dcf2c9d4a172560f725e9e508d655{\nborder-radius:0px 0px 0px 0px;\npadding:0px 0px 0px 0px;\n}\n<\/style>\n<div  class='flex_column av-n5h2yl-876dcf2c9d4a172560f725e9e508d655 av_one_third  avia-builder-el-21  el_after_av_two_third  avia-builder-el-last  flex_column_div av-zero-column-padding  '     ><style type=\"text\/css\" data-created_by=\"avia_inline_auto\" id=\"style-css-av-m67gsgd7-700a3284d74df3d2eb38ffdf9b0fc403\">\n.avia-image-container.av-m67gsgd7-700a3284d74df3d2eb38ffdf9b0fc403 img.avia_image{\nbox-shadow:none;\n}\n.avia-image-container.av-m67gsgd7-700a3284d74df3d2eb38ffdf9b0fc403 .av-image-caption-overlay-center{\ncolor:#ffffff;\n}\n<\/style>\n<div  class='avia-image-container av-m67gsgd7-700a3284d74df3d2eb38ffdf9b0fc403 av-styling-circle avia-align-center  avia-builder-el-22  avia-builder-el-no-sibling '   itemprop=\"image\" itemscope=\"itemscope\" itemtype=\"https:\/\/schema.org\/ImageObject\" ><div class=\"avia-image-container-inner\"><div class=\"avia-image-overlay-wrap\"><img class='wp-image-33397 avia-img-lazy-loading-not-33397 avia_image ' src=\"https:\/\/mandat.de\/de\/wp-content\/uploads\/2025\/11\/Anne-Hausen-600x600-1.jpg\" alt='Anne Hausen' title='Anne Hausen'  height=\"600\" width=\"600\"  itemprop=\"thumbnailUrl\" srcset=\"https:\/\/mandat.de\/de\/wp-content\/uploads\/2025\/11\/Anne-Hausen-600x600-1.jpg 600w, https:\/\/mandat.de\/de\/wp-content\/uploads\/2025\/11\/Anne-Hausen-600x600-1-300x300.jpg 300w, https:\/\/mandat.de\/de\/wp-content\/uploads\/2025\/11\/Anne-Hausen-600x600-1-80x80.jpg 80w, https:\/\/mandat.de\/de\/wp-content\/uploads\/2025\/11\/Anne-Hausen-600x600-1-36x36.jpg 36w, https:\/\/mandat.de\/de\/wp-content\/uploads\/2025\/11\/Anne-Hausen-600x600-1-180x180.jpg 180w\" sizes=\"(max-width: 600px) 100vw, 600px\" \/><\/div><\/div><\/div><\/div>\n<\/div><\/div><\/div><!-- close content main div --><\/div><\/div><div id='after_section_2'  class='main_color av_default_container_wrap container_wrap sidebar_right'  ><div class='container av-section-cont-open' ><div class='template-page content  av-content-small alpha units'><div class='post-entry post-entry-type-page post-entry-34010'><div class='entry-content-wrapper clearfix'>\n","protected":false},"excerpt":{"rendered":"","protected":false},"author":1,"featured_media":0,"parent":0,"menu_order":1,"comment_status":"closed","ping_status":"closed","template":"","meta":[],"_links":{"self":[{"href":"https:\/\/mandat.de\/de\/wp-json\/wp\/v2\/pages\/34010"}],"collection":[{"href":"https:\/\/mandat.de\/de\/wp-json\/wp\/v2\/pages"}],"about":[{"href":"https:\/\/mandat.de\/de\/wp-json\/wp\/v2\/types\/page"}],"author":[{"embeddable":true,"href":"https:\/\/mandat.de\/de\/wp-json\/wp\/v2\/users\/1"}],"replies":[{"embeddable":true,"href":"https:\/\/mandat.de\/de\/wp-json\/wp\/v2\/comments?post=34010"}],"version-history":[{"count":2,"href":"https:\/\/mandat.de\/de\/wp-json\/wp\/v2\/pages\/34010\/revisions"}],"predecessor-version":[{"id":34204,"href":"https:\/\/mandat.de\/de\/wp-json\/wp\/v2\/pages\/34010\/revisions\/34204"}],"wp:attachment":[{"href":"https:\/\/mandat.de\/de\/wp-json\/wp\/v2\/media?parent=34010"}],"curies":[{"name":"wp","href":"https:\/\/api.w.org\/{rel}","templated":true}]}}