{"id":34016,"date":"2026-02-28T20:05:39","date_gmt":"2026-02-28T19:05:39","guid":{"rendered":"https:\/\/mandat.de\/de\/?page_id=34016"},"modified":"2026-03-20T11:53:41","modified_gmt":"2026-03-20T10:53:41","slug":"keynote-vision-persoenlichkeit-mut-entscheidung-fuehrung","status":"publish","type":"page","link":"https:\/\/mandat.de\/de\/keynote-vision-persoenlichkeit-mut-entscheidung-fuehrung\/","title":{"rendered":"Vision\u00e4re Unternehmer lenken leichter"},"content":{"rendered":"\n<style type=\"text\/css\" data-created_by=\"avia_inline_auto\" id=\"style-css-av-10t59cal-6059ae1e9588dfe734b7fcc38faab3af\">\n.avia-section.av-10t59cal-6059ae1e9588dfe734b7fcc38faab3af{\nbackground-color:#f8f8f8;\nbackground-image:unset;\n}\n<\/style>\n<div id='av_section_1'  class='avia-section av-10t59cal-6059ae1e9588dfe734b7fcc38faab3af main_color avia-section-default avia-no-shadow  avia-builder-el-0  el_before_av_one_half  avia-builder-el-first  avia-bg-style-scroll container_wrap sidebar_right'  ><div class='container av-section-cont-open' ><main  role=\"main\" itemprop=\"mainContentOfPage\"  class='template-page content  av-content-small alpha units'><div class='post-entry post-entry-type-page post-entry-34016'><div class='entry-content-wrapper clearfix'>\n\n<style type=\"text\/css\" data-created_by=\"avia_inline_auto\" id=\"style-css-av-3mbqjlp-95423368ba9afa3ee36e0a172d9af9da\">\n.flex_column.av-3mbqjlp-95423368ba9afa3ee36e0a172d9af9da{\nborder-radius:0px 0px 0px 0px;\npadding:0px 0px 0px 0px;\n}\n<\/style>\n<div  class='flex_column av-3mbqjlp-95423368ba9afa3ee36e0a172d9af9da av_one_full  avia-builder-el-1  el_before_av_one_full  avia-builder-el-first  first flex_column_div av-zero-column-padding  '     ><style type=\"text\/css\" data-created_by=\"avia_inline_auto\" id=\"style-css-av-mlzc67fo-19959e1af93c77c8838fce8f6432700a\">\n#top .av-special-heading.av-mlzc67fo-19959e1af93c77c8838fce8f6432700a{\npadding-bottom:10px;\n}\nbody .av-special-heading.av-mlzc67fo-19959e1af93c77c8838fce8f6432700a .av-special-heading-tag .heading-char{\nfont-size:25px;\n}\n.av-special-heading.av-mlzc67fo-19959e1af93c77c8838fce8f6432700a .av-subheading{\nfont-size:15px;\n}\n<\/style>\n<div  class='av-special-heading av-mlzc67fo-19959e1af93c77c8838fce8f6432700a av-special-heading-h1 blockquote modern-quote  avia-builder-el-2  avia-builder-el-no-sibling '><h1 class='av-special-heading-tag'  itemprop=\"headline\"  >Vision\u00e4re Unternehmer lenken leichter<\/h1><div class=\"special-heading-border\"><div class=\"special-heading-inner-border\"><\/div><\/div><\/div><\/div>\n<style type=\"text\/css\" data-created_by=\"avia_inline_auto\" id=\"style-css-av-rqisw0-1bd8f66a5a8c85587cd898a8cbb4cd6b\">\n.flex_column.av-rqisw0-1bd8f66a5a8c85587cd898a8cbb4cd6b{\nborder-radius:0px 0px 0px 0px;\npadding:0px 0px 0px 0px;\n}\n<\/style>\n<div  class='flex_column av-rqisw0-1bd8f66a5a8c85587cd898a8cbb4cd6b av_one_full  avia-builder-el-3  el_after_av_one_full  el_before_av_one_full  first flex_column_div av-zero-column-padding  column-top-margin'     ><section  class='av_textblock_section av-mlzbsqp7-408af5c8953964b9f3c651600f45c0ed '   itemscope=\"itemscope\" itemtype=\"https:\/\/schema.org\/CreativeWork\" ><div class='avia_textblock'  itemprop=\"text\" ><h4 style=\"text-align: left;\">Inhalte der Keynote:<\/h4>\n<\/div><\/section><\/div>\n<style type=\"text\/css\" data-created_by=\"avia_inline_auto\" id=\"style-css-av-44sybk-0d46ac15c196439fe32cc65a34589502\">\n.flex_column.av-44sybk-0d46ac15c196439fe32cc65a34589502{\nborder-radius:0px 0px 0px 0px;\npadding:0px 0px 0px 0px;\n}\n<\/style>\n<div  class='flex_column av-44sybk-0d46ac15c196439fe32cc65a34589502 av_one_full  avia-builder-el-5  el_after_av_one_full  avia-builder-el-last  first flex_column_div av-zero-column-padding  column-top-margin'     ><section  class='av_textblock_section av-p3x0v4-2a5143eac749942d74125621dc5e8e1b '   itemscope=\"itemscope\" itemtype=\"https:\/\/schema.org\/CreativeWork\" ><div class='avia_textblock'  itemprop=\"text\" ><ul>\n<li><strong>Wie passen Ihre Pers\u00f6nlichkeit und Ihre Vision f\u00fcr das Unternehmen zusammen?<\/strong><\/li>\n<li><strong>Wohin wollen Sie als Unternehmer wachsen und welche Strategie braucht es daf\u00fcr?<\/strong><\/li>\n<li><strong>Was st\u00e4rkt Ihr Selbstvertrauen, um mit Mut statt unter Druck entscheiden zu k\u00f6nnen?<\/strong><\/li>\n<li><strong>Mit welcher Kommunikation und welchem Konfliktmanagement l\u00e4sst sich F\u00fchrung wirksam gestalten?<\/strong><\/li>\n<li><strong>Wie entwickeln Sie passende Methoden f\u00fcr Selbstf\u00fchrung und Selbstmanagement?<\/strong><\/li>\n<\/ul>\n<\/div><\/section><\/div><\/div><\/div><\/main><!-- close content main element --><\/div><\/div><div id='after_section_1'  class='main_color av_default_container_wrap container_wrap sidebar_right'  ><div class='container av-section-cont-open' ><div class='template-page content  av-content-small alpha units'><div class='post-entry post-entry-type-page post-entry-34016'><div class='entry-content-wrapper clearfix'>\n<style type=\"text\/css\" data-created_by=\"avia_inline_auto\" id=\"style-css-av-17xwdtst-1cd84030a2798acd9676854466e7df55\">\n.flex_column.av-17xwdtst-1cd84030a2798acd9676854466e7df55{\nborder-radius:0px 0px 0px 0px;\npadding:0px 0px 0px 0px;\n}\n<\/style>\n<div  class='flex_column av-17xwdtst-1cd84030a2798acd9676854466e7df55 av_one_half  avia-builder-el-7  el_after_av_section  el_before_av_one_half  avia-builder-el-first  first flex_column_div av-zero-column-padding  '     ><section  class='av_textblock_section av-16dmg0il-52fbd37c4771fbb24fd4db9cb8be1b51 '   itemscope=\"itemscope\" itemtype=\"https:\/\/schema.org\/CreativeWork\" ><div class='avia_textblock'  itemprop=\"text\" ><p><strong>Nur wer wei\u00df, wohin er will, kann als Unternehmer wachsen \u2013 als Pers\u00f6nlichkeit, in seiner F\u00fchrungsrolle, aber auch mit all seinen Gesch\u00e4ftsideen. Denn leichter lenken l\u00e4sst es sich nur mit einer klaren Vision. Daf\u00fcr braucht es mehr als operative Exzellenz, es braucht echtes Selbstvertrauen, Selbstf\u00fchrung und den Mut zu richtungsweisenden Entscheidungen. Diese Keynote schafft vor allem eines: Klarheit. Wachstumsexperte Guido Quelle zeigt, wie Gesch\u00e4ftsf\u00fchrer und Eigent\u00fcmer damit eine passende Unternehmerstrategie entwickeln, hinter der sie stehen und mit der sie vorgehen.<\/strong><\/p>\n<p>Guido Quelles Keynote macht klar, eine Vision ist handfest, Basis der Unternehmerstrategie! Wof\u00fcr m\u00f6chte ich als Pers\u00f6nlichkeit stehen? Wie m\u00f6chte ich als Unternehmer wachsen? Welche Vision f\u00fcr das eigene Unternehmen kann ich daraus ableiten? Was will ich hinterlassen? Wer sich als Unternehmer diesen Fragen stellt, stellt sein gesamtes Business auf ein starkes Fundament der F\u00fchrung. Denn ausgehend davon entstehen konkrete Leitlinien, die Orientierung geben. Das gilt f\u00fcr die eigene Selbstf\u00fchrung mit all ihren Entscheidungen genauso wie als Richtungsweiser f\u00fcr Besch\u00e4ftigte. Gemeinsam bilden sie die pers\u00f6nlichen Eckpfeiler f\u00fcr jegliches Selbst- und Konfliktmanagement.<\/p>\n<p>Diese Keynote macht Pers\u00f6nlichkeit zu einem strategischen Faktor. Kommunikation, Auftreten und Wirkung als Unternehmer sind essenziell, um Entscheidungen nach au\u00dfen hin zu vertreten und die eigene Vision auch anderen zu vermitteln. Beir\u00e4te, Aufsichtsr\u00e4te, Anteilseigner, Gesch\u00e4ftsf\u00fchrung \u2013 \u00fcberall dort, wo Macht und Verantwortung zusammentreffen, entstehen Spannungen. Mit pr\u00e4ziser Kommunikation und souver\u00e4nem Selbstmanagement lassen sie sich entsch\u00e4rfen. Guido Quelle geht es in dieser Keynote nicht um ausgefeilte Prozesse, sondern um ausgereifte Pers\u00f6nlichkeiten. Denn nichts mehr als das eigene Auftreten beeinflusst, ob andere Menschen der Vision folgen oder sie blockieren. So zeigt Guido Quelle, wie man diese Wahrnehmung nach au\u00dfen bewusst gestaltet, Selbstvertrauen sowie Mut ausstrahlt und dies in unsicheren Entscheidungssituationen oder im Konfliktmanagement nutzt.<\/p>\n<p>Vision\u00e4re Unternehmer treffen nicht unbedingt mehr, aber bessere Entscheidungen \u2013 f\u00fcr sich selbst wie auch gesamte Unternehmen. Diese Keynote zeigt, wie Unternehmer durch eine starke Vision nur gewinnen k\u00f6nnen: Freiheit, Klarheit und Autorit\u00e4t zum Wohle der Unternehmen.<\/p>\n<\/div><\/section><\/div>\n<style type=\"text\/css\" data-created_by=\"avia_inline_auto\" id=\"style-css-av-15vz4cvx-53a05f99ea7356366e4ffac79b123cdf\">\n.flex_column.av-15vz4cvx-53a05f99ea7356366e4ffac79b123cdf{\nborder-radius:0px 0px 0px 0px;\npadding:0px 0px 0px 0px;\n}\n<\/style>\n<div  class='flex_column av-15vz4cvx-53a05f99ea7356366e4ffac79b123cdf av_one_half  avia-builder-el-9  el_after_av_one_half  el_before_av_hr  flex_column_div av-zero-column-padding  '     ><style type=\"text\/css\" data-created_by=\"avia_inline_auto\" id=\"style-css-av-19eblsw-6a241c07f0d99cd7b7dacdbbc5bf24b2\">\n.avia-image-container.av-19eblsw-6a241c07f0d99cd7b7dacdbbc5bf24b2 img.avia_image{\nbox-shadow:none;\n}\n.avia-image-container.av-19eblsw-6a241c07f0d99cd7b7dacdbbc5bf24b2 .av-image-caption-overlay-center{\ncolor:#ffffff;\n}\n<\/style>\n<div  class='avia-image-container av-19eblsw-6a241c07f0d99cd7b7dacdbbc5bf24b2 av-styling- avia_animated_image av-animated-when-visible-95 top-to-bottom avia-align-center  avia-builder-el-10  avia-builder-el-no-sibling '   itemprop=\"image\" itemscope=\"itemscope\" itemtype=\"https:\/\/schema.org\/ImageObject\" ><div class=\"avia-image-container-inner\"><div class=\"avia-image-overlay-wrap\"><img class='wp-image-33869 avia-img-lazy-loading-not-33869 avia_image ' src=\"https:\/\/mandat.de\/de\/wp-content\/uploads\/2026\/02\/230613-BDSI-Vortrag-Guido-Quelle-Bild-4-scaled.jpg\" alt='' title='230613 BDSI Vortrag Guido Quelle Bild 4'  height=\"2560\" width=\"1920\"  itemprop=\"thumbnailUrl\" srcset=\"https:\/\/mandat.de\/de\/wp-content\/uploads\/2026\/02\/230613-BDSI-Vortrag-Guido-Quelle-Bild-4-scaled.jpg 1920w, https:\/\/mandat.de\/de\/wp-content\/uploads\/2026\/02\/230613-BDSI-Vortrag-Guido-Quelle-Bild-4-225x300.jpg 225w, https:\/\/mandat.de\/de\/wp-content\/uploads\/2026\/02\/230613-BDSI-Vortrag-Guido-Quelle-Bild-4-773x1030.jpg 773w, https:\/\/mandat.de\/de\/wp-content\/uploads\/2026\/02\/230613-BDSI-Vortrag-Guido-Quelle-Bild-4-768x1024.jpg 768w, https:\/\/mandat.de\/de\/wp-content\/uploads\/2026\/02\/230613-BDSI-Vortrag-Guido-Quelle-Bild-4-1152x1536.jpg 1152w, https:\/\/mandat.de\/de\/wp-content\/uploads\/2026\/02\/230613-BDSI-Vortrag-Guido-Quelle-Bild-4-1536x2048.jpg 1536w, https:\/\/mandat.de\/de\/wp-content\/uploads\/2026\/02\/230613-BDSI-Vortrag-Guido-Quelle-Bild-4-1125x1500.jpg 1125w, https:\/\/mandat.de\/de\/wp-content\/uploads\/2026\/02\/230613-BDSI-Vortrag-Guido-Quelle-Bild-4-529x705.jpg 529w\" sizes=\"(max-width: 1920px) 100vw, 1920px\" \/><\/div><\/div><\/div><\/div><\/p>\n\n<style type=\"text\/css\" data-created_by=\"avia_inline_auto\" id=\"style-css-av-tklx1c-4be6abc746a5e6855584a0a3308d7335\">\n#top .hr.hr-invisible.av-tklx1c-4be6abc746a5e6855584a0a3308d7335{\nheight:50px;\n}\n<\/style>\n<div  class='hr av-tklx1c-4be6abc746a5e6855584a0a3308d7335 hr-invisible  avia-builder-el-11  el_after_av_one_half  el_before_av_section  avia-builder-el-last '><span class='hr-inner '><span class=\"hr-inner-style\"><\/span><\/span><\/div>\n<\/div><\/div><\/div><!-- close content main div --><\/div><\/div>\n<style type=\"text\/css\" data-created_by=\"avia_inline_auto\" id=\"style-css-av-3zd0em5-54814317715ee9571e0ffd545cc6307b\">\n.avia-section.av-3zd0em5-54814317715ee9571e0ffd545cc6307b{\nbackground-color:#133370;\nbackground-image:unset;\n}\n<\/style>\n<div id='av_section_2'  class='avia-section av-3zd0em5-54814317715ee9571e0ffd545cc6307b main_color avia-section-default avia-no-border-styling  avia-builder-el-12  el_after_av_hr  avia-builder-el-last  avia-bg-style-scroll container_wrap sidebar_right'  ><div class='container av-section-cont-open' ><div class='template-page content  av-content-small alpha units'><div class='post-entry post-entry-type-page post-entry-34016'><div class='entry-content-wrapper clearfix'>\n\n<style type=\"text\/css\" data-created_by=\"avia_inline_auto\" id=\"style-css-av-3hq81fh-6ba201294c05500a3e532ec1c2056c7d\">\n.flex_column.av-3hq81fh-6ba201294c05500a3e532ec1c2056c7d{\nborder-radius:0px 0px 0px 0px;\npadding:0px 0px 0px 0px;\n}\n<\/style>\n<div  class='flex_column av-3hq81fh-6ba201294c05500a3e532ec1c2056c7d av_two_third  avia-builder-el-13  el_before_av_one_third  avia-builder-el-first  first flex_column_div av-zero-column-padding  '     ><p>\n<style type=\"text\/css\" data-created_by=\"avia_inline_auto\" id=\"style-css-av-ld2ccg-71724994c0d1234e5cdc961839bc6e12\">\n#top .hr.hr-invisible.av-ld2ccg-71724994c0d1234e5cdc961839bc6e12{\nheight:30px;\n}\n<\/style>\n<div  class='hr av-ld2ccg-71724994c0d1234e5cdc961839bc6e12 hr-invisible  avia-builder-el-14  el_before_av_heading  avia-builder-el-first '><span class='hr-inner '><span class=\"hr-inner-style\"><\/span><\/span><\/div><br \/>\n\n<style type=\"text\/css\" data-created_by=\"avia_inline_auto\" id=\"style-css-av-2mdkly5-d0f85f8d05b764f749a02e8444d12d95\">\n#top .av-special-heading.av-2mdkly5-d0f85f8d05b764f749a02e8444d12d95{\npadding-bottom:20px;\ncolor:#ffffff;\nfont-size:40px;\n}\nbody .av-special-heading.av-2mdkly5-d0f85f8d05b764f749a02e8444d12d95 .av-special-heading-tag .heading-char{\nfont-size:25px;\n}\n#top #wrap_all .av-special-heading.av-2mdkly5-d0f85f8d05b764f749a02e8444d12d95 .av-special-heading-tag{\nfont-size:40px;\n}\n.av-special-heading.av-2mdkly5-d0f85f8d05b764f749a02e8444d12d95 .special-heading-inner-border{\nborder-color:#ffffff;\n}\n.av-special-heading.av-2mdkly5-d0f85f8d05b764f749a02e8444d12d95 .av-subheading{\nfont-size:15px;\n}\n\n@media only screen and (min-width: 480px) and (max-width: 767px){ \n#top #wrap_all .av-special-heading.av-2mdkly5-d0f85f8d05b764f749a02e8444d12d95 .av-special-heading-tag{\nfont-size:0.8em;\n}\n}\n\n@media only screen and (max-width: 479px){ \n#top #wrap_all .av-special-heading.av-2mdkly5-d0f85f8d05b764f749a02e8444d12d95 .av-special-heading-tag{\nfont-size:0.8em;\n}\n}\n<\/style>\n<div  class='av-special-heading av-2mdkly5-d0f85f8d05b764f749a02e8444d12d95 av-special-heading-h1 custom-color-heading blockquote modern-quote modern-centered  avia-builder-el-15  el_after_av_hr  el_before_av_textblock  av-inherit-size'><h1 class='av-special-heading-tag'  itemprop=\"headline\"  >Sie suchen einen Redner? Sprechen Sie uns an.<\/h1><div class=\"special-heading-border\"><div class=\"special-heading-inner-border\"><\/div><\/div><\/div><br \/>\n\n<style type=\"text\/css\" data-created_by=\"avia_inline_auto\" id=\"style-css-av-1vv4m2l-5b3c68fa73d09c60a703f68d180eb314\">\n#top .av_textblock_section.av-1vv4m2l-5b3c68fa73d09c60a703f68d180eb314 .avia_textblock{\ncolor:#cecece;\n}\n<\/style>\n<section  class='av_textblock_section av-1vv4m2l-5b3c68fa73d09c60a703f68d180eb314 '   itemscope=\"itemscope\" itemtype=\"https:\/\/schema.org\/CreativeWork\" ><div class='avia_textblock av_inherit_color'  itemprop=\"text\" ><p class=\"p1\" style=\"text-align: center;\"><span class=\"s1\">Sie suchen einen Experten, der Ihrem Team, den Mitgliedern Ihres Verbandes, Ihrer Organisation oder Ihren Kunden komprimiert und hoch praxisrelevant Wachstums-Know-how vermitteln kann?\u00a0<\/span><\/p>\n<p class=\"p1\" style=\"text-align: center;\"><span class=\"s1\">Dann schreiben Sie Ihre Anfrage an:<br \/>\n<strong><br \/>\nAnne Hausen<\/strong><br \/>\n<a href=\"mailto:anne.hausen@mandat.de\"> anne.hausen@mandat.de<\/a><br \/>\n+ 49 231 9742-393<br \/>\n<\/span><\/p>\n<\/div><\/section><br \/>\n\n<style type=\"text\/css\" data-created_by=\"avia_inline_auto\" id=\"style-css-av-1qe8kbh-4ee638d9872238f2654b5e5072bc14fe\">\n#top .hr.hr-invisible.av-1qe8kbh-4ee638d9872238f2654b5e5072bc14fe{\nheight:30px;\n}\n<\/style>\n<div  class='hr av-1qe8kbh-4ee638d9872238f2654b5e5072bc14fe hr-invisible  avia-builder-el-17  el_after_av_textblock  el_before_av_button_big  avia-builder-el-last '><span class='hr-inner '><span class=\"hr-inner-style\"><\/span><\/span><\/div><br \/>\n<div  class='avia-button-wrap avia-button-center  avia-builder-el-18  el_after_av_hr  avia-builder-el-last '>\n<style type=\"text\/css\" data-created_by=\"avia_inline_auto\" id=\"style-css-av-15kyji5-3a9fe0284c0ed432bef4587423195806\">\n#top #wrap_all .avia-button.av-15kyji5-3a9fe0284c0ed432bef4587423195806{\nbackground-color:#ffffff;\nborder-color:#ffffff;\ncolor:#133370;\ntransition:all 0.4s ease-in-out;\n}\n#top #wrap_all .avia-button.av-15kyji5-3a9fe0284c0ed432bef4587423195806:hover{\nbackground-color:#cecece;\ncolor:#ffffff;\ntransition:all 0.4s ease-in-out;\n}\n<\/style>\n<a href='mailto:anne.hausen@mandat.de' class='avia-button avia-button-fullwidth av-15kyji5-3a9fe0284c0ed432bef4587423195806 avia-icon_select-yes-left-icon avia-color-custom'  ><span class='avia_button_icon avia_button_icon_left' aria-hidden='true' data-av_icon='\ue8b7' data-av_iconfont='entypo-fontello'><\/span><span class='avia_iconbox_title' >Jetzt unverbindlich anfragen<\/span><\/a><\/div><\/p><\/div>\n<style type=\"text\/css\" data-created_by=\"avia_inline_auto\" id=\"style-css-av-n5h2yl-876dcf2c9d4a172560f725e9e508d655\">\n.flex_column.av-n5h2yl-876dcf2c9d4a172560f725e9e508d655{\nborder-radius:0px 0px 0px 0px;\npadding:0px 0px 0px 0px;\n}\n<\/style>\n<div  class='flex_column av-n5h2yl-876dcf2c9d4a172560f725e9e508d655 av_one_third  avia-builder-el-19  el_after_av_two_third  avia-builder-el-last  flex_column_div av-zero-column-padding  '     ><style type=\"text\/css\" data-created_by=\"avia_inline_auto\" id=\"style-css-av-m67gsgd7-700a3284d74df3d2eb38ffdf9b0fc403\">\n.avia-image-container.av-m67gsgd7-700a3284d74df3d2eb38ffdf9b0fc403 img.avia_image{\nbox-shadow:none;\n}\n.avia-image-container.av-m67gsgd7-700a3284d74df3d2eb38ffdf9b0fc403 .av-image-caption-overlay-center{\ncolor:#ffffff;\n}\n<\/style>\n<div  class='avia-image-container av-m67gsgd7-700a3284d74df3d2eb38ffdf9b0fc403 av-styling-circle avia-align-center  avia-builder-el-20  avia-builder-el-no-sibling '   itemprop=\"image\" itemscope=\"itemscope\" itemtype=\"https:\/\/schema.org\/ImageObject\" ><div class=\"avia-image-container-inner\"><div class=\"avia-image-overlay-wrap\"><img class='wp-image-33397 avia-img-lazy-loading-not-33397 avia_image ' src=\"https:\/\/mandat.de\/de\/wp-content\/uploads\/2025\/11\/Anne-Hausen-600x600-1.jpg\" alt='Anne Hausen' title='Anne Hausen'  height=\"600\" width=\"600\"  itemprop=\"thumbnailUrl\" srcset=\"https:\/\/mandat.de\/de\/wp-content\/uploads\/2025\/11\/Anne-Hausen-600x600-1.jpg 600w, https:\/\/mandat.de\/de\/wp-content\/uploads\/2025\/11\/Anne-Hausen-600x600-1-300x300.jpg 300w, https:\/\/mandat.de\/de\/wp-content\/uploads\/2025\/11\/Anne-Hausen-600x600-1-80x80.jpg 80w, https:\/\/mandat.de\/de\/wp-content\/uploads\/2025\/11\/Anne-Hausen-600x600-1-36x36.jpg 36w, https:\/\/mandat.de\/de\/wp-content\/uploads\/2025\/11\/Anne-Hausen-600x600-1-180x180.jpg 180w\" sizes=\"(max-width: 600px) 100vw, 600px\" \/><\/div><\/div><\/div><\/div>\n<\/div><\/div><\/div><!-- close content main div --><\/div><\/div><div id='after_section_2'  class='main_color av_default_container_wrap container_wrap sidebar_right'  ><div class='container av-section-cont-open' ><div class='template-page content  av-content-small alpha units'><div class='post-entry post-entry-type-page post-entry-34016'><div class='entry-content-wrapper clearfix'>\n","protected":false},"excerpt":{"rendered":"","protected":false},"author":1,"featured_media":0,"parent":0,"menu_order":1,"comment_status":"closed","ping_status":"closed","template":"","meta":[],"_links":{"self":[{"href":"https:\/\/mandat.de\/de\/wp-json\/wp\/v2\/pages\/34016"}],"collection":[{"href":"https:\/\/mandat.de\/de\/wp-json\/wp\/v2\/pages"}],"about":[{"href":"https:\/\/mandat.de\/de\/wp-json\/wp\/v2\/types\/page"}],"author":[{"embeddable":true,"href":"https:\/\/mandat.de\/de\/wp-json\/wp\/v2\/users\/1"}],"replies":[{"embeddable":true,"href":"https:\/\/mandat.de\/de\/wp-json\/wp\/v2\/comments?post=34016"}],"version-history":[{"count":0,"href":"https:\/\/mandat.de\/de\/wp-json\/wp\/v2\/pages\/34016\/revisions"}],"wp:attachment":[{"href":"https:\/\/mandat.de\/de\/wp-json\/wp\/v2\/media?parent=34016"}],"curies":[{"name":"wp","href":"https:\/\/api.w.org\/{rel}","templated":true}]}}