{"id":34021,"date":"2026-02-28T20:05:53","date_gmt":"2026-02-28T19:05:53","guid":{"rendered":"https:\/\/mandat.de\/de\/?page_id=34021"},"modified":"2026-03-26T10:10:56","modified_gmt":"2026-03-26T09:10:56","slug":"vortrag-unternehmensnachfolge-familienunternehmen-nachfolgeregelung-generationen-werte","status":"publish","type":"page","link":"https:\/\/mandat.de\/de\/vortrag-unternehmensnachfolge-familienunternehmen-nachfolgeregelung-generationen-werte\/","title":{"rendered":"Wegsterben ist keine Option!"},"content":{"rendered":"\n<style type=\"text\/css\" data-created_by=\"avia_inline_auto\" id=\"style-css-av-10t59cal-6059ae1e9588dfe734b7fcc38faab3af\">\n.avia-section.av-10t59cal-6059ae1e9588dfe734b7fcc38faab3af{\nbackground-color:#f8f8f8;\nbackground-image:unset;\n}\n<\/style>\n<div id='av_section_1'  class='avia-section av-10t59cal-6059ae1e9588dfe734b7fcc38faab3af main_color avia-section-default avia-no-shadow  avia-builder-el-0  el_before_av_one_half  avia-builder-el-first  avia-bg-style-scroll container_wrap sidebar_right'  ><div class='container av-section-cont-open' ><main  role=\"main\" itemprop=\"mainContentOfPage\"  class='template-page content  av-content-small alpha units'><div class='post-entry post-entry-type-page post-entry-34021'><div class='entry-content-wrapper clearfix'>\n\n<style type=\"text\/css\" data-created_by=\"avia_inline_auto\" id=\"style-css-av-3mbqjlp-95423368ba9afa3ee36e0a172d9af9da\">\n.flex_column.av-3mbqjlp-95423368ba9afa3ee36e0a172d9af9da{\nborder-radius:0px 0px 0px 0px;\npadding:0px 0px 0px 0px;\n}\n<\/style>\n<div  class='flex_column av-3mbqjlp-95423368ba9afa3ee36e0a172d9af9da av_one_full  avia-builder-el-1  el_before_av_one_full  avia-builder-el-first  first flex_column_div av-zero-column-padding  '     ><style type=\"text\/css\" data-created_by=\"avia_inline_auto\" id=\"style-css-av-mlzc9onr-43dba3dd5bc46430811262d76c9ad26d\">\n#top .av-special-heading.av-mlzc9onr-43dba3dd5bc46430811262d76c9ad26d{\npadding-bottom:10px;\n}\nbody .av-special-heading.av-mlzc9onr-43dba3dd5bc46430811262d76c9ad26d .av-special-heading-tag .heading-char{\nfont-size:25px;\n}\n.av-special-heading.av-mlzc9onr-43dba3dd5bc46430811262d76c9ad26d .av-subheading{\nfont-size:15px;\n}\n<\/style>\n<div  class='av-special-heading av-mlzc9onr-43dba3dd5bc46430811262d76c9ad26d av-special-heading-h1 blockquote modern-quote  avia-builder-el-2  avia-builder-el-no-sibling '><h1 class='av-special-heading-tag'  itemprop=\"headline\"  >Wegsterben ist keine Option!<\/h1><div class=\"special-heading-border\"><div class=\"special-heading-inner-border\"><\/div><\/div><\/div><\/div>\n<style type=\"text\/css\" data-created_by=\"avia_inline_auto\" id=\"style-css-av-1by2i4l-6209018f7bd87a98f906ce5d7783b23f\">\n.flex_column.av-1by2i4l-6209018f7bd87a98f906ce5d7783b23f{\nborder-radius:0px 0px 0px 0px;\npadding:0px 0px 0px 0px;\n}\n<\/style>\n<div  class='flex_column av-1by2i4l-6209018f7bd87a98f906ce5d7783b23f av_one_full  avia-builder-el-3  el_after_av_one_full  el_before_av_one_full  first flex_column_div av-zero-column-padding  column-top-margin'     ><section  class='av_textblock_section av-ser57p-440ef75e819672bcf05408738dd74377 '   itemscope=\"itemscope\" itemtype=\"https:\/\/schema.org\/CreativeWork\" ><div class='avia_textblock'  itemprop=\"text\" ><h4 style=\"text-align: left;\">Inhalte des Vortrags:<\/h4>\n<\/div><\/section><\/div>\n<style type=\"text\/css\" data-created_by=\"avia_inline_auto\" id=\"style-css-av-z84l5y5-41b5dc49467c31947a6f1ee0757b79ad\">\n.flex_column.av-z84l5y5-41b5dc49467c31947a6f1ee0757b79ad{\nborder-radius:0px 0px 0px 0px;\npadding:0px 0px 0px 0px;\n}\n<\/style>\n<div  class='flex_column av-z84l5y5-41b5dc49467c31947a6f1ee0757b79ad av_one_full  avia-builder-el-5  el_after_av_one_full  avia-builder-el-last  first flex_column_div av-zero-column-padding  column-top-margin'     ><section  class='av_textblock_section av-mlzc9zx8-edc1abc54f8c1416d86583bae38cd412 '   itemscope=\"itemscope\" itemtype=\"https:\/\/schema.org\/CreativeWork\" ><div class='avia_textblock'  itemprop=\"text\" ><ul>\n<li><strong>Wann sollte man beginnen, die Nachfolgeregelung anzugehen?<\/strong><\/li>\n<li><strong>Wie findet man einen Weg, die Verantwortung abzugeben?<\/strong><\/li>\n<li><strong>Welche Formen und L\u00f6sungen f\u00fcr die Unternehmensnachfolge gibt es?<\/strong><\/li>\n<li><strong>Wie sichern Sie, dass Ihr Familienunternehmen nicht an Konfliktherden zerbricht?<\/strong><\/li>\n<li><strong>Welche Werte machen das Unternehmen aus, welche d\u00fcrfen durch neue ersetzt werden?<\/strong><\/li>\n<\/ul>\n<\/div><\/section><\/div><\/div><\/div><\/main><!-- close content main element --><\/div><\/div><div id='after_section_1'  class='main_color av_default_container_wrap container_wrap sidebar_right'  ><div class='container av-section-cont-open' ><div class='template-page content  av-content-small alpha units'><div class='post-entry post-entry-type-page post-entry-34021'><div class='entry-content-wrapper clearfix'>\n<style type=\"text\/css\" data-created_by=\"avia_inline_auto\" id=\"style-css-av-17xwdtst-1cd84030a2798acd9676854466e7df55\">\n.flex_column.av-17xwdtst-1cd84030a2798acd9676854466e7df55{\nborder-radius:0px 0px 0px 0px;\npadding:0px 0px 0px 0px;\n}\n<\/style>\n<div  class='flex_column av-17xwdtst-1cd84030a2798acd9676854466e7df55 av_one_half  avia-builder-el-7  el_after_av_section  el_before_av_one_half  avia-builder-el-first  first flex_column_div av-zero-column-padding  '     ><section  class='av_textblock_section av-17a3irz1-1334d451ffb1dff6619d22c5dbee50b2 '   itemscope=\"itemscope\" itemtype=\"https:\/\/schema.org\/CreativeWork\" ><div class='avia_textblock'  itemprop=\"text\" ><p><strong>Nachfolge regelt man nicht erst im Testament, sondern bereits im Tagesgesch\u00e4ft. Der Unternehmensberater und Keynote Speaker Guido Quelle legt in diesem Vortrag schonungslos offen, warum viele Unternehmer \u2013 nicht nur der Babyboomer-Generation \u2013 noch immer glauben, ausreichend Zeit daf\u00fcr zu haben. Doch Ableben ist nicht die L\u00f6sung, Wegsterben keine Option \u2013 bringt es Guido Quelle radikal auf den Punkt. Denn die Unternehmensnachfolge ist l\u00e4ngst ein Wettbewerbsfaktor und entscheidet dar\u00fcber, ob ein Familienunternehmen zukunftsf\u00e4hig bleibt oder an internen Machtk\u00e4mpfen zerbricht.<\/strong><\/p>\n<p>Seit Jahrzehnten unterst\u00fctzt Guido Quelle mit seiner Mandat Managementberatung GmbH methodisch im Prozess der Nachfolgeregelung. Zu seinen Referenzen z\u00e4hlen zahlreiche traditionelle Familienunternehmen, die mit der \u00dcbergabe an die n\u00e4chsten Generationen vor einer gro\u00dfen Ver\u00e4nderung stehen. Daher kennt er die typischen Herausforderungen, Konflikte und Kommunikationsmissverst\u00e4ndnisse, die damit einhergehen. Auch er selbst als Unternehmer stand 2020 an demselben Punkt: Als Alleingesellschafter und Alleingesch\u00e4ftsf\u00fchrer \u00f6ffnete er den Gesellschafterkreis f\u00fcr zwei exzellente Senior-Beraterkollegen, Linda und Fabian Vollberg, die sodann auch zu weiteren Gesch\u00e4ftsf\u00fchrern berufen wurden. F\u00fcr diesen Vortrag liefert er somit \u2013 neben der Erfahrung aus der Beratung \u2013 auch einen sehr pers\u00f6nlichen Praxisbeweis, wie die Unternehmensnachfolge angepackt werden kann.<\/p>\n<p>Guido Quelles Vortrag zeigt, wie notwendig es ist, rechtzeitig eine tragf\u00e4hige Nachfolgeregelung zu treffen. Denn ohne klare Rollen entstehen in Familienunternehmen zwangsl\u00e4ufig Konflikte und fehlgeleitete Kommunikation. Wer nur an der alleinigen Gesch\u00e4ftsf\u00fchrung festh\u00e4lt, verwechselt diese Kontrolle mit Fortschritt. Doch Tradition l\u00e4sst sich nur bewahren, wenn man Ver\u00e4nderung zul\u00e4sst. Nicht nur die Babyboomer m\u00fcssen hier lernen, Verantwortung zu teilen und sich mit den Werten der nachfolgenden Generationen auseinanderzusetzen. Nur mit echter \u00dcbergabe bleiben Unternehmen \u00fcberlebensf\u00e4hig. Und: Die L\u00f6sung muss nicht zwingend in der Familie liegen.<\/p>\n<p>Was Guido Quelle ebenfalls erlebt: Unausgesprochene Erwartungen in der Unternehmensnachfolge f\u00fchren fast immer zum Konflikt. In der Kommunikation prallen dann die unterschiedlichsten Wertevorstellungen aufeinander. War es f\u00fcr die Generation Babyboomer, die geburtenstarken Jahrgang zwischen 1946 und 1964, noch ein Muss, das Familienunternehmen zu \u00fcbernehmen, f\u00fchlen sich die n\u00e4chsten Generationen in manchen F\u00e4llen gar nicht bereit dazu \u2013 oder sind schlichtweg daran gar nicht interessiert. Daher beleuchtet Quelles Vortrag auch die Alternativen der Unternehmensnachfolge, von professionellen Matching-Prozessen bis zu Interimsl\u00f6sungen.<\/p>\n<p>Die Unternehmensnachfolge ist kein Schicksal, sondern eine F\u00fchrungsaufgabe \u2013 und jede Verz\u00f6gerung erh\u00f6ht das Risiko f\u00fcr das eigene Unternehmen. Nur wer die Zeichen der Ver\u00e4nderung erkennt und nutzt, bleibt handlungsf\u00e4hig. Daher vertritt dieser Vortrag einen wichtigen Appell: Regeln Sie die Nachfolge, bevor es andere f\u00fcr Sie tun m\u00fcssen!<\/p>\n<\/div><\/section><\/div>\n<style type=\"text\/css\" data-created_by=\"avia_inline_auto\" id=\"style-css-av-15vz4cvx-53a05f99ea7356366e4ffac79b123cdf\">\n.flex_column.av-15vz4cvx-53a05f99ea7356366e4ffac79b123cdf{\nborder-radius:0px 0px 0px 0px;\npadding:0px 0px 0px 0px;\n}\n<\/style>\n<div  class='flex_column av-15vz4cvx-53a05f99ea7356366e4ffac79b123cdf av_one_half  avia-builder-el-9  el_after_av_one_half  el_before_av_hr  flex_column_div av-zero-column-padding  '     ><style type=\"text\/css\" data-created_by=\"avia_inline_auto\" id=\"style-css-av-mm0oyib0-52209ed84b1124d58acd2fdfed55109a\">\n.avia-image-container.av-mm0oyib0-52209ed84b1124d58acd2fdfed55109a img.avia_image{\nbox-shadow:none;\n}\n.avia-image-container.av-mm0oyib0-52209ed84b1124d58acd2fdfed55109a .av-image-caption-overlay-center{\ncolor:#ffffff;\n}\n<\/style>\n<div  class='avia-image-container av-mm0oyib0-52209ed84b1124d58acd2fdfed55109a av-styling- avia_animated_image av-animated-when-visible-95 top-to-bottom avia-align-center  avia-builder-el-10  avia-builder-el-no-sibling '   itemprop=\"image\" itemscope=\"itemscope\" itemtype=\"https:\/\/schema.org\/ImageObject\" ><div class=\"avia-image-container-inner\"><div class=\"avia-image-overlay-wrap\"><img class='wp-image-33895 avia-img-lazy-loading-not-33895 avia_image ' src=\"https:\/\/mandat.de\/de\/wp-content\/uploads\/2026\/02\/2202-Terres-Vortag-Guido-Quelle-scaled.jpg\" alt='' title='2202 Terres Vortag Guido Quelle'  height=\"2560\" width=\"1920\"  itemprop=\"thumbnailUrl\" srcset=\"https:\/\/mandat.de\/de\/wp-content\/uploads\/2026\/02\/2202-Terres-Vortag-Guido-Quelle-scaled.jpg 1920w, https:\/\/mandat.de\/de\/wp-content\/uploads\/2026\/02\/2202-Terres-Vortag-Guido-Quelle-225x300.jpg 225w, https:\/\/mandat.de\/de\/wp-content\/uploads\/2026\/02\/2202-Terres-Vortag-Guido-Quelle-773x1030.jpg 773w, https:\/\/mandat.de\/de\/wp-content\/uploads\/2026\/02\/2202-Terres-Vortag-Guido-Quelle-768x1024.jpg 768w, https:\/\/mandat.de\/de\/wp-content\/uploads\/2026\/02\/2202-Terres-Vortag-Guido-Quelle-1152x1536.jpg 1152w, https:\/\/mandat.de\/de\/wp-content\/uploads\/2026\/02\/2202-Terres-Vortag-Guido-Quelle-1536x2048.jpg 1536w, https:\/\/mandat.de\/de\/wp-content\/uploads\/2026\/02\/2202-Terres-Vortag-Guido-Quelle-1125x1500.jpg 1125w, https:\/\/mandat.de\/de\/wp-content\/uploads\/2026\/02\/2202-Terres-Vortag-Guido-Quelle-529x705.jpg 529w\" sizes=\"(max-width: 1920px) 100vw, 1920px\" \/><\/div><\/div><\/div><\/div><\/p>\n\n<style type=\"text\/css\" data-created_by=\"avia_inline_auto\" id=\"style-css-av-36nbm4d-d43f3aad076f79d4827ddcd096f813d2\">\n#top .hr.hr-invisible.av-36nbm4d-d43f3aad076f79d4827ddcd096f813d2{\nheight:50px;\n}\n<\/style>\n<div  class='hr av-36nbm4d-d43f3aad076f79d4827ddcd096f813d2 hr-invisible  avia-builder-el-11  el_after_av_one_half  el_before_av_section  avia-builder-el-last '><span class='hr-inner '><span class=\"hr-inner-style\"><\/span><\/span><\/div>\n<\/div><\/div><\/div><!-- close content main div --><\/div><\/div>\n<style type=\"text\/css\" data-created_by=\"avia_inline_auto\" id=\"style-css-av-3zd0em5-54814317715ee9571e0ffd545cc6307b\">\n.avia-section.av-3zd0em5-54814317715ee9571e0ffd545cc6307b{\nbackground-color:#133370;\nbackground-image:unset;\n}\n<\/style>\n<div id='av_section_2'  class='avia-section av-3zd0em5-54814317715ee9571e0ffd545cc6307b main_color avia-section-default avia-no-border-styling  avia-builder-el-12  el_after_av_hr  avia-builder-el-last  avia-bg-style-scroll container_wrap sidebar_right'  ><div class='container av-section-cont-open' ><div class='template-page content  av-content-small alpha units'><div class='post-entry post-entry-type-page post-entry-34021'><div class='entry-content-wrapper clearfix'>\n\n<style type=\"text\/css\" data-created_by=\"avia_inline_auto\" id=\"style-css-av-3hq81fh-6ba201294c05500a3e532ec1c2056c7d\">\n.flex_column.av-3hq81fh-6ba201294c05500a3e532ec1c2056c7d{\nborder-radius:0px 0px 0px 0px;\npadding:0px 0px 0px 0px;\n}\n<\/style>\n<div  class='flex_column av-3hq81fh-6ba201294c05500a3e532ec1c2056c7d av_two_third  avia-builder-el-13  el_before_av_one_third  avia-builder-el-first  first flex_column_div av-zero-column-padding  '     ><p>\n<style type=\"text\/css\" data-created_by=\"avia_inline_auto\" id=\"style-css-av-vii7gl-3c5646ee0517ba97fd13e50d596eedf7\">\n#top .hr.hr-invisible.av-vii7gl-3c5646ee0517ba97fd13e50d596eedf7{\nheight:30px;\n}\n<\/style>\n<div  class='hr av-vii7gl-3c5646ee0517ba97fd13e50d596eedf7 hr-invisible  avia-builder-el-14  el_before_av_heading  avia-builder-el-first '><span class='hr-inner '><span class=\"hr-inner-style\"><\/span><\/span><\/div><br \/>\n\n<style type=\"text\/css\" data-created_by=\"avia_inline_auto\" id=\"style-css-av-2mdkly5-d0f85f8d05b764f749a02e8444d12d95\">\n#top .av-special-heading.av-2mdkly5-d0f85f8d05b764f749a02e8444d12d95{\npadding-bottom:20px;\ncolor:#ffffff;\nfont-size:40px;\n}\nbody .av-special-heading.av-2mdkly5-d0f85f8d05b764f749a02e8444d12d95 .av-special-heading-tag .heading-char{\nfont-size:25px;\n}\n#top #wrap_all .av-special-heading.av-2mdkly5-d0f85f8d05b764f749a02e8444d12d95 .av-special-heading-tag{\nfont-size:40px;\n}\n.av-special-heading.av-2mdkly5-d0f85f8d05b764f749a02e8444d12d95 .special-heading-inner-border{\nborder-color:#ffffff;\n}\n.av-special-heading.av-2mdkly5-d0f85f8d05b764f749a02e8444d12d95 .av-subheading{\nfont-size:15px;\n}\n\n@media only screen and (min-width: 480px) and (max-width: 767px){ \n#top #wrap_all .av-special-heading.av-2mdkly5-d0f85f8d05b764f749a02e8444d12d95 .av-special-heading-tag{\nfont-size:0.8em;\n}\n}\n\n@media only screen and (max-width: 479px){ \n#top #wrap_all .av-special-heading.av-2mdkly5-d0f85f8d05b764f749a02e8444d12d95 .av-special-heading-tag{\nfont-size:0.8em;\n}\n}\n<\/style>\n<div  class='av-special-heading av-2mdkly5-d0f85f8d05b764f749a02e8444d12d95 av-special-heading-h1 custom-color-heading blockquote modern-quote modern-centered  avia-builder-el-15  el_after_av_hr  el_before_av_textblock  av-inherit-size'><h1 class='av-special-heading-tag'  itemprop=\"headline\"  >Sie suchen einen Redner? Sprechen Sie uns an.<\/h1><div class=\"special-heading-border\"><div class=\"special-heading-inner-border\"><\/div><\/div><\/div><br \/>\n\n<style type=\"text\/css\" data-created_by=\"avia_inline_auto\" id=\"style-css-av-1vv4m2l-5b3c68fa73d09c60a703f68d180eb314\">\n#top .av_textblock_section.av-1vv4m2l-5b3c68fa73d09c60a703f68d180eb314 .avia_textblock{\ncolor:#cecece;\n}\n<\/style>\n<section  class='av_textblock_section av-1vv4m2l-5b3c68fa73d09c60a703f68d180eb314 '   itemscope=\"itemscope\" itemtype=\"https:\/\/schema.org\/CreativeWork\" ><div class='avia_textblock av_inherit_color'  itemprop=\"text\" ><p class=\"p1\" style=\"text-align: center;\"><span class=\"s1\">Sie suchen einen Experten, der Ihrem Team, den Mitgliedern Ihres Verbandes, Ihrer Organisation oder Ihren Kunden komprimiert und hoch praxisrelevant Wachstums-Know-how vermitteln kann?\u00a0<\/span><\/p>\n<p class=\"p1\" style=\"text-align: center;\"><span class=\"s1\">Dann schreiben Sie Ihre Anfrage an:<br \/>\n<strong><br \/>\nAnne Hausen<\/strong><br \/>\n<a href=\"mailto:anne.hausen@mandat.de\"> anne.hausen@mandat.de<\/a><br \/>\n+ 49 231 9742-393<br \/>\n<\/span><\/p>\n<\/div><\/section><br \/>\n\n<style type=\"text\/css\" data-created_by=\"avia_inline_auto\" id=\"style-css-av-1qe8kbh-4ee638d9872238f2654b5e5072bc14fe\">\n#top .hr.hr-invisible.av-1qe8kbh-4ee638d9872238f2654b5e5072bc14fe{\nheight:30px;\n}\n<\/style>\n<div  class='hr av-1qe8kbh-4ee638d9872238f2654b5e5072bc14fe hr-invisible  avia-builder-el-17  el_after_av_textblock  el_before_av_button_big  avia-builder-el-last '><span class='hr-inner '><span class=\"hr-inner-style\"><\/span><\/span><\/div><br \/>\n<div  class='avia-button-wrap avia-button-center  avia-builder-el-18  el_after_av_hr  avia-builder-el-last '>\n<style type=\"text\/css\" data-created_by=\"avia_inline_auto\" id=\"style-css-av-15kyji5-3a9fe0284c0ed432bef4587423195806\">\n#top #wrap_all .avia-button.av-15kyji5-3a9fe0284c0ed432bef4587423195806{\nbackground-color:#ffffff;\nborder-color:#ffffff;\ncolor:#133370;\ntransition:all 0.4s ease-in-out;\n}\n#top #wrap_all .avia-button.av-15kyji5-3a9fe0284c0ed432bef4587423195806:hover{\nbackground-color:#cecece;\ncolor:#ffffff;\ntransition:all 0.4s ease-in-out;\n}\n<\/style>\n<a href='mailto:anne.hausen@mandat.de' class='avia-button avia-button-fullwidth av-15kyji5-3a9fe0284c0ed432bef4587423195806 avia-icon_select-yes-left-icon avia-color-custom'  ><span class='avia_button_icon avia_button_icon_left' aria-hidden='true' data-av_icon='\ue8b7' data-av_iconfont='entypo-fontello'><\/span><span class='avia_iconbox_title' >Jetzt unverbindlich anfragen<\/span><\/a><\/div><\/p><\/div>\n<style type=\"text\/css\" data-created_by=\"avia_inline_auto\" id=\"style-css-av-n5h2yl-876dcf2c9d4a172560f725e9e508d655\">\n.flex_column.av-n5h2yl-876dcf2c9d4a172560f725e9e508d655{\nborder-radius:0px 0px 0px 0px;\npadding:0px 0px 0px 0px;\n}\n<\/style>\n<div  class='flex_column av-n5h2yl-876dcf2c9d4a172560f725e9e508d655 av_one_third  avia-builder-el-19  el_after_av_two_third  avia-builder-el-last  flex_column_div av-zero-column-padding  '     ><style type=\"text\/css\" data-created_by=\"avia_inline_auto\" id=\"style-css-av-m67gsgd7-700a3284d74df3d2eb38ffdf9b0fc403\">\n.avia-image-container.av-m67gsgd7-700a3284d74df3d2eb38ffdf9b0fc403 img.avia_image{\nbox-shadow:none;\n}\n.avia-image-container.av-m67gsgd7-700a3284d74df3d2eb38ffdf9b0fc403 .av-image-caption-overlay-center{\ncolor:#ffffff;\n}\n<\/style>\n<div  class='avia-image-container av-m67gsgd7-700a3284d74df3d2eb38ffdf9b0fc403 av-styling-circle avia-align-center  avia-builder-el-20  avia-builder-el-no-sibling '   itemprop=\"image\" itemscope=\"itemscope\" itemtype=\"https:\/\/schema.org\/ImageObject\" ><div class=\"avia-image-container-inner\"><div class=\"avia-image-overlay-wrap\"><img class='wp-image-33397 avia-img-lazy-loading-not-33397 avia_image ' src=\"https:\/\/mandat.de\/de\/wp-content\/uploads\/2025\/11\/Anne-Hausen-600x600-1.jpg\" alt='Anne Hausen' title='Anne Hausen'  height=\"600\" width=\"600\"  itemprop=\"thumbnailUrl\" srcset=\"https:\/\/mandat.de\/de\/wp-content\/uploads\/2025\/11\/Anne-Hausen-600x600-1.jpg 600w, https:\/\/mandat.de\/de\/wp-content\/uploads\/2025\/11\/Anne-Hausen-600x600-1-300x300.jpg 300w, https:\/\/mandat.de\/de\/wp-content\/uploads\/2025\/11\/Anne-Hausen-600x600-1-80x80.jpg 80w, https:\/\/mandat.de\/de\/wp-content\/uploads\/2025\/11\/Anne-Hausen-600x600-1-36x36.jpg 36w, https:\/\/mandat.de\/de\/wp-content\/uploads\/2025\/11\/Anne-Hausen-600x600-1-180x180.jpg 180w\" sizes=\"(max-width: 600px) 100vw, 600px\" \/><\/div><\/div><\/div><\/div>\n<\/div><\/div><\/div><!-- close content main div --><\/div><\/div><div id='after_section_2'  class='main_color av_default_container_wrap container_wrap sidebar_right'  ><div class='container av-section-cont-open' ><div class='template-page content  av-content-small alpha units'><div class='post-entry post-entry-type-page post-entry-34021'><div class='entry-content-wrapper clearfix'>\n","protected":false},"excerpt":{"rendered":"","protected":false},"author":1,"featured_media":0,"parent":0,"menu_order":1,"comment_status":"closed","ping_status":"closed","template":"","meta":[],"_links":{"self":[{"href":"https:\/\/mandat.de\/de\/wp-json\/wp\/v2\/pages\/34021"}],"collection":[{"href":"https:\/\/mandat.de\/de\/wp-json\/wp\/v2\/pages"}],"about":[{"href":"https:\/\/mandat.de\/de\/wp-json\/wp\/v2\/types\/page"}],"author":[{"embeddable":true,"href":"https:\/\/mandat.de\/de\/wp-json\/wp\/v2\/users\/1"}],"replies":[{"embeddable":true,"href":"https:\/\/mandat.de\/de\/wp-json\/wp\/v2\/comments?post=34021"}],"version-history":[{"count":2,"href":"https:\/\/mandat.de\/de\/wp-json\/wp\/v2\/pages\/34021\/revisions"}],"predecessor-version":[{"id":34206,"href":"https:\/\/mandat.de\/de\/wp-json\/wp\/v2\/pages\/34021\/revisions\/34206"}],"wp:attachment":[{"href":"https:\/\/mandat.de\/de\/wp-json\/wp\/v2\/media?parent=34021"}],"curies":[{"name":"wp","href":"https:\/\/api.w.org\/{rel}","templated":true}]}}