{"id":613,"date":"2017-02-02T12:29:24","date_gmt":"2017-02-02T11:29:24","guid":{"rendered":"http:\/\/test.kriesi.at\/enfold-2017\/?page_id=613"},"modified":"2024-06-16T09:42:57","modified_gmt":"2024-06-16T07:42:57","slug":"impressum","status":"publish","type":"page","link":"https:\/\/mandat.de\/de\/impressum\/","title":{"rendered":"Impressum"},"content":{"rendered":"\n<style type=\"text\/css\" data-created_by=\"avia_inline_auto\" id=\"style-css-av-av_heading-8b71df673edb1392c71bb640876823ac\">\n#top .av-special-heading.av-av_heading-8b71df673edb1392c71bb640876823ac{\npadding-bottom:20px;\nfont-size:40px;\n}\nbody .av-special-heading.av-av_heading-8b71df673edb1392c71bb640876823ac .av-special-heading-tag .heading-char{\nfont-size:25px;\n}\n#top #wrap_all .av-special-heading.av-av_heading-8b71df673edb1392c71bb640876823ac .av-special-heading-tag{\nfont-size:40px;\n}\n.av-special-heading.av-av_heading-8b71df673edb1392c71bb640876823ac .av-subheading{\nfont-size:15px;\n}\n\n@media only screen and (min-width: 480px) and (max-width: 767px){ \n#top #wrap_all .av-special-heading.av-av_heading-8b71df673edb1392c71bb640876823ac .av-special-heading-tag{\nfont-size:0.8em;\n}\n}\n\n@media only screen and (max-width: 479px){ \n#top #wrap_all .av-special-heading.av-av_heading-8b71df673edb1392c71bb640876823ac .av-special-heading-tag{\nfont-size:0.8em;\n}\n}\n<\/style>\n<div  class='av-special-heading av-av_heading-8b71df673edb1392c71bb640876823ac av-special-heading-h2 blockquote modern-quote  avia-builder-el-0  el_before_av_hr  avia-builder-el-first  av-inherit-size'><h2 class='av-special-heading-tag'  itemprop=\"headline\"  >Impressum<\/h2><div class=\"special-heading-border\"><div class=\"special-heading-inner-border\"><\/div><\/div><\/div>\n\n<style type=\"text\/css\" data-created_by=\"avia_inline_auto\" id=\"style-css-av-av_hr-d4a8ab8d799770343ca3664803a034e9\">\n#top .hr.av-av_hr-d4a8ab8d799770343ca3664803a034e9{\nmargin-top:10px;\nmargin-bottom:30px;\n}\n.hr.av-av_hr-d4a8ab8d799770343ca3664803a034e9 .hr-inner{\nwidth:50px;\nborder-color:#003d7a;\n}\n<\/style>\n<div  class='hr av-av_hr-d4a8ab8d799770343ca3664803a034e9 hr-custom  avia-builder-el-1  el_after_av_heading  el_before_av_textblock  hr-left hr-icon-no'><span class='hr-inner inner-border-av-border-fat'><span class=\"hr-inner-style\"><\/span><\/span><\/div>\n<section  class='av_textblock_section av-lxh8o876-4899fd9e7407ab8e5befcb15f2873e3b '   itemscope=\"itemscope\" itemtype=\"https:\/\/schema.org\/CreativeWork\" ><div class='avia_textblock'  itemprop=\"text\" ><h4>Angaben gem\u00e4\u00df \u00a7 5 DDG<\/h4>\n<p>Mandat Managementberatung GmbH<br \/>\nEmil-Figge-Stra\u00dfe 80<br \/>\n44227 Dortmund<br \/>\nDeutschland<\/p>\n<h4>Gesch\u00e4ftsf\u00fchrung<\/h4>\n<p>Prof. Dr. Guido Quelle (Vorsitzender), Fabian Vollberg, Linda Vollberg<\/p>\n<h4>Kontakt<\/h4>\n<p>Telefon: +49 231 9742-390<br \/>\nFax: +49 231 9742-389<br \/>\nE-Mail: <a href=\"mailto:info@mandat.de\">info@mandat.de<\/a><\/p>\n<h4>Registereintrag<\/h4>\n<p>Eintragung im Handelsregister<br \/>\nRegisternummer: HR B 8803<br \/>\nRegistergericht: Amtsgericht Dortmund<\/p>\n<h4>Umsatzsteuer-ID<\/h4>\n<p>Umsatzsteuer-Identifikationsnummer gem\u00e4\u00df \u00a727 a Umsatzsteuergesetz<br \/>\nDE 12 47 27 551<\/p>\n<h4>Angaben zur Berufshaftpflichtversicherung<\/h4>\n<p>Gerichtsstand der Gesellschaft: Dortmund<br \/>\nBerufshaftpflicht-Versicherung (Gerling): bis zu 500.000 \u20ac pro Schadenereignis (Verm\u00f6gensschaden), max. 2-fach pro Jahr<br \/>\nBetriebshaftpflicht-Versicherung (Nationale Suisse): 5.000.000 \u20ac pro Schadenereignis (Personen-, Sach-, Verm\u00f6genssch\u00e4den), die Gesamtleistung des Versicherers f\u00fcr alle Versicherungsf\u00e4lle eines Versicherungsjahres betr\u00e4gt das Doppelte dieser Deckungssummen<br \/>\nGeltungsraum der Versicherung: Deutschland<br \/>\nAu\u00dfergerichtliche Schlichtungsstelle: Ehrenrat des BDU e. V.<br \/>\nBerufsgrunds\u00e4tze des BDU e. V.: Download<\/p>\n<h4>Quellenangaben f\u00fcr die verwendeten Bilder und Grafiken der Website<\/h4>\n<p>Bilder Homepage: \u00a9 Olga Pas\u0142awska, \u00a9 mark wragg (istockphoto.com)<br \/>\n\u00a9 Brian Jackson, \u00a9 Petair, \u00a9 pressmaster, \u00a9 mpfphotography, \u00a9 Sergey Nivens, \u00a9 jarous, \u00a9 Sergey Galushko, \u00a9 Andres Rodriguez, \u00a9 Frank Axelsen<br \/>\nBild Icon CEO-Tipp: \u00a9 yoki5270<br \/>\nBild Icon Mandat Wachstums-Wochenstart: \u00a9 mezzotint_fotolia<br \/>\nBild Mandat Growth Indicator: \u00a9 jojje11<\/p>\n<p>Wachstum beginnt oben \u2013 Treibstoff f\u00fcr unternehmerische Wachstumsmotoren von Prof. Dr. Guido Quelle; mit freundlicher Genehmigung des Verlags springer.com<\/p>\n<\/div><\/section>\n\n<style type=\"text\/css\" data-created_by=\"avia_inline_auto\" id=\"style-css-av-av_hr-d4a8ab8d799770343ca3664803a034e9\">\n#top .hr.av-av_hr-d4a8ab8d799770343ca3664803a034e9{\nmargin-top:10px;\nmargin-bottom:30px;\n}\n.hr.av-av_hr-d4a8ab8d799770343ca3664803a034e9 .hr-inner{\nwidth:50px;\nborder-color:#003d7a;\n}\n<\/style>\n<div  class='hr av-av_hr-d4a8ab8d799770343ca3664803a034e9 hr-custom  avia-builder-el-3  el_after_av_textblock  el_before_av_one_full  hr-left hr-icon-no'><span class='hr-inner inner-border-av-border-fat'><span class=\"hr-inner-style\"><\/span><\/span><\/div>\n\n<style type=\"text\/css\" data-created_by=\"avia_inline_auto\" id=\"style-css-av-av_one_full-6126cab7d8fab8d08143dd2dacdf673c\">\n.flex_column.av-av_one_full-6126cab7d8fab8d08143dd2dacdf673c{\nborder-radius:0px 0px 0px 0px;\npadding:0px 0px 0px 0px;\n}\n<\/style>\n<div  class='flex_column av-av_one_full-6126cab7d8fab8d08143dd2dacdf673c av_one_full  avia-builder-el-4  el_after_av_hr  avia-builder-el-last  first flex_column_div av-zero-column-padding  '     ><section  class='av_textblock_section av-lxh8onkk-0d5c04f4fcd01668edc9fccac4d366e1 '   itemscope=\"itemscope\" itemtype=\"https:\/\/schema.org\/CreativeWork\" ><div class='avia_textblock'  itemprop=\"text\" ><h4>Haftung f\u00fcr Inhalte<\/h4>\n<p>Die Inhalte unserer Seiten wurden mit gr\u00f6\u00dfter Sorgfalt erstellt. F\u00fcr die Richtigkeit, Vollst\u00e4ndigkeit und Aktualit\u00e4t der Inhalte k\u00f6nnen wir jedoch keine Gew\u00e4hr \u00fcbernehmen. Als Diensteanbieter sind wir gem\u00e4\u00df \u00a7 7 Abs.1 DDG f\u00fcr eigene Inhalte auf diesen Seiten nach den allgemeinen Gesetzen verantwortlich. Nach \u00a7\u00a7 8 bis 10 DDG sind wir als Diensteanbieter jedoch nicht verpflichtet, \u00fcbermittelte oder gespeicherte fremde Informationen zu \u00fcberwachen oder nach Umst\u00e4nden zu forschen, die auf eine rechtswidrige T\u00e4tigkeit hinweisen. Verpflichtungen zur Entfernung oder Sperrung der Nutzung von Informationen nach den allgemeinen Gesetzen bleiben hiervon unber\u00fchrt. Eine diesbez\u00fcgliche Haftung ist jedoch erst ab dem Zeitpunkt der Kenntnis einer konkreten Rechtsverletzung m\u00f6glich. Bei Bekanntwerden von entsprechenden Rechtsverletzungen werden wir diese Inhalte umgehend entfernen.<\/p>\n<h4>Haftung f\u00fcr Links<\/h4>\n<p>Unser Angebot enth\u00e4lt Links zu externen Webseiten Dritter, auf deren Inhalte wir keinen Einfluss haben. Deshalb k\u00f6nnen wir f\u00fcr diese fremden Inhalte auch keine Gew\u00e4hr \u00fcbernehmen. F\u00fcr die Inhalte der verlinkten Seiten ist stets der jeweilige Anbieter oder Betreiber der Seiten verantwortlich. Die verlinkten Seiten wurden zum Zeitpunkt der Verlinkung auf m\u00f6gliche Rechtsverst\u00f6\u00dfe \u00fcberpr\u00fcft. Rechtswidrige Inhalte waren zum Zeitpunkt der Verlinkung nicht erkennbar. Eine permanente inhaltliche Kontrolle der verlinkten Seiten ist jedoch ohne konkrete Anhaltspunkte einer Rechtsverletzung nicht zumutbar. Bei Bekanntwerden von Rechtsverletzungen werden wir derartige Links umgehend entfernen.<\/p>\n<h4>Urheberrecht<\/h4>\n<p>Die durch die Seitenbetreiber erstellten bzw. verwendeten Inhalte und Werke auf diesen Seiten unterliegen dem deutschen Urheberrecht. Die Vervielf\u00e4ltigung, Bearbeitung, Verbreitung und jede Art der Verwertung au\u00dferhalb der Grenzen des Urheberrechtes bed\u00fcrfen der Zustimmung des jeweiligen Autors bzw. Erstellers. Downloads und Kopien dieser Seite sind nur f\u00fcr den privaten, nicht kommerziellen Gebrauch gestattet. Soweit die Inhalte auf dieser Seite nicht vom Betreiber erstellt wurden, werden die Urheberrechte Dritter beachtet. Insbesondere werden Inhalte Dritter als solche gekennzeichnet. Sollten Sie trotzdem auf eine Urheberrechtsverletzung aufmerksam werden, bitten wir um einen entsprechenden Hinweis. Bei Bekanntwerden von Rechtsverletzungen werden wir derartige Inhalte umgehend entfernen.<\/p>\n<\/div><\/section><\/div>\n","protected":false},"excerpt":{"rendered":"","protected":false},"author":1,"featured_media":0,"parent":0,"menu_order":0,"comment_status":"closed","ping_status":"closed","template":"","meta":[],"_links":{"self":[{"href":"https:\/\/mandat.de\/de\/wp-json\/wp\/v2\/pages\/613"}],"collection":[{"href":"https:\/\/mandat.de\/de\/wp-json\/wp\/v2\/pages"}],"about":[{"href":"https:\/\/mandat.de\/de\/wp-json\/wp\/v2\/types\/page"}],"author":[{"embeddable":true,"href":"https:\/\/mandat.de\/de\/wp-json\/wp\/v2\/users\/1"}],"replies":[{"embeddable":true,"href":"https:\/\/mandat.de\/de\/wp-json\/wp\/v2\/comments?post=613"}],"version-history":[{"count":0,"href":"https:\/\/mandat.de\/de\/wp-json\/wp\/v2\/pages\/613\/revisions"}],"wp:attachment":[{"href":"https:\/\/mandat.de\/de\/wp-json\/wp\/v2\/media?parent=613"}],"curies":[{"name":"wp","href":"https:\/\/api.w.org\/{rel}","templated":true}]}}