{"id":63,"date":"2009-08-12T13:33:42","date_gmt":"2009-08-12T13:33:42","guid":{"rendered":"http:\/\/mandat.de\/de\/about\/about-mandat\/"},"modified":"2019-06-02T17:02:52","modified_gmt":"2019-06-02T15:02:52","slug":"wurzeln-und-vision","status":"publish","type":"page","link":"https:\/\/mandat.de\/de\/ueberuns\/wurzeln-und-vision\/","title":{"rendered":"Wurzeln und Vision"},"content":{"rendered":"<div id='layer_slider_1'  class='avia-layerslider main_color avia-shadow  avia-builder-el-0  el_before_av_one_third  avia-builder-el-first  container_wrap sidebar_right'  style='height: 201px;'  ><link href=\"https:\/\/fonts.googleapis.com\/css?family=Montserrat:100,100i,200,200i,300,300i,400,400i,500,500i,600,600i,700,700i,800,800i,900,900i\" rel=\"stylesheet\"><div id=\"layerslider_24_rqhwkt05pcpz\"  class=\"ls-wp-container fitvidsignore ls-selectable\" style=\"width:1280px;height:200px;margin:0 auto;margin-bottom: 0px;\"><div class=\"ls-slide\" ><img width=\"1280\" height=\"201\" src=\"https:\/\/mandat.de\/de\/wp-content\/uploads\/2024\/06\/ls-project-24-slide-1.jpg\" class=\"ls-tn\" alt=\"\" srcset=\"https:\/\/mandat.de\/de\/wp-content\/uploads\/2024\/06\/ls-project-24-slide-1.jpg 1280w, https:\/\/mandat.de\/de\/wp-content\/uploads\/2024\/06\/ls-project-24-slide-1-300x47.jpg 300w, https:\/\/mandat.de\/de\/wp-content\/uploads\/2024\/06\/ls-project-24-slide-1-1030x162.jpg 1030w, https:\/\/mandat.de\/de\/wp-content\/uploads\/2024\/06\/ls-project-24-slide-1-768x121.jpg 768w, https:\/\/mandat.de\/de\/wp-content\/uploads\/2024\/06\/ls-project-24-slide-1-705x111.jpg 705w\" sizes=\"(max-width: 1280px) 100vw, 1280px\" \/><h1 style=\"top:0px;left:5px;text-align:initial;font-weight:600;mix-blend-mode:normal;font-size:196px;line-height:212px;color:#f5f5f5;font-family:Montserrat;\" class=\"ls-l ls-text-layer\" data-ls=\"showinfo:1;position:relative;\">Wurzeln und Vision<\/h1><h2 style=\"top:145px;left:4px;text-align:initial;mix-blend-mode:normal;font-size:51px;line-height:57px;font-family:Montserrat;color:#133370;\" class=\"ls-l ls-text-layer\" data-ls=\"showinfo:1;position:relative;\">Wurzeln und Vision<\/h2><\/div><\/div><\/div><div id='after_layer_slider_1'  class='main_color av_default_container_wrap container_wrap sidebar_right'  ><div class='container av-section-cont-open' ><div class='template-page content  av-content-small alpha units'><div class='post-entry post-entry-type-page post-entry-63'><div class='entry-content-wrapper clearfix'>\n\n<style type=\"text\/css\" data-created_by=\"avia_inline_auto\" id=\"style-css-av-av_one_third-15d750bd1b332b34c6e70b077ebbccdf\">\n.flex_column.av-av_one_third-15d750bd1b332b34c6e70b077ebbccdf{\nborder-radius:0px 0px 0px 0px;\npadding:0px 0px 0px 0px;\n}\n<\/style>\n<div  class='flex_column av-av_one_third-15d750bd1b332b34c6e70b077ebbccdf av_one_third  avia-builder-el-1  el_after_av_layerslider  el_before_av_one_third  avia-builder-el-first  first flex_column_div av-zero-column-padding  '     ><div  class=\"avia-animated-number av-av_animated_numbers-7c050eacfec696f7b14b18207ed817c7 av-force-default-color avia_animate_when_visible  avia-builder-el-2  avia-builder-el-no-sibling  \" data-timer=\"3000\"><strong class=\"heading avia-animated-number-title\"><span class=\"avia-single-number __av-single-number\" data-number_format=\"\" data-number=\"1989\" data-start_from=\"0\">1989<\/span><\/strong><div class=\"avia-animated-number-content\"><p>Gr\u00fcndungsjahr von Mandat<\/p>\n<\/div><\/div><\/div>\n\n<style type=\"text\/css\" data-created_by=\"avia_inline_auto\" id=\"style-css-av-av_one_third-c8fc129dc35fd1ae2a1e410224d39ea8\">\n.flex_column.av-av_one_third-c8fc129dc35fd1ae2a1e410224d39ea8{\nborder-radius:0px 0px 0px 0px;\npadding:0px 0px 0px 0px;\n}\n<\/style>\n<div  class='flex_column av-av_one_third-c8fc129dc35fd1ae2a1e410224d39ea8 av_one_third  avia-builder-el-3  el_after_av_one_third  el_before_av_one_third  flex_column_div av-zero-column-padding  '     ><div  class=\"avia-animated-number av-av_animated_numbers-b760028b1d1c04f4f46dab4ac0e674bb av-force-default-color avia_animate_when_visible  avia-builder-el-4  avia-builder-el-no-sibling  \" data-timer=\"3000\"><strong class=\"heading avia-animated-number-title\"><span class=\"avia-single-number __av-single-number\" data-number_format=\"\" data-number=\"250\" data-start_from=\"0\">250<\/span><\/strong><div class=\"avia-animated-number-content\"><p>Unternehmen und Organisationen<br \/>\nbeim Wachstum unters\u00fctzt.<\/p>\n<\/div><\/div><\/div>\n\n<style type=\"text\/css\" data-created_by=\"avia_inline_auto\" id=\"style-css-av-av_one_third-c8fc129dc35fd1ae2a1e410224d39ea8\">\n.flex_column.av-av_one_third-c8fc129dc35fd1ae2a1e410224d39ea8{\nborder-radius:0px 0px 0px 0px;\npadding:0px 0px 0px 0px;\n}\n<\/style>\n<div  class='flex_column av-av_one_third-c8fc129dc35fd1ae2a1e410224d39ea8 av_one_third  avia-builder-el-5  el_after_av_one_third  el_before_av_layout_row  avia-builder-el-last  flex_column_div av-zero-column-padding  '     ><div  class=\"avia-animated-number av-av_animated_numbers-3c11414d52affa67baa0aaa06526cd84 av-force-default-color avia_animate_when_visible  avia-builder-el-6  avia-builder-el-no-sibling  \" data-timer=\"3000\"><strong class=\"heading avia-animated-number-title\"><span class=\"avia-single-number __av-single-number\" data-number_format=\"\" data-number=\"500\" data-start_from=\"0\">500<\/span><\/strong><div class=\"avia-animated-number-content\"><p>Erfolgreiche Wachstumsprojekte<\/p>\n<\/div><\/div><\/div>\n<\/div><\/div><\/div><!-- close content main div --><\/div><\/div><div id='av-layout-grid-1'  class='av-layout-grid-container av-av_layout_row-edf07c93594a85695fda65c20c2393d8 entry-content-wrapper main_color av-flex-cells  avia-builder-el-7  el_after_av_one_third  el_before_av_layout_row  grid-row-not-first  container_wrap sidebar_right'  >\n\n<style type=\"text\/css\" data-created_by=\"avia_inline_auto\" id=\"style-css-av-av_cell_one_half-4051d34c51f7dc0db9e3b3e9b485728e\">\n.flex_cell.av-av_cell_one_half-4051d34c51f7dc0db9e3b3e9b485728e{\nvertical-align:top;\nbackground-color:#f2f2f2;\n}\n.responsive #top #wrap_all .flex_cell.av-av_cell_one_half-4051d34c51f7dc0db9e3b3e9b485728e{\npadding:50px 30px 50px 125px !important;\n}\n<\/style>\n<div class='flex_cell av-av_cell_one_half-4051d34c51f7dc0db9e3b3e9b485728e av-gridrow-cell av_one_half no_margin  avia-builder-el-8  el_before_av_cell_one_half  avia-builder-el-first '  ><div class='flex_cell_inner'><p>\n<style type=\"text\/css\" data-created_by=\"avia_inline_auto\" id=\"style-css-av-av_hr-4474f20d2389e2e5ecf918a02da5132e\">\n#top .hr.hr-invisible.av-av_hr-4474f20d2389e2e5ecf918a02da5132e{\nheight:50px;\n}\n<\/style>\n<div  class='hr av-av_hr-4474f20d2389e2e5ecf918a02da5132e hr-invisible  avia-builder-el-9  el_before_av_textblock  avia-builder-el-first '><span class='hr-inner '><span class=\"hr-inner-style\"><\/span><\/span><\/div><br \/>\n<section  class='av_textblock_section av-av_textblock-2de302bf1aa3cf4c9157dbe6f50ac7eb '   itemscope=\"itemscope\" itemtype=\"https:\/\/schema.org\/CreativeWork\" ><div class='avia_textblock'  itemprop=\"text\" ><h3>Unsere Klienten<\/h3>\n<p>Unsere Klienten sind vorausdenkende Unternehmer, Vorst\u00e4nde und Gesch\u00e4ftsf\u00fchrer von erfolgreichen Unternehmen. Unsere Klienten interessiert nicht nur, WAS sie in ihren Unternehmen tun m\u00fcssen, um nachhaltiges, profitables Wachstum zu schaffen, sondern auch WIE die notwendigen Ver\u00e4nderungen durchgef\u00fchrt werden m\u00fcssen.<\/p>\n<p>Unsere Klienten m\u00f6chten mit jemandem auf Augenh\u00f6he zusammenarbeiten, der sich ebenso wie sie den beschlossenen Zielen verpflichtet f\u00fchlt. Unsere Klienten wissen, dass \u00a0die Kombination aus ihrem Fachwissen und unserer Beratungserfahrung ein enormer Erfolgstreiber ist.<\/p>\n<\/div><\/section><br \/>\n\n<style type=\"text\/css\" data-created_by=\"avia_inline_auto\" id=\"style-css-av-av_hr-4474f20d2389e2e5ecf918a02da5132e\">\n#top .hr.hr-invisible.av-av_hr-4474f20d2389e2e5ecf918a02da5132e{\nheight:50px;\n}\n<\/style>\n<div  class='hr av-av_hr-4474f20d2389e2e5ecf918a02da5132e hr-invisible  avia-builder-el-11  el_after_av_textblock  avia-builder-el-last '><span class='hr-inner '><span class=\"hr-inner-style\"><\/span><\/span><\/div><\/p>\n<\/div><\/div>\n<style type=\"text\/css\" data-created_by=\"avia_inline_auto\" id=\"style-css-av-av_cell_one_half-d425c13c5dc27980f21ae18b2e581128\">\n.flex_cell.av-av_cell_one_half-d425c13c5dc27980f21ae18b2e581128{\nvertical-align:top;\nbackground:url(https:\/\/mandat.de\/de\/wp-content\/uploads\/2018\/01\/Favorit_MG_0272.jpg) 0% 0% no-repeat scroll ;\n}\n.responsive #top #wrap_all .flex_cell.av-av_cell_one_half-d425c13c5dc27980f21ae18b2e581128{\npadding:0px 0px 0px 0px !important;\n}\n<\/style>\n<div class='flex_cell av-av_cell_one_half-d425c13c5dc27980f21ae18b2e581128 av-gridrow-cell av_one_half no_margin  avia-builder-el-12  el_after_av_cell_one_half  avia-builder-el-last  av-zero-padding avia-full-stretch'  ><div class='flex_cell_inner'><\/div><\/div>\n<\/div>\n<div id='av-layout-grid-2'  class='av-layout-grid-container av-av_layout_row-edf07c93594a85695fda65c20c2393d8 entry-content-wrapper main_color av-flex-cells  avia-builder-el-13  el_after_av_layout_row  el_before_av_layout_row  grid-row-not-first  container_wrap sidebar_right'  >\n\n<style type=\"text\/css\" data-created_by=\"avia_inline_auto\" id=\"style-css-av-av_cell_one_third-051dc87001c35e8e36029835ab276ab5\">\n.flex_cell.av-av_cell_one_third-051dc87001c35e8e36029835ab276ab5{\nvertical-align:top;\nbackground:url(https:\/\/mandat.de\/de\/wp-content\/uploads\/2018\/01\/mission.jpg) 0% 0% no-repeat scroll #f2f2f2;\n}\n.responsive #top #wrap_all .flex_cell.av-av_cell_one_third-051dc87001c35e8e36029835ab276ab5{\npadding:50px 30px 50px 125px !important;\n}\n<\/style>\n<div class='flex_cell av-av_cell_one_third-051dc87001c35e8e36029835ab276ab5 av-gridrow-cell av_one_third no_margin  avia-builder-el-14  el_before_av_cell_two_third  avia-builder-el-first  avia-full-stretch'  ><div class='flex_cell_inner'><\/div><\/div>\n<style type=\"text\/css\" data-created_by=\"avia_inline_auto\" id=\"style-css-av-av_cell_two_third-156d3e9133f6c1f3e9ff486099ab527f\">\n.flex_cell.av-av_cell_two_third-156d3e9133f6c1f3e9ff486099ab527f{\nvertical-align:top;\n}\n.responsive #top #wrap_all .flex_cell.av-av_cell_two_third-156d3e9133f6c1f3e9ff486099ab527f{\npadding:50px 30px 50px 125px !important;\n}\n<\/style>\n<div class='flex_cell av-av_cell_two_third-156d3e9133f6c1f3e9ff486099ab527f av-gridrow-cell av_two_third no_margin  avia-builder-el-15  el_after_av_cell_one_third  avia-builder-el-last  avia-full-stretch'  ><div class='flex_cell_inner'><p>\n<style type=\"text\/css\" data-created_by=\"avia_inline_auto\" id=\"style-css-av-av_hr-4474f20d2389e2e5ecf918a02da5132e\">\n#top .hr.hr-invisible.av-av_hr-4474f20d2389e2e5ecf918a02da5132e{\nheight:50px;\n}\n<\/style>\n<div  class='hr av-av_hr-4474f20d2389e2e5ecf918a02da5132e hr-invisible  avia-builder-el-16  el_before_av_textblock  avia-builder-el-first '><span class='hr-inner '><span class=\"hr-inner-style\"><\/span><\/span><\/div><br \/>\n<section  class='av_textblock_section av-av_textblock-2de302bf1aa3cf4c9157dbe6f50ac7eb '   itemscope=\"itemscope\" itemtype=\"https:\/\/schema.org\/CreativeWork\" ><div class='avia_textblock'  itemprop=\"text\" ><h3>Mission<\/h3>\n<p>Unsere Klienten k\u00f6nnen sich darauf verlassen, dass wir mit ihnen sowohl Antworten auf das WAS als auch auf das WIE f\u00fcr ihr profitables, nachhaltiges Wachstum erarbeiten und f\u00fcr greifbare Resultate sorgen.<\/p>\n<p>Unsere Klienten k\u00f6nnen sich darauf verlassen, dass wir nicht nur erstklassige Konzepte erarbeiten, sondern diese auch gemeinsam mit den Mitarbeitern in den Klientenunternehmen pr\u00e4zise und schnell realisieren \u2013 wenn dies gew\u00fcnscht ist. Dies ist eines unserer wesentlichen Differenzierungsmerkmale.<\/p>\n<\/div><\/section><br \/>\n\n<style type=\"text\/css\" data-created_by=\"avia_inline_auto\" id=\"style-css-av-av_hr-4474f20d2389e2e5ecf918a02da5132e\">\n#top .hr.hr-invisible.av-av_hr-4474f20d2389e2e5ecf918a02da5132e{\nheight:50px;\n}\n<\/style>\n<div  class='hr av-av_hr-4474f20d2389e2e5ecf918a02da5132e hr-invisible  avia-builder-el-18  el_after_av_textblock  avia-builder-el-last '><span class='hr-inner '><span class=\"hr-inner-style\"><\/span><\/span><\/div><\/p>\n<\/div><\/div>\n<\/div>\n<div id='av-layout-grid-3'  class='av-layout-grid-container av-av_layout_row-edf07c93594a85695fda65c20c2393d8 entry-content-wrapper main_color av-flex-cells  avia-builder-el-19  el_after_av_layout_row  el_before_av_layout_row  grid-row-not-first  container_wrap sidebar_right'  >\n\n<style type=\"text\/css\" data-created_by=\"avia_inline_auto\" id=\"style-css-av-av_cell_two_third-4051d34c51f7dc0db9e3b3e9b485728e\">\n.flex_cell.av-av_cell_two_third-4051d34c51f7dc0db9e3b3e9b485728e{\nvertical-align:top;\nbackground-color:#f2f2f2;\n}\n.responsive #top #wrap_all .flex_cell.av-av_cell_two_third-4051d34c51f7dc0db9e3b3e9b485728e{\npadding:50px 30px 50px 125px !important;\n}\n<\/style>\n<div class='flex_cell av-av_cell_two_third-4051d34c51f7dc0db9e3b3e9b485728e av-gridrow-cell av_two_third no_margin  avia-builder-el-20  el_before_av_cell_one_third  avia-builder-el-first '  ><div class='flex_cell_inner'><p>\n<style type=\"text\/css\" data-created_by=\"avia_inline_auto\" id=\"style-css-av-av_hr-4474f20d2389e2e5ecf918a02da5132e\">\n#top .hr.hr-invisible.av-av_hr-4474f20d2389e2e5ecf918a02da5132e{\nheight:50px;\n}\n<\/style>\n<div  class='hr av-av_hr-4474f20d2389e2e5ecf918a02da5132e hr-invisible  avia-builder-el-21  el_before_av_textblock  avia-builder-el-first '><span class='hr-inner '><span class=\"hr-inner-style\"><\/span><\/span><\/div><br \/>\n<section  class='av_textblock_section av-av_textblock-2de302bf1aa3cf4c9157dbe6f50ac7eb '   itemscope=\"itemscope\" itemtype=\"https:\/\/schema.org\/CreativeWork\" ><div class='avia_textblock'  itemprop=\"text\" ><h3>Vision<\/h3>\n<p>Unser Anspruch ist es, einen entscheidenden Beitrag daf\u00fcr zu leisten, dass f\u00fchrende Unternehmen, die in ihrer Branche h\u00e4ufig bereits einen Weltklasse-Standard setzen, langfristig erfolgreich sind. Wir wollen die f\u00fchrende Beratungsgesellschaft sein, wenn es um die Schaffung von profitablem, nachhaltigen Wachstum geht.<\/p>\n<p>Dies ist kein Selbstzweck, sondern kommt unmittelbar unseren Klienten zugute. Unsere Klienten definieren, ob und wann wir dies erreicht haben.<\/p>\n<\/div><\/section><br \/>\n\n<style type=\"text\/css\" data-created_by=\"avia_inline_auto\" id=\"style-css-av-av_hr-4474f20d2389e2e5ecf918a02da5132e\">\n#top .hr.hr-invisible.av-av_hr-4474f20d2389e2e5ecf918a02da5132e{\nheight:50px;\n}\n<\/style>\n<div  class='hr av-av_hr-4474f20d2389e2e5ecf918a02da5132e hr-invisible  avia-builder-el-23  el_after_av_textblock  avia-builder-el-last '><span class='hr-inner '><span class=\"hr-inner-style\"><\/span><\/span><\/div><\/p>\n<\/div><\/div>\n<style type=\"text\/css\" data-created_by=\"avia_inline_auto\" id=\"style-css-av-av_cell_one_third-1607ce5361a6c2e5c2d90a9c5a1fdb5e\">\n.flex_cell.av-av_cell_one_third-1607ce5361a6c2e5c2d90a9c5a1fdb5e{\nvertical-align:top;\nbackground:url(https:\/\/mandat.de\/de\/wp-content\/uploads\/2018\/01\/MG_0481.jpg) 0% 0% no-repeat scroll ;\n}\n.responsive #top #wrap_all .flex_cell.av-av_cell_one_third-1607ce5361a6c2e5c2d90a9c5a1fdb5e{\npadding:0px 0px 0px 0px !important;\n}\n<\/style>\n<div class='flex_cell av-av_cell_one_third-1607ce5361a6c2e5c2d90a9c5a1fdb5e av-gridrow-cell av_one_third no_margin  avia-builder-el-24  el_after_av_cell_two_third  avia-builder-el-last  av-zero-padding avia-full-stretch'  ><div class='flex_cell_inner'><\/div><\/div>\n<\/div>\n<div id='footer-leistungen'  class='av-layout-grid-container av-av_layout_row-2a417891ba00cdbc2ad2ee8c72ab99af entry-content-wrapper main_color av-flex-cells  avia-builder-el-25  el_after_av_layout_row  avia-builder-el-last  grid-row-not-first  container_wrap sidebar_right'  >\n\n<style type=\"text\/css\" data-created_by=\"avia_inline_auto\" id=\"style-css-av-av_cell_one_fourth-1288501ad300906cd862592920d36943\">\n.flex_cell.av-av_cell_one_fourth-1288501ad300906cd862592920d36943{\nvertical-align:top;\nbackground-color:#133370;\n}\n.responsive #top #wrap_all .flex_cell.av-av_cell_one_fourth-1288501ad300906cd862592920d36943{\npadding:50px 50px 50px 50px !important;\n}\n<\/style>\n<div class='flex_cell av-av_cell_one_fourth-1288501ad300906cd862592920d36943 av-gridrow-cell av_one_fourth no_margin  avia-builder-el-26  el_before_av_cell_one_fourth  avia-builder-el-first '  ><div class='flex_cell_inner'>\n<style type=\"text\/css\" data-created_by=\"avia_inline_auto\" id=\"style-css-av-av_font_icon-87d592d6e36b816a6a0d125e0491ea77\">\n.av_font_icon.av-av_font_icon-87d592d6e36b816a6a0d125e0491ea77{\ncolor:#ffffff;\nborder-color:#ffffff;\n}\n.av_font_icon.av-av_font_icon-87d592d6e36b816a6a0d125e0491ea77 .av-icon-char{\nfont-size:40px;\nline-height:40px;\nwidth:40px;\n}\n<\/style>\n<span  class='av_font_icon av-av_font_icon-87d592d6e36b816a6a0d125e0491ea77 avia_animate_when_visible av-icon-style-border avia-icon-pos-center avia-icon-animate'><a href='http:\/\/mandat.de\/de\/wachstums-know-how\/'   class='av-icon-char' aria-hidden='true' data-av_icon='\ue84e' data-av_iconfont='entypo-fontello' ><\/a><span class='av_icon_caption av-special-font'>Know-how<\/span><\/span>\n<\/div><\/div>\n<style type=\"text\/css\" data-created_by=\"avia_inline_auto\" id=\"style-css-av-av_cell_one_fourth-1288501ad300906cd862592920d36943\">\n.flex_cell.av-av_cell_one_fourth-1288501ad300906cd862592920d36943{\nvertical-align:top;\nbackground-color:#133370;\n}\n.responsive #top #wrap_all .flex_cell.av-av_cell_one_fourth-1288501ad300906cd862592920d36943{\npadding:50px 50px 50px 50px !important;\n}\n<\/style>\n<div class='flex_cell av-av_cell_one_fourth-1288501ad300906cd862592920d36943 av-gridrow-cell av_one_fourth no_margin  avia-builder-el-28  el_after_av_cell_one_fourth  el_before_av_cell_one_fourth '  ><div class='flex_cell_inner'>\n<style type=\"text\/css\" data-created_by=\"avia_inline_auto\" id=\"style-css-av-av_font_icon-f4bc611f6356446b00c6985ab80b6ebb\">\n.av_font_icon.av-av_font_icon-f4bc611f6356446b00c6985ab80b6ebb{\ncolor:#ffffff;\nborder-color:#ffffff;\n}\n.av_font_icon.av-av_font_icon-f4bc611f6356446b00c6985ab80b6ebb .av-icon-char{\nfont-size:40px;\nline-height:40px;\nwidth:40px;\n}\n<\/style>\n<span  class='av_font_icon av-av_font_icon-f4bc611f6356446b00c6985ab80b6ebb avia_animate_when_visible av-icon-style-border avia-icon-pos-center avia-icon-animate'><a href='http:\/\/mandat.de\/de\/testimonials\/'   class='av-icon-char' aria-hidden='true' data-av_icon='\ue80b' data-av_iconfont='entypo-fontello' ><\/a><span class='av_icon_caption av-special-font'>Klientenstimmen<\/span><\/span>\n<\/div><\/div>\n<style type=\"text\/css\" data-created_by=\"avia_inline_auto\" id=\"style-css-av-av_cell_one_fourth-1288501ad300906cd862592920d36943\">\n.flex_cell.av-av_cell_one_fourth-1288501ad300906cd862592920d36943{\nvertical-align:top;\nbackground-color:#133370;\n}\n.responsive #top #wrap_all .flex_cell.av-av_cell_one_fourth-1288501ad300906cd862592920d36943{\npadding:50px 50px 50px 50px !important;\n}\n<\/style>\n<div class='flex_cell av-av_cell_one_fourth-1288501ad300906cd862592920d36943 av-gridrow-cell av_one_fourth no_margin  avia-builder-el-30  el_after_av_cell_one_fourth  el_before_av_cell_one_fourth '  ><div class='flex_cell_inner'>\n<style type=\"text\/css\" data-created_by=\"avia_inline_auto\" id=\"style-css-av-av_font_icon-6ec9bada2978c8a699f89fa54592901e\">\n.av_font_icon.av-av_font_icon-6ec9bada2978c8a699f89fa54592901e{\ncolor:#ffffff;\nborder-color:#ffffff;\n}\n.av_font_icon.av-av_font_icon-6ec9bada2978c8a699f89fa54592901e .av-icon-char{\nfont-size:40px;\nline-height:40px;\nwidth:40px;\n}\n<\/style>\n<span  class='av_font_icon av-av_font_icon-6ec9bada2978c8a699f89fa54592901e avia_animate_when_visible av-icon-style-border avia-icon-pos-center avia-icon-animate'><a href='http:\/\/mandat.de\/de\/testimonials\/erfolgsgeschichten\/'   class='av-icon-char' aria-hidden='true' data-av_icon='\ue808' data-av_iconfont='entypo-fontello' ><\/a><span class='av_icon_caption av-special-font'>Erfolgsgeschichten<\/span><\/span>\n<\/div><\/div>\n<style type=\"text\/css\" data-created_by=\"avia_inline_auto\" id=\"style-css-av-av_cell_one_fourth-1288501ad300906cd862592920d36943\">\n.flex_cell.av-av_cell_one_fourth-1288501ad300906cd862592920d36943{\nvertical-align:top;\nbackground-color:#133370;\n}\n.responsive #top #wrap_all .flex_cell.av-av_cell_one_fourth-1288501ad300906cd862592920d36943{\npadding:50px 50px 50px 50px !important;\n}\n<\/style>\n<div class='flex_cell av-av_cell_one_fourth-1288501ad300906cd862592920d36943 av-gridrow-cell av_one_fourth no_margin  avia-builder-el-32  el_after_av_cell_one_fourth  avia-builder-el-last '  ><div class='flex_cell_inner'>\n<style type=\"text\/css\" data-created_by=\"avia_inline_auto\" id=\"style-css-av-av_font_icon-ce7c30cc75b46c42f17376038be4fabb\">\n.av_font_icon.av-av_font_icon-ce7c30cc75b46c42f17376038be4fabb{\ncolor:#ffffff;\nborder-color:#ffffff;\n}\n.av_font_icon.av-av_font_icon-ce7c30cc75b46c42f17376038be4fabb .av-icon-char{\nfont-size:40px;\nline-height:40px;\nwidth:40px;\n}\n<\/style>\n<span  class='av_font_icon av-av_font_icon-ce7c30cc75b46c42f17376038be4fabb avia_animate_when_visible av-icon-style-border avia-icon-pos-center avia-icon-animate'><a href='http:\/\/mandat.de\/de\/leistungen\/leistungsfelder\/'   class='av-icon-char' aria-hidden='true' data-av_icon='\ue812' data-av_iconfont='entypo-fontello' ><\/a><span class='av_icon_caption av-special-font'>Leistungen<\/span><\/span>\n<\/div><\/div><\/div>\n","protected":false},"excerpt":{"rendered":"","protected":false},"author":3,"featured_media":0,"parent":18607,"menu_order":1,"comment_status":"closed","ping_status":"closed","template":"","meta":[],"_links":{"self":[{"href":"https:\/\/mandat.de\/de\/wp-json\/wp\/v2\/pages\/63"}],"collection":[{"href":"https:\/\/mandat.de\/de\/wp-json\/wp\/v2\/pages"}],"about":[{"href":"https:\/\/mandat.de\/de\/wp-json\/wp\/v2\/types\/page"}],"author":[{"embeddable":true,"href":"https:\/\/mandat.de\/de\/wp-json\/wp\/v2\/users\/3"}],"replies":[{"embeddable":true,"href":"https:\/\/mandat.de\/de\/wp-json\/wp\/v2\/comments?post=63"}],"version-history":[{"count":0,"href":"https:\/\/mandat.de\/de\/wp-json\/wp\/v2\/pages\/63\/revisions"}],"up":[{"embeddable":true,"href":"https:\/\/mandat.de\/de\/wp-json\/wp\/v2\/pages\/18607"}],"wp:attachment":[{"href":"https:\/\/mandat.de\/de\/wp-json\/wp\/v2\/media?parent=63"}],"curies":[{"name":"wp","href":"https:\/\/api.w.org\/{rel}","templated":true}]}}