{"id":175,"date":"2025-01-27T20:26:52","date_gmt":"2025-01-27T19:26:52","guid":{"rendered":"https:\/\/mandat.de\/imk\/?page_id=175"},"modified":"2025-02-01T15:32:07","modified_gmt":"2025-02-01T14:32:07","slug":"impressum","status":"publish","type":"page","link":"https:\/\/mandat.de\/imk\/impressum\/","title":{"rendered":"Impressum"},"content":{"rendered":"\n<style type=\"text\/css\" data-created_by=\"avia_inline_auto\" id=\"style-css-av-1dwq-c12669a46297ec8561592039e5e99a8f\">\n.avia-section.av-1dwq-c12669a46297ec8561592039e5e99a8f{\nposition:relative;\n}\n.avia-section.av-1dwq-c12669a46297ec8561592039e5e99a8f .avia-divider-svg-bottom svg{\nheight:80px;\nfill:#f8f8f8;\n}\n<\/style>\n<div id='av_section_1'  class='avia-section av-1dwq-c12669a46297ec8561592039e5e99a8f main_color avia-section-default avia-no-border-styling  avia-builder-el-0  el_before_av_section  avia-builder-el-first  avia-bg-style-scroll container_wrap fullsize'  ><div class='avia-divider-svg avia-divider-svg-tilt avia-divider-svg-bottom avia-flipped-svg avia-to-front avia-svg-original'><svg xmlns=\"http:\/\/www.w3.org\/2000\/svg\" viewBox=\"0 0 1000 100\" preserveAspectRatio=\"none\">\n\t<path d=\"M0,6V0h1000v100L0,6z\"\/>\n<\/svg><\/div><div class='container av-section-cont-open' ><main  role=\"main\" itemprop=\"mainContentOfPage\"  class='template-page content  av-content-full alpha units'><div class='post-entry post-entry-type-page post-entry-175'><div class='entry-content-wrapper clearfix'>\n<div  class='flex_column av-1pblw-91be13ef489b65b6911773afba7e3398 av_one_full  avia-builder-el-1  el_before_av_one_full  avia-builder-el-first  first flex_column_div  '     ><section  class='av_textblock_section av-oseo-5b586d6a82536a1c57bfb1b3640b71dd '   itemscope=\"itemscope\" itemtype=\"https:\/\/schema.org\/CreativeWork\" ><div class='avia_textblock'  itemprop=\"text\" ><h1>Impressum<\/h1>\n<\/div><\/section><\/div><div  class='flex_column av-5cve-fb68d526d4301d42c75f4af2987947ee av_one_full  avia-builder-el-3  el_after_av_one_full  avia-builder-el-last  first flex_column_div  column-top-margin'     ><section  class='av_textblock_section av-15h6g-6599d42c351a87258d005ccdf59a7bf9 '   itemscope=\"itemscope\" itemtype=\"https:\/\/schema.org\/CreativeWork\" ><div class='avia_textblock'  itemprop=\"text\" ><p><strong>Angaben gem\u00e4\u00df \u00a7 5 DDG<\/strong><\/p>\n<p>Mandat Managementberatung GmbH<br \/>\nEmil-Figge-Stra\u00dfe 80<br \/>\n44227 Dortmund<br \/>\nDeutschland<br \/>\nTel.: +49 231 9742-390<br \/>\nFax: +49 231 9742-389<\/p>\n<p>E-Mail: <a href=\"mailto:info@mandat.de\">info@mandat.de<\/a><\/p>\n<p>Handelsregister-Nr.: Amtsgericht Dortmund, HR B 8803<br \/>\nUst-ID-Nr.: DE 12 47 27 551<\/p>\n<p>Gesch\u00e4ftsf\u00fchrung:<br \/>\nProf. Dr. Guido Quelle (Vorsitzender), Fabian Vollberg, Linda Vollberg<\/p>\n<p>Gerichtsstand der Gesellschaft: Dortmund<\/p>\n<p>Berufshaftpflicht-Versicherung (Gerling): bis zu 500.000 \u20ac pro Schadenereignis (Verm\u00f6genssch\u00e4den), max. 2-fach pro Jahr<br \/>\nBetriebshaftpflicht-Versicherung (Axa): bis zu 500.000 \u20ac pro Schadenereignis (Personen-, Sach-, Verm\u00f6genssch\u00e4den),<br \/>\nmax. 3-fach pro Jahr<\/p>\n<p>Au\u00dfergerichtliche Schlichtungsstelle: Ehrenrat des BDU e. V.<br \/>\nBerufsgrunds\u00e4tze des BDU e. V.: Download<\/p>\n<p>Copyright:<br \/>\nAlle Texte, alle Fotos, alle Gestaltungselemente dieses Servers sind \u2013 sofern nicht ein anderes Copyright angegeben ist \u2013 f\u00fcr Mandat urheberrechtlich gesch\u00fctzt. Jede Verwertung au\u00dferhalb der Grenzen des Urheberrechtsgesetzes ist ohne Zustimmung von Mandat unzul\u00e4ssig.<\/p>\n<\/div><\/section><\/div>\n\n<\/div><\/div><\/main><!-- close content main element --><\/div><\/div>\n<style type=\"text\/css\" data-created_by=\"avia_inline_auto\" id=\"style-css-av-m4iwmva2-5bfa37c647e43c4613d2487258e5150f\">\n.avia-section.av-m4iwmva2-5bfa37c647e43c4613d2487258e5150f{\nbackground-color:#002e72;\nbackground-image:unset;\nposition:relative;\n}\n.avia-section.av-m4iwmva2-5bfa37c647e43c4613d2487258e5150f .avia-divider-svg-top svg{\nheight:60px;\nfill:#f8f8f8;\n}\n<\/style>\n<div id='av_section_2'  class='avia-section av-m4iwmva2-5bfa37c647e43c4613d2487258e5150f main_color avia-section-default avia-shadow  avia-builder-el-5  el_after_av_section  el_before_av_section  avia-bg-style-scroll container_wrap fullsize'  ><div class='avia-divider-svg avia-divider-svg-tilt avia-divider-svg-top avia-flipped-svg avia-to-front avia-svg-original'><svg xmlns=\"http:\/\/www.w3.org\/2000\/svg\" viewBox=\"0 0 1000 100\" preserveAspectRatio=\"none\">\n\t<path d=\"M0,6V0h1000v100L0,6z\"\/>\n<\/svg><\/div><div class='container av-section-cont-open' ><div class='template-page content  av-content-full alpha units'><div class='post-entry post-entry-type-page post-entry-175'><div class='entry-content-wrapper clearfix'>\n<div  class='flex_column av-98pa-f758f8500ffee0cb598288f510ca869b av_one_full  avia-builder-el-6  avia-builder-el-no-sibling  first flex_column_div  '     ><p>\n<style type=\"text\/css\" data-created_by=\"avia_inline_auto\" id=\"style-css-av-m6fg1es3-a29d319f0faa645d4d43bb970cd0fa52\">\n#top .hr.hr-invisible.av-m6fg1es3-a29d319f0faa645d4d43bb970cd0fa52{\nheight:100px;\n}\n<\/style>\n<div  class='hr av-m6fg1es3-a29d319f0faa645d4d43bb970cd0fa52 hr-invisible  avia-builder-el-7  el_before_av_textblock  avia-builder-el-first '><span class='hr-inner '><span class=\"hr-inner-style\"><\/span><\/span><\/div><br \/>\n\n<style type=\"text\/css\" data-created_by=\"avia_inline_auto\" id=\"style-css-av-34dm-7f30a7b3ad11eda50516d06c31c32ac6\">\n#top .av_textblock_section.av-34dm-7f30a7b3ad11eda50516d06c31c32ac6 .avia_textblock{\ncolor:#ffffff;\n}\n<\/style>\n<section  class='av_textblock_section av-34dm-7f30a7b3ad11eda50516d06c31c32ac6 '   itemscope=\"itemscope\" itemtype=\"https:\/\/schema.org\/CreativeWork\" ><div class='avia_textblock av_inherit_color'  itemprop=\"text\" ><p><strong>Haftungsausschluss (Disclaimer)<\/strong><\/p>\n<p><strong>Haftung f\u00fcr Inhalte<\/strong><br \/>\nAls Diensteanbieter sind wir gem\u00e4\u00df \u00a7 7 Abs.1 DDG f\u00fcr eigene Inhalte auf diesen Seiten nach den allgemeinen Gesetzen verantwortlich. Nach \u00a7\u00a7 8 bis 10 DDG sind wir als Diensteanbieter jedoch nicht verpflichtet, \u00fcbermittelte oder gespeicherte fremde Informationen zu \u00fcberwachen oder nach Umst\u00e4nden zu forschen, die auf eine rechtswidrige T\u00e4tigkeit hinweisen. Verpflichtungen zur Entfernung oder Sperrung der Nutzung von Informationen nach den allgemeinen Gesetzen bleiben hiervon unber\u00fchrt. Eine diesbez\u00fcgliche Haftung ist jedoch erst ab dem Zeitpunkt der Kenntnis einer konkreten Rechtsverletzung m\u00f6glich. Bei Bekanntwerden von entsprechenden Rechtsverletzungen werden wir diese Inhalte umgehend entfernen.<\/p>\n<p><strong>Haftung f\u00fcr Links<\/strong><br \/>\nUnser Angebot enth\u00e4lt Links zu externen Webseiten Dritter, auf deren Inhalte wir keinen Einfluss haben. Deshalb k\u00f6nnen wir f\u00fcr diese fremden Inhalte auch keine Gew\u00e4hr \u00fcbernehmen. F\u00fcr die Inhalte der verlinkten Seiten ist stets der jeweilige Anbieter oder Betreiber der Seiten verantwortlich. Die verlinkten Seiten wurden zum Zeitpunkt der Verlinkung auf m\u00f6gliche Rechtsverst\u00f6\u00dfe \u00fcberpr\u00fcft. Rechtswidrige Inhalte waren zum Zeitpunkt der Verlinkung nicht erkennbar. Eine permanente inhaltliche Kontrolle der verlinkten Seiten ist jedoch ohne konkrete Anhaltspunkte einer Rechtsverletzung nicht zumutbar. Bei Bekanntwerden von Rechtsverletzungen werden wir derartige Links umgehend entfernen.<\/p>\n<p><strong>Urheberrecht<\/strong><br \/>\nDie durch die Seitenbetreiber erstellten Inhalte und Werke auf diesen Seiten unterliegen dem deutschen Urheberrecht. Die Vervielf\u00e4ltigung, Bearbeitung, Verbreitung und jede Art der Verwertung au\u00dferhalb der Grenzen des Urheberrechtes bed\u00fcrfen der schriftlichen Zustimmung des jeweiligen Autors bzw. Erstellers. Downloads und Kopien dieser Seite sind nur f\u00fcr den privaten, nicht kommerziellen Gebrauch gestattet. Soweit die Inhalte auf dieser Seite nicht vom Betreiber erstellt wurden, werden die Urheberrechte Dritter beachtet. Insbesondere werden Inhalte Dritter als solche gekennzeichnet. Sollten Sie trotzdem auf eine Urheberrechtsverletzung aufmerksam werden, bitten wir um einen entsprechenden Hinweis. Bei Bekanntwerden von Rechtsverletzungen werden wir derartige Inhalte umgehend entfernen.<\/p>\n<\/div><\/section><\/p><\/div>\n\n<\/div><\/div><\/div><!-- close content main div --><\/div><\/div>\n<style type=\"text\/css\" data-created_by=\"avia_inline_auto\" id=\"style-css-av-m60w0uix-162fbff722c5cf67bd3cd10ad2bc6130\">\n.avia-section.av-m60w0uix-162fbff722c5cf67bd3cd10ad2bc6130{\nposition:relative;\n}\n.avia-section.av-m60w0uix-162fbff722c5cf67bd3cd10ad2bc6130 .av-parallax .av-parallax-inner{\nbackground-color:#ffffff;\nbackground-image:url(https:\/\/mandat.de\/imk\/wp-content\/uploads\/2024\/12\/DJI_0945-scaled.jpg);\nbackground-repeat:no-repeat;\nbackground-position:50% 50%;\nbackground-attachment:scroll;\n}\n.avia-section.av-m60w0uix-162fbff722c5cf67bd3cd10ad2bc6130 .avia-divider-svg-top svg{\nheight:60px;\nfill:#002e72;\n}\n<\/style>\n<div id='av_section_3'  class='avia-section av-m60w0uix-162fbff722c5cf67bd3cd10ad2bc6130 main_color avia-section-default avia-no-border-styling  avia-builder-el-9  el_after_av_section  avia-builder-el-last  av-parallax-section avia-bg-style-parallax av-minimum-height av-minimum-height-50 av-height-50  container_wrap fullsize'  data-section-bg-repeat='no-repeat' data-av_minimum_height_pc='50' data-av_min_height_opt='50'><div class='avia-divider-svg avia-divider-svg-tilt avia-divider-svg-top avia-flipped-svg avia-to-front avia-svg-original'><svg xmlns=\"http:\/\/www.w3.org\/2000\/svg\" viewBox=\"0 0 1000 100\" preserveAspectRatio=\"none\">\n\t<path d=\"M0,6V0h1000v100L0,6z\"\/>\n<\/svg><\/div><div class='av-parallax' data-avia-parallax-ratio='0.3' ><div class='av-parallax-inner main_color avia-full-stretch'><\/div><\/div><div class='container av-section-cont-open' ><div class='template-page content  av-content-full alpha units'><div class='post-entry post-entry-type-page post-entry-175'><div class='entry-content-wrapper clearfix'>\n","protected":false},"excerpt":{"rendered":"","protected":false},"author":1,"featured_media":0,"parent":0,"menu_order":0,"comment_status":"closed","ping_status":"closed","template":"","meta":{"footnotes":""},"class_list":["post-175","page","type-page","status-publish","hentry"],"yoast_head":"<!-- This site is optimized with the Yoast SEO plugin v26.2 - https:\/\/yoast.com\/wordpress\/plugins\/seo\/ -->\n<title>Impressum - Internationales Marken-Kolloquium<\/title>\n<meta name=\"robots\" content=\"index, follow, max-snippet:-1, max-image-preview:large, max-video-preview:-1\" \/>\n<link rel=\"canonical\" href=\"https:\/\/mandat.de\/imk\/impressum\/\" \/>\n<meta property=\"og:locale\" content=\"de_DE\" \/>\n<meta property=\"og:type\" content=\"article\" \/>\n<meta property=\"og:title\" content=\"Impressum - Internationales Marken-Kolloquium\" \/>\n<meta property=\"og:url\" content=\"https:\/\/mandat.de\/imk\/impressum\/\" \/>\n<meta property=\"og:site_name\" content=\"Internationales Marken-Kolloquium\" \/>\n<meta property=\"article:modified_time\" content=\"2025-02-01T14:32:07+00:00\" \/>\n<meta name=\"twitter:card\" content=\"summary_large_image\" \/>\n<meta name=\"twitter:label1\" content=\"Gesch\u00e4tzte Lesezeit\" \/>\n\t<meta name=\"twitter:data1\" content=\"3\u00a0Minuten\" \/>\n<script type=\"application\/ld+json\" class=\"yoast-schema-graph\">{\"@context\":\"https:\/\/schema.org\",\"@graph\":[{\"@type\":\"WebPage\",\"@id\":\"https:\/\/mandat.de\/imk\/impressum\/\",\"url\":\"https:\/\/mandat.de\/imk\/impressum\/\",\"name\":\"Impressum - Internationales Marken-Kolloquium\",\"isPartOf\":{\"@id\":\"https:\/\/mandat.de\/imk\/#website\"},\"datePublished\":\"2025-01-27T19:26:52+00:00\",\"dateModified\":\"2025-02-01T14:32:07+00:00\",\"breadcrumb\":{\"@id\":\"https:\/\/mandat.de\/imk\/impressum\/#breadcrumb\"},\"inLanguage\":\"de\",\"potentialAction\":[{\"@type\":\"ReadAction\",\"target\":[\"https:\/\/mandat.de\/imk\/impressum\/\"]}]},{\"@type\":\"BreadcrumbList\",\"@id\":\"https:\/\/mandat.de\/imk\/impressum\/#breadcrumb\",\"itemListElement\":[{\"@type\":\"ListItem\",\"position\":1,\"name\":\"Startseite\",\"item\":\"https:\/\/mandat.de\/imk\/startseite\/\"},{\"@type\":\"ListItem\",\"position\":2,\"name\":\"Impressum\"}]},{\"@type\":\"WebSite\",\"@id\":\"https:\/\/mandat.de\/imk\/#website\",\"url\":\"https:\/\/mandat.de\/imk\/\",\"name\":\"Internationales Marken-Kolloquium\",\"description\":\"\",\"potentialAction\":[{\"@type\":\"SearchAction\",\"target\":{\"@type\":\"EntryPoint\",\"urlTemplate\":\"https:\/\/mandat.de\/imk\/?s={search_term_string}\"},\"query-input\":{\"@type\":\"PropertyValueSpecification\",\"valueRequired\":true,\"valueName\":\"search_term_string\"}}],\"inLanguage\":\"de\"}]}<\/script>\n<!-- \/ Yoast SEO plugin. -->","yoast_head_json":{"title":"Impressum - Internationales Marken-Kolloquium","robots":{"index":"index","follow":"follow","max-snippet":"max-snippet:-1","max-image-preview":"max-image-preview:large","max-video-preview":"max-video-preview:-1"},"canonical":"https:\/\/mandat.de\/imk\/impressum\/","og_locale":"de_DE","og_type":"article","og_title":"Impressum - Internationales Marken-Kolloquium","og_url":"https:\/\/mandat.de\/imk\/impressum\/","og_site_name":"Internationales Marken-Kolloquium","article_modified_time":"2025-02-01T14:32:07+00:00","twitter_card":"summary_large_image","twitter_misc":{"Gesch\u00e4tzte Lesezeit":"3\u00a0Minuten"},"schema":{"@context":"https:\/\/schema.org","@graph":[{"@type":"WebPage","@id":"https:\/\/mandat.de\/imk\/impressum\/","url":"https:\/\/mandat.de\/imk\/impressum\/","name":"Impressum - Internationales Marken-Kolloquium","isPartOf":{"@id":"https:\/\/mandat.de\/imk\/#website"},"datePublished":"2025-01-27T19:26:52+00:00","dateModified":"2025-02-01T14:32:07+00:00","breadcrumb":{"@id":"https:\/\/mandat.de\/imk\/impressum\/#breadcrumb"},"inLanguage":"de","potentialAction":[{"@type":"ReadAction","target":["https:\/\/mandat.de\/imk\/impressum\/"]}]},{"@type":"BreadcrumbList","@id":"https:\/\/mandat.de\/imk\/impressum\/#breadcrumb","itemListElement":[{"@type":"ListItem","position":1,"name":"Startseite","item":"https:\/\/mandat.de\/imk\/startseite\/"},{"@type":"ListItem","position":2,"name":"Impressum"}]},{"@type":"WebSite","@id":"https:\/\/mandat.de\/imk\/#website","url":"https:\/\/mandat.de\/imk\/","name":"Internationales Marken-Kolloquium","description":"","potentialAction":[{"@type":"SearchAction","target":{"@type":"EntryPoint","urlTemplate":"https:\/\/mandat.de\/imk\/?s={search_term_string}"},"query-input":{"@type":"PropertyValueSpecification","valueRequired":true,"valueName":"search_term_string"}}],"inLanguage":"de"}]}},"_links":{"self":[{"href":"https:\/\/mandat.de\/imk\/wp-json\/wp\/v2\/pages\/175","targetHints":{"allow":["GET"]}}],"collection":[{"href":"https:\/\/mandat.de\/imk\/wp-json\/wp\/v2\/pages"}],"about":[{"href":"https:\/\/mandat.de\/imk\/wp-json\/wp\/v2\/types\/page"}],"author":[{"embeddable":true,"href":"https:\/\/mandat.de\/imk\/wp-json\/wp\/v2\/users\/1"}],"replies":[{"embeddable":true,"href":"https:\/\/mandat.de\/imk\/wp-json\/wp\/v2\/comments?post=175"}],"version-history":[{"count":0,"href":"https:\/\/mandat.de\/imk\/wp-json\/wp\/v2\/pages\/175\/revisions"}],"wp:attachment":[{"href":"https:\/\/mandat.de\/imk\/wp-json\/wp\/v2\/media?parent=175"}],"curies":[{"name":"wp","href":"https:\/\/api.w.org\/{rel}","templated":true}]}}