{"id":185,"date":"2025-01-27T20:32:40","date_gmt":"2025-01-27T19:32:40","guid":{"rendered":"https:\/\/mandat.de\/imk\/?page_id=185"},"modified":"2025-04-11T11:41:16","modified_gmt":"2025-04-11T09:41:16","slug":"ihr-gastgeber","status":"publish","type":"page","link":"https:\/\/mandat.de\/imk\/ihr-gastgeber\/","title":{"rendered":"Ihr Gastgeber"},"content":{"rendered":"\n<style type=\"text\/css\" data-created_by=\"avia_inline_auto\" id=\"style-css-av-1dwq-c12669a46297ec8561592039e5e99a8f\">\n.avia-section.av-1dwq-c12669a46297ec8561592039e5e99a8f{\nposition:relative;\n}\n.avia-section.av-1dwq-c12669a46297ec8561592039e5e99a8f .avia-divider-svg-bottom svg{\nheight:80px;\nfill:#f8f8f8;\n}\n<\/style>\n<div id='av_section_1'  class='avia-section av-1dwq-c12669a46297ec8561592039e5e99a8f main_color avia-section-default avia-no-border-styling  avia-builder-el-0  el_before_av_section  avia-builder-el-first  avia-bg-style-scroll container_wrap fullsize'  ><div class='avia-divider-svg avia-divider-svg-tilt avia-divider-svg-bottom avia-flipped-svg avia-to-front avia-svg-original'><svg xmlns=\"http:\/\/www.w3.org\/2000\/svg\" viewBox=\"0 0 1000 100\" preserveAspectRatio=\"none\">\n\t<path d=\"M0,6V0h1000v100L0,6z\"\/>\n<\/svg><\/div><div class='container av-section-cont-open' ><main  role=\"main\" itemprop=\"mainContentOfPage\"  class='template-page content  av-content-full alpha units'><div class='post-entry post-entry-type-page post-entry-185'><div class='entry-content-wrapper clearfix'>\n<div  class='flex_column av-du1va-4a0c2ccc3e25a7adcbd2b34f5d3255f9 av_one_full  avia-builder-el-1  el_before_av_one_half  avia-builder-el-first  first flex_column_div  '     ><section  class='av_textblock_section av-9130m-f783763807d832040908172af7ac597a '   itemscope=\"itemscope\" itemtype=\"https:\/\/schema.org\/CreativeWork\" ><div class='avia_textblock'  itemprop=\"text\" ><h1 style=\"text-align: left;\">Ihr Gastgeber<\/h1>\n<\/div><\/section><\/div><div  class='flex_column av-5cve-fb68d526d4301d42c75f4af2987947ee av_one_half  avia-builder-el-3  el_after_av_one_full  el_before_av_one_half  first flex_column_div  column-top-margin'     ><style type=\"text\/css\" data-created_by=\"avia_inline_auto\" id=\"style-css-av-tlt7-d30c4f9657a7798c6fdcd40539a4db0e\">\n.avia-image-container.av-tlt7-d30c4f9657a7798c6fdcd40539a4db0e img.avia_image{\nbox-shadow:none;\n}\n.avia-image-container.av-tlt7-d30c4f9657a7798c6fdcd40539a4db0e .av-image-caption-overlay-center{\ncolor:#ffffff;\n}\n<\/style>\n<div  class='avia-image-container av-tlt7-d30c4f9657a7798c6fdcd40539a4db0e av-styling- avia_animated_image av-animated-when-visible-95 top-to-bottom avia-align-center  avia-builder-el-4  avia-builder-el-no-sibling '   itemprop=\"image\" itemscope=\"itemscope\" itemtype=\"https:\/\/schema.org\/ImageObject\" ><div class=\"avia-image-container-inner\"><div class=\"avia-image-overlay-wrap\"><img decoding=\"async\" loading=\"lazy\" class='wp-image-205 avia-img-lazy-loading-205 avia_image ' src=\"https:\/\/mandat.de\/imk\/wp-content\/uploads\/2025\/01\/Sektempfang-auf-der-Seiseralm-scaled.jpg\" alt='' title='Sektempfang auf der Seiseralm'  height=\"1708\" width=\"2560\"  itemprop=\"thumbnailUrl\" srcset=\"https:\/\/mandat.de\/imk\/wp-content\/uploads\/2025\/01\/Sektempfang-auf-der-Seiseralm-scaled.jpg 2560w, https:\/\/mandat.de\/imk\/wp-content\/uploads\/2025\/01\/Sektempfang-auf-der-Seiseralm-300x200.jpg 300w, https:\/\/mandat.de\/imk\/wp-content\/uploads\/2025\/01\/Sektempfang-auf-der-Seiseralm-1030x687.jpg 1030w, https:\/\/mandat.de\/imk\/wp-content\/uploads\/2025\/01\/Sektempfang-auf-der-Seiseralm-768x512.jpg 768w, https:\/\/mandat.de\/imk\/wp-content\/uploads\/2025\/01\/Sektempfang-auf-der-Seiseralm-1536x1025.jpg 1536w, https:\/\/mandat.de\/imk\/wp-content\/uploads\/2025\/01\/Sektempfang-auf-der-Seiseralm-2048x1366.jpg 2048w, https:\/\/mandat.de\/imk\/wp-content\/uploads\/2025\/01\/Sektempfang-auf-der-Seiseralm-1500x1001.jpg 1500w, https:\/\/mandat.de\/imk\/wp-content\/uploads\/2025\/01\/Sektempfang-auf-der-Seiseralm-705x470.jpg 705w\" sizes=\"auto, (max-width: 2560px) 100vw, 2560px\" \/><\/div><\/div><\/div><\/div><div  class='flex_column av-eqv72-6131cd9a39b0f45aaf87ca72b6f23692 av_one_half  avia-builder-el-5  el_after_av_one_half  avia-builder-el-last  flex_column_div  column-top-margin'     ><section  class='av_textblock_section av-h1xxq-5f0c7ac548f5c4fdaf9aa64cde6afaee '   itemscope=\"itemscope\" itemtype=\"https:\/\/schema.org\/CreativeWork\" ><div class='avia_textblock'  itemprop=\"text\" ><p style=\"text-align: left;\"><strong>Gastgeber des Internationalen Marken-Kolloquiums ist die Mandat Managementberatung GmbH aus Dortmund.<\/strong><\/p>\n<p style=\"text-align: left;\">Ob Strategie, Umsetzungsbegleitung oder Revitalisierung wachstumskritischer Entwicklungsthemen: Alles was Mandat tut, ist darauf fokussiert, Wachstum zu erzeugen \u2013 profitables, nachhaltiges, gesundes Wachstum von innen heraus.<\/p>\n<p style=\"text-align: left;\">Unser Wachstumsverst\u00e4ndnis dreht sich nicht um schiere Kraft und Gr\u00f6\u00dfe, sondern um Intelligenz und Geschwindigkeit, um Priorisierung und Weglassen, um Gespu\u0308r und Kontur \u2013 kurz gesagt: um Wachstumsintelligenz.<\/p>\n<p style=\"text-align: left;\">So geht es auch beim Internationalen Marken-Kolloquium jedes Jahr aufs Neue darum, mit einem abwechslungsreichen Programm und viel unternehmerischem Input neue Zu\u0308ndfunken fu\u0308r unternehmerisches Wachstum zu setzen.<\/p>\n<\/div><\/section><\/div><\/div><\/div><\/main><!-- close content main element --><\/div><\/div>\n<style type=\"text\/css\" data-created_by=\"avia_inline_auto\" id=\"style-css-av-m4iwmva2-010030fc184a462c64f6ebc54c8b98e2\">\n.avia-section.av-m4iwmva2-010030fc184a462c64f6ebc54c8b98e2{\nbackground-color:#002e72;\nbackground-image:unset;\nposition:relative;\n}\n.avia-section.av-m4iwmva2-010030fc184a462c64f6ebc54c8b98e2 .avia-divider-svg-top svg{\nheight:60px;\nfill:#f8f8f8;\n}\n<\/style>\n<div id='av_section_2'  class='avia-section av-m4iwmva2-010030fc184a462c64f6ebc54c8b98e2 main_color avia-section-default avia-shadow  avia-builder-el-7  el_after_av_section  el_before_av_section  avia-bg-style-scroll container_wrap fullsize'  ><div class='avia-divider-svg avia-divider-svg-tilt avia-divider-svg-top avia-flipped-svg avia-to-front avia-svg-original'><svg xmlns=\"http:\/\/www.w3.org\/2000\/svg\" viewBox=\"0 0 1000 100\" preserveAspectRatio=\"none\">\n\t<path d=\"M0,6V0h1000v100L0,6z\"\/>\n<\/svg><\/div><div class='container av-section-cont-open' ><div class='template-page content  av-content-full alpha units'><div class='post-entry post-entry-type-page post-entry-185'><div class='entry-content-wrapper clearfix'>\n\n<style type=\"text\/css\" data-created_by=\"avia_inline_auto\" id=\"style-css-av-1v7ge6-1f4cb315471a0ffbf69a0c177777524a\">\n#top .hr.hr-invisible.av-1v7ge6-1f4cb315471a0ffbf69a0c177777524a{\nheight:100px;\n}\n<\/style>\n<div  class='hr av-1v7ge6-1f4cb315471a0ffbf69a0c177777524a hr-invisible  avia-builder-el-8  el_before_av_one_full  avia-builder-el-first '><span class='hr-inner '><span class=\"hr-inner-style\"><\/span><\/span><\/div>\n<div  class='flex_column av-5n72-c27419013109fbe0d7a1f4b77a6733c6 av_one_full  avia-builder-el-9  el_after_av_hr  el_before_av_one_third  first flex_column_div  '     ><section  class='av_textblock_section av-m4iv4re5-72d558f50fde2421cf9f205121beb57c '   itemscope=\"itemscope\" itemtype=\"https:\/\/schema.org\/CreativeWork\" ><div class='avia_textblock'  itemprop=\"text\" ><h2><span style=\"color: #ffffff;\">Die Gesch\u00e4ftsfu\u0308hrenden Gesellschafter von Mandat<\/span><\/h2>\n<\/div><\/section><\/div><div  class='flex_column av-1225rd-0f6ca5d3748b3e6b9b9be442a66a05de av_one_third  avia-builder-el-11  el_after_av_one_full  el_before_av_one_third  first flex_column_div  column-top-margin'     ><p>\n<style type=\"text\/css\" data-created_by=\"avia_inline_auto\" id=\"style-css-av-w2in5-cd7ef9108ba88adf11b978d6c794cdde\">\n.avia-image-container.av-w2in5-cd7ef9108ba88adf11b978d6c794cdde img.avia_image{\nbox-shadow:none;\n}\n.avia-image-container.av-w2in5-cd7ef9108ba88adf11b978d6c794cdde .av-image-caption-overlay-center{\ncolor:#ffffff;\n}\n<\/style>\n<div  class='avia-image-container av-w2in5-cd7ef9108ba88adf11b978d6c794cdde av-styling- avia_animated_image av-animated-when-visible-95 top-to-bottom avia-align-center  avia-builder-el-12  el_before_av_textblock  avia-builder-el-first '   itemprop=\"image\" itemscope=\"itemscope\" itemtype=\"https:\/\/schema.org\/ImageObject\" ><div class=\"avia-image-container-inner\"><div class=\"avia-image-overlay-wrap\"><img decoding=\"async\" loading=\"lazy\" class='wp-image-194 avia-img-lazy-loading-194 avia_image ' src=\"https:\/\/mandat.de\/imk\/wp-content\/uploads\/2025\/01\/Fabian-Vollberg.jpg\" alt='Fabian Vollberg' title='Fabian Vollberg'  height=\"790\" width=\"600\"  itemprop=\"thumbnailUrl\" srcset=\"https:\/\/mandat.de\/imk\/wp-content\/uploads\/2025\/01\/Fabian-Vollberg.jpg 600w, https:\/\/mandat.de\/imk\/wp-content\/uploads\/2025\/01\/Fabian-Vollberg-228x300.jpg 228w, https:\/\/mandat.de\/imk\/wp-content\/uploads\/2025\/01\/Fabian-Vollberg-535x705.jpg 535w\" sizes=\"auto, (max-width: 600px) 100vw, 600px\" \/><\/div><\/div><\/div><br \/>\n\n<style type=\"text\/css\" data-created_by=\"avia_inline_auto\" id=\"style-css-av-m6fgbdvq-3a8ecbb613bb5b0d83c7b2a0beaca7d3\">\n#top .av_textblock_section.av-m6fgbdvq-3a8ecbb613bb5b0d83c7b2a0beaca7d3 .avia_textblock{\ncolor:#ffffff;\n}\n<\/style>\n<section  class='av_textblock_section av-m6fgbdvq-3a8ecbb613bb5b0d83c7b2a0beaca7d3 '   itemscope=\"itemscope\" itemtype=\"https:\/\/schema.org\/CreativeWork\" ><div class='avia_textblock av_inherit_color'  itemprop=\"text\" ><h3><span style=\"color: #ffffff;\">Fabian Vollberg<\/span><\/h3>\n<\/div><\/section><\/p><\/div><div  class='flex_column av-svhft-9d50de3baf3f121dd5608ee947b860ff av_one_third  avia-builder-el-14  el_after_av_one_third  el_before_av_one_third  flex_column_div  column-top-margin'     ><p>\n<style type=\"text\/css\" data-created_by=\"avia_inline_auto\" id=\"style-css-av-ktwa9-9e51c378233377bb2ef79cab8243f8b8\">\n.avia-image-container.av-ktwa9-9e51c378233377bb2ef79cab8243f8b8 img.avia_image{\nbox-shadow:none;\n}\n.avia-image-container.av-ktwa9-9e51c378233377bb2ef79cab8243f8b8 .av-image-caption-overlay-center{\ncolor:#ffffff;\n}\n<\/style>\n<div  class='avia-image-container av-ktwa9-9e51c378233377bb2ef79cab8243f8b8 av-styling- avia_animated_image av-animated-when-visible-95 top-to-bottom avia-align-center  avia-builder-el-15  el_before_av_textblock  avia-builder-el-first '   itemprop=\"image\" itemscope=\"itemscope\" itemtype=\"https:\/\/schema.org\/ImageObject\" ><div class=\"avia-image-container-inner\"><div class=\"avia-image-overlay-wrap\"><img decoding=\"async\" loading=\"lazy\" class='wp-image-195 avia-img-lazy-loading-195 avia_image ' src=\"https:\/\/mandat.de\/imk\/wp-content\/uploads\/2025\/01\/Guido-Quelle.jpg\" alt='Prof. Dr. Guido Quelle' title='Prof. Dr. Guido Quelle'  height=\"790\" width=\"600\"  itemprop=\"thumbnailUrl\" srcset=\"https:\/\/mandat.de\/imk\/wp-content\/uploads\/2025\/01\/Guido-Quelle.jpg 600w, https:\/\/mandat.de\/imk\/wp-content\/uploads\/2025\/01\/Guido-Quelle-228x300.jpg 228w, https:\/\/mandat.de\/imk\/wp-content\/uploads\/2025\/01\/Guido-Quelle-535x705.jpg 535w\" sizes=\"auto, (max-width: 600px) 100vw, 600px\" \/><\/div><\/div><\/div><br \/>\n\n<style type=\"text\/css\" data-created_by=\"avia_inline_auto\" id=\"style-css-av-m6fgbwbe-1d7f8147bd1b245c20036e554bb5e3b6\">\n#top .av_textblock_section.av-m6fgbwbe-1d7f8147bd1b245c20036e554bb5e3b6 .avia_textblock{\ncolor:#ffffff;\n}\n<\/style>\n<section  class='av_textblock_section av-m6fgbwbe-1d7f8147bd1b245c20036e554bb5e3b6 '   itemscope=\"itemscope\" itemtype=\"https:\/\/schema.org\/CreativeWork\" ><div class='avia_textblock av_inherit_color'  itemprop=\"text\" ><h3><span style=\"color: #ffffff;\">Prof. Dr. Guido Quelle<\/span><\/h3>\n<\/div><\/section><\/p><\/div><div  class='flex_column av-hh85d-982ebd0cceb4b3b3647bef27ba9ae749 av_one_third  avia-builder-el-17  el_after_av_one_third  el_before_av_hr  flex_column_div  column-top-margin'     ><p>\n<style type=\"text\/css\" data-created_by=\"avia_inline_auto\" id=\"style-css-av-8xhg1-14e45a22be11345281922146369e7d92\">\n.avia-image-container.av-8xhg1-14e45a22be11345281922146369e7d92 img.avia_image{\nbox-shadow:none;\n}\n.avia-image-container.av-8xhg1-14e45a22be11345281922146369e7d92 .av-image-caption-overlay-center{\ncolor:#ffffff;\n}\n<\/style>\n<div  class='avia-image-container av-8xhg1-14e45a22be11345281922146369e7d92 av-styling- avia_animated_image av-animated-when-visible-95 top-to-bottom avia-align-center  avia-builder-el-18  el_before_av_textblock  avia-builder-el-first '   itemprop=\"image\" itemscope=\"itemscope\" itemtype=\"https:\/\/schema.org\/ImageObject\" ><div class=\"avia-image-container-inner\"><div class=\"avia-image-overlay-wrap\"><img decoding=\"async\" loading=\"lazy\" class='wp-image-193 avia-img-lazy-loading-193 avia_image ' src=\"https:\/\/mandat.de\/imk\/wp-content\/uploads\/2025\/01\/Linda-Vollberg-1.jpg\" alt='Linda Vollberg' title='Linda Vollberg'  height=\"790\" width=\"600\"  itemprop=\"thumbnailUrl\" srcset=\"https:\/\/mandat.de\/imk\/wp-content\/uploads\/2025\/01\/Linda-Vollberg-1.jpg 600w, https:\/\/mandat.de\/imk\/wp-content\/uploads\/2025\/01\/Linda-Vollberg-1-228x300.jpg 228w, https:\/\/mandat.de\/imk\/wp-content\/uploads\/2025\/01\/Linda-Vollberg-1-535x705.jpg 535w\" sizes=\"auto, (max-width: 600px) 100vw, 600px\" \/><\/div><\/div><\/div><br \/>\n\n<style type=\"text\/css\" data-created_by=\"avia_inline_auto\" id=\"style-css-av-m6fgc8ah-0579252b7084cb585cdb755ecc986a94\">\n#top .av_textblock_section.av-m6fgc8ah-0579252b7084cb585cdb755ecc986a94 .avia_textblock{\ncolor:#ffffff;\n}\n<\/style>\n<section  class='av_textblock_section av-m6fgc8ah-0579252b7084cb585cdb755ecc986a94 '   itemscope=\"itemscope\" itemtype=\"https:\/\/schema.org\/CreativeWork\" ><div class='avia_textblock av_inherit_color'  itemprop=\"text\" ><h3><span style=\"color: #ffffff;\">Linda Vollberg<\/span><\/h3>\n<\/div><\/section><\/p><\/div>\n<style type=\"text\/css\" data-created_by=\"avia_inline_auto\" id=\"style-css-av-3rrs-acf03801c48bd2ee687a1e46534b21bb\">\n#top .hr.hr-invisible.av-3rrs-acf03801c48bd2ee687a1e46534b21bb{\nheight:50px;\n}\n<\/style>\n<div  class='hr av-3rrs-acf03801c48bd2ee687a1e46534b21bb hr-invisible  avia-builder-el-20  el_after_av_one_third  avia-builder-el-last '><span class='hr-inner '><span class=\"hr-inner-style\"><\/span><\/span><\/div>\n<\/div><\/div><\/div><!-- close content main div --><\/div><\/div>\n<style type=\"text\/css\" data-created_by=\"avia_inline_auto\" id=\"style-css-av-m60w0uix-93ab5e79e480b765e860171da83d8275\">\n.avia-section.av-m60w0uix-93ab5e79e480b765e860171da83d8275{\nposition:relative;\n}\n.avia-section.av-m60w0uix-93ab5e79e480b765e860171da83d8275 .av-parallax .av-parallax-inner{\nbackground-color:#ffffff;\nbackground-image:url(https:\/\/mandat.de\/imk\/wp-content\/uploads\/2025\/01\/Mandat-Team-scaled.jpg);\nbackground-repeat:no-repeat;\nbackground-position:50% 50%;\nbackground-attachment:scroll;\n}\n.avia-section.av-m60w0uix-93ab5e79e480b765e860171da83d8275 .avia-divider-svg-top svg{\nheight:60px;\nfill:#002e72;\n}\n<\/style>\n<div id='av_section_3'  class='avia-section av-m60w0uix-93ab5e79e480b765e860171da83d8275 main_color avia-section-default avia-no-border-styling  avia-builder-el-21  el_after_av_section  avia-builder-el-last  av-parallax-section avia-bg-style-parallax av-minimum-height av-minimum-height-50 av-height-50  container_wrap fullsize'  data-section-bg-repeat='no-repeat' data-av_minimum_height_pc='50' data-av_min_height_opt='50'><div class='avia-divider-svg avia-divider-svg-tilt avia-divider-svg-top avia-flipped-svg avia-to-front avia-svg-original'><svg xmlns=\"http:\/\/www.w3.org\/2000\/svg\" viewBox=\"0 0 1000 100\" preserveAspectRatio=\"none\">\n\t<path d=\"M0,6V0h1000v100L0,6z\"\/>\n<\/svg><\/div><div class='av-parallax' data-avia-parallax-ratio='0.3' ><div class='av-parallax-inner main_color avia-full-stretch'><\/div><\/div><div class='container av-section-cont-open' ><div class='template-page content  av-content-full alpha units'><div class='post-entry post-entry-type-page post-entry-185'><div class='entry-content-wrapper clearfix'><\/p>\n","protected":false},"excerpt":{"rendered":"","protected":false},"author":1,"featured_media":0,"parent":0,"menu_order":0,"comment_status":"closed","ping_status":"closed","template":"","meta":{"footnotes":""},"class_list":["post-185","page","type-page","status-publish","hentry"],"yoast_head":"<!-- This site is optimized with the Yoast SEO plugin v26.2 - https:\/\/yoast.com\/wordpress\/plugins\/seo\/ -->\n<title>Ihr Gastgeber - Internationales Marken-Kolloquium<\/title>\n<meta name=\"robots\" content=\"index, follow, max-snippet:-1, max-image-preview:large, max-video-preview:-1\" \/>\n<link rel=\"canonical\" href=\"https:\/\/mandat.de\/imk\/ihr-gastgeber\/\" \/>\n<meta property=\"og:locale\" content=\"de_DE\" \/>\n<meta property=\"og:type\" content=\"article\" \/>\n<meta property=\"og:title\" content=\"Ihr Gastgeber - Internationales Marken-Kolloquium\" \/>\n<meta property=\"og:url\" content=\"https:\/\/mandat.de\/imk\/ihr-gastgeber\/\" \/>\n<meta property=\"og:site_name\" content=\"Internationales Marken-Kolloquium\" \/>\n<meta property=\"article:modified_time\" content=\"2025-04-11T09:41:16+00:00\" \/>\n<meta name=\"twitter:card\" content=\"summary_large_image\" \/>\n<meta name=\"twitter:label1\" content=\"Gesch\u00e4tzte Lesezeit\" \/>\n\t<meta name=\"twitter:data1\" content=\"2\u00a0Minuten\" \/>\n<script type=\"application\/ld+json\" class=\"yoast-schema-graph\">{\"@context\":\"https:\/\/schema.org\",\"@graph\":[{\"@type\":\"WebPage\",\"@id\":\"https:\/\/mandat.de\/imk\/ihr-gastgeber\/\",\"url\":\"https:\/\/mandat.de\/imk\/ihr-gastgeber\/\",\"name\":\"Ihr Gastgeber - Internationales Marken-Kolloquium\",\"isPartOf\":{\"@id\":\"https:\/\/mandat.de\/imk\/#website\"},\"datePublished\":\"2025-01-27T19:32:40+00:00\",\"dateModified\":\"2025-04-11T09:41:16+00:00\",\"breadcrumb\":{\"@id\":\"https:\/\/mandat.de\/imk\/ihr-gastgeber\/#breadcrumb\"},\"inLanguage\":\"de\",\"potentialAction\":[{\"@type\":\"ReadAction\",\"target\":[\"https:\/\/mandat.de\/imk\/ihr-gastgeber\/\"]}]},{\"@type\":\"BreadcrumbList\",\"@id\":\"https:\/\/mandat.de\/imk\/ihr-gastgeber\/#breadcrumb\",\"itemListElement\":[{\"@type\":\"ListItem\",\"position\":1,\"name\":\"Startseite\",\"item\":\"https:\/\/mandat.de\/imk\/startseite\/\"},{\"@type\":\"ListItem\",\"position\":2,\"name\":\"Ihr Gastgeber\"}]},{\"@type\":\"WebSite\",\"@id\":\"https:\/\/mandat.de\/imk\/#website\",\"url\":\"https:\/\/mandat.de\/imk\/\",\"name\":\"Internationales Marken-Kolloquium\",\"description\":\"\",\"potentialAction\":[{\"@type\":\"SearchAction\",\"target\":{\"@type\":\"EntryPoint\",\"urlTemplate\":\"https:\/\/mandat.de\/imk\/?s={search_term_string}\"},\"query-input\":{\"@type\":\"PropertyValueSpecification\",\"valueRequired\":true,\"valueName\":\"search_term_string\"}}],\"inLanguage\":\"de\"}]}<\/script>\n<!-- \/ Yoast SEO plugin. -->","yoast_head_json":{"title":"Ihr Gastgeber - Internationales Marken-Kolloquium","robots":{"index":"index","follow":"follow","max-snippet":"max-snippet:-1","max-image-preview":"max-image-preview:large","max-video-preview":"max-video-preview:-1"},"canonical":"https:\/\/mandat.de\/imk\/ihr-gastgeber\/","og_locale":"de_DE","og_type":"article","og_title":"Ihr Gastgeber - Internationales Marken-Kolloquium","og_url":"https:\/\/mandat.de\/imk\/ihr-gastgeber\/","og_site_name":"Internationales Marken-Kolloquium","article_modified_time":"2025-04-11T09:41:16+00:00","twitter_card":"summary_large_image","twitter_misc":{"Gesch\u00e4tzte Lesezeit":"2\u00a0Minuten"},"schema":{"@context":"https:\/\/schema.org","@graph":[{"@type":"WebPage","@id":"https:\/\/mandat.de\/imk\/ihr-gastgeber\/","url":"https:\/\/mandat.de\/imk\/ihr-gastgeber\/","name":"Ihr Gastgeber - Internationales Marken-Kolloquium","isPartOf":{"@id":"https:\/\/mandat.de\/imk\/#website"},"datePublished":"2025-01-27T19:32:40+00:00","dateModified":"2025-04-11T09:41:16+00:00","breadcrumb":{"@id":"https:\/\/mandat.de\/imk\/ihr-gastgeber\/#breadcrumb"},"inLanguage":"de","potentialAction":[{"@type":"ReadAction","target":["https:\/\/mandat.de\/imk\/ihr-gastgeber\/"]}]},{"@type":"BreadcrumbList","@id":"https:\/\/mandat.de\/imk\/ihr-gastgeber\/#breadcrumb","itemListElement":[{"@type":"ListItem","position":1,"name":"Startseite","item":"https:\/\/mandat.de\/imk\/startseite\/"},{"@type":"ListItem","position":2,"name":"Ihr Gastgeber"}]},{"@type":"WebSite","@id":"https:\/\/mandat.de\/imk\/#website","url":"https:\/\/mandat.de\/imk\/","name":"Internationales Marken-Kolloquium","description":"","potentialAction":[{"@type":"SearchAction","target":{"@type":"EntryPoint","urlTemplate":"https:\/\/mandat.de\/imk\/?s={search_term_string}"},"query-input":{"@type":"PropertyValueSpecification","valueRequired":true,"valueName":"search_term_string"}}],"inLanguage":"de"}]}},"_links":{"self":[{"href":"https:\/\/mandat.de\/imk\/wp-json\/wp\/v2\/pages\/185","targetHints":{"allow":["GET"]}}],"collection":[{"href":"https:\/\/mandat.de\/imk\/wp-json\/wp\/v2\/pages"}],"about":[{"href":"https:\/\/mandat.de\/imk\/wp-json\/wp\/v2\/types\/page"}],"author":[{"embeddable":true,"href":"https:\/\/mandat.de\/imk\/wp-json\/wp\/v2\/users\/1"}],"replies":[{"embeddable":true,"href":"https:\/\/mandat.de\/imk\/wp-json\/wp\/v2\/comments?post=185"}],"version-history":[{"count":0,"href":"https:\/\/mandat.de\/imk\/wp-json\/wp\/v2\/pages\/185\/revisions"}],"wp:attachment":[{"href":"https:\/\/mandat.de\/imk\/wp-json\/wp\/v2\/media?parent=185"}],"curies":[{"name":"wp","href":"https:\/\/api.w.org\/{rel}","templated":true}]}}