{"id":238,"date":"2025-02-03T09:48:31","date_gmt":"2025-02-03T08:48:31","guid":{"rendered":"https:\/\/mandat.de\/imk\/?page_id=238"},"modified":"2025-04-11T11:37:18","modified_gmt":"2025-04-11T09:37:18","slug":"seeoner-gilde","status":"publish","type":"page","link":"https:\/\/mandat.de\/imk\/seeoner-gilde\/","title":{"rendered":"Seeoner Gilde"},"content":{"rendered":"\n<style type=\"text\/css\" data-created_by=\"avia_inline_auto\" id=\"style-css-av-1adey6-a1fcb62805d4b5b428979c46e984f868\">\n.avia-section.av-1adey6-a1fcb62805d4b5b428979c46e984f868{\nposition:relative;\n}\n.avia-section.av-1adey6-a1fcb62805d4b5b428979c46e984f868 .avia-divider-svg-bottom svg{\nheight:80px;\nfill:#f8f8f8;\n}\n<\/style>\n<div id='av_section_1'  class='avia-section av-1adey6-a1fcb62805d4b5b428979c46e984f868 main_color avia-section-default avia-no-border-styling  avia-builder-el-0  el_before_av_section  avia-builder-el-first  avia-bg-style-scroll container_wrap fullsize'  ><div class='avia-divider-svg avia-divider-svg-tilt avia-divider-svg-bottom avia-flipped-svg avia-to-front avia-svg-original'><svg xmlns=\"http:\/\/www.w3.org\/2000\/svg\" viewBox=\"0 0 1000 100\" preserveAspectRatio=\"none\">\n\t<path d=\"M0,6V0h1000v100L0,6z\"\/>\n<\/svg><\/div><div class='container av-section-cont-open' ><main  role=\"main\" itemprop=\"mainContentOfPage\"  class='template-page content  av-content-full alpha units'><div class='post-entry post-entry-type-page post-entry-238'><div class='entry-content-wrapper clearfix'>\n<div  class='flex_column av-11sh1a-94dbbc28b3b1b9279453d93127a42375 av_one_full  avia-builder-el-1  el_before_av_one_half  avia-builder-el-first  first flex_column_div  '     ><section  class='av_textblock_section av-xzta6-dbdfc687bf904e0186633592e6c8809e '   itemscope=\"itemscope\" itemtype=\"https:\/\/schema.org\/CreativeWork\" ><div class='avia_textblock'  itemprop=\"text\" ><h1>Das Netzwerk f\u00fcr ehemalige Referenten und Teilnehmer<\/h1>\n<\/div><\/section><\/div><div  class='flex_column av-r65x2-7960105077e25bcb60e4cd59154c9c0d av_one_half  avia-builder-el-3  el_after_av_one_full  el_before_av_two_fifth  first flex_column_div  column-top-margin'     ><section  class='av_textblock_section av-1vrzy-3b68fbd8dd8226d81468792a94a3873b '   itemscope=\"itemscope\" itemtype=\"https:\/\/schema.org\/CreativeWork\" ><div class='avia_textblock'  itemprop=\"text\" ><p><strong>Menschen wiedertreffen, Kontakte pflegen und offen \u00fcber hoch praxisrelevante Themen diskutieren.<\/strong><\/p>\n<p>Die Seeoner Gilde ist das Netzwerk f\u00fcr Vordenkerinnen und Vordenker im Bereich Markenf\u00fchrung. Es richtet sich an ausgew\u00e4hlte ehemalige Teilnehmerinnen und Teilnehmer, Referentinnen und Referenten des Internationalen Marken-Kolloquiums sowie an die Preistr\u00e4gerinnen und Preistr\u00e4ger des Awards des Internationalen Marken-Kolloquiums.<\/p>\n<p>10 Jahre nach der Gr\u00fcndung des Internationalen Marken-Kolloquiums wurde die Seeoner Gilde im April 2013 ins Leben gerufen. Das Netzwerk schl\u00e4gt eine Br\u00fccke zwischen den Referenten und Teilnehmern der vergangenen Jahre und bietet Raum f\u00fcr einen hochkar\u00e4tigen, unternehmerischen Austausch.<\/p>\n<p>Kommunikation und Vernetzung stehen im Mittelpunkt.<br \/>\nIm direkten und indirekten Erfahrungsaustausch werden neue berufliche, aber auch private Kontakte gekn\u00fcpft und individuelle Fragestellungen gemeinsam gel\u00f6st. Die Mitglieder unterst\u00fctzen sich gegenseitig durch den Austausch von Expertise und Erfahrung.<\/p>\n<\/div><\/section><\/div><div  class='flex_column av-crboe-069c6875de003c72a0a91e6ebb79bf9c av_two_fifth  avia-builder-el-5  el_after_av_one_half  avia-builder-el-last  flex_column_div  column-top-margin'     ><style type=\"text\/css\" data-created_by=\"avia_inline_auto\" id=\"style-css-av-a07ry-1aabf91253b99f276589240d909c8bd4\">\n.avia-image-container.av-a07ry-1aabf91253b99f276589240d909c8bd4 img.avia_image{\nbox-shadow:none;\n}\n.avia-image-container.av-a07ry-1aabf91253b99f276589240d909c8bd4 .av-image-caption-overlay-center{\ncolor:#ffffff;\n}\n<\/style>\n<div  class='avia-image-container av-a07ry-1aabf91253b99f276589240d909c8bd4 av-styling- avia_animated_image av-animated-when-visible-95 top-to-bottom avia-align-center  avia-builder-el-6  avia-builder-el-no-sibling '   itemprop=\"image\" itemscope=\"itemscope\" itemtype=\"https:\/\/schema.org\/ImageObject\" ><div class=\"avia-image-container-inner\"><div class=\"avia-image-overlay-wrap\"><img decoding=\"async\" loading=\"lazy\" class='wp-image-272 avia-img-lazy-loading-272 avia_image ' src=\"https:\/\/mandat.de\/imk\/wp-content\/uploads\/2025\/02\/Kloster-Seeon.jpg\" alt='' title='Kloster Seeon'  height=\"2000\" width=\"1333\"  itemprop=\"thumbnailUrl\" srcset=\"https:\/\/mandat.de\/imk\/wp-content\/uploads\/2025\/02\/Kloster-Seeon.jpg 1333w, https:\/\/mandat.de\/imk\/wp-content\/uploads\/2025\/02\/Kloster-Seeon-200x300.jpg 200w, https:\/\/mandat.de\/imk\/wp-content\/uploads\/2025\/02\/Kloster-Seeon-686x1030.jpg 686w, https:\/\/mandat.de\/imk\/wp-content\/uploads\/2025\/02\/Kloster-Seeon-768x1152.jpg 768w, https:\/\/mandat.de\/imk\/wp-content\/uploads\/2025\/02\/Kloster-Seeon-1024x1536.jpg 1024w, https:\/\/mandat.de\/imk\/wp-content\/uploads\/2025\/02\/Kloster-Seeon-1000x1500.jpg 1000w, https:\/\/mandat.de\/imk\/wp-content\/uploads\/2025\/02\/Kloster-Seeon-470x705.jpg 470w\" sizes=\"auto, (max-width: 1333px) 100vw, 1333px\" \/><\/div><\/div><\/div><\/div><\/div><\/div><\/main><!-- close content main element --><\/div><\/div>\n<style type=\"text\/css\" data-created_by=\"avia_inline_auto\" id=\"style-css-av-m4iwmva2-5bfa37c647e43c4613d2487258e5150f\">\n.avia-section.av-m4iwmva2-5bfa37c647e43c4613d2487258e5150f{\nbackground-color:#002e72;\nbackground-image:unset;\nposition:relative;\n}\n.avia-section.av-m4iwmva2-5bfa37c647e43c4613d2487258e5150f .avia-divider-svg-top svg{\nheight:60px;\nfill:#f8f8f8;\n}\n<\/style>\n<div id='av_section_2'  class='avia-section av-m4iwmva2-5bfa37c647e43c4613d2487258e5150f main_color avia-section-default avia-shadow  avia-builder-el-7  el_after_av_section  el_before_av_section  avia-bg-style-scroll container_wrap fullsize'  ><div class='avia-divider-svg avia-divider-svg-tilt avia-divider-svg-top avia-flipped-svg avia-to-front avia-svg-original'><svg xmlns=\"http:\/\/www.w3.org\/2000\/svg\" viewBox=\"0 0 1000 100\" preserveAspectRatio=\"none\">\n\t<path d=\"M0,6V0h1000v100L0,6z\"\/>\n<\/svg><\/div><div class='container av-section-cont-open' ><div class='template-page content  av-content-full alpha units'><div class='post-entry post-entry-type-page post-entry-238'><div class='entry-content-wrapper clearfix'>\n\n<style type=\"text\/css\" data-created_by=\"avia_inline_auto\" id=\"style-css-av-3rrs-16e2f69cff03cfce5b315874a6ce52bf\">\n#top .hr.hr-invisible.av-3rrs-16e2f69cff03cfce5b315874a6ce52bf{\nheight:100px;\n}\n<\/style>\n<div  class='hr av-3rrs-16e2f69cff03cfce5b315874a6ce52bf hr-invisible  avia-builder-el-8  el_before_av_one_full  avia-builder-el-first '><span class='hr-inner '><span class=\"hr-inner-style\"><\/span><\/span><\/div>\n<div  class='flex_column av-5n72-c27419013109fbe0d7a1f4b77a6733c6 av_one_full  avia-builder-el-9  el_after_av_hr  el_before_av_one_full  first flex_column_div  '     ><section  class='av_textblock_section av-m4iv4re5-72d558f50fde2421cf9f205121beb57c '   itemscope=\"itemscope\" itemtype=\"https:\/\/schema.org\/CreativeWork\" ><div class='avia_textblock'  itemprop=\"text\" ><h1><span style=\"color: #ffffff;\">Mitglieder der Seeoner Gilde sind<\/span><\/h1>\n<\/div><\/section><\/div><div  class='flex_column av-98pa-f758f8500ffee0cb598288f510ca869b av_one_full  avia-builder-el-11  el_after_av_one_full  el_before_av_one_half  first flex_column_div  column-top-margin'     ><style type=\"text\/css\" data-created_by=\"avia_inline_auto\" id=\"style-css-av-15h6g-be0e27a4cf7af649e85e8708502341ee\">\n#top .av_textblock_section.av-15h6g-be0e27a4cf7af649e85e8708502341ee .avia_textblock{\ncolor:#ffffff;\n}\n<\/style>\n<section  class='av_textblock_section av-15h6g-be0e27a4cf7af649e85e8708502341ee '   itemscope=\"itemscope\" itemtype=\"https:\/\/schema.org\/CreativeWork\" ><div class='avia_textblock av_inherit_color'  itemprop=\"text\" ><ul>\n<li><span style=\"color: #ffffff;\">Ausgew\u00e4hlte ehemalige Teilnehmer und Teilnehmerinnen<br \/>\nsowie Referenten und Referentinnen des Internationalen Marken-Kolloquiums<\/span><\/li>\n<li><span style=\"color: #ffffff;\">Preistr\u00e4ger und Preistr\u00e4gerinnen des Awards des Internationalen Marken-Kolloquiums<\/span><\/li>\n<li><span style=\"color: #ffffff;\">Personen, die von Mandat \u00fcberdies in den Seeoner Kreis berufen werden<\/span><\/li>\n<\/ul>\n<p><span style=\"color: #ffffff;\">Eine Mitgliedschaft in der Seeoner Gilde kann nicht beantragt werden. Sie wird potenziellen Mitgliedern stets pers\u00f6nlich angeboten.<\/span><\/p>\n<\/div><\/section><\/div><div  class='flex_column av-gcea6-8b52f3156521b6c951ef23aa266840fb av_one_half  avia-builder-el-13  el_after_av_one_full  avia-builder-el-last  first flex_column_div  column-top-margin'     ><div  class='avia-button-wrap avia-button-center  avia-builder-el-14  avia-builder-el-no-sibling '>\n<style type=\"text\/css\" data-created_by=\"avia_inline_auto\" id=\"style-css-av-6lqtq-b9e895c18880c6ce78d7993d30acb2bf\">\n#top #wrap_all .avia-button.av-6lqtq-b9e895c18880c6ce78d7993d30acb2bf{\ncolor:#002e72;\nborder-radius:15px 15px 15px 15px;\ntransition:all 0.4s ease-in-out;\n}\n#top #wrap_all .avia-button.av-6lqtq-b9e895c18880c6ce78d7993d30acb2bf:hover{\ncolor:white;\ntransition:all 0.4s ease-in-out;\n}\n#top #wrap_all .avia-button.av-6lqtq-b9e895c18880c6ce78d7993d30acb2bf:hover .avia_button_background{\nborder-radius:15px 15px 15px 15px;\n}\n<\/style>\n<a href='https:\/\/mandat.de\/imk\/seeoner-gilde-mitgliederverzeichnis\/' class='avia-color-white avia-button avia-button-fullwidth av-6lqtq-b9e895c18880c6ce78d7993d30acb2bf avia-icon_select-no avia-color-white'   aria-label=\"Weiter zum Mitgliederverzeichnis\"><span class='avia_iconbox_title' >Weiter zum Mitgliederverzeichnis<\/span><span class='avia_button_background avia-button avia-button-fullwidth avia-color-theme-color-highlight'><\/span><\/a><\/div><\/div>\n<\/p>\n<\/div><\/div><\/div><!-- close content main div --><\/div><\/div>\n<style type=\"text\/css\" data-created_by=\"avia_inline_auto\" id=\"style-css-av-m60w0uix-162fbff722c5cf67bd3cd10ad2bc6130\">\n.avia-section.av-m60w0uix-162fbff722c5cf67bd3cd10ad2bc6130{\nposition:relative;\n}\n.avia-section.av-m60w0uix-162fbff722c5cf67bd3cd10ad2bc6130 .av-parallax .av-parallax-inner{\nbackground-color:#ffffff;\nbackground-image:url(https:\/\/mandat.de\/imk\/wp-content\/uploads\/2024\/12\/DJI_0945-scaled.jpg);\nbackground-repeat:no-repeat;\nbackground-position:50% 50%;\nbackground-attachment:scroll;\n}\n.avia-section.av-m60w0uix-162fbff722c5cf67bd3cd10ad2bc6130 .avia-divider-svg-top svg{\nheight:60px;\nfill:#002e72;\n}\n<\/style>\n<div id='av_section_3'  class='avia-section av-m60w0uix-162fbff722c5cf67bd3cd10ad2bc6130 main_color avia-section-default avia-no-border-styling  avia-builder-el-15  el_after_av_section  avia-builder-el-last  av-parallax-section avia-bg-style-parallax av-minimum-height av-minimum-height-50 av-height-50  container_wrap fullsize'  data-section-bg-repeat='no-repeat' data-av_minimum_height_pc='50' data-av_min_height_opt='50'><div class='avia-divider-svg avia-divider-svg-tilt avia-divider-svg-top avia-flipped-svg avia-to-front avia-svg-original'><svg xmlns=\"http:\/\/www.w3.org\/2000\/svg\" viewBox=\"0 0 1000 100\" preserveAspectRatio=\"none\">\n\t<path d=\"M0,6V0h1000v100L0,6z\"\/>\n<\/svg><\/div><div class='av-parallax' data-avia-parallax-ratio='0.3' ><div class='av-parallax-inner main_color avia-full-stretch'><\/div><\/div><div class='container av-section-cont-open' ><div class='template-page content  av-content-full alpha units'><div class='post-entry post-entry-type-page post-entry-238'><div class='entry-content-wrapper clearfix'>\n","protected":false},"excerpt":{"rendered":"","protected":false},"author":1,"featured_media":0,"parent":0,"menu_order":0,"comment_status":"closed","ping_status":"closed","template":"","meta":{"footnotes":""},"class_list":["post-238","page","type-page","status-publish","hentry"],"yoast_head":"<!-- This site is optimized with the Yoast SEO plugin v26.2 - https:\/\/yoast.com\/wordpress\/plugins\/seo\/ -->\n<title>Seeoner Gilde - Internationales Marken-Kolloquium<\/title>\n<meta name=\"robots\" content=\"index, follow, max-snippet:-1, max-image-preview:large, max-video-preview:-1\" \/>\n<link rel=\"canonical\" href=\"https:\/\/mandat.de\/imk\/seeoner-gilde\/\" \/>\n<meta property=\"og:locale\" content=\"de_DE\" \/>\n<meta property=\"og:type\" content=\"article\" \/>\n<meta property=\"og:title\" content=\"Seeoner Gilde - Internationales Marken-Kolloquium\" \/>\n<meta property=\"og:url\" content=\"https:\/\/mandat.de\/imk\/seeoner-gilde\/\" \/>\n<meta property=\"og:site_name\" content=\"Internationales Marken-Kolloquium\" \/>\n<meta property=\"article:modified_time\" content=\"2025-04-11T09:37:18+00:00\" \/>\n<meta name=\"twitter:card\" content=\"summary_large_image\" \/>\n<meta name=\"twitter:label1\" content=\"Gesch\u00e4tzte Lesezeit\" \/>\n\t<meta name=\"twitter:data1\" content=\"2\u00a0Minuten\" \/>\n<script type=\"application\/ld+json\" class=\"yoast-schema-graph\">{\"@context\":\"https:\/\/schema.org\",\"@graph\":[{\"@type\":\"WebPage\",\"@id\":\"https:\/\/mandat.de\/imk\/seeoner-gilde\/\",\"url\":\"https:\/\/mandat.de\/imk\/seeoner-gilde\/\",\"name\":\"Seeoner Gilde - Internationales Marken-Kolloquium\",\"isPartOf\":{\"@id\":\"https:\/\/mandat.de\/imk\/#website\"},\"datePublished\":\"2025-02-03T08:48:31+00:00\",\"dateModified\":\"2025-04-11T09:37:18+00:00\",\"breadcrumb\":{\"@id\":\"https:\/\/mandat.de\/imk\/seeoner-gilde\/#breadcrumb\"},\"inLanguage\":\"de\",\"potentialAction\":[{\"@type\":\"ReadAction\",\"target\":[\"https:\/\/mandat.de\/imk\/seeoner-gilde\/\"]}]},{\"@type\":\"BreadcrumbList\",\"@id\":\"https:\/\/mandat.de\/imk\/seeoner-gilde\/#breadcrumb\",\"itemListElement\":[{\"@type\":\"ListItem\",\"position\":1,\"name\":\"Startseite\",\"item\":\"https:\/\/mandat.de\/imk\/startseite\/\"},{\"@type\":\"ListItem\",\"position\":2,\"name\":\"Seeoner Gilde\"}]},{\"@type\":\"WebSite\",\"@id\":\"https:\/\/mandat.de\/imk\/#website\",\"url\":\"https:\/\/mandat.de\/imk\/\",\"name\":\"Internationales Marken-Kolloquium\",\"description\":\"\",\"potentialAction\":[{\"@type\":\"SearchAction\",\"target\":{\"@type\":\"EntryPoint\",\"urlTemplate\":\"https:\/\/mandat.de\/imk\/?s={search_term_string}\"},\"query-input\":{\"@type\":\"PropertyValueSpecification\",\"valueRequired\":true,\"valueName\":\"search_term_string\"}}],\"inLanguage\":\"de\"}]}<\/script>\n<!-- \/ Yoast SEO plugin. -->","yoast_head_json":{"title":"Seeoner Gilde - Internationales Marken-Kolloquium","robots":{"index":"index","follow":"follow","max-snippet":"max-snippet:-1","max-image-preview":"max-image-preview:large","max-video-preview":"max-video-preview:-1"},"canonical":"https:\/\/mandat.de\/imk\/seeoner-gilde\/","og_locale":"de_DE","og_type":"article","og_title":"Seeoner Gilde - Internationales Marken-Kolloquium","og_url":"https:\/\/mandat.de\/imk\/seeoner-gilde\/","og_site_name":"Internationales Marken-Kolloquium","article_modified_time":"2025-04-11T09:37:18+00:00","twitter_card":"summary_large_image","twitter_misc":{"Gesch\u00e4tzte Lesezeit":"2\u00a0Minuten"},"schema":{"@context":"https:\/\/schema.org","@graph":[{"@type":"WebPage","@id":"https:\/\/mandat.de\/imk\/seeoner-gilde\/","url":"https:\/\/mandat.de\/imk\/seeoner-gilde\/","name":"Seeoner Gilde - Internationales Marken-Kolloquium","isPartOf":{"@id":"https:\/\/mandat.de\/imk\/#website"},"datePublished":"2025-02-03T08:48:31+00:00","dateModified":"2025-04-11T09:37:18+00:00","breadcrumb":{"@id":"https:\/\/mandat.de\/imk\/seeoner-gilde\/#breadcrumb"},"inLanguage":"de","potentialAction":[{"@type":"ReadAction","target":["https:\/\/mandat.de\/imk\/seeoner-gilde\/"]}]},{"@type":"BreadcrumbList","@id":"https:\/\/mandat.de\/imk\/seeoner-gilde\/#breadcrumb","itemListElement":[{"@type":"ListItem","position":1,"name":"Startseite","item":"https:\/\/mandat.de\/imk\/startseite\/"},{"@type":"ListItem","position":2,"name":"Seeoner Gilde"}]},{"@type":"WebSite","@id":"https:\/\/mandat.de\/imk\/#website","url":"https:\/\/mandat.de\/imk\/","name":"Internationales Marken-Kolloquium","description":"","potentialAction":[{"@type":"SearchAction","target":{"@type":"EntryPoint","urlTemplate":"https:\/\/mandat.de\/imk\/?s={search_term_string}"},"query-input":{"@type":"PropertyValueSpecification","valueRequired":true,"valueName":"search_term_string"}}],"inLanguage":"de"}]}},"_links":{"self":[{"href":"https:\/\/mandat.de\/imk\/wp-json\/wp\/v2\/pages\/238","targetHints":{"allow":["GET"]}}],"collection":[{"href":"https:\/\/mandat.de\/imk\/wp-json\/wp\/v2\/pages"}],"about":[{"href":"https:\/\/mandat.de\/imk\/wp-json\/wp\/v2\/types\/page"}],"author":[{"embeddable":true,"href":"https:\/\/mandat.de\/imk\/wp-json\/wp\/v2\/users\/1"}],"replies":[{"embeddable":true,"href":"https:\/\/mandat.de\/imk\/wp-json\/wp\/v2\/comments?post=238"}],"version-history":[{"count":0,"href":"https:\/\/mandat.de\/imk\/wp-json\/wp\/v2\/pages\/238\/revisions"}],"wp:attachment":[{"href":"https:\/\/mandat.de\/imk\/wp-json\/wp\/v2\/media?parent=238"}],"curies":[{"name":"wp","href":"https:\/\/api.w.org\/{rel}","templated":true}]}}