{"id":576,"date":"2025-03-06T14:11:13","date_gmt":"2025-03-06T13:11:13","guid":{"rendered":"https:\/\/mandat.de\/imk\/?page_id=576"},"modified":"2025-04-11T11:39:11","modified_gmt":"2025-04-11T09:39:11","slug":"das-kloster-seeon","status":"publish","type":"page","link":"https:\/\/mandat.de\/imk\/das-kloster-seeon\/","title":{"rendered":"Das Kloster Seeon"},"content":{"rendered":"\n<style type=\"text\/css\" data-created_by=\"avia_inline_auto\" id=\"style-css-av-1adey6-a1fcb62805d4b5b428979c46e984f868\">\n.avia-section.av-1adey6-a1fcb62805d4b5b428979c46e984f868{\nposition:relative;\n}\n.avia-section.av-1adey6-a1fcb62805d4b5b428979c46e984f868 .avia-divider-svg-bottom svg{\nheight:80px;\nfill:#f8f8f8;\n}\n<\/style>\n<div id='av_section_1'  class='avia-section av-1adey6-a1fcb62805d4b5b428979c46e984f868 main_color avia-section-default avia-no-border-styling  avia-builder-el-0  el_before_av_section  avia-builder-el-first  avia-bg-style-scroll container_wrap fullsize'  ><div class='avia-divider-svg avia-divider-svg-tilt avia-divider-svg-bottom avia-flipped-svg avia-to-front avia-svg-original'><svg xmlns=\"http:\/\/www.w3.org\/2000\/svg\" viewBox=\"0 0 1000 100\" preserveAspectRatio=\"none\">\n\t<path d=\"M0,6V0h1000v100L0,6z\"\/>\n<\/svg><\/div><div class='container av-section-cont-open' ><main  role=\"main\" itemprop=\"mainContentOfPage\"  class='template-page content  av-content-full alpha units'><div class='post-entry post-entry-type-page post-entry-576'><div class='entry-content-wrapper clearfix'>\n<div  class='flex_column av-11sh1a-94dbbc28b3b1b9279453d93127a42375 av_one_full  avia-builder-el-1  el_before_av_one_half  avia-builder-el-first  first flex_column_div  '     ><section  class='av_textblock_section av-xzta6-dbdfc687bf904e0186633592e6c8809e '   itemscope=\"itemscope\" itemtype=\"https:\/\/schema.org\/CreativeWork\" ><div class='avia_textblock'  itemprop=\"text\" ><h1>Kloster Seeon \u2013 Insel der Ruhe und Inspiration<\/h1>\n<\/div><\/section><\/div><div  class='flex_column av-r65x2-7960105077e25bcb60e4cd59154c9c0d av_one_half  avia-builder-el-3  el_after_av_one_full  el_before_av_one_half  first flex_column_div  column-top-margin'     ><section  class='av_textblock_section av-1vrzy-3b68fbd8dd8226d81468792a94a3873b '   itemscope=\"itemscope\" itemtype=\"https:\/\/schema.org\/CreativeWork\" ><div class='avia_textblock'  itemprop=\"text\" ><p><strong>Das Internationale Marken-Kolloquium und das Kloster Seeon sind untrennbar miteinander verbunden, weil dieser besondere Ort genau die Atmosph\u00e4re schafft, die das Kolloquium so einzigartig macht.<\/strong><\/p>\n<p>Die besondere Lage und die historische Kulisse f\u00f6rdern konzentrierte Gespr\u00e4che, wertvolle Begegnungen und inspirierende Denkanst\u00f6\u00dfe. In der ruhigen und naturnahen Umgebung steht der intensive Austausch im Fokus \u2013 fernab vom Tagesgesch\u00e4ft. Das Kloster Seeon ist nicht nur Veranstaltungsort, sondern ein essenzieller Bestandteil der Identit\u00e4t des Internationalen Marken-Kolloquiums.<\/p>\n<p>Mehr \u00fcber das Kloster Seeon erfahren Sie <a href=\"https:\/\/www.kloster-seeon.de\/\" target=\"_blank\" rel=\"noopener\">hier<\/a>.<\/p>\n<\/div><\/section><\/div><div  class='flex_column av-crboe-069c6875de003c72a0a91e6ebb79bf9c av_one_half  avia-builder-el-5  el_after_av_one_half  avia-builder-el-last  flex_column_div  column-top-margin'     ><style type=\"text\/css\" data-created_by=\"avia_inline_auto\" id=\"style-css-av-a07ry-c7146b119b498aab1faee52891ec16be\">\n.avia-image-container.av-a07ry-c7146b119b498aab1faee52891ec16be img.avia_image{\nbox-shadow:none;\n}\n.avia-image-container.av-a07ry-c7146b119b498aab1faee52891ec16be .av-image-caption-overlay-center{\ncolor:#ffffff;\n}\n<\/style>\n<div  class='avia-image-container av-a07ry-c7146b119b498aab1faee52891ec16be av-styling- avia_animated_image av-animated-when-visible-95 top-to-bottom avia-align-center  avia-builder-el-6  avia-builder-el-no-sibling '   itemprop=\"image\" itemscope=\"itemscope\" itemtype=\"https:\/\/schema.org\/ImageObject\" ><div class=\"avia-image-container-inner\"><div class=\"avia-image-overlay-wrap\"><img decoding=\"async\" loading=\"lazy\" class='wp-image-164 avia-img-lazy-loading-164 avia_image ' src=\"https:\/\/mandat.de\/imk\/wp-content\/uploads\/2025\/01\/Kloster-im-Sommer.jpg\" alt='' title='Kloster Seeon im Sommer'  height=\"940\" width=\"1410\"  itemprop=\"thumbnailUrl\" srcset=\"https:\/\/mandat.de\/imk\/wp-content\/uploads\/2025\/01\/Kloster-im-Sommer.jpg 1410w, https:\/\/mandat.de\/imk\/wp-content\/uploads\/2025\/01\/Kloster-im-Sommer-300x200.jpg 300w, https:\/\/mandat.de\/imk\/wp-content\/uploads\/2025\/01\/Kloster-im-Sommer-1030x687.jpg 1030w, https:\/\/mandat.de\/imk\/wp-content\/uploads\/2025\/01\/Kloster-im-Sommer-768x512.jpg 768w, https:\/\/mandat.de\/imk\/wp-content\/uploads\/2025\/01\/Kloster-im-Sommer-705x470.jpg 705w\" sizes=\"auto, (max-width: 1410px) 100vw, 1410px\" \/><\/div><\/div><\/div><\/div><\/div><\/div><\/main><!-- close content main element --><\/div><\/div>\n<style type=\"text\/css\" data-created_by=\"avia_inline_auto\" id=\"style-css-av-m4iwmva2-5bfa37c647e43c4613d2487258e5150f\">\n.avia-section.av-m4iwmva2-5bfa37c647e43c4613d2487258e5150f{\nbackground-color:#002e72;\nbackground-image:unset;\nposition:relative;\n}\n.avia-section.av-m4iwmva2-5bfa37c647e43c4613d2487258e5150f .avia-divider-svg-top svg{\nheight:60px;\nfill:#f8f8f8;\n}\n<\/style>\n<div id='av_section_2'  class='avia-section av-m4iwmva2-5bfa37c647e43c4613d2487258e5150f main_color avia-section-default avia-shadow  avia-builder-el-7  el_after_av_section  el_before_av_section  avia-bg-style-scroll container_wrap fullsize'  ><div class='avia-divider-svg avia-divider-svg-tilt avia-divider-svg-top avia-flipped-svg avia-to-front avia-svg-original'><svg xmlns=\"http:\/\/www.w3.org\/2000\/svg\" viewBox=\"0 0 1000 100\" preserveAspectRatio=\"none\">\n\t<path d=\"M0,6V0h1000v100L0,6z\"\/>\n<\/svg><\/div><div class='container av-section-cont-open' ><div class='template-page content  av-content-full alpha units'><div class='post-entry post-entry-type-page post-entry-576'><div class='entry-content-wrapper clearfix'>\n\n<style type=\"text\/css\" data-created_by=\"avia_inline_auto\" id=\"style-css-av-3rrs-16e2f69cff03cfce5b315874a6ce52bf\">\n#top .hr.hr-invisible.av-3rrs-16e2f69cff03cfce5b315874a6ce52bf{\nheight:100px;\n}\n<\/style>\n<div  class='hr av-3rrs-16e2f69cff03cfce5b315874a6ce52bf hr-invisible  avia-builder-el-8  el_before_av_one_full  avia-builder-el-first '><span class='hr-inner '><span class=\"hr-inner-style\"><\/span><\/span><\/div>\n<div  class='flex_column av-k7m48-ead50cf0b4caa97f14f4eba51433d215 av_one_full  avia-builder-el-9  el_after_av_hr  el_before_av_one_full  first flex_column_div  '     ><section  class='av_textblock_section av-m7xdiuqp-63d8eb9985bb53b0064e1319d666aaa4 '   itemscope=\"itemscope\" itemtype=\"https:\/\/schema.org\/CreativeWork\" ><div class='avia_textblock'  itemprop=\"text\" ><h2><span style=\"color: #ffffff;\">Anreise und \u00dcbernachtung<\/span><\/h2>\n<\/div><\/section><\/div><div  class='flex_column av-e38h4-9e03ab749a18b7e1f081fb00708ffebc av_one_full  avia-builder-el-11  el_after_av_one_full  el_before_av_one_full  first flex_column_div  column-top-margin'     ><style type=\"text\/css\" data-created_by=\"avia_inline_auto\" id=\"style-css-av-7znds-8e85388f6509d90e61b70a7ceb538679\">\n#top .av_textblock_section.av-7znds-8e85388f6509d90e61b70a7ceb538679 .avia_textblock{\ncolor:#ffffff;\n}\n<\/style>\n<section  class='av_textblock_section av-7znds-8e85388f6509d90e61b70a7ceb538679 '   itemscope=\"itemscope\" itemtype=\"https:\/\/schema.org\/CreativeWork\" ><div class='avia_textblock av_inherit_color'  itemprop=\"text\" ><p>Mit Ihrer Anmeldung reservieren wir automatisch ein Zimmer im Kloster Seeon f\u00fcr Sie.<\/p>\n<p>Das ehemalige Benediktinerkloster befindet sich auf einer Halbinsel \u2013 umgeben vom Seeoner See \u2013 und bietet eine idyllische und gastliche Atmosph\u00e4re. Gerne k\u00f6nnen Sie Ihren Aufenthalt \u00fcber das Internationale Marken-Kolloquium hinaus verl\u00e4ngern.<\/p>\n<p>Teilen Sie uns einfach Ihren gew\u00fcnschten Reisezeitraum mit und wir \u00fcbernehmen die Reservierung f\u00fcr Sie. Sie begleichen die Hotelrechnung bitte bei Abreise direkt vor Ort.<\/p>\n<\/div><\/section><\/div><div  class='flex_column av-5n72-c27419013109fbe0d7a1f4b77a6733c6 av_one_full  avia-builder-el-13  el_after_av_one_full  el_before_av_one_full  first flex_column_div  column-top-margin'     ><section  class='av_textblock_section av-m4iv4re5-72d558f50fde2421cf9f205121beb57c '   itemscope=\"itemscope\" itemtype=\"https:\/\/schema.org\/CreativeWork\" ><div class='avia_textblock'  itemprop=\"text\" ><h2><span style=\"color: #ffffff;\">Anschrift und Kontakt<\/span><\/h2>\n<\/div><\/section><\/div><div  class='flex_column av-98pa-470907bec21e496a34186cfbf42db0d9 av_one_full  avia-builder-el-15  el_after_av_one_full  avia-builder-el-last  first flex_column_div  column-top-margin'     ><style type=\"text\/css\" data-created_by=\"avia_inline_auto\" id=\"style-css-av-15h6g-be0e27a4cf7af649e85e8708502341ee\">\n#top .av_textblock_section.av-15h6g-be0e27a4cf7af649e85e8708502341ee .avia_textblock{\ncolor:#ffffff;\n}\n<\/style>\n<section  class='av_textblock_section av-15h6g-be0e27a4cf7af649e85e8708502341ee '   itemscope=\"itemscope\" itemtype=\"https:\/\/schema.org\/CreativeWork\" ><div class='avia_textblock av_inherit_color'  itemprop=\"text\" ><p>Kloster Seeon<br \/>\nKlosterweg 1<br \/>\n83370 Seeon<br \/>\nDeutschland<\/p>\n<p>Telefon: +49 (0) 8624 897-0<br \/>\n<a href=\"https:\/\/www.kloster-seeon.de\/ueber-uns\/anreise\" target=\"_blank\" rel=\"noopener\">Wissenswertes zur Anreise<\/a><\/p>\n<\/div><\/section><\/div>\n<\/p>\n<\/div><\/div><\/div><!-- close content main div --><\/div><\/div>\n<style type=\"text\/css\" data-created_by=\"avia_inline_auto\" id=\"style-css-av-m60w0uix-162fbff722c5cf67bd3cd10ad2bc6130\">\n.avia-section.av-m60w0uix-162fbff722c5cf67bd3cd10ad2bc6130{\nposition:relative;\n}\n.avia-section.av-m60w0uix-162fbff722c5cf67bd3cd10ad2bc6130 .av-parallax .av-parallax-inner{\nbackground-color:#ffffff;\nbackground-image:url(https:\/\/mandat.de\/imk\/wp-content\/uploads\/2024\/12\/DJI_0945-scaled.jpg);\nbackground-repeat:no-repeat;\nbackground-position:50% 50%;\nbackground-attachment:scroll;\n}\n.avia-section.av-m60w0uix-162fbff722c5cf67bd3cd10ad2bc6130 .avia-divider-svg-top svg{\nheight:60px;\nfill:#002e72;\n}\n<\/style>\n<div id='av_section_3'  class='avia-section av-m60w0uix-162fbff722c5cf67bd3cd10ad2bc6130 main_color avia-section-default avia-no-border-styling  avia-builder-el-17  el_after_av_section  avia-builder-el-last  av-parallax-section avia-bg-style-parallax av-minimum-height av-minimum-height-50 av-height-50  container_wrap fullsize'  data-section-bg-repeat='no-repeat' data-av_minimum_height_pc='50' data-av_min_height_opt='50'><div class='avia-divider-svg avia-divider-svg-tilt avia-divider-svg-top avia-flipped-svg avia-to-front avia-svg-original'><svg xmlns=\"http:\/\/www.w3.org\/2000\/svg\" viewBox=\"0 0 1000 100\" preserveAspectRatio=\"none\">\n\t<path d=\"M0,6V0h1000v100L0,6z\"\/>\n<\/svg><\/div><div class='av-parallax' data-avia-parallax-ratio='0.3' ><div class='av-parallax-inner main_color avia-full-stretch'><\/div><\/div><div class='container av-section-cont-open' ><div class='template-page content  av-content-full alpha units'><div class='post-entry post-entry-type-page post-entry-576'><div class='entry-content-wrapper clearfix'>\n","protected":false},"excerpt":{"rendered":"","protected":false},"author":1,"featured_media":0,"parent":0,"menu_order":0,"comment_status":"closed","ping_status":"closed","template":"","meta":{"footnotes":""},"class_list":["post-576","page","type-page","status-publish","hentry"],"yoast_head":"<!-- This site is optimized with the Yoast SEO plugin v26.2 - https:\/\/yoast.com\/wordpress\/plugins\/seo\/ -->\n<title>Das Kloster Seeon - Internationales Marken-Kolloquium<\/title>\n<meta name=\"robots\" content=\"index, follow, max-snippet:-1, max-image-preview:large, max-video-preview:-1\" \/>\n<link rel=\"canonical\" href=\"https:\/\/mandat.de\/imk\/das-kloster-seeon\/\" \/>\n<meta property=\"og:locale\" content=\"de_DE\" \/>\n<meta property=\"og:type\" content=\"article\" \/>\n<meta property=\"og:title\" content=\"Das Kloster Seeon - Internationales Marken-Kolloquium\" \/>\n<meta property=\"og:url\" content=\"https:\/\/mandat.de\/imk\/das-kloster-seeon\/\" \/>\n<meta property=\"og:site_name\" content=\"Internationales Marken-Kolloquium\" \/>\n<meta property=\"article:modified_time\" content=\"2025-04-11T09:39:11+00:00\" \/>\n<meta name=\"twitter:card\" content=\"summary_large_image\" \/>\n<meta name=\"twitter:label1\" content=\"Gesch\u00e4tzte Lesezeit\" \/>\n\t<meta name=\"twitter:data1\" content=\"2\u00a0Minuten\" \/>\n<script type=\"application\/ld+json\" class=\"yoast-schema-graph\">{\"@context\":\"https:\/\/schema.org\",\"@graph\":[{\"@type\":\"WebPage\",\"@id\":\"https:\/\/mandat.de\/imk\/das-kloster-seeon\/\",\"url\":\"https:\/\/mandat.de\/imk\/das-kloster-seeon\/\",\"name\":\"Das Kloster Seeon - Internationales Marken-Kolloquium\",\"isPartOf\":{\"@id\":\"https:\/\/mandat.de\/imk\/#website\"},\"datePublished\":\"2025-03-06T13:11:13+00:00\",\"dateModified\":\"2025-04-11T09:39:11+00:00\",\"breadcrumb\":{\"@id\":\"https:\/\/mandat.de\/imk\/das-kloster-seeon\/#breadcrumb\"},\"inLanguage\":\"de\",\"potentialAction\":[{\"@type\":\"ReadAction\",\"target\":[\"https:\/\/mandat.de\/imk\/das-kloster-seeon\/\"]}]},{\"@type\":\"BreadcrumbList\",\"@id\":\"https:\/\/mandat.de\/imk\/das-kloster-seeon\/#breadcrumb\",\"itemListElement\":[{\"@type\":\"ListItem\",\"position\":1,\"name\":\"Startseite\",\"item\":\"https:\/\/mandat.de\/imk\/startseite\/\"},{\"@type\":\"ListItem\",\"position\":2,\"name\":\"Das Kloster Seeon\"}]},{\"@type\":\"WebSite\",\"@id\":\"https:\/\/mandat.de\/imk\/#website\",\"url\":\"https:\/\/mandat.de\/imk\/\",\"name\":\"Internationales Marken-Kolloquium\",\"description\":\"\",\"potentialAction\":[{\"@type\":\"SearchAction\",\"target\":{\"@type\":\"EntryPoint\",\"urlTemplate\":\"https:\/\/mandat.de\/imk\/?s={search_term_string}\"},\"query-input\":{\"@type\":\"PropertyValueSpecification\",\"valueRequired\":true,\"valueName\":\"search_term_string\"}}],\"inLanguage\":\"de\"}]}<\/script>\n<!-- \/ Yoast SEO plugin. -->","yoast_head_json":{"title":"Das Kloster Seeon - Internationales Marken-Kolloquium","robots":{"index":"index","follow":"follow","max-snippet":"max-snippet:-1","max-image-preview":"max-image-preview:large","max-video-preview":"max-video-preview:-1"},"canonical":"https:\/\/mandat.de\/imk\/das-kloster-seeon\/","og_locale":"de_DE","og_type":"article","og_title":"Das Kloster Seeon - Internationales Marken-Kolloquium","og_url":"https:\/\/mandat.de\/imk\/das-kloster-seeon\/","og_site_name":"Internationales Marken-Kolloquium","article_modified_time":"2025-04-11T09:39:11+00:00","twitter_card":"summary_large_image","twitter_misc":{"Gesch\u00e4tzte Lesezeit":"2\u00a0Minuten"},"schema":{"@context":"https:\/\/schema.org","@graph":[{"@type":"WebPage","@id":"https:\/\/mandat.de\/imk\/das-kloster-seeon\/","url":"https:\/\/mandat.de\/imk\/das-kloster-seeon\/","name":"Das Kloster Seeon - Internationales Marken-Kolloquium","isPartOf":{"@id":"https:\/\/mandat.de\/imk\/#website"},"datePublished":"2025-03-06T13:11:13+00:00","dateModified":"2025-04-11T09:39:11+00:00","breadcrumb":{"@id":"https:\/\/mandat.de\/imk\/das-kloster-seeon\/#breadcrumb"},"inLanguage":"de","potentialAction":[{"@type":"ReadAction","target":["https:\/\/mandat.de\/imk\/das-kloster-seeon\/"]}]},{"@type":"BreadcrumbList","@id":"https:\/\/mandat.de\/imk\/das-kloster-seeon\/#breadcrumb","itemListElement":[{"@type":"ListItem","position":1,"name":"Startseite","item":"https:\/\/mandat.de\/imk\/startseite\/"},{"@type":"ListItem","position":2,"name":"Das Kloster Seeon"}]},{"@type":"WebSite","@id":"https:\/\/mandat.de\/imk\/#website","url":"https:\/\/mandat.de\/imk\/","name":"Internationales Marken-Kolloquium","description":"","potentialAction":[{"@type":"SearchAction","target":{"@type":"EntryPoint","urlTemplate":"https:\/\/mandat.de\/imk\/?s={search_term_string}"},"query-input":{"@type":"PropertyValueSpecification","valueRequired":true,"valueName":"search_term_string"}}],"inLanguage":"de"}]}},"_links":{"self":[{"href":"https:\/\/mandat.de\/imk\/wp-json\/wp\/v2\/pages\/576","targetHints":{"allow":["GET"]}}],"collection":[{"href":"https:\/\/mandat.de\/imk\/wp-json\/wp\/v2\/pages"}],"about":[{"href":"https:\/\/mandat.de\/imk\/wp-json\/wp\/v2\/types\/page"}],"author":[{"embeddable":true,"href":"https:\/\/mandat.de\/imk\/wp-json\/wp\/v2\/users\/1"}],"replies":[{"embeddable":true,"href":"https:\/\/mandat.de\/imk\/wp-json\/wp\/v2\/comments?post=576"}],"version-history":[{"count":0,"href":"https:\/\/mandat.de\/imk\/wp-json\/wp\/v2\/pages\/576\/revisions"}],"wp:attachment":[{"href":"https:\/\/mandat.de\/imk\/wp-json\/wp\/v2\/media?parent=576"}],"curies":[{"name":"wp","href":"https:\/\/api.w.org\/{rel}","templated":true}]}}